{"id":76,"date":"2024-10-27T13:33:32","date_gmt":"2024-10-27T13:33:32","guid":{"rendered":"https:\/\/seae-embu.org\/seae2024\/services\/"},"modified":"2025-06-07T19:42:54","modified_gmt":"2025-06-07T19:42:54","slug":"services","status":"publish","type":"page","link":"https:\/\/seae-embu.org\/seae2024\/services\/","title":{"rendered":"Projetos"},"content":{"rendered":"\n<div class=\"wp-block-uagb-container uagb-block-a6be1363 alignfull uagb-is-root-container\"><div class=\"uagb-container__shape uagb-container__shape-bottom uagb-container__shape-flip uagb-container__invert\" data-negative=\"false\"><svg xmlns=\"https:\/\/www.w3.org\/2000\/svg\" viewBox=\"0 0 1000 100\" preserveAspectRatio=\"none\"><path class=\"uagb-container__shape-fill\" d=\"M0,6V0h1000v100L0,6z\"><\/path><\/svg><\/div><div class=\"uagb-container-inner-blocks-wrap\">\n<div class=\"wp-block-uagb-advanced-heading uagb-block-81d18f4d\"><p class=\"uagb-desc-text\">PROJETOS<\/p><h1 class=\"uagb-heading-text\">Conhe\u00e7a NOSSOS PROJETOS<\/h1><\/div>\n<\/div><\/div>\n\n\n\n<div class=\"wp-block-uagb-container uagb-block-5e795505 alignfull uagb-is-root-container\"><div class=\"uagb-container-inner-blocks-wrap\">\n<div class=\"wp-block-uagb-container uagb-layout-flex uagb-block-072f422e\">\n<div class=\"wp-block-uagb-container uagb-layout-grid uagb-block-207e88ff\">\n<div class=\"wp-block-uagb-advanced-heading uagb-block-f273d26c\"><h2 class=\"uagb-heading-text\">01.<\/h2><\/div>\n\n\n\n<div class=\"wp-block-uagb-advanced-heading uagb-block-d4c852b6\"><h3 class=\"uagb-heading-text\">PROJETO KM 23<\/h3><p class=\"uagb-desc-text\">O projeto social Cursinho Popular KM23 surgiu em resposta \u00e0s desigualdades de oportunidades na Educa\u00e7\u00e3o. O projeto trabalha com jovens que t\u00eam muitos sonhos, sendo seu objetivo sanar as defagens educacionais dos alunos de escolas p\u00fablicas da regi\u00e3o, majoritariamente pretos e da periferia.<\/p><\/div>\n<\/div>\n\n\n\n<div class=\"wp-block-uagb-image alignleft uagb-block-0a5f8551 wp-block-uagb-image--layout-default wp-block-uagb-image--effect-static wp-block-uagb-image--align-left\"><figure class=\"wp-block-uagb-image__figure\"><img loading=\"lazy\" decoding=\"async\" srcset=\"https:\/\/seae-embu.org\/seae2024\/wp-content\/uploads\/2024\/11\/FOTO_KM23-724x1024.jpg ,https:\/\/seae-embu.org\/seae2024\/wp-content\/uploads\/2024\/11\/FOTO_KM23.jpg 780w, https:\/\/seae-embu.org\/seae2024\/wp-content\/uploads\/2024\/11\/FOTO_KM23.jpg 360w\" sizes=\"auto, (max-width: 480px) 150px\" src=\"https:\/\/seae-embu.org\/seae2024\/wp-content\/uploads\/2024\/11\/FOTO_KM23-724x1024.jpg\" alt=\"\" class=\"uag-image-467\" width=\"500\" height=\"400\" title=\"Design sem nome - 1\" loading=\"lazy\" role=\"img\"\/><\/figure><\/div>\n\n\n\n<div class=\"wp-block-uagb-buttons uagb-buttons__outer-wrap uagb-btn__default-btn uagb-btn-tablet__default-btn uagb-btn-mobile__default-btn uagb-block-d08151d9\"><div class=\"uagb-buttons__wrap uagb-buttons-layout-wrap \">\n<div class=\"wp-block-uagb-buttons-child uagb-buttons__outer-wrap uagb-block-ead59c7a wp-block-button\"><div class=\"uagb-button__wrapper\"><a class=\"uagb-buttons-repeater wp-block-button__link\" aria-label=\"\" href=\"https:\/\/seae-embu.org\/seae2024\/projetos1\/\" rel=\"follow noopener\" target=\"_self\" role=\"button\"><div class=\"uagb-button__link\">SAIBA MAIS<\/div><\/a><\/div><\/div>\n<\/div><\/div>\n<\/div>\n\n\n\n<div class=\"wp-block-uagb-container uagb-layout-flex uagb-block-f38d5948\">\n<div class=\"wp-block-uagb-container uagb-layout-grid uagb-block-adcfbba8\">\n<div class=\"wp-block-uagb-advanced-heading uagb-block-b3c9acda\"><h2 class=\"uagb-heading-text\">02.<\/h2><\/div>\n\n\n\n<div class=\"wp-block-uagb-advanced-heading uagb-block-45689c19\"><h3 class=\"uagb-heading-text\">CONECTA COTIA-GUARAPIRANGA<\/h3><p class=\"uagb-desc-text\">O Conecta Cotia-Guarapiranga \u00e9 uma iniciativa aprovada em um dos editais mais concorridos de Fehidro de 2023. Seu objetivo \u00e9 promover a preserva\u00e7\u00e3o ambiental e melhorar a qualidade das \u00e1guas na regi\u00e3o, impactando diretamente a vida da popula\u00e7\u00e3o e a fauna e flora locai.<\/p><\/div>\n<\/div>\n\n\n\n<div class=\"wp-block-uagb-image alignleft uagb-block-c01a27df wp-block-uagb-image--layout-default wp-block-uagb-image--effect-static wp-block-uagb-image--align-left\"><figure class=\"wp-block-uagb-image__figure\"><img loading=\"lazy\" decoding=\"async\" srcset=\"https:\/\/seae-embu.org\/seae2024\/wp-content\/uploads\/2024\/11\/conectacotia-_site-da-granja2-2024-09-17t133704.815.jpg ,https:\/\/seae-embu.org\/seae2024\/wp-content\/uploads\/2024\/11\/conectacotia-_site-da-granja2-2024-09-17t133704.815.jpg 780w, https:\/\/seae-embu.org\/seae2024\/wp-content\/uploads\/2024\/11\/conectacotia-_site-da-granja2-2024-09-17t133704.815.jpg 360w\" sizes=\"auto, (max-width: 480px) 150px\" src=\"https:\/\/seae-embu.org\/seae2024\/wp-content\/uploads\/2024\/11\/conectacotia-_site-da-granja2-2024-09-17t133704.815.jpg\" alt=\"\" class=\"uag-image-468\" width=\"500\" height=\"400\" title=\"conectacotia-_site-da-granja2-2024-09-17t133704.815\" loading=\"lazy\" role=\"img\"\/><\/figure><\/div>\n\n\n\n<div class=\"wp-block-uagb-buttons uagb-buttons__outer-wrap uagb-btn__default-btn uagb-btn-tablet__default-btn uagb-btn-mobile__default-btn uagb-block-8547ec18\"><div class=\"uagb-buttons__wrap uagb-buttons-layout-wrap \">\n<div class=\"wp-block-uagb-buttons-child uagb-buttons__outer-wrap uagb-block-667ccba0 wp-block-button\"><div class=\"uagb-button__wrapper\"><a class=\"uagb-buttons-repeater wp-block-button__link\" aria-label=\"\" href=\"https:\/\/seae-embu.org\/seae2024\/projetos2_conecta\/\" rel=\"follow noopener\" target=\"_self\" role=\"button\"><div class=\"uagb-button__link\">SAIBA MAIS<\/div><\/a><\/div><\/div>\n<\/div><\/div>\n<\/div>\n\n\n\n<div class=\"wp-block-uagb-container uagb-layout-flex uagb-block-78cea2df\">\n<div class=\"wp-block-uagb-container uagb-layout-grid uagb-block-3f2c0801\">\n<div class=\"wp-block-uagb-advanced-heading uagb-block-03471b5f\"><h2 class=\"uagb-heading-text\">03.<\/h2><\/div>\n\n\n\n<div class=\"wp-block-uagb-advanced-heading uagb-block-96e272dd\"><h3 class=\"uagb-heading-text\">Observando Rios<\/h3><\/div>\n<\/div>\n\n\n\n<div class=\"wp-block-uagb-image alignleft uagb-block-b024679b wp-block-uagb-image--layout-default wp-block-uagb-image--effect-static wp-block-uagb-image--align-left\"><figure class=\"wp-block-uagb-image__figure\"><img loading=\"lazy\" decoding=\"async\" srcset=\"https:\/\/seae-embu.org\/seae2024\/wp-content\/uploads\/2025\/06\/OBSERVANDO.jpg ,https:\/\/seae-embu.org\/seae2024\/wp-content\/uploads\/2025\/06\/OBSERVANDO.jpg 780w, https:\/\/seae-embu.org\/seae2024\/wp-content\/uploads\/2025\/06\/OBSERVANDO.jpg 360w\" sizes=\"auto, (max-width: 480px) 150px\" src=\"https:\/\/seae-embu.org\/seae2024\/wp-content\/uploads\/2025\/06\/OBSERVANDO.jpg\" alt=\"\" class=\"uag-image-1124\" width=\"500\" height=\"400\" title=\"OBSERVANDO\" loading=\"lazy\" role=\"img\"\/><\/figure><\/div>\n\n\n\n<div class=\"wp-block-uagb-buttons uagb-buttons__outer-wrap uagb-btn__default-btn uagb-btn-tablet__default-btn uagb-btn-mobile__default-btn uagb-block-e8ead8db\"><div class=\"uagb-buttons__wrap uagb-buttons-layout-wrap \">\n<div class=\"wp-block-uagb-buttons-child uagb-buttons__outer-wrap uagb-block-88671835 wp-block-button\"><div class=\"uagb-button__wrapper\"><a class=\"uagb-buttons-repeater wp-block-button__link\" aria-label=\"\" href=\"https:\/\/seae-embu.org\/seae2024\/projetos3_observando_rios\/\" rel=\"follow noopener\" target=\"_self\" role=\"button\"><div class=\"uagb-button__link\">SAIBA MAIS<\/div><\/a><\/div><\/div>\n<\/div><\/div>\n<\/div>\n<\/div><\/div>\n\n\n\n<div class=\"wp-block-uagb-container uagb-block-770105ce alignwide uagb-is-root-container\"><div class=\"uagb-container__shape uagb-container__shape-top uagb-container__shape-flip\"><svg xmlns=\"https:\/\/www.w3.org\/2000\/svg\" viewBox=\"0 0 1000 100\" preserveAspectRatio=\"none\"><path class=\"uagb-container__shape-fill\" d=\"M0,6V0h1000v100L0,6z\"><\/path><\/svg><\/div>\n<div class=\"wp-block-uagb-info-box uagb-block-9fc875fa uagb-infobox__content-wrap  uagb-infobox-icon-above-title uagb-infobox-image-valign-top wp-block-uagb-info-box--has-margin\"><div class=\"uagb-infobox-margin-wrapper\"><div class=\"uagb-ifb-content\"><div class=\"uagb-ifb-title-wrap\"><span class=\"uagb-ifb-title-prefix\">Junte-se a n\u00f3s<\/span><h2 class=\"uagb-ifb-title\">Contribua para um futuro sustent\u00e1vel e igualit\u00e1rio<\/h2><\/div><p class=\"uagb-ifb-desc\">Participe de nossas a\u00e7\u00f5es e fa\u00e7a a diferen\u00e7a em nossa comunidade!<\/p><div class=\"uagb-ifb-button-wrapper wp-block-button\"><a href=\"\/seae2024\/doeagora\/\" class=\"uagb-infobox-cta-link wp-block-button__link\" target=\"_self\" rel=\"noopener noreferrer\" onclick=\"return true;\"><span class=\"uagb-inline-editing\">doe agora<\/span><\/a><\/div><\/div><\/div><\/div>\n\n\n\n<div class=\"wp-block-uagb-icon-list uagb-block-27cb2f14\"><div class=\"uagb-icon-list__wrap\">\n<div class=\"wp-block-uagb-icon-list-child uagb-block-d1934bf2\"><a target=\"_blank\" aria-label=\"List item\" rel=\"noopener noreferrer\" href=\"https:\/\/www.instagram.com\/seaembu\/\"> <\/a><span class=\"uagb-icon-list__source-wrap\"><svg xmlns=\"https:\/\/www.w3.org\/2000\/svg\" viewBox=\"0 0 448 512\"><path d=\"M224.1 141c-63.6 0-114.9 51.3-114.9 114.9s51.3 114.9 114.9 114.9S339 319.5 339 255.9 287.7 141 224.1 141zm0 189.6c-41.1 0-74.7-33.5-74.7-74.7s33.5-74.7 74.7-74.7 74.7 33.5 74.7 74.7-33.6 74.7-74.7 74.7zm146.4-194.3c0 14.9-12 26.8-26.8 26.8-14.9 0-26.8-12-26.8-26.8s12-26.8 26.8-26.8 26.8 12 26.8 26.8zm76.1 27.2c-1.7-35.9-9.9-67.7-36.2-93.9-26.2-26.2-58-34.4-93.9-36.2-37-2.1-147.9-2.1-184.9 0-35.8 1.7-67.6 9.9-93.9 36.1s-34.4 58-36.2 93.9c-2.1 37-2.1 147.9 0 184.9 1.7 35.9 9.9 67.7 36.2 93.9s58 34.4 93.9 36.2c37 2.1 147.9 2.1 184.9 0 35.9-1.7 67.7-9.9 93.9-36.2 26.2-26.2 34.4-58 36.2-93.9 2.1-37 2.1-147.8 0-184.8zM398.8 388c-7.8 19.6-22.9 34.7-42.6 42.6-29.5 11.7-99.5 9-132.1 9s-102.7 2.6-132.1-9c-19.6-7.8-34.7-22.9-42.6-42.6-11.7-29.5-9-99.5-9-132.1s-2.6-102.7 9-132.1c7.8-19.6 22.9-34.7 42.6-42.6 29.5-11.7 99.5-9 132.1-9s102.7-2.6 132.1 9c19.6 7.8 34.7 22.9 42.6 42.6 11.7 29.5 9 99.5 9 132.1s2.7 102.7-9 132.1z\"><\/path><\/svg><\/span><\/div>\n\n\n\n<div class=\"wp-block-uagb-icon-list-child uagb-block-2cf1d6a8\"><a target=\"_blank\" aria-label=\"List item\" rel=\"noopener noreferrer\" href=\"https:\/\/www.facebook.com\/SEAEMBU \"> <\/a><span class=\"uagb-icon-list__source-wrap\"><svg xmlns=\"https:\/\/www.w3.org\/2000\/svg\" viewBox=\"0 0 512 512\"><path d=\"M504 256C504 119 393 8 256 8S8 119 8 256c0 123.8 90.69 226.4 209.3 245V327.7h-63V256h63v-54.64c0-62.15 37-96.48 93.67-96.48 27.14 0 55.52 4.84 55.52 4.84v61h-31.28c-30.8 0-40.41 19.12-40.41 38.73V256h68.78l-11 71.69h-57.78V501C413.3 482.4 504 379.8 504 256z\"><\/path><\/svg><\/span><\/div>\n\n\n\n<div class=\"wp-block-uagb-icon-list-child uagb-block-bd0ab42e\"><a target=\"_blank\" aria-label=\"List item\" rel=\"noopener noreferrer\" href=\"https:\/\/www.linkedin.com\/company\/seae-sociedade-ecologica-amigos-de-embu\/?viewAsMember=true \"> <\/a><span class=\"uagb-icon-list__source-wrap\"><svg xmlns=\"https:\/\/www.w3.org\/2000\/svg\" viewBox=\"0 0 448 512\"><path d=\"M416 32H31.9C14.3 32 0 46.5 0 64.3v383.4C0 465.5 14.3 480 31.9 480H416c17.6 0 32-14.5 32-32.3V64.3c0-17.8-14.4-32.3-32-32.3zM135.4 416H69V202.2h66.5V416zm-33.2-243c-21.3 0-38.5-17.3-38.5-38.5S80.9 96 102.2 96c21.2 0 38.5 17.3 38.5 38.5 0 21.3-17.2 38.5-38.5 38.5zm282.1 243h-66.4V312c0-24.8-.5-56.7-34.5-56.7-34.6 0-39.9 27-39.9 54.9V416h-66.4V202.2h63.7v29.2h.9c8.9-16.8 30.6-34.5 62.9-34.5 67.2 0 79.7 44.3 79.7 101.9V416z\"><\/path><\/svg><\/span><\/div>\n\n\n\n<div class=\"wp-block-uagb-icon-list-child uagb-block-62b4dae6\"><a target=\"_blank\" aria-label=\"List item\" rel=\"noopener noreferrer\" href=\"https:\/\/www.youtube.com\/@seaembu \"> <\/a><span class=\"uagb-icon-list__source-wrap\"><svg xmlns=\"https:\/\/www.w3.org\/2000\/svg\" viewBox=\"0 0 576 512\"><path d=\"M549.7 124.1c-6.281-23.65-24.79-42.28-48.28-48.6C458.8 64 288 64 288 64S117.2 64 74.63 75.49c-23.5 6.322-42 24.95-48.28 48.6-11.41 42.87-11.41 132.3-11.41 132.3s0 89.44 11.41 132.3c6.281 23.65 24.79 41.5 48.28 47.82C117.2 448 288 448 288 448s170.8 0 213.4-11.49c23.5-6.321 42-24.17 48.28-47.82 11.41-42.87 11.41-132.3 11.41-132.3s0-89.44-11.41-132.3zm-317.5 213.5V175.2l142.7 81.21-142.7 81.2z\"><\/path><\/svg><\/span><\/div>\n<\/div><\/div>\n<\/div>\n","protected":false},"excerpt":{"rendered":"<p>PROJETOS Conhe\u00e7a NOSSOS PROJETOS 01. PROJETO KM 23 O projeto social Cursinho Popular KM23 surgiu em resposta \u00e0s desigualdades de [&hellip;]<\/p>\n","protected":false},"author":1,"featured_media":0,"parent":0,"menu_order":0,"comment_status":"closed","ping_status":"closed","template":"","meta":{"nf_dc_page":"","_uag_custom_page_level_css":"","site-sidebar-layout":"default","site-content-layout":"","ast-site-content-layout":"default","site-content-style":"default","site-sidebar-style":"default","ast-global-header-display":"","ast-banner-title-visibility":"","ast-main-header-display":"","ast-hfb-above-header-display":"","ast-hfb-below-header-display":"","ast-hfb-mobile-header-display":"","site-post-title":"disabled","ast-breadcrumbs-content":"","ast-featured-img":"","footer-sml-layout":"","ast-disable-related-posts":"","theme-transparent-header-meta":"","adv-header-id-meta":"","stick-header-meta":"","header-above-stick-meta":"","header-main-stick-meta":"","header-below-stick-meta":"","astra-migrate-meta-layouts":"default","ast-page-background-enabled":"default","ast-page-background-meta":{"desktop":{"background-color":"var(--ast-global-color-4)","background-image":"","background-repeat":"repeat","background-position":"center center","background-size":"auto","background-attachment":"scroll","background-type":"","background-media":"","overlay-type":"","overlay-color":"","overlay-opacity":"","overlay-gradient":""},"tablet":{"background-color":"","background-image":"","background-repeat":"repeat","background-position":"center center","background-size":"auto","background-attachment":"scroll","background-type":"","background-media":"","overlay-type":"","overlay-color":"","overlay-opacity":"","overlay-gradient":""},"mobile":{"background-color":"","background-image":"","background-repeat":"repeat","background-position":"center center","background-size":"auto","background-attachment":"scroll","background-type":"","background-media":"","overlay-type":"","overlay-color":"","overlay-opacity":"","overlay-gradient":""}},"ast-content-background-meta":{"desktop":{"background-color":"var(--ast-global-color-5)","background-image":"","background-repeat":"repeat","background-position":"center center","background-size":"auto","background-attachment":"scroll","background-type":"","background-media":"","overlay-type":"","overlay-color":"","overlay-opacity":"","overlay-gradient":""},"tablet":{"background-color":"var(--ast-global-color-5)","background-image":"","background-repeat":"repeat","background-position":"center center","background-size":"auto","background-attachment":"scroll","background-type":"","background-media":"","overlay-type":"","overlay-color":"","overlay-opacity":"","overlay-gradient":""},"mobile":{"background-color":"var(--ast-global-color-5)","background-image":"","background-repeat":"repeat","background-position":"center center","background-size":"auto","background-attachment":"scroll","background-type":"","background-media":"","overlay-type":"","overlay-color":"","overlay-opacity":"","overlay-gradient":""}},"footnotes":""},"class_list":["post-76","page","type-page","status-publish","hentry"],"uagb_featured_image_src":{"full":false,"thumbnail":false,"medium":false,"medium_large":false,"large":false,"1536x1536":false,"2048x2048":false},"uagb_author_info":{"display_name":"SEAE-2024","author_link":"https:\/\/seae-embu.org\/seae2024\/author\/seae-2024\/"},"uagb_comment_info":0,"uagb_excerpt":"PROJETOS Conhe\u00e7a NOSSOS PROJETOS 01. PROJETO KM 23 O projeto social Cursinho Popular KM23 surgiu em resposta \u00e0s desigualdades de [&hellip;]","_links":{"self":[{"href":"https:\/\/seae-embu.org\/seae2024\/wp-json\/wp\/v2\/pages\/76","targetHints":{"allow":["GET"]}}],"collection":[{"href":"https:\/\/seae-embu.org\/seae2024\/wp-json\/wp\/v2\/pages"}],"about":[{"href":"https:\/\/seae-embu.org\/seae2024\/wp-json\/wp\/v2\/types\/page"}],"author":[{"embeddable":true,"href":"https:\/\/seae-embu.org\/seae2024\/wp-json\/wp\/v2\/users\/1"}],"replies":[{"embeddable":true,"href":"https:\/\/seae-embu.org\/seae2024\/wp-json\/wp\/v2\/comments?post=76"}],"version-history":[{"count":5,"href":"https:\/\/seae-embu.org\/seae2024\/wp-json\/wp\/v2\/pages\/76\/revisions"}],"predecessor-version":[{"id":1130,"href":"https:\/\/seae-embu.org\/seae2024\/wp-json\/wp\/v2\/pages\/76\/revisions\/1130"}],"wp:attachment":[{"href":"https:\/\/seae-embu.org\/seae2024\/wp-json\/wp\/v2\/media?parent=76"}],"curies":[{"name":"wp","href":"https:\/\/api.w.org\/{rel}","templated":true}]}}