{"id":461,"date":"2024-11-17T20:36:25","date_gmt":"2024-11-17T20:36:25","guid":{"rendered":"https:\/\/seae-embu.org\/seae2024\/?page_id=461"},"modified":"2026-03-26T01:42:18","modified_gmt":"2026-03-26T01:42:18","slug":"projetos1","status":"publish","type":"page","link":"https:\/\/seae-embu.org\/seae2024\/projetos1\/","title":{"rendered":"Projetos1"},"content":{"rendered":"\n<div class=\"wp-block-uagb-container uagb-block-a6be1363 alignfull uagb-is-root-container\"><div class=\"uagb-container__shape uagb-container__shape-bottom uagb-container__shape-flip uagb-container__invert\" data-negative=\"false\"><svg xmlns=\"https:\/\/www.w3.org\/2000\/svg\" viewBox=\"0 0 1000 100\" preserveAspectRatio=\"none\"><path class=\"uagb-container__shape-fill\" d=\"M0,6V0h1000v100L0,6z\"><\/path><\/svg><\/div><div class=\"uagb-container-inner-blocks-wrap\">\n<div class=\"wp-block-uagb-advanced-heading uagb-block-81d18f4d\"><p class=\"uagb-desc-text\">PROJETOS<\/p><h1 class=\"uagb-heading-text\">Conhe\u00e7a NOSSOS PROJETOS<\/h1><\/div>\n<\/div><\/div>\n\n\n\n<div class=\"wp-block-uagb-container uagb-block-9dbb18d7 alignfull uagb-is-root-container\"><div class=\"uagb-container-inner-blocks-wrap\">\n<div class=\"wp-block-uagb-advanced-heading uagb-block-1fd5f659\"><p class=\"uagb-desc-text\">PROJETO KM 23<\/p><h2 class=\"uagb-heading-text\">A\u00c7\u00c3O AFIRMATIVA DE ACESSO AO ENSINO SUPERIOR PARA JOVENS DA POPULA\u00c7\u00c3O NEGRA<\/h2><\/div>\n\n\n\n<div class=\"wp-block-uagb-container uagb-layout-grid uagb-block-84e20ad5\">\n<div class=\"wp-block-uagb-image alignleft uagb-block-52eed376 wp-block-uagb-image--layout-default wp-block-uagb-image--effect-static wp-block-uagb-image--align-left\"><figure class=\"wp-block-uagb-image__figure\"><img loading=\"lazy\" decoding=\"async\" srcset=\"https:\/\/seae-embu.org\/seae2024\/wp-content\/uploads\/2024\/11\/logo_km23-copia-919x1024.jpg ,https:\/\/seae-embu.org\/seae2024\/wp-content\/uploads\/2024\/11\/logo_km23-copia.jpg 780w, https:\/\/seae-embu.org\/seae2024\/wp-content\/uploads\/2024\/11\/logo_km23-copia.jpg 360w\" sizes=\"auto, (max-width: 480px) 150px\" src=\"https:\/\/seae-embu.org\/seae2024\/wp-content\/uploads\/2024\/11\/logo_km23-copia-919x1024.jpg\" alt=\"\" class=\"uag-image-465\" width=\"500\" height=\"450\" title=\"logo_km23 co\u0301pia\" loading=\"lazy\" role=\"img\"\/><\/figure><\/div>\n\n\n\n<div class=\"wp-block-uagb-info-box uagb-block-de5ccef8 uagb-infobox__content-wrap  uagb-infobox-icon-above-title uagb-infobox-image-valign-top wp-block-uagb-info-box--has-margin\"><div class=\"uagb-infobox-margin-wrapper\"><div class=\"uagb-ifb-content\"><div class=\"uagb-ifb-title-wrap\"><h3 class=\"uagb-ifb-title-prefix\">Cursinho e Mentoria &#8211; Km 23.<br><\/h3><p class=\"uagb-ifb-title\">O projeto social Cursinho Popular KM23 surgiu em resposta \u00e0s desigualdades de oportunidades na Educa\u00e7\u00e3o.<br><br>Iniciado em 2018 por tr\u00eas jovens estudantes da USP e moradores de Embu das Artes, come\u00e7ou suas atividades com a oferta de mentoria para jovens que estavam se preparando para os vestibulares.<br><br>Ao longo de sua hist\u00f3ria o KM23 j\u00e1 atendeu mais de 300 adolescentes. O projeto trabalha com jovens que t\u00eam muitos sonhos, sendo seu objetivo sanar as defagens educacionais dos alunos de escolas p\u00fablicas da regi\u00e3o, majoritariamente pretos e da periferia.<\/p><\/div><p class=\"uagb-ifb-desc\">As atividades se expandiram nos \u00faltimos anos e agora em 2023 com o apoio de uma Emenda Parlamentar da deputada Tabata Amaral e em parceria com a SEAE (Sociedade Ecol\u00f3gica Amigos do Embu)\u00a0 o KM23 passou a disponibilizar aulas gratuitas e, neste ano, atender\u00e1 40 alunos de forma presencial.<br><br><strong><a href=\"https:\/\/seae-embu.org\/seae2024\/wp-content\/uploads\/2026\/03\/TRANSPARENCIA.2022-e-2025-1.pdf\" data-type=\"link\" data-id=\"https:\/\/seae-embu.org\/seae2024\/wp-content\/uploads\/2025\/08\/TRANSPARENCIA.docx.pdf\" target=\"_blank\" rel=\"noreferrer noopener\"><mark style=\"background-color:rgba(0, 0, 0, 0)\" class=\"has-inline-color has-ast-global-color-0-color\">TRANSPAR\u00caNCIA DOS PROJETOS!<\/mark><\/a><\/strong><\/p><\/div><\/div><\/div>\n<\/div>\n<\/div><\/div>\n\n\n\n<div class=\"wp-block-uagb-container uagb-layout-grid uagb-block-80731fa3 alignfull uagb-is-root-container\"><div class=\"uagb-container__shape uagb-container__shape-top uagb-container__shape-flip\"><svg xmlns=\"https:\/\/www.w3.org\/2000\/svg\" viewBox=\"0 0 1000 100\" preserveAspectRatio=\"none\"><path class=\"uagb-container__shape-fill\" d=\"M0,6V0h1000v100L0,6z\"><\/path><\/svg><\/div><div class=\"uagb-container__shape uagb-container__shape-bottom uagb-container__shape-flip uagb-container__invert\" data-negative=\"false\"><svg xmlns=\"https:\/\/www.w3.org\/2000\/svg\" viewBox=\"0 0 1000 100\" preserveAspectRatio=\"none\"><path class=\"uagb-container__shape-fill\" d=\"M0,6V0h1000v100L0,6z\"><\/path><\/svg><\/div><div class=\"uagb-container-inner-blocks-wrap\">\n<div class=\"wp-block-uagb-info-box uagb-block-4184a682 uagb-infobox__content-wrap  uagb-infobox-icon-above-title uagb-infobox-image-valign-top wp-block-uagb-info-box--has-margin\"><div class=\"uagb-infobox-margin-wrapper\"><div class=\"uagb-ifb-content\"><div class=\"uagb-ifb-title-wrap\"><p class=\"uagb-ifb-title-prefix\">EDITAIS 2026<\/p><h3 class=\"uagb-ifb-title\">Cadastramento de interessados a contrata\u00e7\u00e3o para a presta\u00e7\u00e3o de servi\u00e7os para os seguintes cargos:<br><br>&#8211; Coordenador(a) de Projeto<br>&#8211; Secret\u00e1rio(a) geral<br>&#8211; Secretario de comunica\u00e7\u00e3o<br>&#8211; Secret\u00e1rio (a) financeiro<br>&#8211; Assistente Administrativo<br><br>Per\u00edodo de inscri\u00e7\u00e3o:<br>28\/01\/2026 at\u00e9 as 23h59<br>Mais informa\u00e7\u00f5es acesse os editais.<\/h3><\/div><p class=\"uagb-ifb-desc\"><a href=\"https:\/\/drive.google.com\/file\/d\/1H9pgUJJIBhRHGbMvEmdk9uZfpxpzQlFZ\/view?usp=sharing\">Edital de Coordenador(a) de Projeto<br><\/a><a href=\"https:\/\/drive.google.com\/file\/d\/1tlrTBGxCV9-9WElrGmZaKLvSiB-TKcje\/view?usp=sharing\">Edital de Secret\u00e1rio(a) Geral<\/a><br><a href=\"https:\/\/drive.google.com\/file\/d\/16mfTHnjnHLM5Vn500682yJ7T-RcbzJvF\/view?usp=sharing\">Edital de Secret\u00e1rio(a) Financeiro<\/a><br><a href=\"https:\/\/drive.google.com\/file\/d\/1hCp4IjkpaR_2Fo61cVs0wXW5n7LgjLXW\/view?usp=sharing\">Edital de Secret\u00e1rio(a) de Comunica\u00e7\u00e3o<\/a><br><a href=\"https:\/\/drive.google.com\/file\/d\/1M8mshrwk6vUI_xXZEt8HjT8P_9Hc62A9\/view?usp=sharing\">Edital de Assistente Administrativo<\/a><br><br><a href=\"https:\/\/drive.google.com\/file\/d\/1M8mshrwk6vUI_xXZEt8HjT8P_9Hc62A9\/view?usp=sharing\"><strong>ERRATA<\/strong><\/a><strong><a href=\"https:\/\/seae-embu.org\/seae2024\/wp-content\/uploads\/2026\/03\/Errata-28_01_2026.pdf\" target=\"_blank\" rel=\"noreferrer noopener\"> <\/a><\/strong><a href=\"https:\/\/seae-embu.org\/seae2024\/wp-content\/uploads\/2026\/03\/Errata-28_01_2026.pdf\" target=\"_blank\" rel=\"noreferrer noopener\"><strong>&#8211; 28\/01\/2026<\/strong><\/a><\/p><\/div><\/div><\/div>\n\n\n\n<div class=\"wp-block-uagb-image alignright uagb-block-eb3eeb07 wp-block-uagb-image--layout-default wp-block-uagb-image--effect-static wp-block-uagb-image--align-right\"><figure class=\"wp-block-uagb-image__figure\"><img loading=\"lazy\" decoding=\"async\" srcset=\"https:\/\/seae-embu.org\/seae2024\/wp-content\/uploads\/2024\/11\/FOTO_EDITAL_KM23-724x1024.jpg ,https:\/\/seae-embu.org\/seae2024\/wp-content\/uploads\/2024\/11\/FOTO_EDITAL_KM23.jpg 780w, https:\/\/seae-embu.org\/seae2024\/wp-content\/uploads\/2024\/11\/FOTO_EDITAL_KM23.jpg 360w\" sizes=\"auto, (max-width: 480px) 150px\" src=\"https:\/\/seae-embu.org\/seae2024\/wp-content\/uploads\/2024\/11\/FOTO_EDITAL_KM23-724x1024.jpg\" alt=\"\" class=\"uag-image-476\" width=\"500\" height=\"450\" title=\"FOTO_EDITAL_KM23\" loading=\"lazy\" role=\"img\"\/><\/figure><\/div>\n\n\n\n<div class=\"wp-block-uagb-image alignright uagb-block-19fbe47b wp-block-uagb-image--layout-default wp-block-uagb-image--effect-static wp-block-uagb-image--align-right\"><figure class=\"wp-block-uagb-image__figure\"><img loading=\"lazy\" decoding=\"async\" srcset=\"https:\/\/seae-embu.org\/seae2024\/wp-content\/uploads\/2026\/03\/imgProf-695x1024.jpg ,https:\/\/seae-embu.org\/seae2024\/wp-content\/uploads\/2026\/03\/imgProf.jpg 780w, https:\/\/seae-embu.org\/seae2024\/wp-content\/uploads\/2026\/03\/imgProf.jpg 360w\" sizes=\"auto, (max-width: 480px) 150px\" src=\"https:\/\/seae-embu.org\/seae2024\/wp-content\/uploads\/2026\/03\/imgProf-695x1024.jpg\" alt=\"\" class=\"uag-image-1238\" width=\"500\" height=\"600\" title=\"Design sem nome - 2\" loading=\"lazy\" role=\"img\"\/><\/figure><\/div>\n\n\n\n<div class=\"wp-block-uagb-info-box uagb-block-302df0d3 uagb-infobox__content-wrap  uagb-infobox-icon-above-title uagb-infobox-image-valign-top wp-block-uagb-info-box--has-margin\"><div class=\"uagb-infobox-margin-wrapper\"><div class=\"uagb-ifb-content\"><div class=\"uagb-ifb-title-wrap\"><p class=\"uagb-ifb-title-prefix\"><br><br><\/p><h3 class=\"uagb-ifb-title\">Cadastramento de interessados a contrata\u00e7\u00e3o para presta\u00e7\u00e3o de servi\u00e7os para os seguintes cargos:<br><br>&#8211; professor de biologia<br>&#8211; professor de f\u00edsica<br>&#8211; professor de geografia<br>&#8211; professor de hist\u00f3ria<br>&#8211; professor de l\u00edngua portuguesa<br>&#8211; professor de matem\u00e1tia<br>&#8211; professor de qu\u00edmica<br><br>Per\u00edodo de inscri\u00e7\u00f5es: de 25\/03\/2026 at\u00e9 \u00e0s 23h59 de 29\/03\/2026<br>acesse os editais para saber mais.<\/h3><\/div><p class=\"uagb-ifb-desc\"><a href=\"https:\/\/drive.google.com\/file\/d\/1H9pgUJJIBhRHGbMvEmdk9uZfpxpzQlFZ\/view?usp=sharing\"><\/a><a href=\"https:\/\/drive.google.com\/file\/d\/1M8mshrwk6vUI_xXZEt8HjT8P_9Hc62A9\/view?usp=sharing\"><\/a><a href=\"https:\/\/drive.google.com\/file\/d\/1tlrTBGxCV9-9WElrGmZaKLvSiB-TKcje\/view?usp=sharing\"><\/a><a href=\"https:\/\/seae-embu.org\/seae2024\/wp-content\/uploads\/2026\/03\/Edital-Biologia.pdf\" target=\"_blank\" rel=\"noreferrer noopener\">Edital de Professor de Biologia<\/a><br><a href=\"https:\/\/drive.google.com\/file\/d\/1M8mshrwk6vUI_xXZEt8HjT8P_9Hc62A9\/view?usp=sharing\"><\/a><a href=\"https:\/\/seae-embu.org\/seae2024\/wp-content\/uploads\/2026\/03\/Edital-Fisica.pdf\" target=\"_blank\" rel=\"noreferrer noopener\">Edital de Professor de F\u00edsica<\/a><br><a href=\"https:\/\/seae-embu.org\/seae2024\/wp-content\/uploads\/2026\/03\/Edital-Geografia.pdf\" target=\"_blank\" rel=\"noreferrer noopener\">Edital de Professor de Geografia<\/a><br><a href=\"https:\/\/seae-embu.org\/seae2024\/wp-content\/uploads\/2026\/03\/Edital-Historia.pdf\" target=\"_blank\" rel=\"noreferrer noopener\">Edital de Professor de Hist\u00f3ria<\/a><br><a href=\"https:\/\/seae-embu.org\/seae2024\/wp-content\/uploads\/2026\/03\/Edital-Lingua-Portuguesa.pdf\" target=\"_blank\" rel=\"noreferrer noopener\">Edital de Professor de L\u00edngua Portuguesa<\/a><a href=\"https:\/\/drive.google.com\/file\/d\/1H9pgUJJIBhRHGbMvEmdk9uZfpxpzQlFZ\/view?usp=sharing\"><br><\/a><a href=\"https:\/\/seae-embu.org\/seae2024\/wp-content\/uploads\/2026\/03\/Edital-Matematica.pdf\" target=\"_blank\" rel=\"noreferrer noopener\">Edital de Professor de Matem\u00e1tia<\/a><br><a href=\"https:\/\/drive.google.com\/file\/d\/1M8mshrwk6vUI_xXZEt8HjT8P_9Hc62A9\/view?usp=sharing\"><\/a><a href=\"https:\/\/drive.google.com\/file\/d\/1tlrTBGxCV9-9WElrGmZaKLvSiB-TKcje\/view?usp=sharing\"><\/a><a href=\"https:\/\/seae-embu.org\/seae2024\/wp-content\/uploads\/2026\/03\/Edital-Quimica.pdf\" target=\"_blank\" rel=\"noreferrer noopener\">Edital de Professor de Qu\u00edmica<\/a><br><br><\/p><\/div><\/div><\/div>\n<\/div><\/div>\n\n\n\n<div class=\"wp-block-uagb-container uagb-block-770105ce alignwide uagb-is-root-container\"><div class=\"uagb-container__shape uagb-container__shape-top uagb-container__shape-flip\"><svg xmlns=\"https:\/\/www.w3.org\/2000\/svg\" viewBox=\"0 0 1000 100\" preserveAspectRatio=\"none\"><path class=\"uagb-container__shape-fill\" d=\"M0,6V0h1000v100L0,6z\"><\/path><\/svg><\/div>\n<div class=\"wp-block-uagb-info-box uagb-block-9fc875fa uagb-infobox__content-wrap  uagb-infobox-icon-above-title uagb-infobox-image-valign-top wp-block-uagb-info-box--has-margin\"><div class=\"uagb-infobox-margin-wrapper\"><div class=\"uagb-ifb-content\"><div class=\"uagb-ifb-title-wrap\"><span class=\"uagb-ifb-title-prefix\">Junte-se a n\u00f3s<\/span><h2 class=\"uagb-ifb-title\">Contribua para um futuro sustent\u00e1vel e igualit\u00e1rio<\/h2><\/div><p class=\"uagb-ifb-desc\">Participe de nossas a\u00e7\u00f5es e fa\u00e7a a diferen\u00e7a em nossa comunidade!<\/p><div class=\"uagb-ifb-button-wrapper wp-block-button\"><a href=\"\/seae2024\/doeagora\/\" class=\"uagb-infobox-cta-link wp-block-button__link\" target=\"_self\" rel=\"noopener noreferrer\" onclick=\"return true;\"><span class=\"uagb-inline-editing\">doe agora<\/span><\/a><\/div><\/div><\/div><\/div>\n\n\n\n<div class=\"wp-block-uagb-icon-list uagb-block-27cb2f14\"><div class=\"uagb-icon-list__wrap\">\n<div class=\"wp-block-uagb-icon-list-child uagb-block-d1934bf2\"><a target=\"_blank\" aria-label=\"List item\" rel=\"noopener noreferrer\" href=\"https:\/\/www.instagram.com\/seaembu\/\"> <\/a><span class=\"uagb-icon-list__source-wrap\"><svg xmlns=\"https:\/\/www.w3.org\/2000\/svg\" viewBox=\"0 0 448 512\"><path d=\"M224.1 141c-63.6 0-114.9 51.3-114.9 114.9s51.3 114.9 114.9 114.9S339 319.5 339 255.9 287.7 141 224.1 141zm0 189.6c-41.1 0-74.7-33.5-74.7-74.7s33.5-74.7 74.7-74.7 74.7 33.5 74.7 74.7-33.6 74.7-74.7 74.7zm146.4-194.3c0 14.9-12 26.8-26.8 26.8-14.9 0-26.8-12-26.8-26.8s12-26.8 26.8-26.8 26.8 12 26.8 26.8zm76.1 27.2c-1.7-35.9-9.9-67.7-36.2-93.9-26.2-26.2-58-34.4-93.9-36.2-37-2.1-147.9-2.1-184.9 0-35.8 1.7-67.6 9.9-93.9 36.1s-34.4 58-36.2 93.9c-2.1 37-2.1 147.9 0 184.9 1.7 35.9 9.9 67.7 36.2 93.9s58 34.4 93.9 36.2c37 2.1 147.9 2.1 184.9 0 35.9-1.7 67.7-9.9 93.9-36.2 26.2-26.2 34.4-58 36.2-93.9 2.1-37 2.1-147.8 0-184.8zM398.8 388c-7.8 19.6-22.9 34.7-42.6 42.6-29.5 11.7-99.5 9-132.1 9s-102.7 2.6-132.1-9c-19.6-7.8-34.7-22.9-42.6-42.6-11.7-29.5-9-99.5-9-132.1s-2.6-102.7 9-132.1c7.8-19.6 22.9-34.7 42.6-42.6 29.5-11.7 99.5-9 132.1-9s102.7-2.6 132.1 9c19.6 7.8 34.7 22.9 42.6 42.6 11.7 29.5 9 99.5 9 132.1s2.7 102.7-9 132.1z\"><\/path><\/svg><\/span><\/div>\n\n\n\n<div class=\"wp-block-uagb-icon-list-child uagb-block-2cf1d6a8\"><a target=\"_blank\" aria-label=\"List item\" rel=\"noopener noreferrer\" href=\"https:\/\/www.facebook.com\/SEAEMBU \"> <\/a><span class=\"uagb-icon-list__source-wrap\"><svg xmlns=\"https:\/\/www.w3.org\/2000\/svg\" viewBox=\"0 0 512 512\"><path d=\"M504 256C504 119 393 8 256 8S8 119 8 256c0 123.8 90.69 226.4 209.3 245V327.7h-63V256h63v-54.64c0-62.15 37-96.48 93.67-96.48 27.14 0 55.52 4.84 55.52 4.84v61h-31.28c-30.8 0-40.41 19.12-40.41 38.73V256h68.78l-11 71.69h-57.78V501C413.3 482.4 504 379.8 504 256z\"><\/path><\/svg><\/span><\/div>\n\n\n\n<div class=\"wp-block-uagb-icon-list-child uagb-block-bd0ab42e\"><a target=\"_blank\" aria-label=\"List item\" rel=\"noopener noreferrer\" href=\"https:\/\/www.linkedin.com\/company\/seae-sociedade-ecologica-amigos-de-embu\/?viewAsMember=true \"> <\/a><span class=\"uagb-icon-list__source-wrap\"><svg xmlns=\"https:\/\/www.w3.org\/2000\/svg\" viewBox=\"0 0 448 512\"><path d=\"M416 32H31.9C14.3 32 0 46.5 0 64.3v383.4C0 465.5 14.3 480 31.9 480H416c17.6 0 32-14.5 32-32.3V64.3c0-17.8-14.4-32.3-32-32.3zM135.4 416H69V202.2h66.5V416zm-33.2-243c-21.3 0-38.5-17.3-38.5-38.5S80.9 96 102.2 96c21.2 0 38.5 17.3 38.5 38.5 0 21.3-17.2 38.5-38.5 38.5zm282.1 243h-66.4V312c0-24.8-.5-56.7-34.5-56.7-34.6 0-39.9 27-39.9 54.9V416h-66.4V202.2h63.7v29.2h.9c8.9-16.8 30.6-34.5 62.9-34.5 67.2 0 79.7 44.3 79.7 101.9V416z\"><\/path><\/svg><\/span><\/div>\n\n\n\n<div class=\"wp-block-uagb-icon-list-child uagb-block-62b4dae6\"><a target=\"_blank\" aria-label=\"List item\" rel=\"noopener noreferrer\" href=\"https:\/\/www.youtube.com\/@seaembu \"> <\/a><span class=\"uagb-icon-list__source-wrap\"><svg xmlns=\"https:\/\/www.w3.org\/2000\/svg\" viewBox=\"0 0 576 512\"><path d=\"M549.7 124.1c-6.281-23.65-24.79-42.28-48.28-48.6C458.8 64 288 64 288 64S117.2 64 74.63 75.49c-23.5 6.322-42 24.95-48.28 48.6-11.41 42.87-11.41 132.3-11.41 132.3s0 89.44 11.41 132.3c6.281 23.65 24.79 41.5 48.28 47.82C117.2 448 288 448 288 448s170.8 0 213.4-11.49c23.5-6.321 42-24.17 48.28-47.82 11.41-42.87 11.41-132.3 11.41-132.3s0-89.44-11.41-132.3zm-317.5 213.5V175.2l142.7 81.21-142.7 81.2z\"><\/path><\/svg><\/span><\/div>\n<\/div><\/div>\n<\/div>\n","protected":false},"excerpt":{"rendered":"<p>PROJETOS Conhe\u00e7a NOSSOS PROJETOS PROJETO KM 23 A\u00c7\u00c3O AFIRMATIVA DE ACESSO AO ENSINO SUPERIOR PARA JOVENS DA POPULA\u00c7\u00c3O NEGRA<\/p>\n","protected":false},"author":2,"featured_media":0,"parent":0,"menu_order":0,"comment_status":"closed","ping_status":"closed","template":"","meta":{"nf_dc_page":"","_uag_custom_page_level_css":"","site-sidebar-layout":"default","site-content-layout":"","ast-site-content-layout":"default","site-content-style":"default","site-sidebar-style":"default","ast-global-header-display":"","ast-banner-title-visibility":"","ast-main-header-display":"","ast-hfb-above-header-display":"","ast-hfb-below-header-display":"","ast-hfb-mobile-header-display":"","site-post-title":"disabled","ast-breadcrumbs-content":"","ast-featured-img":"","footer-sml-layout":"","ast-disable-related-posts":"","theme-transparent-header-meta":"","adv-header-id-meta":"","stick-header-meta":"","header-above-stick-meta":"","header-main-stick-meta":"","header-below-stick-meta":"","astra-migrate-meta-layouts":"default","ast-page-background-enabled":"default","ast-page-background-meta":{"desktop":{"background-color":"var(--ast-global-color-4)","background-image":"","background-repeat":"repeat","background-position":"center center","background-size":"auto","background-attachment":"scroll","background-type":"","background-media":"","overlay-type":"","overlay-color":"","overlay-opacity":"","overlay-gradient":""},"tablet":{"background-color":"","background-image":"","background-repeat":"repeat","background-position":"center center","background-size":"auto","background-attachment":"scroll","background-type":"","background-media":"","overlay-type":"","overlay-color":"","overlay-opacity":"","overlay-gradient":""},"mobile":{"background-color":"","background-image":"","background-repeat":"repeat","background-position":"center center","background-size":"auto","background-attachment":"scroll","background-type":"","background-media":"","overlay-type":"","overlay-color":"","overlay-opacity":"","overlay-gradient":""}},"ast-content-background-meta":{"desktop":{"background-color":"var(--ast-global-color-5)","background-image":"","background-repeat":"repeat","background-position":"center center","background-size":"auto","background-attachment":"scroll","background-type":"","background-media":"","overlay-type":"","overlay-color":"","overlay-opacity":"","overlay-gradient":""},"tablet":{"background-color":"var(--ast-global-color-5)","background-image":"","background-repeat":"repeat","background-position":"center center","background-size":"auto","background-attachment":"scroll","background-type":"","background-media":"","overlay-type":"","overlay-color":"","overlay-opacity":"","overlay-gradient":""},"mobile":{"background-color":"var(--ast-global-color-5)","background-image":"","background-repeat":"repeat","background-position":"center center","background-size":"auto","background-attachment":"scroll","background-type":"","background-media":"","overlay-type":"","overlay-color":"","overlay-opacity":"","overlay-gradient":""}},"footnotes":""},"class_list":["post-461","page","type-page","status-publish","hentry"],"uagb_featured_image_src":{"full":false,"thumbnail":false,"medium":false,"medium_large":false,"large":false,"1536x1536":false,"2048x2048":false},"uagb_author_info":{"display_name":"SEAE EMBU","author_link":"https:\/\/seae-embu.org\/seae2024\/author\/seae2024\/"},"uagb_comment_info":0,"uagb_excerpt":"PROJETOS Conhe\u00e7a NOSSOS PROJETOS PROJETO KM 23 A\u00c7\u00c3O AFIRMATIVA DE ACESSO AO ENSINO SUPERIOR PARA JOVENS DA POPULA\u00c7\u00c3O NEGRA","_links":{"self":[{"href":"https:\/\/seae-embu.org\/seae2024\/wp-json\/wp\/v2\/pages\/461","targetHints":{"allow":["GET"]}}],"collection":[{"href":"https:\/\/seae-embu.org\/seae2024\/wp-json\/wp\/v2\/pages"}],"about":[{"href":"https:\/\/seae-embu.org\/seae2024\/wp-json\/wp\/v2\/types\/page"}],"author":[{"embeddable":true,"href":"https:\/\/seae-embu.org\/seae2024\/wp-json\/wp\/v2\/users\/2"}],"replies":[{"embeddable":true,"href":"https:\/\/seae-embu.org\/seae2024\/wp-json\/wp\/v2\/comments?post=461"}],"version-history":[{"count":4,"href":"https:\/\/seae-embu.org\/seae2024\/wp-json\/wp\/v2\/pages\/461\/revisions"}],"predecessor-version":[{"id":1258,"href":"https:\/\/seae-embu.org\/seae2024\/wp-json\/wp\/v2\/pages\/461\/revisions\/1258"}],"wp:attachment":[{"href":"https:\/\/seae-embu.org\/seae2024\/wp-json\/wp\/v2\/media?parent=461"}],"curies":[{"name":"wp","href":"https:\/\/api.w.org\/{rel}","templated":true}]}}