{"id":251,"date":"2024-10-27T15:34:01","date_gmt":"2024-10-27T15:34:01","guid":{"rendered":"https:\/\/seae-embu.org\/seae2024\/?page_id=251"},"modified":"2025-06-08T12:58:58","modified_gmt":"2025-06-08T12:58:58","slug":"faca-parte","status":"publish","type":"page","link":"https:\/\/seae-embu.org\/seae2024\/faca-parte\/","title":{"rendered":"Fa\u00e7a Parte"},"content":{"rendered":"\n<div class=\"wp-block-uagb-container uagb-block-a6be1363 alignfull uagb-is-root-container\"><div class=\"uagb-container__shape uagb-container__shape-bottom uagb-container__shape-flip uagb-container__invert\" data-negative=\"false\"><svg xmlns=\"https:\/\/www.w3.org\/2000\/svg\" viewBox=\"0 0 1000 100\" preserveAspectRatio=\"none\"><path class=\"uagb-container__shape-fill\" d=\"M0,6V0h1000v100L0,6z\"><\/path><\/svg><\/div><div class=\"uagb-container-inner-blocks-wrap\">\n<div class=\"wp-block-uagb-advanced-heading uagb-block-81d18f4d\"><p class=\"uagb-desc-text\">fa\u00e7a parte<\/p><h1 class=\"uagb-heading-text\">Voc\u00ea pode participar de v\u00e1rias formas:<\/h1><\/div>\n<\/div><\/div>\n\n\n\n<div class=\"nfd-text-base nfd-gap-xl wp-block-columns is-layout-flex wp-container-core-columns-is-layout-428bf1f5 wp-block-columns-is-layout-flex\" style=\"margin-top:0px;margin-bottom:0px;padding-top:53px;padding-bottom:53px\">\n<div class=\"wp-block-column is-layout-flow wp-block-column-is-layout-flow\">\n<p class=\"\">A SEAE busca a participa\u00e7\u00e3o do p\u00fablico, somando pequenas contribui\u00e7\u00f5es para resolver grandes problemas socioambientais.\u00a0 Sua participa\u00e7\u00e3o \u00e9 importante independente do valor. E a sua\u00a0contribui\u00e7\u00e3o mensal \u00e9 sugerida em 3 n\u00edveis diferentes, podendo ainda ser declarada como doa\u00e7\u00e3o para fins de Imposto de Renda.<\/p>\n<\/div>\n<\/div>\n\n\n\n<div class=\"nfd-text-base nfd-gap-xl wp-block-columns is-layout-flex wp-container-core-columns-is-layout-428bf1f5 wp-block-columns-is-layout-flex\" style=\"margin-top:0px;margin-bottom:0px;padding-top:53px;padding-bottom:53px\">\n<div class=\"wp-block-column is-vertically-aligned-top is-layout-flow wp-block-column-is-layout-flow\">\n<div class=\"nfd-shadow-xs nfd-p-card-square nfd-rounded nfd-gap-md nfd-theme-white nfd-bg-surface is-style-nfd-theme-white wp-block-group nfd-bg-effect-grid-3 is-vertical is-content-justification-center is-layout-flex wp-container-core-group-is-layout-ce155fab wp-block-group-is-layout-flex\" style=\"border-width:1px\">\n<div class=\"wp-block-uagb-container uagb-block-57d12dee alignfull uagb-is-root-container\"><div class=\"uagb-container-inner-blocks-wrap\"><\/div><\/div>\n\n\n\n<p class=\"nfd-text-balance nfd-text-faded  has-text-align-center\">Quer ser um S\u00f3cio-contribuinte<\/p>\n\n\n\n<div class=\"wp-block-uagb-buttons uagb-buttons__outer-wrap uagb-btn__default-btn uagb-btn-tablet__default-btn uagb-btn-mobile__default-btn uagb-block-2c330fb0\"><div class=\"uagb-buttons__wrap uagb-buttons-layout-wrap \">\n<div class=\"wp-block-uagb-buttons-child uagb-buttons__outer-wrap uagb-block-a5dc3e66 wp-block-button\"><div class=\"uagb-button__wrapper\"><a class=\"uagb-buttons-repeater wp-block-button__link\" aria-label=\"\" href=\"https:\/\/seae-embu.org\/seae2024\/associado\/\" rel=\"follow noopener\" target=\"_self\" role=\"button\"><div class=\"uagb-button__link\">clique aqui<\/div><\/a><\/div><\/div>\n<\/div><\/div>\n<\/div>\n<\/div>\n\n\n\n<div class=\"wp-block-column is-layout-flow wp-block-column-is-layout-flow\">\n<div class=\"nfd-shadow-xs nfd-p-card-square nfd-rounded nfd-gap-md nfd-theme-white nfd-bg-surface is-style-nfd-theme-white wp-block-group nfd-bg-effect-grid-3 is-vertical is-content-justification-center is-layout-flex wp-container-core-group-is-layout-ce155fab wp-block-group-is-layout-flex\" style=\"border-width:1px\">\n<div class=\"wp-block-uagb-container uagb-block-209c8567 alignfull uagb-is-root-container\"><div class=\"uagb-container-inner-blocks-wrap\"><\/div><\/div>\n\n\n\n<p class=\"nfd-text-balance nfd-text-faded  has-text-align-center\">Quer ser um Parceiro<\/p>\n\n\n\n<div class=\"wp-block-uagb-buttons uagb-buttons__outer-wrap uagb-btn__default-btn uagb-btn-tablet__default-btn uagb-btn-mobile__default-btn uagb-block-b73c22d7\"><div class=\"uagb-buttons__wrap uagb-buttons-layout-wrap \">\n<div class=\"wp-block-uagb-buttons-child uagb-buttons__outer-wrap uagb-block-bc375588 wp-block-button\"><div class=\"uagb-button__wrapper\"><a class=\"uagb-buttons-repeater wp-block-button__link\" aria-label=\"\" href=\"https:\/\/seae-embu.org\/seae2024\/parceiros\/\" rel=\"follow noopener\" target=\"_self\" role=\"button\"><div class=\"uagb-button__link\">clique aqui<\/div><\/a><\/div><\/div>\n<\/div><\/div>\n<\/div>\n<\/div>\n\n\n\n<div class=\"wp-block-column is-layout-flow wp-block-column-is-layout-flow\">\n<div class=\"nfd-shadow-xs nfd-p-card-square nfd-rounded nfd-gap-md nfd-theme-white nfd-bg-surface is-style-nfd-theme-white wp-block-group nfd-bg-effect-grid-3 is-vertical is-content-justification-center is-layout-flex wp-container-core-group-is-layout-ce155fab wp-block-group-is-layout-flex\" style=\"border-width:1px\">\n<div class=\"wp-block-uagb-container uagb-block-833b0a47 alignfull uagb-is-root-container\"><div class=\"uagb-container-inner-blocks-wrap\"><\/div><\/div>\n\n\n\n<p class=\"nfd-text-balance nfd-text-faded  has-text-align-center\">Quer ser um Volunt\u00e1rio<\/p>\n\n\n\n<div class=\"wp-block-uagb-buttons uagb-buttons__outer-wrap uagb-btn__default-btn uagb-btn-tablet__default-btn uagb-btn-mobile__default-btn uagb-block-76ab1f67\"><div class=\"uagb-buttons__wrap uagb-buttons-layout-wrap \">\n<div class=\"wp-block-uagb-buttons-child uagb-buttons__outer-wrap uagb-block-7b3b7215 wp-block-button\"><div class=\"uagb-button__wrapper\"><a class=\"uagb-buttons-repeater wp-block-button__link\" aria-label=\"\" href=\"https:\/\/seae-embu.org\/seae2024\/voluntarios\/\" rel=\"follow noopener\" target=\"_self\" role=\"button\"><div class=\"uagb-button__link\">clique aqui<\/div><\/a><\/div><\/div>\n<\/div><\/div>\n<\/div>\n<\/div>\n<\/div>\n\n\n\n<div class=\"wp-block-uagb-container uagb-block-40663b84 alignfull uagb-is-root-container\"><div class=\"uagb-container-inner-blocks-wrap\">\n<h2 class=\"wp-block-heading\">doe agora:<\/h2>\n\n\n\n<div class=\"wp-block-uagb-container uagb-block-a3be25ad\">\n<p class=\"\">Sua doa\u00e7\u00e3o para a SEAE vai ajudar na continuidade de nossas a\u00e7\u00f5es de melhorias ambientais.<\/p>\n<\/div>\n<\/div><\/div>\n\n\n\n<div class=\"nfd-text-base nfd-gap-xl wp-block-columns is-layout-flex wp-container-core-columns-is-layout-428bf1f5 wp-block-columns-is-layout-flex\" style=\"margin-top:0px;margin-bottom:0px;padding-top:53px;padding-bottom:53px\">\n<div class=\"wp-block-column is-layout-flow wp-block-column-is-layout-flow\">\n<div class=\"nfd-shadow-xs nfd-p-card-square nfd-rounded nfd-gap-md nfd-theme-white nfd-bg-surface is-style-nfd-theme-white wp-block-group nfd-bg-effect-grid-3 is-vertical is-content-justification-center is-layout-flex wp-container-core-group-is-layout-ce155fab wp-block-group-is-layout-flex\" style=\"border-width:1px\">\n<p class=\"nfd-text-balance nfd-text-faded  has-text-align-center\"><strong><mark style=\"background-color:rgba(0, 0, 0, 0);color:#886ff1\" class=\"has-inline-color\">DOAR VIA PIX:<\/mark><\/strong><\/p>\n\n\n\n<div class=\"wp-block-uagb-container uagb-block-64515b3b alignfull uagb-is-root-container\"><div class=\"uagb-container-inner-blocks-wrap\">\n<figure class=\"wp-block-image size-full\"><img fetchpriority=\"high\" decoding=\"async\" width=\"522\" height=\"300\" src=\"https:\/\/seae-embu.org\/seae2024\/wp-content\/uploads\/2024\/12\/DOACAO_PIX.jpg\" alt=\"\" class=\"wp-image-994\" srcset=\"https:\/\/seae-embu.org\/seae2024\/wp-content\/uploads\/2024\/12\/DOACAO_PIX.jpg 522w, https:\/\/seae-embu.org\/seae2024\/wp-content\/uploads\/2024\/12\/DOACAO_PIX-300x172.jpg 300w\" sizes=\"(max-width: 522px) 100vw, 522px\" \/><\/figure>\n<\/div><\/div>\n\n\n\n<p class=\"nfd-text-balance nfd-text-faded  has-text-align-center\">50242692000152<\/p>\n\n\n\n<div class=\"wp-block-uagb-buttons uagb-buttons__outer-wrap uagb-btn__default-btn uagb-btn-tablet__default-btn uagb-btn-mobile__default-btn uagb-block-94b20828\"><div class=\"uagb-buttons__wrap uagb-buttons-layout-wrap \"><\/div><\/div>\n<\/div>\n<\/div>\n\n\n\n<div class=\"wp-block-column is-layout-flow wp-block-column-is-layout-flow\">\n<div class=\"nfd-shadow-xs nfd-p-card-square nfd-rounded nfd-gap-md nfd-theme-white nfd-bg-surface is-style-nfd-theme-white wp-block-group nfd-bg-effect-grid-3 is-vertical is-content-justification-left is-layout-flex wp-container-core-group-is-layout-dd225191 wp-block-group-is-layout-flex\" style=\"border-width:1px\">\n<p class=\"nfd-text-balance nfd-text-faded  has-text-align-center\"><strong><mark style=\"background-color:rgba(0, 0, 0, 0);color:#886ff1\" class=\"has-inline-color\">DOAR VIA PAGO LIVRE:<\/mark><\/strong><\/p>\n\n\n\n<div class=\"wp-block-uagb-container uagb-block-963f83d2 alignfull uagb-is-root-container\"><div class=\"uagb-container-inner-blocks-wrap\">\n<figure class=\"wp-block-image size-full\"><a href=\"https:\/\/seae.pagolivre.com.br\/\" target=\"_blank\" rel=\"pago livre\"><img decoding=\"async\" width=\"522\" height=\"300\" src=\"https:\/\/seae-embu.org\/seae2024\/wp-content\/uploads\/2024\/12\/DOACAO_PAGOLIVRE.jpg\" alt=\"\" class=\"wp-image-1011\" srcset=\"https:\/\/seae-embu.org\/seae2024\/wp-content\/uploads\/2024\/12\/DOACAO_PAGOLIVRE.jpg 522w, https:\/\/seae-embu.org\/seae2024\/wp-content\/uploads\/2024\/12\/DOACAO_PAGOLIVRE-300x172.jpg 300w\" sizes=\"(max-width: 522px) 100vw, 522px\" \/><\/a><\/figure>\n<\/div><\/div>\n\n\n\n<p class=\"nfd-text-balance nfd-text-faded  has-text-align-center\">Doa\u00e7\u00e3o \u00fanica ou mensal direto em seu cart\u00e3o de cr\u00e9dito, com seguran\u00e7a!<\/p>\n\n\n\n<div class=\"wp-block-uagb-buttons uagb-buttons__outer-wrap uagb-btn__default-btn uagb-btn-tablet__default-btn uagb-btn-mobile__default-btn uagb-block-ac0eb49e\"><div class=\"uagb-buttons__wrap uagb-buttons-layout-wrap \"><\/div><\/div>\n<\/div>\n<\/div>\n\n\n\n<div class=\"wp-block-column is-layout-flow wp-block-column-is-layout-flow\">\n<div class=\"nfd-shadow-xs nfd-p-card-square nfd-rounded nfd-gap-md nfd-theme-white nfd-bg-surface is-style-nfd-theme-white wp-block-group nfd-bg-effect-grid-3 is-vertical is-content-justification-left is-layout-flex wp-container-core-group-is-layout-dd225191 wp-block-group-is-layout-flex\" style=\"border-width:1px\">\n<p class=\"nfd-text-balance nfd-text-faded  has-text-align-center\"><strong><mark style=\"background-color:rgba(0, 0, 0, 0);color:#886ff1\" class=\"has-inline-color\">DOAR PELO PAYPAL:<\/mark><\/strong><\/p>\n\n\n\n<div class=\"wp-block-uagb-container uagb-block-c3c1f2a5 alignfull uagb-is-root-container\"><div class=\"uagb-container-inner-blocks-wrap\">\n<figure class=\"wp-block-image size-full\"><a href=\"https:\/\/www.paypal.com\/donate?token=9B9bn6iuI0oRcBoEbsCOywo7TllfnECkBayh_ciGpXjIMbPLsQ5dBo_hH9sImDiJjfeQRfeaw3ZC4UUN&amp;locale.x=BR\" target=\"_blank\" rel=\"doe paypal\"><img decoding=\"async\" width=\"522\" height=\"300\" src=\"https:\/\/seae-embu.org\/seae2024\/wp-content\/uploads\/2024\/12\/DOACAO_PAY.jpg\" alt=\"\" class=\"wp-image-1018\" srcset=\"https:\/\/seae-embu.org\/seae2024\/wp-content\/uploads\/2024\/12\/DOACAO_PAY.jpg 522w, https:\/\/seae-embu.org\/seae2024\/wp-content\/uploads\/2024\/12\/DOACAO_PAY-300x172.jpg 300w\" sizes=\"(max-width: 522px) 100vw, 522px\" \/><\/a><\/figure>\n<\/div><\/div>\n\n\n\n<p class=\"nfd-text-balance nfd-text-faded  has-text-align-center\">Doe agora via PayPal.<\/p>\n\n\n\n<div class=\"wp-block-uagb-buttons uagb-buttons__outer-wrap uagb-btn__default-btn uagb-btn-tablet__default-btn uagb-btn-mobile__default-btn uagb-block-08a1a43b\"><div class=\"uagb-buttons__wrap uagb-buttons-layout-wrap \"><\/div><\/div>\n<\/div>\n<\/div>\n<\/div>\n\n\n\n<div class=\"wp-block-uagb-container uagb-block-770105ce alignwide uagb-is-root-container\"><div class=\"uagb-container__shape uagb-container__shape-top uagb-container__shape-flip\"><svg xmlns=\"https:\/\/www.w3.org\/2000\/svg\" viewBox=\"0 0 1000 100\" preserveAspectRatio=\"none\"><path class=\"uagb-container__shape-fill\" d=\"M0,6V0h1000v100L0,6z\"><\/path><\/svg><\/div>\n<div class=\"wp-block-uagb-info-box uagb-block-9fc875fa uagb-infobox__content-wrap  uagb-infobox-icon-above-title uagb-infobox-image-valign-top wp-block-uagb-info-box--has-margin\"><div class=\"uagb-infobox-margin-wrapper\"><div class=\"uagb-ifb-content\"><div class=\"uagb-ifb-title-wrap\"><span class=\"uagb-ifb-title-prefix\">Junte-se a n\u00f3s<\/span><h2 class=\"uagb-ifb-title\">Contribua para um futuro sustent\u00e1vel e igualit\u00e1rio<\/h2><\/div><p class=\"uagb-ifb-desc\">Participe de nossas a\u00e7\u00f5es e fa\u00e7a a diferen\u00e7a em nossa comunidade!<\/p><div class=\"uagb-ifb-button-wrapper wp-block-button\"><a href=\"\/seae2024\/doeagora\/\" class=\"uagb-infobox-cta-link wp-block-button__link\" target=\"_self\" rel=\"noopener noreferrer\" onclick=\"return true;\"><span class=\"uagb-inline-editing\">doe agora<\/span><\/a><\/div><\/div><\/div><\/div>\n\n\n\n<div class=\"wp-block-uagb-icon-list uagb-block-27cb2f14\"><div class=\"uagb-icon-list__wrap\">\n<div class=\"wp-block-uagb-icon-list-child uagb-block-d1934bf2\"><a target=\"_blank\" aria-label=\"List item\" rel=\"noopener noreferrer\" href=\"https:\/\/www.instagram.com\/seaembu\/\"> <\/a><span class=\"uagb-icon-list__source-wrap\"><svg xmlns=\"https:\/\/www.w3.org\/2000\/svg\" viewBox=\"0 0 448 512\"><path d=\"M224.1 141c-63.6 0-114.9 51.3-114.9 114.9s51.3 114.9 114.9 114.9S339 319.5 339 255.9 287.7 141 224.1 141zm0 189.6c-41.1 0-74.7-33.5-74.7-74.7s33.5-74.7 74.7-74.7 74.7 33.5 74.7 74.7-33.6 74.7-74.7 74.7zm146.4-194.3c0 14.9-12 26.8-26.8 26.8-14.9 0-26.8-12-26.8-26.8s12-26.8 26.8-26.8 26.8 12 26.8 26.8zm76.1 27.2c-1.7-35.9-9.9-67.7-36.2-93.9-26.2-26.2-58-34.4-93.9-36.2-37-2.1-147.9-2.1-184.9 0-35.8 1.7-67.6 9.9-93.9 36.1s-34.4 58-36.2 93.9c-2.1 37-2.1 147.9 0 184.9 1.7 35.9 9.9 67.7 36.2 93.9s58 34.4 93.9 36.2c37 2.1 147.9 2.1 184.9 0 35.9-1.7 67.7-9.9 93.9-36.2 26.2-26.2 34.4-58 36.2-93.9 2.1-37 2.1-147.8 0-184.8zM398.8 388c-7.8 19.6-22.9 34.7-42.6 42.6-29.5 11.7-99.5 9-132.1 9s-102.7 2.6-132.1-9c-19.6-7.8-34.7-22.9-42.6-42.6-11.7-29.5-9-99.5-9-132.1s-2.6-102.7 9-132.1c7.8-19.6 22.9-34.7 42.6-42.6 29.5-11.7 99.5-9 132.1-9s102.7-2.6 132.1 9c19.6 7.8 34.7 22.9 42.6 42.6 11.7 29.5 9 99.5 9 132.1s2.7 102.7-9 132.1z\"><\/path><\/svg><\/span><\/div>\n\n\n\n<div class=\"wp-block-uagb-icon-list-child uagb-block-2cf1d6a8\"><a target=\"_blank\" aria-label=\"List item\" rel=\"noopener noreferrer\" href=\"https:\/\/www.facebook.com\/SEAEMBU \"> <\/a><span class=\"uagb-icon-list__source-wrap\"><svg xmlns=\"https:\/\/www.w3.org\/2000\/svg\" viewBox=\"0 0 512 512\"><path d=\"M504 256C504 119 393 8 256 8S8 119 8 256c0 123.8 90.69 226.4 209.3 245V327.7h-63V256h63v-54.64c0-62.15 37-96.48 93.67-96.48 27.14 0 55.52 4.84 55.52 4.84v61h-31.28c-30.8 0-40.41 19.12-40.41 38.73V256h68.78l-11 71.69h-57.78V501C413.3 482.4 504 379.8 504 256z\"><\/path><\/svg><\/span><\/div>\n\n\n\n<div class=\"wp-block-uagb-icon-list-child uagb-block-bd0ab42e\"><a target=\"_blank\" aria-label=\"List item\" rel=\"noopener noreferrer\" href=\"https:\/\/www.linkedin.com\/company\/seae-sociedade-ecologica-amigos-de-embu\/?viewAsMember=true \"> <\/a><span class=\"uagb-icon-list__source-wrap\"><svg xmlns=\"https:\/\/www.w3.org\/2000\/svg\" viewBox=\"0 0 448 512\"><path d=\"M416 32H31.9C14.3 32 0 46.5 0 64.3v383.4C0 465.5 14.3 480 31.9 480H416c17.6 0 32-14.5 32-32.3V64.3c0-17.8-14.4-32.3-32-32.3zM135.4 416H69V202.2h66.5V416zm-33.2-243c-21.3 0-38.5-17.3-38.5-38.5S80.9 96 102.2 96c21.2 0 38.5 17.3 38.5 38.5 0 21.3-17.2 38.5-38.5 38.5zm282.1 243h-66.4V312c0-24.8-.5-56.7-34.5-56.7-34.6 0-39.9 27-39.9 54.9V416h-66.4V202.2h63.7v29.2h.9c8.9-16.8 30.6-34.5 62.9-34.5 67.2 0 79.7 44.3 79.7 101.9V416z\"><\/path><\/svg><\/span><\/div>\n\n\n\n<div class=\"wp-block-uagb-icon-list-child uagb-block-62b4dae6\"><a target=\"_blank\" aria-label=\"List item\" rel=\"noopener noreferrer\" href=\"https:\/\/www.youtube.com\/@seaembu \"> <\/a><span class=\"uagb-icon-list__source-wrap\"><svg xmlns=\"https:\/\/www.w3.org\/2000\/svg\" viewBox=\"0 0 576 512\"><path d=\"M549.7 124.1c-6.281-23.65-24.79-42.28-48.28-48.6C458.8 64 288 64 288 64S117.2 64 74.63 75.49c-23.5 6.322-42 24.95-48.28 48.6-11.41 42.87-11.41 132.3-11.41 132.3s0 89.44 11.41 132.3c6.281 23.65 24.79 41.5 48.28 47.82C117.2 448 288 448 288 448s170.8 0 213.4-11.49c23.5-6.321 42-24.17 48.28-47.82 11.41-42.87 11.41-132.3 11.41-132.3s0-89.44-11.41-132.3zm-317.5 213.5V175.2l142.7 81.21-142.7 81.2z\"><\/path><\/svg><\/span><\/div>\n<\/div><\/div>\n<\/div>\n","protected":false},"excerpt":{"rendered":"<p>fa\u00e7a parte Voc\u00ea pode participar de v\u00e1rias formas: A SEAE busca a participa\u00e7\u00e3o do p\u00fablico, somando pequenas contribui\u00e7\u00f5es para resolver [&hellip;]<\/p>\n","protected":false},"author":1,"featured_media":0,"parent":0,"menu_order":0,"comment_status":"closed","ping_status":"closed","template":"","meta":{"nf_dc_page":"","_uag_custom_page_level_css":"","site-sidebar-layout":"default","site-content-layout":"","ast-site-content-layout":"default","site-content-style":"default","site-sidebar-style":"default","ast-global-header-display":"","ast-banner-title-visibility":"","ast-main-header-display":"","ast-hfb-above-header-display":"","ast-hfb-below-header-display":"","ast-hfb-mobile-header-display":"","site-post-title":"disabled","ast-breadcrumbs-content":"","ast-featured-img":"","footer-sml-layout":"","ast-disable-related-posts":"","theme-transparent-header-meta":"","adv-header-id-meta":"","stick-header-meta":"","header-above-stick-meta":"","header-main-stick-meta":"","header-below-stick-meta":"","astra-migrate-meta-layouts":"default","ast-page-background-enabled":"default","ast-page-background-meta":{"desktop":{"background-color":"var(--ast-global-color-4)","background-image":"","background-repeat":"repeat","background-position":"center center","background-size":"auto","background-attachment":"scroll","background-type":"","background-media":"","overlay-type":"","overlay-color":"","overlay-opacity":"","overlay-gradient":""},"tablet":{"background-color":"","background-image":"","background-repeat":"repeat","background-position":"center center","background-size":"auto","background-attachment":"scroll","background-type":"","background-media":"","overlay-type":"","overlay-color":"","overlay-opacity":"","overlay-gradient":""},"mobile":{"background-color":"","background-image":"","background-repeat":"repeat","background-position":"center center","background-size":"auto","background-attachment":"scroll","background-type":"","background-media":"","overlay-type":"","overlay-color":"","overlay-opacity":"","overlay-gradient":""}},"ast-content-background-meta":{"desktop":{"background-color":"var(--ast-global-color-5)","background-image":"","background-repeat":"repeat","background-position":"center center","background-size":"auto","background-attachment":"scroll","background-type":"","background-media":"","overlay-type":"","overlay-color":"","overlay-opacity":"","overlay-gradient":""},"tablet":{"background-color":"var(--ast-global-color-5)","background-image":"","background-repeat":"repeat","background-position":"center center","background-size":"auto","background-attachment":"scroll","background-type":"","background-media":"","overlay-type":"","overlay-color":"","overlay-opacity":"","overlay-gradient":""},"mobile":{"background-color":"var(--ast-global-color-5)","background-image":"","background-repeat":"repeat","background-position":"center center","background-size":"auto","background-attachment":"scroll","background-type":"","background-media":"","overlay-type":"","overlay-color":"","overlay-opacity":"","overlay-gradient":""}},"footnotes":""},"class_list":["post-251","page","type-page","status-publish","hentry"],"uagb_featured_image_src":{"full":false,"thumbnail":false,"medium":false,"medium_large":false,"large":false,"1536x1536":false,"2048x2048":false},"uagb_author_info":{"display_name":"SEAE-2024","author_link":"https:\/\/seae-embu.org\/seae2024\/author\/seae-2024\/"},"uagb_comment_info":0,"uagb_excerpt":"fa\u00e7a parte Voc\u00ea pode participar de v\u00e1rias formas: A SEAE busca a participa\u00e7\u00e3o do p\u00fablico, somando pequenas contribui\u00e7\u00f5es para resolver [&hellip;]","_links":{"self":[{"href":"https:\/\/seae-embu.org\/seae2024\/wp-json\/wp\/v2\/pages\/251","targetHints":{"allow":["GET"]}}],"collection":[{"href":"https:\/\/seae-embu.org\/seae2024\/wp-json\/wp\/v2\/pages"}],"about":[{"href":"https:\/\/seae-embu.org\/seae2024\/wp-json\/wp\/v2\/types\/page"}],"author":[{"embeddable":true,"href":"https:\/\/seae-embu.org\/seae2024\/wp-json\/wp\/v2\/users\/1"}],"replies":[{"embeddable":true,"href":"https:\/\/seae-embu.org\/seae2024\/wp-json\/wp\/v2\/comments?post=251"}],"version-history":[{"count":5,"href":"https:\/\/seae-embu.org\/seae2024\/wp-json\/wp\/v2\/pages\/251\/revisions"}],"predecessor-version":[{"id":1185,"href":"https:\/\/seae-embu.org\/seae2024\/wp-json\/wp\/v2\/pages\/251\/revisions\/1185"}],"wp:attachment":[{"href":"https:\/\/seae-embu.org\/seae2024\/wp-json\/wp\/v2\/media?parent=251"}],"curies":[{"name":"wp","href":"https:\/\/api.w.org\/{rel}","templated":true}]}}