{"id":1198,"date":"2025-07-29T01:56:04","date_gmt":"2025-07-29T01:56:04","guid":{"rendered":"https:\/\/seae-embu.org\/seae2024\/?page_id=1198"},"modified":"2025-07-29T01:56:07","modified_gmt":"2025-07-29T01:56:07","slug":"manifesto-ambiental-nova-raposo-nao","status":"publish","type":"page","link":"https:\/\/seae-embu.org\/seae2024\/manifesto-ambiental-nova-raposo-nao\/","title":{"rendered":"Manifesto Ambiental Nova Raposo N\u00e3o"},"content":{"rendered":"\n<div class=\"wp-block-uagb-container uagb-block-a6be1363 alignfull uagb-is-root-container\"><div class=\"uagb-container__shape uagb-container__shape-bottom uagb-container__shape-flip uagb-container__invert\" data-negative=\"false\"><svg xmlns=\"https:\/\/www.w3.org\/2000\/svg\" viewBox=\"0 0 1000 100\" preserveAspectRatio=\"none\"><path class=\"uagb-container__shape-fill\" d=\"M0,6V0h1000v100L0,6z\"><\/path><\/svg><\/div><div class=\"uagb-container-inner-blocks-wrap\">\n<div class=\"wp-block-uagb-advanced-heading uagb-block-81d18f4d\"><p class=\"uagb-desc-text\">NovA RAPOSO N\u00c3O<\/p><h1 class=\"uagb-heading-text\">N\u00c3O A NOVA RAPOSO EM ITAPECERICA, EMBU E COTIA<\/h1><\/div>\n<\/div><\/div>\n\n\n\n<div class=\"wp-block-uagb-container uagb-block-9dbb18d7 alignfull uagb-is-root-container\"><div class=\"uagb-container-inner-blocks-wrap\">\n<div class=\"wp-block-uagb-container uagb-block-3c8dc315\">\n<h2 class=\"wp-block-heading\">MANIFESTO AMBIENTAL EMBU ITAPECERICA CONTRA NOVA RAPOSO<\/h2>\n\n\n\n<p class=\"\">O projeto da nova Raposo, ao contr\u00e1rio do que o nome sugere, n\u00e3o se resume apenas \u00e0 rodovia Raposo Tavares. Ele traz mudan\u00e7as enormes na Raposo, Castelo Branco, Estrada da Rosel\u00e2ndia (SP-29) e ainda cria novas vias, como a que ligaria a Raposo \u00e0 Regis Bitencourt. Essas altera\u00e7\u00f5es impactam mais de 11 munic\u00edpios e afetam a vida de milhares de pessoas.<\/p>\n\n\n\n<p class=\"\">A nova via proposta entre Raposo e Regis aproveitaria parte do tra\u00e7ado de ruas j\u00e1 existentes e, em outras partes, abriria caminho por \u00e1reas de mata. O que hoje s\u00e3o ruas com cerca de 7 metros de largura (uma faixa para cada sentido) passariam a ter duas faixas para cada sentido \u2013 com canteiro central \u2013 chegando a mais de 25 metros de largura e com um alto fluxo de caminh\u00f5es em alta velocidade.<\/p>\n\n\n\n<p class=\"\">Os impactos ambientais desse trecho seriam devastadores para cidades como Cotia, Embu das Artes e Itapecerica da Serra, com milhares de metros quadrados de mata a serem derrubados, centenas de cursos de \u00e1gua afetados e diversos corredores de fauna interrompidos. Essas \u00e1reas s\u00e3o importantes mananciais da Guarapiranga e do baixo Cotia, respons\u00e1veis por fornecer \u00e1gua para milhares de pessoas diariamente. Se j\u00e1 vemos crimes de aterro de nascentes, v\u00e1rzeas e \u00c1reas de Preserva\u00e7\u00e3o Permanente acontecendo, imagine o que pode acontecer se a press\u00e3o por constru\u00e7\u00f5es nessa regi\u00e3o aumentar ainda mais.<\/p>\n\n\n\n<p class=\"\">O trajeto da via ainda agride a APA Embu Verde e a Reserva Florestal do Morro Grande, interrompendo os corredores de fauna entre elas. Estudos t\u00e9cnicos da SEAE j\u00e1 comprovaram a presen\u00e7a de pelo menos 19 esp\u00e9cies de mam\u00edferos \u2013 como tatus, cutias, quatis, pacas, veados, bugios, saguis, gatos-do-mato, gato maracaj\u00e1, jaguatirica, on\u00e7a parda, entre outros \u2013 que podem ser v\u00edtimas de atropelamentos, da escassez de alimento e \u00e1gua, e at\u00e9 desaparecer da regi\u00e3o com a ocupa\u00e7\u00e3o desenfreada.<\/p>\n\n\n\n<p class=\"\">Al\u00e9m disso, a popula\u00e7\u00e3o local \u2013 com centenas de casas, com\u00e9rcios, escolas e igrejas \u2013 nunca foi consultada sobre esse projeto. Mesmo com o governo estadual trabalhando nessa concess\u00e3o h\u00e1 quase um ano e o contrato j\u00e1 formalizado, n\u00e3o houve nenhuma audi\u00eancia p\u00fablica em Embu das Artes, Cotia ou Itapecerica.<\/p>\n\n\n\n<p class=\"\">O projeto da nova Raposo tem sido apresentado de forma limitada, como se fosse apenas uma quest\u00e3o de mais faixas na Raposo Tavares ou ajustes no n\u00famero de ped\u00e1gios. Mas, na verdade, trata-se de uma obra fara\u00f4nica, destinada a aumentar o fluxo de carros na regi\u00e3o de forma descontrolada, para favorecer a especula\u00e7\u00e3o imobili\u00e1ria \u2013 vendendo nossas matas para a constru\u00e7\u00e3o desenfreada de pr\u00e9dios, com a desculpa de que o tr\u00e2nsito deixar\u00e1 de ser problema.<\/p>\n\n\n\n<p class=\"\">Resolver o tr\u00e2nsito da Raposo, Regis, Castelo e regi\u00e3o \u00e9 realmente necess\u00e1rio. No entanto, isso s\u00f3 trar\u00e1 benef\u00edcios se houver tamb\u00e9m solu\u00e7\u00f5es de transporte de massa (como trem ou metr\u00f4), a participa\u00e7\u00e3o da popula\u00e7\u00e3o afetada e o devido respeito ambiental.<\/p>\n\n\n\n<p class=\"\">Diante disso, a SEAE se posiciona contra o projeto e, juntamente a Preservar Ambiental (de Itapecerica da Serra), apoia o movimento Nova Raposo N\u00e3o (NRN) por meio de apoio t\u00e9cnico, jur\u00eddico e de comunica\u00e7\u00e3o \u2013 para que nossa regi\u00e3o e nossa popula\u00e7\u00e3o sejam respeitadas e preservadas.<br><br>Para participar e saber mais acesse:<\/p>\n\n\n\n<figure class=\"wp-block-table\"><table class=\"has-fixed-layout\"><tbody><tr><td class=\"has-text-align-center\" data-align=\"center\"><strong>Abaixo Assinado NRN<\/strong><br><a href=\"https:\/\/encurtador.com.br\/ClxBd\n\">https:\/\/encurtador.com.br\/ClxBd<br><\/a><a href=\"https:\/\/encurtador.com.br\/ClxBd\"><img decoding=\"async\" class=\"wp-image-5977\" style=\"width: 88px;\" src=\"https:\/\/seae-embu.org\/org.br\/wp-content\/uploads\/2025\/03\/qrcode-1.png\" alt=\"\"><\/a><\/td><td class=\"has-text-align-center\" data-align=\"center\"><strong>Instagram NRN<br><\/strong>@novaraposonao<br><a href=\"https:\/\/www.instagram.com\/novaraposonao\/\"><img decoding=\"async\" class=\"wp-image-5975\" style=\"width: 88px;\" src=\"https:\/\/seae-embu.org\/org.br\/wp-content\/uploads\/2025\/03\/NRN-LOGO.png\" alt=\"\"><\/a><\/td><td class=\"has-text-align-center\" data-align=\"center\"><strong>Instagram SEAE<br><\/strong>@seaembu<br><a href=\"https:\/\/www.instagram.com\/seaembu\/\"><img decoding=\"async\" class=\"wp-image-5978\" style=\"width: 83px;\" src=\"https:\/\/seae-embu.org\/org.br\/wp-content\/uploads\/2025\/03\/SEAE-LOGO.png\" alt=\"\"><\/a><\/td><td class=\"has-text-align-center\" data-align=\"center\"><strong>Instagram Preservar<\/strong><br>@preservarambiental <br><a href=\"https:\/\/www.instagram.com\/preservarambiental\/\" data-type=\"link\" data-id=\"https:\/\/www.instagram.com\/preservarambiental\/\"><img decoding=\"async\" class=\"wp-image-5976\" style=\"width: 86px;\" src=\"https:\/\/seae-embu.org\/org.br\/wp-content\/uploads\/2025\/03\/PRESERVAR-LOGO.png\" alt=\"\"><\/a><\/td><\/tr><\/tbody><\/table><\/figure>\n<\/div>\n\n\n\n<div class=\"wp-block-uagb-container uagb-layout-grid uagb-block-84e20ad5\"><\/div>\n\n\n\n<div class=\"wp-block-uagb-container uagb-block-908c72b4\"><\/div>\n\n\n\n<div class=\"wp-block-uagb-container uagb-block-a9b3ef39\"><\/div>\n<\/div><\/div>\n\n\n\n<div class=\"wp-block-uagb-container uagb-block-8e93db28 alignfull uagb-is-root-container\"><div class=\"uagb-container-inner-blocks-wrap\">\n<div class=\"wp-block-uagb-container uagb-layout-grid uagb-block-e1737d35\">\n<div class=\"wp-block-uagb-image alignleft uagb-block-7a0c1255 wp-block-uagb-image--layout-default wp-block-uagb-image--effect-static wp-block-uagb-image--align-left\"><figure class=\"wp-block-uagb-image__figure\"><img loading=\"lazy\" decoding=\"async\" srcset=\"https:\/\/seae-embu.org\/seae2024\/wp-content\/uploads\/2025\/05\/Jornal-Nossa-Raposo-NRN-1-CAPA1-778x1024.jpg ,https:\/\/seae-embu.org\/seae2024\/wp-content\/uploads\/2025\/05\/Jornal-Nossa-Raposo-NRN-1-CAPA1.jpg 780w, https:\/\/seae-embu.org\/seae2024\/wp-content\/uploads\/2025\/05\/Jornal-Nossa-Raposo-NRN-1-CAPA1.jpg 360w\" sizes=\"auto, (max-width: 480px) 150px\" src=\"https:\/\/seae-embu.org\/seae2024\/wp-content\/uploads\/2025\/05\/Jornal-Nossa-Raposo-NRN-1-CAPA1-778x1024.jpg\" alt=\"\" class=\"uag-image-1059\" width=\"500\" height=\"450\" title=\"Nossa Raposo - Nova Raposo N\u00e3o - Formato Web.cdr\" loading=\"lazy\" role=\"img\"\/><\/figure><\/div>\n\n\n\n<div class=\"wp-block-uagb-info-box uagb-block-03eff6df uagb-infobox__content-wrap  uagb-infobox-icon-above-title uagb-infobox-image-valign-top wp-block-uagb-info-box--has-margin\"><div class=\"uagb-infobox-margin-wrapper\"><div class=\"uagb-ifb-content\"><div class=\"uagb-ifb-title-wrap\"><h3 class=\"uagb-ifb-title-prefix\">Nova Raposo:<br>desapropria\u00e7\u00f5es, desmatamento, ped\u00e1gios, e muito mais tr\u00e2nsito!<\/h3><p class=\"uagb-ifb-title\">Este jornal chega para informar e conscientizar a popula\u00e7\u00e3o sobre as graves consequ\u00eancias desta obra. Vamos exigir um projeto para melhorar a Raposo Tavares, com real participa\u00e7\u00e3o popular. Um projeto para o povo, com justi\u00e7a socioambiental, transpar\u00eancia e preparado para enfrentar o agravamento da crise clim\u00e1tica.<br><br><a href=\"https:\/\/seae-embu.org\/seae2024\/wp-content\/uploads\/2025\/05\/Jornal-Nossa-Raposo-NRN.pdf\" target=\"_blank\" rel=\"noreferrer noopener\">Continue lendo o Jornal Nossa Raposo:<\/a><\/p><\/div><\/div><\/div><\/div>\n<\/div>\n\n\n\n<div class=\"wp-block-uagb-container uagb-block-1dce2cad\"><\/div>\n\n\n\n<div class=\"wp-block-uagb-container uagb-block-058f86a1\"><\/div>\n<\/div><\/div>\n\n\n\n<div class=\"wp-block-uagb-container uagb-block-770105ce alignwide uagb-is-root-container\"><div class=\"uagb-container__shape uagb-container__shape-top uagb-container__shape-flip\"><svg xmlns=\"https:\/\/www.w3.org\/2000\/svg\" viewBox=\"0 0 1000 100\" preserveAspectRatio=\"none\"><path class=\"uagb-container__shape-fill\" d=\"M0,6V0h1000v100L0,6z\"><\/path><\/svg><\/div>\n<div class=\"wp-block-uagb-info-box uagb-block-9fc875fa uagb-infobox__content-wrap  uagb-infobox-icon-above-title uagb-infobox-image-valign-top wp-block-uagb-info-box--has-margin\"><div class=\"uagb-infobox-margin-wrapper\"><div class=\"uagb-ifb-content\"><div class=\"uagb-ifb-title-wrap\"><span class=\"uagb-ifb-title-prefix\">Junte-se a n\u00f3s<\/span><h2 class=\"uagb-ifb-title\">Contribua para um futuro sustent\u00e1vel e igualit\u00e1rio<\/h2><\/div><p class=\"uagb-ifb-desc\">Participe de nossas a\u00e7\u00f5es e fa\u00e7a a diferen\u00e7a em nossa comunidade!<\/p><div class=\"uagb-ifb-button-wrapper wp-block-button\"><a href=\"\/seae2024\/doeagora\/\" class=\"uagb-infobox-cta-link wp-block-button__link\" target=\"_self\" rel=\"noopener noreferrer\" onclick=\"return true;\"><span class=\"uagb-inline-editing\">doe agora<\/span><\/a><\/div><\/div><\/div><\/div>\n\n\n\n<div class=\"wp-block-uagb-icon-list uagb-block-27cb2f14\"><div class=\"uagb-icon-list__wrap\">\n<div class=\"wp-block-uagb-icon-list-child uagb-block-d1934bf2\"><a target=\"_blank\" aria-label=\"List item\" rel=\"noopener noreferrer\" href=\"https:\/\/www.instagram.com\/seaembu\/\"> <\/a><span class=\"uagb-icon-list__source-wrap\"><svg xmlns=\"https:\/\/www.w3.org\/2000\/svg\" viewBox=\"0 0 448 512\"><path d=\"M224.1 141c-63.6 0-114.9 51.3-114.9 114.9s51.3 114.9 114.9 114.9S339 319.5 339 255.9 287.7 141 224.1 141zm0 189.6c-41.1 0-74.7-33.5-74.7-74.7s33.5-74.7 74.7-74.7 74.7 33.5 74.7 74.7-33.6 74.7-74.7 74.7zm146.4-194.3c0 14.9-12 26.8-26.8 26.8-14.9 0-26.8-12-26.8-26.8s12-26.8 26.8-26.8 26.8 12 26.8 26.8zm76.1 27.2c-1.7-35.9-9.9-67.7-36.2-93.9-26.2-26.2-58-34.4-93.9-36.2-37-2.1-147.9-2.1-184.9 0-35.8 1.7-67.6 9.9-93.9 36.1s-34.4 58-36.2 93.9c-2.1 37-2.1 147.9 0 184.9 1.7 35.9 9.9 67.7 36.2 93.9s58 34.4 93.9 36.2c37 2.1 147.9 2.1 184.9 0 35.9-1.7 67.7-9.9 93.9-36.2 26.2-26.2 34.4-58 36.2-93.9 2.1-37 2.1-147.8 0-184.8zM398.8 388c-7.8 19.6-22.9 34.7-42.6 42.6-29.5 11.7-99.5 9-132.1 9s-102.7 2.6-132.1-9c-19.6-7.8-34.7-22.9-42.6-42.6-11.7-29.5-9-99.5-9-132.1s-2.6-102.7 9-132.1c7.8-19.6 22.9-34.7 42.6-42.6 29.5-11.7 99.5-9 132.1-9s102.7-2.6 132.1 9c19.6 7.8 34.7 22.9 42.6 42.6 11.7 29.5 9 99.5 9 132.1s2.7 102.7-9 132.1z\"><\/path><\/svg><\/span><\/div>\n\n\n\n<div class=\"wp-block-uagb-icon-list-child uagb-block-2cf1d6a8\"><a target=\"_blank\" aria-label=\"List item\" rel=\"noopener noreferrer\" href=\"https:\/\/www.facebook.com\/SEAEMBU \"> <\/a><span class=\"uagb-icon-list__source-wrap\"><svg xmlns=\"https:\/\/www.w3.org\/2000\/svg\" viewBox=\"0 0 512 512\"><path d=\"M504 256C504 119 393 8 256 8S8 119 8 256c0 123.8 90.69 226.4 209.3 245V327.7h-63V256h63v-54.64c0-62.15 37-96.48 93.67-96.48 27.14 0 55.52 4.84 55.52 4.84v61h-31.28c-30.8 0-40.41 19.12-40.41 38.73V256h68.78l-11 71.69h-57.78V501C413.3 482.4 504 379.8 504 256z\"><\/path><\/svg><\/span><\/div>\n\n\n\n<div class=\"wp-block-uagb-icon-list-child uagb-block-bd0ab42e\"><a target=\"_blank\" aria-label=\"List item\" rel=\"noopener noreferrer\" href=\"https:\/\/www.linkedin.com\/company\/seae-sociedade-ecologica-amigos-de-embu\/?viewAsMember=true \"> <\/a><span class=\"uagb-icon-list__source-wrap\"><svg xmlns=\"https:\/\/www.w3.org\/2000\/svg\" viewBox=\"0 0 448 512\"><path d=\"M416 32H31.9C14.3 32 0 46.5 0 64.3v383.4C0 465.5 14.3 480 31.9 480H416c17.6 0 32-14.5 32-32.3V64.3c0-17.8-14.4-32.3-32-32.3zM135.4 416H69V202.2h66.5V416zm-33.2-243c-21.3 0-38.5-17.3-38.5-38.5S80.9 96 102.2 96c21.2 0 38.5 17.3 38.5 38.5 0 21.3-17.2 38.5-38.5 38.5zm282.1 243h-66.4V312c0-24.8-.5-56.7-34.5-56.7-34.6 0-39.9 27-39.9 54.9V416h-66.4V202.2h63.7v29.2h.9c8.9-16.8 30.6-34.5 62.9-34.5 67.2 0 79.7 44.3 79.7 101.9V416z\"><\/path><\/svg><\/span><\/div>\n\n\n\n<div class=\"wp-block-uagb-icon-list-child uagb-block-62b4dae6\"><a target=\"_blank\" aria-label=\"List item\" rel=\"noopener noreferrer\" href=\"https:\/\/www.youtube.com\/@seaembu \"> <\/a><span class=\"uagb-icon-list__source-wrap\"><svg xmlns=\"https:\/\/www.w3.org\/2000\/svg\" viewBox=\"0 0 576 512\"><path d=\"M549.7 124.1c-6.281-23.65-24.79-42.28-48.28-48.6C458.8 64 288 64 288 64S117.2 64 74.63 75.49c-23.5 6.322-42 24.95-48.28 48.6-11.41 42.87-11.41 132.3-11.41 132.3s0 89.44 11.41 132.3c6.281 23.65 24.79 41.5 48.28 47.82C117.2 448 288 448 288 448s170.8 0 213.4-11.49c23.5-6.321 42-24.17 48.28-47.82 11.41-42.87 11.41-132.3 11.41-132.3s0-89.44-11.41-132.3zm-317.5 213.5V175.2l142.7 81.21-142.7 81.2z\"><\/path><\/svg><\/span><\/div>\n<\/div><\/div>\n<\/div>\n","protected":false},"excerpt":{"rendered":"<p>NovA RAPOSO N\u00c3O N\u00c3O A NOVA RAPOSO EM ITAPECERICA, EMBU E COTIA MANIFESTO AMBIENTAL EMBU ITAPECERICA CONTRA NOVA RAPOSO O [&hellip;]<\/p>\n","protected":false},"author":2,"featured_media":0,"parent":0,"menu_order":0,"comment_status":"closed","ping_status":"closed","template":"","meta":{"nf_dc_page":"","_uag_custom_page_level_css":"","site-sidebar-layout":"default","site-content-layout":"","ast-site-content-layout":"default","site-content-style":"unboxed","site-sidebar-style":"default","ast-global-header-display":"","ast-banner-title-visibility":"","ast-main-header-display":"","ast-hfb-above-header-display":"","ast-hfb-below-header-display":"","ast-hfb-mobile-header-display":"","site-post-title":"disabled","ast-breadcrumbs-content":"","ast-featured-img":"","footer-sml-layout":"","ast-disable-related-posts":"","theme-transparent-header-meta":"","adv-header-id-meta":"","stick-header-meta":"","header-above-stick-meta":"","header-main-stick-meta":"","header-below-stick-meta":"","astra-migrate-meta-layouts":"default","ast-page-background-enabled":"default","ast-page-background-meta":{"desktop":{"background-color":"var(--ast-global-color-4)","background-image":"","background-repeat":"repeat","background-position":"center center","background-size":"auto","background-attachment":"scroll","background-type":"","background-media":"","overlay-type":"","overlay-color":"","overlay-opacity":"","overlay-gradient":""},"tablet":{"background-color":"","background-image":"","background-repeat":"repeat","background-position":"center center","background-size":"auto","background-attachment":"scroll","background-type":"","background-media":"","overlay-type":"","overlay-color":"","overlay-opacity":"","overlay-gradient":""},"mobile":{"background-color":"","background-image":"","background-repeat":"repeat","background-position":"center center","background-size":"auto","background-attachment":"scroll","background-type":"","background-media":"","overlay-type":"","overlay-color":"","overlay-opacity":"","overlay-gradient":""}},"ast-content-background-meta":{"desktop":{"background-color":"var(--ast-global-color-5)","background-image":"","background-repeat":"repeat","background-position":"center center","background-size":"auto","background-attachment":"scroll","background-type":"","background-media":"","overlay-type":"","overlay-color":"","overlay-opacity":"","overlay-gradient":""},"tablet":{"background-color":"var(--ast-global-color-5)","background-image":"","background-repeat":"repeat","background-position":"center center","background-size":"auto","background-attachment":"scroll","background-type":"","background-media":"","overlay-type":"","overlay-color":"","overlay-opacity":"","overlay-gradient":""},"mobile":{"background-color":"var(--ast-global-color-5)","background-image":"","background-repeat":"repeat","background-position":"center center","background-size":"auto","background-attachment":"scroll","background-type":"","background-media":"","overlay-type":"","overlay-color":"","overlay-opacity":"","overlay-gradient":""}},"footnotes":""},"class_list":["post-1198","page","type-page","status-publish","hentry"],"uagb_featured_image_src":{"full":false,"thumbnail":false,"medium":false,"medium_large":false,"large":false,"1536x1536":false,"2048x2048":false},"uagb_author_info":{"display_name":"SEAE EMBU","author_link":"https:\/\/seae-embu.org\/seae2024\/author\/seae2024\/"},"uagb_comment_info":0,"uagb_excerpt":"NovA RAPOSO N\u00c3O N\u00c3O A NOVA RAPOSO EM ITAPECERICA, EMBU E COTIA MANIFESTO AMBIENTAL EMBU ITAPECERICA CONTRA NOVA RAPOSO O [&hellip;]","_links":{"self":[{"href":"https:\/\/seae-embu.org\/seae2024\/wp-json\/wp\/v2\/pages\/1198","targetHints":{"allow":["GET"]}}],"collection":[{"href":"https:\/\/seae-embu.org\/seae2024\/wp-json\/wp\/v2\/pages"}],"about":[{"href":"https:\/\/seae-embu.org\/seae2024\/wp-json\/wp\/v2\/types\/page"}],"author":[{"embeddable":true,"href":"https:\/\/seae-embu.org\/seae2024\/wp-json\/wp\/v2\/users\/2"}],"replies":[{"embeddable":true,"href":"https:\/\/seae-embu.org\/seae2024\/wp-json\/wp\/v2\/comments?post=1198"}],"version-history":[{"count":1,"href":"https:\/\/seae-embu.org\/seae2024\/wp-json\/wp\/v2\/pages\/1198\/revisions"}],"predecessor-version":[{"id":1208,"href":"https:\/\/seae-embu.org\/seae2024\/wp-json\/wp\/v2\/pages\/1198\/revisions\/1208"}],"wp:attachment":[{"href":"https:\/\/seae-embu.org\/seae2024\/wp-json\/wp\/v2\/media?parent=1198"}],"curies":[{"name":"wp","href":"https:\/\/api.w.org\/{rel}","templated":true}]}}