{"id":1110,"date":"2025-06-07T19:17:44","date_gmt":"2025-06-07T19:17:44","guid":{"rendered":"https:\/\/seae-embu.org\/seae2024\/?page_id=1110"},"modified":"2025-06-07T19:17:46","modified_gmt":"2025-06-07T19:17:46","slug":"projetos2_conecta","status":"publish","type":"page","link":"https:\/\/seae-embu.org\/seae2024\/projetos2_conecta\/","title":{"rendered":"Projetos2_conecta"},"content":{"rendered":"\n<div class=\"wp-block-uagb-container uagb-block-a6be1363 alignfull uagb-is-root-container\"><div class=\"uagb-container__shape uagb-container__shape-bottom uagb-container__shape-flip uagb-container__invert\" data-negative=\"false\"><svg xmlns=\"https:\/\/www.w3.org\/2000\/svg\" viewBox=\"0 0 1000 100\" preserveAspectRatio=\"none\"><path class=\"uagb-container__shape-fill\" d=\"M0,6V0h1000v100L0,6z\"><\/path><\/svg><\/div><div class=\"uagb-container-inner-blocks-wrap\">\n<div class=\"wp-block-uagb-advanced-heading uagb-block-81d18f4d\"><p class=\"uagb-desc-text\">PROJETOS<\/p><h1 class=\"uagb-heading-text\">CONECTA cotia-GUARAPIRANGA<\/h1><\/div>\n<\/div><\/div>\n\n\n\n<div class=\"wp-block-uagb-container uagb-block-9dbb18d7 alignfull uagb-is-root-container\"><div class=\"uagb-container-inner-blocks-wrap\">\n<div class=\"wp-block-uagb-advanced-heading uagb-block-1fd5f659\"><p class=\"uagb-desc-text\">PROJETO Conecta Cotia Guarapiranga<\/p><h2 class=\"uagb-heading-text\">tem o objetivo de identificar \u00e1reas para a cria\u00e7\u00e3o de Unidades de Conserva\u00e7\u00e3o (Ucs).<\/h2><\/div>\n\n\n\n<div class=\"wp-block-uagb-container uagb-layout-grid uagb-block-84e20ad5\">\n<div class=\"wp-block-uagb-image alignleft uagb-block-52eed376 wp-block-uagb-image--layout-default wp-block-uagb-image--effect-static wp-block-uagb-image--align-left\"><figure class=\"wp-block-uagb-image__figure\"><img loading=\"lazy\" decoding=\"async\" srcset=\"https:\/\/seae-embu.org\/seae2024\/wp-content\/uploads\/2025\/06\/conectacotia-_site-da-granja2-2024-09-17t133704.815.jpg ,https:\/\/seae-embu.org\/seae2024\/wp-content\/uploads\/2025\/06\/conectacotia-_site-da-granja2-2024-09-17t133704.815.jpg 780w, https:\/\/seae-embu.org\/seae2024\/wp-content\/uploads\/2025\/06\/conectacotia-_site-da-granja2-2024-09-17t133704.815.jpg 360w\" sizes=\"auto, (max-width: 480px) 150px\" src=\"https:\/\/seae-embu.org\/seae2024\/wp-content\/uploads\/2025\/06\/conectacotia-_site-da-granja2-2024-09-17t133704.815.jpg\" alt=\"\" class=\"uag-image-1112\" width=\"500\" height=\"450\" title=\"conectacotia-_site-da-granja2-2024-09-17t133704.815\" loading=\"lazy\" role=\"img\"\/><\/figure><\/div>\n\n\n\n<div class=\"wp-block-uagb-info-box uagb-block-de5ccef8 uagb-infobox__content-wrap  uagb-infobox-icon-above-title uagb-infobox-image-valign-top wp-block-uagb-info-box--has-margin\"><div class=\"uagb-infobox-margin-wrapper\"><div class=\"uagb-ifb-content\"><div class=\"uagb-ifb-title-wrap\"><h3 class=\"uagb-ifb-title-prefix\">CONECTA COTIA-GUARAPIRANGA<br><\/h3><p class=\"uagb-ifb-title\">O projeto social Cursinho Popular KM23 surgiu em resposta \u00e0s desigualdades de oportunidades na Educa\u00e7\u00e3o.<br><br>Iniciado em 2018 por tr\u00eas jovens estudantes da USP e moradores de Embu das Artes, come\u00e7ou suas atividades com a oferta de mentoria para jovens que estavam se preparando para os vestibulares.<br><br>Ao longo de sua hist\u00f3ria o KM23 j\u00e1 atendeu mais de 300 adolescentes. O projeto trabalha com jovens que t\u00eam muitos sonhos, sendo seu objetivo sanar as defagens educacionais dos alunos de escolas p\u00fablicas da regi\u00e3o, majoritariamente pretos e da periferia.<\/p><\/div><\/div><\/div><\/div>\n<\/div>\n<\/div><\/div>\n\n\n\n<div class=\"wp-block-uagb-container uagb-block-08adbf37 alignfull uagb-is-root-container\"><div class=\"uagb-container-inner-blocks-wrap\">\n<p class=\"\">Especificamente, delimitar 02 \u00e1reas para a cria\u00e7\u00e3o de RPPNs, al\u00e9m de delimitar a \u00e1rea para a amplia\u00e7\u00e3o da APA Embu Verde e realizar parte dos estudos para a adequa\u00e7\u00e3o da Reserva Florestal do Morro Grande ao Sistema Nacional de Conserva\u00e7\u00e3o da Natureza.<br><br>As etapas para alcan\u00e7ar o objetivo do projeto envolvem a organiza\u00e7\u00e3o de uma base de dados, contemplando aspectos geogr\u00e1ficos, documentais, t\u00e9cnicos e acad\u00eamicos.<br><br>Desta maneira ser\u00e1 poss\u00edvel consultar estes dados de forma&nbsp;din\u00e2mica. A partir da base de dados ser\u00e3o realizadas as caracteriza\u00e7\u00f5es f\u00edsico-geogr\u00e1ficas das \u00e1reas estudadas, voltadas para entender a cobertura e uso do solo, o status da cobertura vegetal e a distribui\u00e7\u00e3o das atividades humanas, identificando possibilidades para conectividades ecol\u00f3gicas e conserva\u00e7\u00e3o dos grandes fragmentos de vegeta\u00e7\u00e3o.<br><br>Para que este estudo tenha sucesso, chegando ao maior n\u00famero de pessoas, institui\u00e7\u00f5es e organiza\u00e7\u00f5es, h\u00e1 um conjunto de atividades de comunica\u00e7\u00e3o j\u00e1 desenhadas.<\/p>\n\n\n\n<p class=\"\">Ser\u00e3o elaborados materiais de comunica\u00e7\u00e3o dos resultados do projeto em formato de manuais, cartilhas e, entre outros, publica\u00e7\u00f5es em m\u00eddias sociais que ir\u00e3o disponibilizar \u00e0 todos n\u00f3s, em linguagem n\u00e3o-t\u00e9cnica, os resultados do projeto.<\/p>\n\n\n\n<p class=\"\">Diante da emerg\u00eancia ambiental que vivemos, a necessidade de compreender e se mobilizar pela conserva\u00e7\u00e3o e restaura\u00e7\u00e3o ecol\u00f3gicas \u00e9 urgente.<\/p>\n<\/div><\/div>\n\n\n\n<div class=\"wp-block-uagb-container uagb-layout-grid uagb-block-80731fa3 alignfull uagb-is-root-container\"><div class=\"uagb-container__shape uagb-container__shape-top uagb-container__shape-flip\"><svg xmlns=\"https:\/\/www.w3.org\/2000\/svg\" viewBox=\"0 0 1000 100\" preserveAspectRatio=\"none\"><path class=\"uagb-container__shape-fill\" d=\"M0,6V0h1000v100L0,6z\"><\/path><\/svg><\/div><div class=\"uagb-container__shape uagb-container__shape-bottom uagb-container__shape-flip uagb-container__invert\" data-negative=\"false\"><svg xmlns=\"https:\/\/www.w3.org\/2000\/svg\" viewBox=\"0 0 1000 100\" preserveAspectRatio=\"none\"><path class=\"uagb-container__shape-fill\" d=\"M0,6V0h1000v100L0,6z\"><\/path><\/svg><\/div><div class=\"uagb-container-inner-blocks-wrap\">\n<div class=\"wp-block-uagb-info-box uagb-block-4184a682 uagb-infobox__content-wrap  uagb-infobox-icon-above-title uagb-infobox-image-valign-top wp-block-uagb-info-box--has-margin\"><div class=\"uagb-infobox-margin-wrapper\"><div class=\"uagb-ifb-content\"><div class=\"uagb-ifb-title-wrap\"><p class=\"uagb-ifb-title-prefix\"><mark style=\"background-color:rgba(0, 0, 0, 0)\" class=\"has-inline-color has-ast-global-color-1-color\"><strong><strong>Abrang\u00eancia<\/strong><\/strong><\/mark><\/p><h3 class=\"uagb-ifb-title\"><mark style=\"background-color:rgba(0, 0, 0, 0)\" class=\"has-inline-color has-ast-global-color-1-color\"><strong><strong>\u00c1rea de Abrang\u00eancia<\/strong><\/strong><\/mark><\/h3><\/div><p class=\"uagb-ifb-desc\">A \u00e1rea de abrang\u00eancia do projeto est\u00e1 inserida ao Noroeste da Regi\u00e3o Hidrogr\u00e1fica Cotia-Guarapiranga, que abrange parte dos munic\u00edpios de Cotia, Embu das Artes e Itapecerica da Serra.<br>Dentro da \u00e1rea de abrang\u00eancia encontram-se a Reserva Florestal do Morro Grande, a APA Embu Verde e o Parque Municipal CEMUCAM.<br><br>Dentro da \u00e1rea de abrang\u00eancia encontram-se a Reserva Florestal do Morro Grande, a APA Embu Verde e o Parque Municipal CEMUCAM.<\/p><\/div><\/div><\/div>\n\n\n\n<div class=\"wp-block-uagb-image alignright uagb-block-eb3eeb07 wp-block-uagb-image--layout-default wp-block-uagb-image--effect-static wp-block-uagb-image--align-right\"><figure class=\"wp-block-uagb-image__figure\"><img loading=\"lazy\" decoding=\"async\" srcset=\"https:\/\/seae-embu.org\/seae2024\/wp-content\/uploads\/2025\/06\/conecta_abrangencia3-1024x903.jpg ,https:\/\/seae-embu.org\/seae2024\/wp-content\/uploads\/2025\/06\/conecta_abrangencia3.jpg 780w, https:\/\/seae-embu.org\/seae2024\/wp-content\/uploads\/2025\/06\/conecta_abrangencia3.jpg 360w\" sizes=\"auto, (max-width: 480px) 150px\" src=\"https:\/\/seae-embu.org\/seae2024\/wp-content\/uploads\/2025\/06\/conecta_abrangencia3-1024x903.jpg\" alt=\"\" class=\"uag-image-1116\" width=\"500\" height=\"450\" title=\"conecta_abrangencia3\" loading=\"lazy\" role=\"img\"\/><\/figure><\/div>\n<\/div><\/div>\n\n\n\n<div class=\"wp-block-uagb-container uagb-block-02c696d5 alignfull uagb-is-root-container\"><div class=\"uagb-container-inner-blocks-wrap\">\n<p class=\"\"><strong>P\u00fablico Alvo<br><\/strong>A popula\u00e7\u00e3o beneficiada pelo projeto envolve cerca de 900.000 habitantes, residentes da \u00e1rea de abrang\u00eancia do estudo, para quem os desdobramentos dos resultados do projeto podem ter um impacto direto mais percept\u00edvel.<\/p>\n\n\n\n<p class=\"\">A m\u00e9dio e longo prazos, a popula\u00e7\u00e3o abastecida pela Represa Guarapiranga, Represa Pedro Beicht e Represa da Gra\u00e7a tamb\u00e9m ser\u00e3o mpactadas por estes desdobramentos: s\u00e3o cerca de 4.000.000 de pessoas.<\/p>\n\n\n\n<p class=\"\">A meta de comunicar os resultados pretende ser um processo de semear conhecimento para que a popula\u00e7\u00e3o residente na \u00e1rea e entorno volte sua aten\u00e7\u00e3o para a quest\u00e3o ambiental, que impacta diretamente a todos n\u00f3s.<\/p>\n\n\n\n<p class=\"\"><strong>Etapas do projeto<br><\/strong>Ao longo de um ano, o projeto ir\u00e1 reunir informa\u00e7\u00e3o sobre a \u00e1rea de abrang\u00eancia, a partir das seguintes etapas:<br>\u2022 Coleta e an\u00e1lise de dados: faremos um diagn\u00f3stico detalhado sobre a situa\u00e7\u00e3o atual do ambiente e sociedade, construindo um banco de dados geogr\u00e1ficos que ficar\u00e1 dispon\u00edvel \u00e0 todas as pessoas;<br>\u2022 Identifica\u00e7\u00e3o e caracteriza\u00e7\u00e3o das \u00e1reas: realizaremos a caracteriza\u00e7\u00e3o da qualidade de vegeta\u00e7\u00e3o, projetando conex\u00f5es entre fragmentos isolados, restaura\u00e7\u00e3o de matas ciliares e \u00e1reas relevantes e desenharemos as possibilidades para a cria\u00e7\u00e3o, adequa\u00e7\u00e3o ou amplia\u00e7\u00e3o de \u00e1reas protegidas;<br>\u2022 Articula\u00e7\u00e3o e mobiliza\u00e7\u00e3o social: buscaremos a comunica\u00e7\u00e3o com a popula\u00e7\u00e3o, gestores, t\u00e9cnicos, empresas e diferentes institui\u00e7\u00f5es, comunicando sobre os resultados encontrados.<\/p>\n\n\n\n<p class=\"\"><strong>Dura\u00e7\u00e3o<br><\/strong>O per\u00edodo de realiza\u00e7\u00e3o do empreendimento \u00e9 de Julho de 2024 a Julho de 2025. S\u00e3o 12 meses para a sua realiza\u00e7\u00e3o.<\/p>\n\n\n\n<p class=\"\"><strong>Resultados Esperados<br><\/strong>Ao realizar o projeto, por meio das etapas de coleta e an\u00e1lise de dados, identifica\u00e7\u00e3o e caracteriza\u00e7\u00e3o socioambiental, articula\u00e7\u00e3o e mobiliza\u00e7\u00e3o e desenvolvimento de propostas de cria\u00e7\u00e3o de Unidades de Conserva\u00e7\u00e3o, esperamos contribuir para a ampla difus\u00e3o da necessidade de conservar e restaurar as caracter\u00edsticas ecol\u00f3gicas no interior da \u00e1rea de abrang\u00eancia do projeto.<br>Ainda, esperamos vivamente colher resultados de ordem material e imediata, identificando as \u00e1reas prop\u00edcias para realizar a\u00e7\u00f5es de restaura\u00e7\u00e3o ecol\u00f3gica.<br>Por fim, buscamos construir uma rede de pessoas, estudantes, professores, atores da iniciativa privada e organiza\u00e7\u00f5es n\u00e3o governamentais que atue em un\u00edssono em dire\u00e7\u00e3o \u00e0 (re)constru\u00e7\u00e3o de nossa comunidade, contribuindo com as adequa\u00e7\u00f5es necess\u00e1rias para que nosso espa\u00e7o comum, a bacia hidrogr\u00e1fica em que vivemos, seja um espa\u00e7o ecologicamente melhor equilibrado e mais solid\u00e1rio.<br><strong><br>Sobre a SEAE<\/strong><br>A SEAE \u2013 Sociedade Ecol\u00f3gica Amigos de Embu est\u00e1 sediada em Embu-das-Artes \/SP, com atua\u00e7\u00e3o no cintur\u00e3o sudoeste de S\u00e3o Paulo (Cotia, Embu das Artes e Itapecerica da Serra).<br>Sua origem remonta a luta de um grupo de pessoas, nos anos de 1971\/72, combatendo um projeto de instala\u00e7\u00e3o do Aeroporto Internacional de S\u00e3o Paulo em Caucaia do Alto.Fundada em 11 de Outubro de 1975, a SEAE como \u00e9 conhecida, vem desde ent\u00e3o \u201cCuidando da Terra e da Gente\u201d.<br>A miss\u00e3o da entidade \u00e9 estimular e ampliar os processos de transforma\u00e7\u00e3o social e ambiental dos munic\u00edpios de Cotia, Embu das Artes e Itapecerica da Serra (cintur\u00e3o sudoeste de S\u00e3o Paulo), atuando como representante da sociedade civil e promovendo a\u00e7\u00f5es ambientais, sociais e educacionais em defesa da natureza, das pessoas e de nossa sociedade.<strong><br><\/strong><strong>Acompanhe este e outros projetos da SEAE.<\/strong><\/p>\n<\/div><\/div>\n\n\n\n<div class=\"wp-block-uagb-container uagb-block-770105ce alignwide uagb-is-root-container\"><div class=\"uagb-container__shape uagb-container__shape-top uagb-container__shape-flip\"><svg xmlns=\"https:\/\/www.w3.org\/2000\/svg\" viewBox=\"0 0 1000 100\" preserveAspectRatio=\"none\"><path class=\"uagb-container__shape-fill\" d=\"M0,6V0h1000v100L0,6z\"><\/path><\/svg><\/div>\n<div class=\"wp-block-uagb-info-box uagb-block-9fc875fa uagb-infobox__content-wrap  uagb-infobox-icon-above-title uagb-infobox-image-valign-top wp-block-uagb-info-box--has-margin\"><div class=\"uagb-infobox-margin-wrapper\"><div class=\"uagb-ifb-content\"><div class=\"uagb-ifb-title-wrap\"><span class=\"uagb-ifb-title-prefix\">Junte-se a n\u00f3s<\/span><h2 class=\"uagb-ifb-title\">Contribua para um futuro sustent\u00e1vel e igualit\u00e1rio<\/h2><\/div><p class=\"uagb-ifb-desc\">Participe de nossas a\u00e7\u00f5es e fa\u00e7a a diferen\u00e7a em nossa comunidade!<\/p><div class=\"uagb-ifb-button-wrapper wp-block-button\"><a href=\"\/seae2024\/doeagora\/\" class=\"uagb-infobox-cta-link wp-block-button__link\" target=\"_self\" rel=\"noopener noreferrer\" onclick=\"return true;\"><span class=\"uagb-inline-editing\">doe agora<\/span><\/a><\/div><\/div><\/div><\/div>\n\n\n\n<div class=\"wp-block-uagb-icon-list uagb-block-27cb2f14\"><div class=\"uagb-icon-list__wrap\">\n<div class=\"wp-block-uagb-icon-list-child uagb-block-d1934bf2\"><a target=\"_blank\" aria-label=\"List item\" rel=\"noopener noreferrer\" href=\"https:\/\/www.instagram.com\/seaembu\/\"> <\/a><span class=\"uagb-icon-list__source-wrap\"><svg xmlns=\"https:\/\/www.w3.org\/2000\/svg\" viewBox=\"0 0 448 512\"><path d=\"M224.1 141c-63.6 0-114.9 51.3-114.9 114.9s51.3 114.9 114.9 114.9S339 319.5 339 255.9 287.7 141 224.1 141zm0 189.6c-41.1 0-74.7-33.5-74.7-74.7s33.5-74.7 74.7-74.7 74.7 33.5 74.7 74.7-33.6 74.7-74.7 74.7zm146.4-194.3c0 14.9-12 26.8-26.8 26.8-14.9 0-26.8-12-26.8-26.8s12-26.8 26.8-26.8 26.8 12 26.8 26.8zm76.1 27.2c-1.7-35.9-9.9-67.7-36.2-93.9-26.2-26.2-58-34.4-93.9-36.2-37-2.1-147.9-2.1-184.9 0-35.8 1.7-67.6 9.9-93.9 36.1s-34.4 58-36.2 93.9c-2.1 37-2.1 147.9 0 184.9 1.7 35.9 9.9 67.7 36.2 93.9s58 34.4 93.9 36.2c37 2.1 147.9 2.1 184.9 0 35.9-1.7 67.7-9.9 93.9-36.2 26.2-26.2 34.4-58 36.2-93.9 2.1-37 2.1-147.8 0-184.8zM398.8 388c-7.8 19.6-22.9 34.7-42.6 42.6-29.5 11.7-99.5 9-132.1 9s-102.7 2.6-132.1-9c-19.6-7.8-34.7-22.9-42.6-42.6-11.7-29.5-9-99.5-9-132.1s-2.6-102.7 9-132.1c7.8-19.6 22.9-34.7 42.6-42.6 29.5-11.7 99.5-9 132.1-9s102.7-2.6 132.1 9c19.6 7.8 34.7 22.9 42.6 42.6 11.7 29.5 9 99.5 9 132.1s2.7 102.7-9 132.1z\"><\/path><\/svg><\/span><\/div>\n\n\n\n<div class=\"wp-block-uagb-icon-list-child uagb-block-2cf1d6a8\"><a target=\"_blank\" aria-label=\"List item\" rel=\"noopener noreferrer\" href=\"https:\/\/www.facebook.com\/SEAEMBU \"> <\/a><span class=\"uagb-icon-list__source-wrap\"><svg xmlns=\"https:\/\/www.w3.org\/2000\/svg\" viewBox=\"0 0 512 512\"><path d=\"M504 256C504 119 393 8 256 8S8 119 8 256c0 123.8 90.69 226.4 209.3 245V327.7h-63V256h63v-54.64c0-62.15 37-96.48 93.67-96.48 27.14 0 55.52 4.84 55.52 4.84v61h-31.28c-30.8 0-40.41 19.12-40.41 38.73V256h68.78l-11 71.69h-57.78V501C413.3 482.4 504 379.8 504 256z\"><\/path><\/svg><\/span><\/div>\n\n\n\n<div class=\"wp-block-uagb-icon-list-child uagb-block-bd0ab42e\"><a target=\"_blank\" aria-label=\"List item\" rel=\"noopener noreferrer\" href=\"https:\/\/www.linkedin.com\/company\/seae-sociedade-ecologica-amigos-de-embu\/?viewAsMember=true \"> <\/a><span class=\"uagb-icon-list__source-wrap\"><svg xmlns=\"https:\/\/www.w3.org\/2000\/svg\" viewBox=\"0 0 448 512\"><path d=\"M416 32H31.9C14.3 32 0 46.5 0 64.3v383.4C0 465.5 14.3 480 31.9 480H416c17.6 0 32-14.5 32-32.3V64.3c0-17.8-14.4-32.3-32-32.3zM135.4 416H69V202.2h66.5V416zm-33.2-243c-21.3 0-38.5-17.3-38.5-38.5S80.9 96 102.2 96c21.2 0 38.5 17.3 38.5 38.5 0 21.3-17.2 38.5-38.5 38.5zm282.1 243h-66.4V312c0-24.8-.5-56.7-34.5-56.7-34.6 0-39.9 27-39.9 54.9V416h-66.4V202.2h63.7v29.2h.9c8.9-16.8 30.6-34.5 62.9-34.5 67.2 0 79.7 44.3 79.7 101.9V416z\"><\/path><\/svg><\/span><\/div>\n\n\n\n<div class=\"wp-block-uagb-icon-list-child uagb-block-62b4dae6\"><a target=\"_blank\" aria-label=\"List item\" rel=\"noopener noreferrer\" href=\"https:\/\/www.youtube.com\/@seaembu \"> <\/a><span class=\"uagb-icon-list__source-wrap\"><svg xmlns=\"https:\/\/www.w3.org\/2000\/svg\" viewBox=\"0 0 576 512\"><path d=\"M549.7 124.1c-6.281-23.65-24.79-42.28-48.28-48.6C458.8 64 288 64 288 64S117.2 64 74.63 75.49c-23.5 6.322-42 24.95-48.28 48.6-11.41 42.87-11.41 132.3-11.41 132.3s0 89.44 11.41 132.3c6.281 23.65 24.79 41.5 48.28 47.82C117.2 448 288 448 288 448s170.8 0 213.4-11.49c23.5-6.321 42-24.17 48.28-47.82 11.41-42.87 11.41-132.3 11.41-132.3s0-89.44-11.41-132.3zm-317.5 213.5V175.2l142.7 81.21-142.7 81.2z\"><\/path><\/svg><\/span><\/div>\n<\/div><\/div>\n<\/div>\n","protected":false},"excerpt":{"rendered":"<p>PROJETOS CONECTA cotia-GUARAPIRANGA PROJETO Conecta Cotia Guarapiranga tem o objetivo de identificar \u00e1reas para a cria\u00e7\u00e3o de Unidades de Conserva\u00e7\u00e3o [&hellip;]<\/p>\n","protected":false},"author":2,"featured_media":0,"parent":0,"menu_order":0,"comment_status":"closed","ping_status":"closed","template":"","meta":{"nf_dc_page":"","_uag_custom_page_level_css":"","site-sidebar-layout":"default","site-content-layout":"","ast-site-content-layout":"default","site-content-style":"default","site-sidebar-style":"default","ast-global-header-display":"","ast-banner-title-visibility":"","ast-main-header-display":"","ast-hfb-above-header-display":"","ast-hfb-below-header-display":"","ast-hfb-mobile-header-display":"","site-post-title":"disabled","ast-breadcrumbs-content":"","ast-featured-img":"","footer-sml-layout":"","ast-disable-related-posts":"","theme-transparent-header-meta":"","adv-header-id-meta":"","stick-header-meta":"","header-above-stick-meta":"","header-main-stick-meta":"","header-below-stick-meta":"","astra-migrate-meta-layouts":"default","ast-page-background-enabled":"default","ast-page-background-meta":{"desktop":{"background-color":"var(--ast-global-color-4)","background-image":"","background-repeat":"repeat","background-position":"center center","background-size":"auto","background-attachment":"scroll","background-type":"","background-media":"","overlay-type":"","overlay-color":"","overlay-opacity":"","overlay-gradient":""},"tablet":{"background-color":"","background-image":"","background-repeat":"repeat","background-position":"center center","background-size":"auto","background-attachment":"scroll","background-type":"","background-media":"","overlay-type":"","overlay-color":"","overlay-opacity":"","overlay-gradient":""},"mobile":{"background-color":"","background-image":"","background-repeat":"repeat","background-position":"center center","background-size":"auto","background-attachment":"scroll","background-type":"","background-media":"","overlay-type":"","overlay-color":"","overlay-opacity":"","overlay-gradient":""}},"ast-content-background-meta":{"desktop":{"background-color":"var(--ast-global-color-5)","background-image":"","background-repeat":"repeat","background-position":"center center","background-size":"auto","background-attachment":"scroll","background-type":"","background-media":"","overlay-type":"","overlay-color":"","overlay-opacity":"","overlay-gradient":""},"tablet":{"background-color":"var(--ast-global-color-5)","background-image":"","background-repeat":"repeat","background-position":"center center","background-size":"auto","background-attachment":"scroll","background-type":"","background-media":"","overlay-type":"","overlay-color":"","overlay-opacity":"","overlay-gradient":""},"mobile":{"background-color":"var(--ast-global-color-5)","background-image":"","background-repeat":"repeat","background-position":"center center","background-size":"auto","background-attachment":"scroll","background-type":"","background-media":"","overlay-type":"","overlay-color":"","overlay-opacity":"","overlay-gradient":""}},"footnotes":""},"class_list":["post-1110","page","type-page","status-publish","hentry"],"uagb_featured_image_src":{"full":false,"thumbnail":false,"medium":false,"medium_large":false,"large":false,"1536x1536":false,"2048x2048":false},"uagb_author_info":{"display_name":"SEAE EMBU","author_link":"https:\/\/seae-embu.org\/seae2024\/author\/seae2024\/"},"uagb_comment_info":0,"uagb_excerpt":"PROJETOS CONECTA cotia-GUARAPIRANGA PROJETO Conecta Cotia Guarapiranga tem o objetivo de identificar \u00e1reas para a cria\u00e7\u00e3o de Unidades de Conserva\u00e7\u00e3o [&hellip;]","_links":{"self":[{"href":"https:\/\/seae-embu.org\/seae2024\/wp-json\/wp\/v2\/pages\/1110","targetHints":{"allow":["GET"]}}],"collection":[{"href":"https:\/\/seae-embu.org\/seae2024\/wp-json\/wp\/v2\/pages"}],"about":[{"href":"https:\/\/seae-embu.org\/seae2024\/wp-json\/wp\/v2\/types\/page"}],"author":[{"embeddable":true,"href":"https:\/\/seae-embu.org\/seae2024\/wp-json\/wp\/v2\/users\/2"}],"replies":[{"embeddable":true,"href":"https:\/\/seae-embu.org\/seae2024\/wp-json\/wp\/v2\/comments?post=1110"}],"version-history":[{"count":2,"href":"https:\/\/seae-embu.org\/seae2024\/wp-json\/wp\/v2\/pages\/1110\/revisions"}],"predecessor-version":[{"id":1117,"href":"https:\/\/seae-embu.org\/seae2024\/wp-json\/wp\/v2\/pages\/1110\/revisions\/1117"}],"wp:attachment":[{"href":"https:\/\/seae-embu.org\/seae2024\/wp-json\/wp\/v2\/media?parent=1110"}],"curies":[{"name":"wp","href":"https:\/\/api.w.org\/{rel}","templated":true}]}}