{"id":6301,"date":"2025-04-17T18:15:41","date_gmt":"2025-04-17T21:15:41","guid":{"rendered":"https:\/\/seae-embu.org\/org.br\/?page_id=6301"},"modified":"2025-04-19T14:34:33","modified_gmt":"2025-04-19T17:34:33","slug":"1o-audiencia-popular-nao-a-nova-raposo-em-itapecerica-embu-e-cotia","status":"publish","type":"page","link":"https:\/\/seae-embu.org\/org.br\/1o-audiencia-popular-nao-a-nova-raposo-em-itapecerica-embu-e-cotia\/","title":{"rendered":"1\u00ba AUDI\u00caNCIA POPULAR: N\u00c3O A NOVA RAPOSO EM ITAPECERICA, EMBU E COTIA"},"content":{"rendered":"\n<p>A Sociedade Ecol\u00f3gica Amigos do Embu (SEAE) e a entidade Preservar Ambiental convidam a popula\u00e7\u00e3o para participar da audi\u00eancia popular, que ocorrer\u00e1 no dia 10 de maio, das 8h30 \u00e0s 12h, na C\u00e2mara Municipal de Embu das Artes. O evento discutir\u00e1 o projeto de constru\u00e7\u00e3o da nova rodovia prevista para conectar as rodovias Castelo Branco, Raposo Tavares e R\u00e9gis Bittencourt, atravessando \u00e1reas preservadas de Mata Atl\u00e2ntica e importantes mananciais.<\/p>\n\n\n\n<p>Ricardo Simi, presidente da SEAE, ressalta que &#8220;uma vez que o governo do estado n\u00e3o realizou nenhuma audi\u00eancia p\u00fablica nas cidades afetadas \u2013 Cotia, Embu das Artes e Itapecerica da Serra \u2013 a sociedade civil organizada est\u00e1 cobrindo essa lacuna, criando essa audi\u00eancia informal para conscientizar a popula\u00e7\u00e3o e registrar suas manifesta\u00e7\u00f5es.&#8221;<\/p>\n\n\n\n<p>Adriana Abelh\u00e3o, representante da Preservar Ambiental, destaca que &#8220;apesar do tra\u00e7ado exato ainda n\u00e3o estar definido, a popula\u00e7\u00e3o precisa saber que qualquer trajeto vai atingir diretamente nossas nascentes e rios, afetando a produ\u00e7\u00e3o de \u00e1gua, os mananciais, causando degrada\u00e7\u00e3o irrevers\u00edvel e interrompendo corredores de fauna.&#8221;<\/p>\n\n\n\n<p>Especialistas t\u00e9cnicos, ge\u00f3grafos, bi\u00f3logos e especialistas em tr\u00e2nsito estar\u00e3o presentes na audi\u00eancia popular para analisar os impactos ambientais e sociais, esclarecer d\u00favidas da popula\u00e7\u00e3o e propor alternativas sustent\u00e1veis ao projeto.<\/p>\n\n\n\n<p>Os moradores de Cotia, Embu das Artes, Itapecerica da Serra e cidades do entorno s\u00e3o especialmente convidados a participar e conhecer melhor o projeto e seus impactos, j\u00e1 que grande parte ainda desconhece as consequ\u00eancias ambientais e sociais previstas. Parte significativa dos danos ambientais ocorrer\u00e1 nesses munic\u00edpios, fora do eixo j\u00e1 existente da Raposo Tavares, colocando em risco as comunidades e o patrim\u00f4nio ambiental local.<\/p>\n\n\n\n<p>O encontro tamb\u00e9m ter\u00e1 como objetivo registrar oficialmente as opini\u00f5es e demandas da popula\u00e7\u00e3o, que ser\u00e3o posteriormente encaminhadas \u00e0s autoridades competentes. Os organizadores pretendem discutir estrat\u00e9gias coletivas para a preserva\u00e7\u00e3o ambiental e melhoria da qualidade de vida nas cidades envolvidas.<\/p>\n\n\n\n<p>A participa\u00e7\u00e3o popular \u00e9 fundamental para garantir que decis\u00f5es futuras sobre a regi\u00e3o sejam tomadas com transpar\u00eancia e responsabilidade social e ambiental.<\/p>\n\n\n\n<p><strong>Servi\u00e7o:<\/strong><br>Audi\u00eancia Popular Nova Raposo em Cotia, Embu e Itapecerica N\u00c3O!<br>Data: 10 de maio (s\u00e1bado)<br>Hor\u00e1rio: das 8h30 \u00e0s 12h<br>Local: C\u00e2mara Municipal de Embu das Artes<br><strong>Inscri\u00e7\u00f5es atrav\u00e9s do link: <a href=\"https:\/\/docs.google.com\/forms\/d\/e\/1FAIpQLSfE5fa4oF4z3kiHCIiekz8ne1ZmIkOij4msmviWEc4RequOSw\/viewform?usp=header\">https:\/\/docs.google.com\/forms\/d\/e\/1FAIpQLSfE5fa4oF4z3kiHCIiekz8ne1ZmIkOij4msmviWEc4RequOSw\/viewform?usp=header<\/a><\/strong><\/p>\n\n\n\n<div class=\"wp-block-essential-blocks-advanced-image  root-eb-advanced-image-s4zn1\"><div class=\"eb-parent-wrapper eb-parent-eb-advanced-image-s4zn1 \"><figure class=\"eb-advanced-image-wrapper eb-advanced-image-s4zn1 img-style-rounded caption-style-1 caption-horizontal-center caption-vertical-bottom bottom no-effect\" data-id=\"eb-advanced-image-s4zn1\"><div class=\"image-wrapper\"><img decoding=\"async\" src=\"https:\/\/seae-embu.org\/org.br\/wp-content\/uploads\/2025\/04\/baner-audiencia-popular.jpg\" alt=\"\"\/><\/div><\/figure><\/div><\/div>\n\n\n\n<p><\/p>\n","protected":false},"excerpt":{"rendered":"<p>A Sociedade Ecol\u00f3gica Amigos do Embu (SEAE) e a entidade Preservar Ambiental convidam a popula\u00e7\u00e3o para participar da audi\u00eancia popular, que ocorrer\u00e1 no dia 10 de maio, das 8h30 \u00e0s 12h, na<\/p>\n<a class=\"moretag noptoppad\" href=\"https:\/\/seae-embu.org\/org.br\/1o-audiencia-popular-nao-a-nova-raposo-em-itapecerica-embu-e-cotia\/\">Read More...<\/a>","protected":false},"author":6,"featured_media":0,"parent":0,"menu_order":0,"comment_status":"closed","ping_status":"closed","template":"","meta":{"_eb_attr":"","footnotes":""},"class_list":["post-6301","page","type-page","status-publish","hentry"],"_links":{"self":[{"href":"https:\/\/seae-embu.org\/org.br\/wp-json\/wp\/v2\/pages\/6301","targetHints":{"allow":["GET"]}}],"collection":[{"href":"https:\/\/seae-embu.org\/org.br\/wp-json\/wp\/v2\/pages"}],"about":[{"href":"https:\/\/seae-embu.org\/org.br\/wp-json\/wp\/v2\/types\/page"}],"author":[{"embeddable":true,"href":"https:\/\/seae-embu.org\/org.br\/wp-json\/wp\/v2\/users\/6"}],"replies":[{"embeddable":true,"href":"https:\/\/seae-embu.org\/org.br\/wp-json\/wp\/v2\/comments?post=6301"}],"version-history":[{"count":7,"href":"https:\/\/seae-embu.org\/org.br\/wp-json\/wp\/v2\/pages\/6301\/revisions"}],"predecessor-version":[{"id":6333,"href":"https:\/\/seae-embu.org\/org.br\/wp-json\/wp\/v2\/pages\/6301\/revisions\/6333"}],"wp:attachment":[{"href":"https:\/\/seae-embu.org\/org.br\/wp-json\/wp\/v2\/media?parent=6301"}],"curies":[{"name":"wp","href":"https:\/\/api.w.org\/{rel}","templated":true}]}}