{"id":6293,"date":"2025-04-05T22:15:48","date_gmt":"2025-04-06T01:15:48","guid":{"rendered":"https:\/\/seae-embu.org\/org.br\/?page_id=6293"},"modified":"2025-04-05T22:25:48","modified_gmt":"2025-04-06T01:25:48","slug":"projeto-programa-de-jovens","status":"publish","type":"page","link":"https:\/\/seae-embu.org\/org.br\/projeto-programa-de-jovens\/","title":{"rendered":"Projeto Programa de Jovens"},"content":{"rendered":"\t\t<div data-elementor-type=\"wp-page\" data-elementor-id=\"6293\" class=\"elementor elementor-6293\">\n\t\t\t\t\t\t<section class=\"elementor-section elementor-top-section elementor-element elementor-element-c03fe5e elementor-section-boxed elementor-section-height-default elementor-section-height-default\" data-id=\"c03fe5e\" data-element_type=\"section\" data-e-type=\"section\">\n\t\t\t\t\t\t<div class=\"elementor-container elementor-column-gap-default\">\n\t\t\t\t\t<div class=\"elementor-column elementor-col-100 elementor-top-column elementor-element elementor-element-4d450a8a\" data-id=\"4d450a8a\" data-element_type=\"column\" data-e-type=\"column\">\n\t\t\t<div class=\"elementor-widget-wrap elementor-element-populated\">\n\t\t\t\t\t\t<section class=\"elementor-section elementor-inner-section elementor-element elementor-element-02501fb elementor-section-boxed elementor-section-height-default elementor-section-height-default\" data-id=\"02501fb\" data-element_type=\"section\" data-e-type=\"section\">\n\t\t\t\t\t\t<div class=\"elementor-container elementor-column-gap-default\">\n\t\t\t\t\t<div class=\"elementor-column elementor-col-100 elementor-inner-column elementor-element elementor-element-7b33786\" data-id=\"7b33786\" data-element_type=\"column\" data-e-type=\"column\">\n\t\t\t<div class=\"elementor-widget-wrap elementor-element-populated\">\n\t\t\t\t\t\t<div class=\"elementor-element elementor-element-94e08d8 elementor-widget elementor-widget-heading\" data-id=\"94e08d8\" data-element_type=\"widget\" data-e-type=\"widget\" data-widget_type=\"heading.default\">\n\t\t\t\t<div class=\"elementor-widget-container\">\n\t\t\t\t\t<h2 class=\"elementor-heading-title elementor-size-default\">Projeto Programa de Jovens<\/h2>\t\t\t\t<\/div>\n\t\t\t\t<\/div>\n\t\t\t\t\t<\/div>\n\t\t<\/div>\n\t\t\t\t\t<\/div>\n\t\t<\/section>\n\t\t\t\t<div class=\"elementor-element elementor-element-12425d17 elementor-widget__width-initial elementor-widget elementor-widget-text-editor\" data-id=\"12425d17\" data-element_type=\"widget\" data-e-type=\"widget\" data-widget_type=\"text-editor.default\">\n\t\t\t\t<div class=\"elementor-widget-container\">\n\t\t\t\t\t\t\t\t\t<p>Programa de Jovens<\/p>\n<p>FormatImagemPosted on31\/05\/2015AuthoradminCategoriesProjetos Realizados Edit<\/p>\n<p>O programa tem como objetivo capacitar jovens para o ecomercado, ou seja, para atividades produtivas e rent\u00e1veis que visem o bem-estar social e a conserva\u00e7\u00e3o ambiental, paralelamente ao Ensino M\u00e9dio.<\/p>\n<p><span style=\"color: var( --e-global-color-text ); font-family: var( --e-global-typography-text-font-family ), Sans-serif; font-weight: var( --e-global-typography-text-font-weight );\">O treinamento ecoprofissional tem a dura\u00e7\u00e3o de dois anos e est\u00e1 focado em cinco \u00e1reas tem\u00e1ticas:<\/span><\/p>\n<p>\u2013 Forma\u00e7\u00e3o Integral e Inicia\u00e7\u00e3o Cient\u00edfica;<br><span style=\"color: var( --e-global-color-text ); font-family: var( --e-global-typography-text-font-family ), Sans-serif; font-weight: var( --e-global-typography-text-font-weight );\">\u2013 PROMAFS \u2013 Produ\u00e7\u00e3o e Manejo Agr\u00edcola Florestal Sustent\u00e1vel;<br><\/span><span style=\"color: var( --e-global-color-text ); font-family: var( --e-global-typography-text-font-family ), Sans-serif; font-weight: var( --e-global-typography-text-font-weight );\">\u2013 Turismo Sustent\u00e1vel;<br><\/span><span style=\"color: var( --e-global-color-text ); font-family: var( --e-global-typography-text-font-family ), Sans-serif; font-weight: var( --e-global-typography-text-font-weight );\">\u2013 Agroind\u00fastria Artesanal por meio da Ecogastronomia e Eventos Gastron\u00f4micos;<br><\/span><span style=\"color: var( --e-global-color-text ); font-family: var( --e-global-typography-text-font-family ), Sans-serif; font-weight: var( --e-global-typography-text-font-weight );\">\u2013 Consumo, Lixo e Arte.<\/span><\/p>\n<p><span style=\"color: var( --e-global-color-text ); font-family: var( --e-global-typography-text-font-family ), Sans-serif; font-weight: var( --e-global-typography-text-font-weight );\">Ao final do curso, os alunos recebem certificados emitidos pela Reserva da Biosfera do Cintur\u00e3o Verde da Cidade de S\u00e3o Paulo \u2013 RBCV que \u00e9 reconhecido pela UNESCO.<\/span><\/p>\n<p>QUEM PODE PARTICIPAR?<br><span style=\"color: var( --e-global-color-text ); font-family: var( --e-global-typography-text-font-family ), Sans-serif; font-weight: var( --e-global-typography-text-font-weight );\">Para participar do PJ MAIS o jovem tem que ser estudante do Ensino M\u00e9dio, ter entre 15 e 21 anos e morar em \u00e1reas peri-urbanas que envolvem alguma Reservas da Biosfera, no caso a Reserva da Biosfera do Cintur\u00e3o Verde da Cidade de S\u00e3o Paulo \u2013 Bacia Hidrogr\u00e1fica Cotia Guarapiranga e APA \u2013 \u00c1rea de Prote\u00e7\u00e3o Ambiental Embu Verde.<\/span><\/p>\n<p><span style=\"color: var( --e-global-color-text ); font-family: var( --e-global-typography-text-font-family ), Sans-serif; font-weight: var( --e-global-typography-text-font-weight );\">O QUE \u00c9 FEITO DURANTE O PROJETO?<br><\/span><span style=\"color: var( --e-global-color-text ); font-family: var( --e-global-typography-text-font-family ), Sans-serif; font-weight: var( --e-global-typography-text-font-weight );\">Com dura\u00e7\u00e3o de dois anos subdivididos em quatro m\u00f3dulos semestrais, os jovens no primeiro m\u00f3dulo conhecem a realidade onde eles vivem e o grupo do qual fazem parte. No segundo m\u00f3dulo a proposta \u00e9 oferecer experimenta\u00e7\u00f5es nas diversas oficinas que tenham a\u00e7\u00f5es na comunidade para que os jovens possam identificar suas potencialidades. Nos dois \u00faltimos m\u00f3dulos s\u00e3o trabalhadas forma\u00e7\u00f5es espec\u00edficas para ecoprofissionaliza\u00e7\u00e3o e inser\u00e7\u00e3o desses jovens no ecomercado de trabalho, isto \u00e9, oportunidades de trabalho justo, \u00e9tico com preocupa\u00e7\u00f5es s\u00f3cio-ambientais e que desenvolva e estimule a sustentabilidade do local onde eles vivem.<br><\/span><span style=\"color: var( --e-global-color-text ); font-family: var( --e-global-typography-text-font-family ), Sans-serif; font-weight: var( --e-global-typography-text-font-weight );\"><br>Os jovens atendidos participam do programa tr\u00eas vezes por semana, com uma carga hor\u00e1ria semanal de nove horas (tr\u00eas horas em cada encontro) podendo esta ser estendida nos dois \u00faltimos m\u00f3dulos devido a forma\u00e7\u00e3o ecoprofissional. Os encontros poder\u00e3o ser aulas te\u00f3ricas, atividades pr\u00e1ticas, vivenciais locais (caminhadas diagn\u00f3sticas) e tamb\u00e9m visitas t\u00e9cnicas para conhecerem e se apropriarem dos novos conhecimentos.<\/span><\/p>\n<p><span style=\"color: var( --e-global-color-text ); font-family: var( --e-global-typography-text-font-family ), Sans-serif; font-weight: var( --e-global-typography-text-font-weight );\">Todas essas oficinas devem abranger uma ou mais das sete diretrizes da Educa\u00e7\u00e3o Ambiental direcionadas pela Secretaria Estadual do Meio Ambiente, sendo elas:<br><\/span><span style=\"color: var( --e-global-color-text ); font-family: var( --e-global-typography-text-font-family ), Sans-serif; font-weight: var( --e-global-typography-text-font-weight );\">1 \u2013 Cidadania e Participa\u00e7\u00e3o;<br><\/span><span style=\"color: var( --e-global-color-text ); font-family: var( --e-global-typography-text-font-family ), Sans-serif; font-weight: var( --e-global-typography-text-font-weight );\">2 \u2013 Sustentabilidade;<br><\/span><span style=\"color: var( --e-global-color-text ); font-family: var( --e-global-typography-text-font-family ), Sans-serif; font-weight: var( --e-global-typography-text-font-weight );\">3 \u2013 Interdisciplinaridade;<br><\/span><span style=\"color: var( --e-global-color-text ); font-family: var( --e-global-typography-text-font-family ), Sans-serif; font-weight: var( --e-global-typography-text-font-weight );\">4 \u2013 Continuidade;<br><\/span><span style=\"color: var( --e-global-color-text ); font-family: var( --e-global-typography-text-font-family ), Sans-serif; font-weight: var( --e-global-typography-text-font-weight );\">5 \u2013 Efetividade;<br><\/span><span style=\"color: var( --e-global-color-text ); font-family: var( --e-global-typography-text-font-family ), Sans-serif; font-weight: var( --e-global-typography-text-font-weight );\">6 \u2013 Regionalidade e<br><\/span><span style=\"color: var( --e-global-color-text ); font-family: var( --e-global-typography-text-font-family ), Sans-serif; font-weight: var( --e-global-typography-text-font-weight );\">7 \u2013 Respeito \u00e0s comunidades locais.<\/span><\/p>\n<p><span style=\"color: var( --e-global-color-text ); font-family: var( --e-global-typography-text-font-family ), Sans-serif; font-weight: var( --e-global-typography-text-font-weight );\">Dessa forma, a proposta do projeto se efetivar\u00e1 durante os dois anos de curso quando o jovem conhece a si mesmo, o local onde ele mora e o que ele pode fazer para melhorar sua vida, de sua fam\u00edlia e de sua comunidade por meio de oportunidades de ecomercado em alguma das cinco oficinas tem\u00e1ticas.<\/span><\/p>\n<p><span style=\"color: var( --e-global-color-text ); font-family: var( --e-global-typography-text-font-family ), Sans-serif;\"><b>QUANTOS JOVENS PODER\u00c3O PARTICIPAR?<br><\/b><\/span><span style=\"color: var( --e-global-color-text ); font-family: var( --e-global-typography-text-font-family ), Sans-serif; font-weight: var( --e-global-typography-text-font-weight );\">S\u00e3o abertas anualmente 35 vagas para jovens de 14 a 21 anos, matriculados no Ensino M\u00e9dio no per\u00edodo vespertino.<\/span><\/p>\n<p>QUAIS AS ATIVIDADES SER\u00c3O OFERECIDAS NO PROJETO?<\/p>\n<p>Para os jovens participantes:<\/p>\n<p>Estrat\u00e9gia<\/p>\n<p>Regularidade<\/p>\n<p>Oficina de Consumo, Lixo e Arte 1 vez por semana (m\u00f3dulo 1 e 2)<\/p>\n<p>Oficina de PROMAFS 1 vez por semana (m\u00f3dulo 1 e 2)<\/p>\n<p>Oficina de Turismo Sustent\u00e1vel 1 vez por semana (m\u00f3dulo 1)<\/p>\n<p>Oficina de Turismo Sustent\u00e1vel Quinzenal (m\u00f3dulo 2)<\/p>\n<p>Oficina de Sa\u00fade Quinzenal (m\u00f3dulo 2)<\/p>\n<p>Capacita\u00e7\u00e3o Profissional em Receptivo Tur\u00edstico 2 vezes por semana (modulo 3 e 4)<\/p>\n<p>Capacita\u00e7\u00e3o Profissional em Gastronomia Artesanal e Planejamento de Eventos 2 vezes por semana (modulo 3 e 4)<\/p>\n<p>Desenvolvimento de Projetos com interven\u00e7\u00f5es locais \u2013 Projeto Bairro Beleza 1 vez por semana (m\u00f3dulos 3 e 4)<\/p>\n<p>Oficina de Inicia\u00e7\u00e3o Cient\u00edfica 1 vez por semana (m\u00f3dulo 4)<\/p>\n<p>Para as fam\u00edlias dos jovens participantes:<\/p>\n<p>Estrat\u00e9gia<\/p>\n<p>Regularidade<\/p>\n<p>Reuni\u00f5es Mensal<\/p>\n<p>Visitas nas casas Espor\u00e1dico<\/p>\n<p>O QUE CABE AO JOVEM PARTICIPANTE DO PROJETO?<\/p>\n<p>Para que o jovem tenha bom desenvolvimento durante sua participa\u00e7\u00e3o no projeto, ele tem que ser correspons\u00e1vel na execu\u00e7\u00e3o das suas atividades, os pais precisam acompanhar seus aprendizados e envolver-se no processo e os educadores, coordena\u00e7\u00e3o e parceiros devem estar presentes diariamente para desenvolvimento das a\u00e7\u00f5es e avalia\u00e7\u00f5es das mesmas. \u00c9 imprescind\u00edvel a presen\u00e7a de 75 % dos encontros para receber o certificado e as faltas s\u00f3 s\u00e3o abonadas mediante apresenta\u00e7\u00e3o de atestados m\u00e9dicos ou solicita\u00e7\u00f5es pessoais por escrito dos pais. Todos esses acordos s\u00e3o imprescind\u00edveis para atingir as metas tra\u00e7adas e alcan\u00e7ar os resultados esperados.<\/p>\n<p><b>QUEM S\u00c3O NOSSOS PARCEIROS E APOIADORES NESTE PROJETO<\/b><br><span style=\"color: var( --e-global-color-text ); font-family: var( --e-global-typography-text-font-family ), Sans-serif; font-weight: var( --e-global-typography-text-font-weight );\">Secretaria Estadual do Meio Ambiente (SEMA), Instituto Florestal (IF) e Reserva da Biosfera do Cintur\u00e3o Verde da Cidade de S\u00e3o Paulo (RBCV) \u2013 atrav\u00e9s da Coordena\u00e7\u00e3o Geral da Rede do Programa;<\/span><\/p>\n<p>Prefeitura de Embu por meio da infraestrutura de salas de aula, transporte para as Visitas T\u00e9cnicas e distribui\u00e7\u00e3o de lanches semanais atrav\u00e9s das seguintes secretarias:<\/p>\n<p>Secretaria do Meio Ambiente;<br><span style=\"color: var( --e-global-color-text ); font-family: var( --e-global-typography-text-font-family ), Sans-serif; font-weight: var( --e-global-typography-text-font-weight );\">Secretaria da Educa\u00e7\u00e3o;<br><\/span><span style=\"color: var( --e-global-color-text ); font-family: var( --e-global-typography-text-font-family ), Sans-serif; font-weight: var( --e-global-typography-text-font-weight );\">Secretaria da Sa\u00fade;<br><\/span><span style=\"color: var( --e-global-color-text ); font-family: var( --e-global-typography-text-font-family ), Sans-serif; font-weight: var( --e-global-typography-text-font-weight );\">Secretaria de Turismo;<br><\/span><span style=\"color: var( --e-global-color-text ); font-family: var( --e-global-typography-text-font-family ), Sans-serif; font-weight: var( --e-global-typography-text-font-weight );\">Banco de Alimentos e Gabinete.<br><\/span><span style=\"color: var( --e-global-color-text ); font-family: var( --e-global-typography-text-font-family ), Sans-serif; font-weight: var( --e-global-typography-text-font-weight );\">IES \u2013 Instituto Embu de Sustentabilidade \u2013 apoio com camisetas, recursos financeiros para execu\u00e7\u00e3o de visitas t\u00e9cnicas, al\u00e9m de acompanhamento e participa\u00e7\u00e3o em algumas forma\u00e7\u00f5es.<br><\/span><span style=\"color: var( --e-global-color-text ); font-family: var( --e-global-typography-text-font-family ), Sans-serif; font-weight: var( --e-global-typography-text-font-weight );\">Escola Estadual Iracema \u2013 Bairro de Itatuba \u2013 apoio e acompanhamento pedag\u00f3gico e de infra-estrutura.<br><\/span><span style=\"color: var( --e-global-color-text ); font-family: var( --e-global-typography-text-font-family ), Sans-serif; font-weight: var( --e-global-typography-text-font-weight );\">SEAE e FEHIDRO \u2013 Fundo estadual de Recursos Hidricos \u2013 financiadores do Projeto.<\/span><\/p>\t\t\t\t\t\t\t\t<\/div>\n\t\t\t\t<\/div>\n\t\t\t\t\t<\/div>\n\t\t<\/div>\n\t\t\t\t\t<\/div>\n\t\t<\/section>\n\t\t\t\t<\/div>\n\t\t","protected":false},"excerpt":{"rendered":"<p>Projeto Programa de Jovens Programa de Jovens FormatImagemPosted on31\/05\/2015AuthoradminCategoriesProjetos Realizados Edit O programa tem como objetivo capacitar jovens para o ecomercado, ou seja, para atividades produtivas e rent\u00e1veis que visem o bem-estar<\/p>\n<a class=\"moretag noptoppad\" href=\"https:\/\/seae-embu.org\/org.br\/projeto-programa-de-jovens\/\">Read More...<\/a>","protected":false},"author":6,"featured_media":0,"parent":0,"menu_order":0,"comment_status":"closed","ping_status":"closed","template":"","meta":{"_eb_attr":"","footnotes":""},"class_list":["post-6293","page","type-page","status-publish","hentry"],"_links":{"self":[{"href":"https:\/\/seae-embu.org\/org.br\/wp-json\/wp\/v2\/pages\/6293","targetHints":{"allow":["GET"]}}],"collection":[{"href":"https:\/\/seae-embu.org\/org.br\/wp-json\/wp\/v2\/pages"}],"about":[{"href":"https:\/\/seae-embu.org\/org.br\/wp-json\/wp\/v2\/types\/page"}],"author":[{"embeddable":true,"href":"https:\/\/seae-embu.org\/org.br\/wp-json\/wp\/v2\/users\/6"}],"replies":[{"embeddable":true,"href":"https:\/\/seae-embu.org\/org.br\/wp-json\/wp\/v2\/comments?post=6293"}],"version-history":[{"count":4,"href":"https:\/\/seae-embu.org\/org.br\/wp-json\/wp\/v2\/pages\/6293\/revisions"}],"predecessor-version":[{"id":6297,"href":"https:\/\/seae-embu.org\/org.br\/wp-json\/wp\/v2\/pages\/6293\/revisions\/6297"}],"wp:attachment":[{"href":"https:\/\/seae-embu.org\/org.br\/wp-json\/wp\/v2\/media?parent=6293"}],"curies":[{"name":"wp","href":"https:\/\/api.w.org\/{rel}","templated":true}]}}