{"id":6285,"date":"2025-04-05T22:06:06","date_gmt":"2025-04-06T01:06:06","guid":{"rendered":"https:\/\/seae-embu.org\/org.br\/?page_id=6285"},"modified":"2025-04-05T22:10:27","modified_gmt":"2025-04-06T01:10:27","slug":"projeto-j-eco","status":"publish","type":"page","link":"https:\/\/seae-embu.org\/org.br\/projeto-j-eco\/","title":{"rendered":"Projeto J-ECO"},"content":{"rendered":"\t\t<div data-elementor-type=\"wp-page\" data-elementor-id=\"6285\" class=\"elementor elementor-6285\">\n\t\t\t\t\t\t<section class=\"elementor-section elementor-top-section elementor-element elementor-element-c03fe5e elementor-section-boxed elementor-section-height-default elementor-section-height-default\" data-id=\"c03fe5e\" data-element_type=\"section\" data-e-type=\"section\">\n\t\t\t\t\t\t<div class=\"elementor-container elementor-column-gap-default\">\n\t\t\t\t\t<div class=\"elementor-column elementor-col-100 elementor-top-column elementor-element elementor-element-4d450a8a\" data-id=\"4d450a8a\" data-element_type=\"column\" data-e-type=\"column\">\n\t\t\t<div class=\"elementor-widget-wrap elementor-element-populated\">\n\t\t\t\t\t\t<section class=\"elementor-section elementor-inner-section elementor-element elementor-element-02501fb elementor-section-boxed elementor-section-height-default elementor-section-height-default\" data-id=\"02501fb\" data-element_type=\"section\" data-e-type=\"section\">\n\t\t\t\t\t\t<div class=\"elementor-container elementor-column-gap-default\">\n\t\t\t\t\t<div class=\"elementor-column elementor-col-100 elementor-inner-column elementor-element elementor-element-7b33786\" data-id=\"7b33786\" data-element_type=\"column\" data-e-type=\"column\">\n\t\t\t<div class=\"elementor-widget-wrap elementor-element-populated\">\n\t\t\t\t\t\t<div class=\"elementor-element elementor-element-94e08d8 elementor-widget elementor-widget-heading\" data-id=\"94e08d8\" data-element_type=\"widget\" data-e-type=\"widget\" data-widget_type=\"heading.default\">\n\t\t\t\t<div class=\"elementor-widget-container\">\n\t\t\t\t\t<h2 class=\"elementor-heading-title elementor-size-default\">Projeto J-ECO <\/h2>\t\t\t\t<\/div>\n\t\t\t\t<\/div>\n\t\t\t\t\t<\/div>\n\t\t<\/div>\n\t\t\t\t\t<\/div>\n\t\t<\/section>\n\t\t\t\t<div class=\"elementor-element elementor-element-12425d17 elementor-widget__width-initial elementor-widget elementor-widget-text-editor\" data-id=\"12425d17\" data-element_type=\"widget\" data-e-type=\"widget\" data-widget_type=\"text-editor.default\">\n\t\t\t\t<div class=\"elementor-widget-container\">\n\t\t\t\t\t\t\t\t\t<p>O J-ECO \u00e9 um grupo de jovens ecologistas que tem como miss\u00e3o buscar a mudan\u00e7a de paradigmas sobre as quest\u00f5es ambientais \u2013 promove a\u00e7\u00f5es, sensibiliza pessoas, numa sociedade acostumada a ficar passiva diante dos fatos.<\/p>\n<p>O grupo surgiu em 2004 com o incentivo da educadora Maria Isabel Franco que convidou os jovens interessados para estudar a tem\u00e1tica socioambiental a compor um grupo.<\/p>\n<p>Em 2004, foi promovido um encontro de jovens coordenado pela educadora Maria Isabel fomentando o senso cr\u00edtico para as quest\u00f5es ambientais e ao mesmo tempo sensibilizando, e dando orienta\u00e7\u00f5es para o desenvolvimento profissional.<\/p>\n<p>A partir de ent\u00e3o foi formado o grupo J-Eco. Todas atividades do grupo s\u00e3o baseadas em metodologias da Agenda 21.<\/p>\n<p><b>Objetivos do grupo<\/b><\/p>\n<p>Fomentar o conhecimento dos jovens nas quest\u00f5es socioambientais com princ\u00edpios da Agenda 21;<\/p>\n<p>Fazer a\u00e7\u00f5es voltadas \u00e0 comunidade de sensibiliza\u00e7\u00e3o, como conversas, encontros e atividades pr\u00e1ticas;<\/p>\n<p>Sensibilizar para as quest\u00f5es ambientais. Ex. Recurso H\u00eddrico, Res\u00edduos S\u00f3lidos, Mata Atl\u00e2ntica, etc.;<\/p>\n<p>Promover a\u00e7\u00f5es voltadas \u00e0 revitaliza\u00e7\u00e3o do principal rio do munic\u00edpio de Embu \u2013 o Rio Embu Mirim.<\/p>\n<p>Incluir o jovem numa sociedade onde ele tenha a oportunidade de opinar, de se expressar, sentindo-se parte integrante;<\/p>\n<p>Valorizar e resgatar a hist\u00f3ria do Munic\u00edpio de Embu das Artes;<\/p>\n<p>Mostrar que o jovem \u00e9 o presente e n\u00e3o o futuro;<\/p>\n<p>Incentivar o senso cr\u00edtico e a colabora\u00e7\u00e3o em trabalhos em grupos.<\/p>\n<p><b>Como participar?<\/b><\/p>\n<p>Ter idade entre 14 a 29;<\/p>\n<p>Querer adquirir conhecimentos;<\/p>\n<p>Entrar em contato com a SEAE<\/p>\n<p>Algumas das a\u00e7\u00f5es realizadas pelo grupo<\/p>\n<p>Caminhada diagn\u00f3stica para perceber os principais desafios do munic\u00edpio em rela\u00e7\u00f5es \u00e0s quest\u00f5es ambientais;<\/p>\n<p>An\u00e1lise da \u00e1gua do rio Embu Mirim e do Rio Ribeir\u00e3o da Ressaca atrav\u00e9s da Rede das \u00c1guas em parceria com a S.O.S Mata Atl\u00e2ntica;<\/p>\n<p>Encontros e din\u00e2mica com atividades baseadas na Agenda 21 para formar agentes multiplicadores;<\/p>\n<p>Oficinas com reaproveitamento de materiais recicl\u00e1veis;<\/p>\n<p>Participa\u00e7\u00e3o e mobiliza\u00e7\u00e3o juvenil nas Confer\u00eancias Livre de Meio Ambiente de Juventude \u2013 regionais, municipais, estaduais e nacionais.<\/p>\n<p>Oficinas de agricultura Urbana;<\/p>\n<p>Atividades em Goi\u00e1s representando a SEAE;<\/p>\n<p>Monitorias de Educa\u00e7\u00e3o Ambiental na Fonte dos Jesu\u00edtas e outras localidades;<\/p>\n<p>Atua\u00e7\u00e3o na S.O. S Mata Atl\u00e2ntica em palestra, atividades com comunidades e trabalhos volunt\u00e1rios.<\/p>\t\t\t\t\t\t\t\t<\/div>\n\t\t\t\t<\/div>\n\t\t\t\t\t<\/div>\n\t\t<\/div>\n\t\t\t\t\t<\/div>\n\t\t<\/section>\n\t\t\t\t<\/div>\n\t\t","protected":false},"excerpt":{"rendered":"<p>Projeto J-ECO O J-ECO \u00e9 um grupo de jovens ecologistas que tem como miss\u00e3o buscar a mudan\u00e7a de paradigmas sobre as quest\u00f5es ambientais \u2013 promove a\u00e7\u00f5es, sensibiliza pessoas, numa sociedade acostumada a<\/p>\n<a class=\"moretag noptoppad\" href=\"https:\/\/seae-embu.org\/org.br\/projeto-j-eco\/\">Read More...<\/a>","protected":false},"author":6,"featured_media":0,"parent":0,"menu_order":0,"comment_status":"closed","ping_status":"closed","template":"","meta":{"_eb_attr":"","footnotes":""},"class_list":["post-6285","page","type-page","status-publish","hentry"],"_links":{"self":[{"href":"https:\/\/seae-embu.org\/org.br\/wp-json\/wp\/v2\/pages\/6285","targetHints":{"allow":["GET"]}}],"collection":[{"href":"https:\/\/seae-embu.org\/org.br\/wp-json\/wp\/v2\/pages"}],"about":[{"href":"https:\/\/seae-embu.org\/org.br\/wp-json\/wp\/v2\/types\/page"}],"author":[{"embeddable":true,"href":"https:\/\/seae-embu.org\/org.br\/wp-json\/wp\/v2\/users\/6"}],"replies":[{"embeddable":true,"href":"https:\/\/seae-embu.org\/org.br\/wp-json\/wp\/v2\/comments?post=6285"}],"version-history":[{"count":4,"href":"https:\/\/seae-embu.org\/org.br\/wp-json\/wp\/v2\/pages\/6285\/revisions"}],"predecessor-version":[{"id":6289,"href":"https:\/\/seae-embu.org\/org.br\/wp-json\/wp\/v2\/pages\/6285\/revisions\/6289"}],"wp:attachment":[{"href":"https:\/\/seae-embu.org\/org.br\/wp-json\/wp\/v2\/media?parent=6285"}],"curies":[{"name":"wp","href":"https:\/\/api.w.org\/{rel}","templated":true}]}}