{"id":6268,"date":"2025-04-05T21:59:57","date_gmt":"2025-04-06T00:59:57","guid":{"rendered":"https:\/\/seae-embu.org\/org.br\/?page_id=6268"},"modified":"2025-04-05T22:04:11","modified_gmt":"2025-04-06T01:04:11","slug":"projeto-fonte-escola","status":"publish","type":"page","link":"https:\/\/seae-embu.org\/org.br\/projeto-fonte-escola\/","title":{"rendered":"Projeto Fonte Escola"},"content":{"rendered":"\t\t<div data-elementor-type=\"wp-page\" data-elementor-id=\"6268\" class=\"elementor elementor-6268\">\n\t\t\t\t\t\t<section class=\"elementor-section elementor-top-section elementor-element elementor-element-c03fe5e elementor-section-boxed elementor-section-height-default elementor-section-height-default\" data-id=\"c03fe5e\" data-element_type=\"section\" data-e-type=\"section\">\n\t\t\t\t\t\t<div class=\"elementor-container elementor-column-gap-default\">\n\t\t\t\t\t<div class=\"elementor-column elementor-col-100 elementor-top-column elementor-element elementor-element-4d450a8a\" data-id=\"4d450a8a\" data-element_type=\"column\" data-e-type=\"column\">\n\t\t\t<div class=\"elementor-widget-wrap elementor-element-populated\">\n\t\t\t\t\t\t<section class=\"elementor-section elementor-inner-section elementor-element elementor-element-02501fb elementor-section-boxed elementor-section-height-default elementor-section-height-default\" data-id=\"02501fb\" data-element_type=\"section\" data-e-type=\"section\">\n\t\t\t\t\t\t<div class=\"elementor-container elementor-column-gap-default\">\n\t\t\t\t\t<div class=\"elementor-column elementor-col-100 elementor-inner-column elementor-element elementor-element-7b33786\" data-id=\"7b33786\" data-element_type=\"column\" data-e-type=\"column\">\n\t\t\t<div class=\"elementor-widget-wrap elementor-element-populated\">\n\t\t\t\t\t\t<div class=\"elementor-element elementor-element-94e08d8 elementor-widget elementor-widget-heading\" data-id=\"94e08d8\" data-element_type=\"widget\" data-e-type=\"widget\" data-widget_type=\"heading.default\">\n\t\t\t\t<div class=\"elementor-widget-container\">\n\t\t\t\t\t<h2 class=\"elementor-heading-title elementor-size-default\">Projeto Fonte Escola<\/h2>\t\t\t\t<\/div>\n\t\t\t\t<\/div>\n\t\t\t\t\t<\/div>\n\t\t<\/div>\n\t\t\t\t\t<\/div>\n\t\t<\/section>\n\t\t\t\t<div class=\"elementor-element elementor-element-12425d17 elementor-widget__width-initial elementor-widget elementor-widget-text-editor\" data-id=\"12425d17\" data-element_type=\"widget\" data-e-type=\"widget\" data-widget_type=\"text-editor.default\">\n\t\t\t\t<div class=\"elementor-widget-container\">\n\t\t\t\t\t\t\t\t\t<p><span style=\"color: var( --e-global-color-text ); font-family: var( --e-global-typography-text-font-family ), Sans-serif; font-weight: var( --e-global-typography-text-font-weight );\">Desde o segundo semestre de 2006, atrav\u00e9s da parceria com a empresa \u00c1gua Mineral Embu, a SEAE realiza in\u00fameras atividades gratuitas de educa\u00e7\u00e3o socioambiental na Fonte dos Jesu\u00edtas, fornecendo apoio pedag\u00f3gico aos educadores, complementa\u00e7\u00e3o das atividades escolares e sensibiliza\u00e7\u00e3o com um olhar cr\u00edtico voltado para as quest\u00f5es ambientais. Recebe grupos, entidades, escolas municipais, estaduais e particulares de Embu e dos munic\u00edpios vizinhos.<\/span><\/p>\n<p>Em 2008, as atividades de Educa\u00e7\u00e3o Socioambiental foram reformuladas e ampliadas com o Programa Fonte Escola. Utilizando uma metodologia interdisciplinar, vivencial e l\u00fadica, baseada nos conceitos da Agenda 21, o programa promove a sensibiliza\u00e7\u00e3o ambiental a partir do contato com a natureza, brincadeiras ecol\u00f3gicas, hist\u00f3rias, imagin\u00e1rio, olhar cient\u00edfico e artes num ambiente natural, fragmento de Mata Atl\u00e2ntica, onde \u00e9 poss\u00edvel fazer Trilha na Mata, visitar o minhoc\u00e1rio, o viveiro de nativas da Mata Atl\u00e2ntica, a cachoeira e at\u00e9 conhecer um Fontan\u00e1rio.<\/p>\n<p>Desde a cria\u00e7\u00e3o do programa, mais de sessenta escolas de Embu e regi\u00e3o frequentam regularmente a Fonte dos Jesu\u00edtas participando das atividades nos Roteiros Tem\u00e1ticos. A viv\u00eancia com essas escolas identificou necessidades e interesses dos educadores para aprofundar conceitos e metodologias de Educa\u00e7\u00e3o Ambiental. Tamb\u00e9m foi evidenciado o interesse para a implementa\u00e7\u00e3o de hortas nas escolas, como forma de produzir alimentos saud\u00e1veis e como espa\u00e7o educativo. A partir dessa constata\u00e7\u00e3o, somado aos diagn\u00f3sticos realizados anteriormente, atrav\u00e9s do projeto Agenda 21, e conversas com representantes de escolas, Secretaria do Meio Ambiente e de Educa\u00e7\u00e3o, foi elaborado o Projeto Hortas Escolares em 2009. Mais uma novidade surge em 2010, o Selo Escola Amiga da Terra. Assim, o programa vem atuando em tr\u00eas \u00e1reas distintas:<\/p>\n<p>Roteiros Tem\u00e1ticos \u2013 S\u00e3o atividades de campo aprofundadas com temas espec\u00edficos de extrema import\u00e2ncia para a preserva\u00e7\u00e3o do meio ambiente, adequando linguagem e atividades \u00e0s faixas et\u00e1rias e objetivo do grupo visitante.<\/p>\n<p>Hortas Escolares e Consultorias Solid\u00e1rias \u2013 Trata-se de um curso de Forma\u00e7\u00e3o em Agroecologia para Educadores com oficinas te\u00f3ricas, pr\u00e1ticas e participativas voltadas para a implanta\u00e7\u00e3o de hortas escolares. As Consultorias Solid\u00e1rias s\u00e3o assist\u00eancias t\u00e9cnicas \u00e0s escolas participantes do curso para a implementa\u00e7\u00e3o das hortas.<\/p>\n<p>Selo Escola Amiga da Terra \u2013 \u00c9 um processo de Certifica\u00e7\u00e3o Verde \u00e0s escolas que envolve Forma\u00e7\u00e3o Ecol\u00f3gica de Educadores, implanta\u00e7\u00e3o de Salas de Aula ao Ar Livre e diversas Pr\u00e1ticas Sustent\u00e1veis na escola.<\/p>\n<p><b>Assista aos v\u00eddeos sobre o Programa:<\/b><br><span style=\"color: var( --e-global-color-text ); font-family: var( --e-global-typography-text-font-family ), Sans-serif;\"><b><a href=\"http:\/\/www.youtube.com\/watch?v=cZf5CvsJgIs\">Projeto Fonte Escola \u2013 Parte 1<\/a><\/b><b><br><\/b><\/span><b><span style=\"color: var( --e-global-color-text ); font-family: var( --e-global-typography-text-font-family ), Sans-serif;\"><a href=\"http:\/\/www.youtube.com\/watch?v=p40MmVPSskA\">Projeto Fonte Escola \u2013 Parte 2<\/a><br><\/span><span style=\"color: var( --e-global-color-text ); font-family: var( --e-global-typography-text-font-family ), Sans-serif;\"><a href=\"http:\/\/www.youtube.com\/watch?v=KUbUlUvyc5g\">Projeto Fonte Escola \u2013 Parte 3<\/a><br><\/span><span style=\"color: var( --e-global-color-text ); font-family: var( --e-global-typography-text-font-family ), Sans-serif;\"><a href=\"http:\/\/www.youtube.com\/watch?v=uVUYvGd2D-c\">Projeto Fonte Escola \u2013 Parte 4<\/a><br><\/span><span style=\"color: var( --e-global-color-text ); font-family: var( --e-global-typography-text-font-family ), Sans-serif;\"><a href=\"http:\/\/www.youtube.com\/watch?v=lz5M-e27uq4\">Projeto Fonte Escola \u2013 Parte 5<\/a><\/span><\/b><\/p>\n<p><b>Pr\u00eamio Fundo Ita\u00fa de Excel\u00eancia Social (FIES 2010)<br><\/b><span style=\"color: var( --e-global-color-text ); font-family: var( --e-global-typography-text-font-family ), Sans-serif; font-weight: var( --e-global-typography-text-font-weight );\">No final de 2010, o Programa Fonte Escola recebeu uma premia\u00e7\u00e3o no valor de R$ 120.000,00, pelo Fundo Ita\u00fa de Excel\u00eancia Social (FIES 2010), na categoria Educa\u00e7\u00e3o Ambiental \u2013 Forma\u00e7\u00e3o de Educadores. Essa premia\u00e7\u00e3o \u00e9 um importante reconhecimento pelos resultados e qualidade das atividades praticadas pelo Programa no Curso Hortas Escolares e no Projeto Selo Escola Amiga da Terra. Foram mais de 1.300 projetos inscritos em todo o Brasil.<\/span><\/p>\n<p>A premia\u00e7\u00e3o possibilitou a amplia\u00e7\u00e3o e o fortalecimento do Programa em 2011, principalmente na capacita\u00e7\u00e3o de educadores multiplicadores em agroecologia, permacultura, pr\u00e1ticas sustent\u00e1veis e metodologias participativas com \u00eanfase na Horta Escolar e na ado\u00e7\u00e3o de salas de aula ao ar livre, ampliando os conhecimentos e percep\u00e7\u00f5es sobre os elementos naturais, e nas atividades de assist\u00eancia t\u00e9cnica e pedag\u00f3gica aos educadores e \u00e0s escolas.<\/p>\n<p><b>Lan\u00e7amento do livro Horta Escolar<br><\/b><span style=\"color: var( --e-global-color-text ); font-family: var( --e-global-typography-text-font-family ), Sans-serif; font-weight: var( --e-global-typography-text-font-weight );\">No dia 8 de novembro de 2013, foi lan\u00e7ado o livro \u201cHorta Escolar: uma sala de aula ao ar livre\u201d, organizado por Amanda Frug, coordenadora do Programa Fonte Escola, em parceria com outros autores.<\/span><\/p>\n<p>O livro compartilha as experi\u00eancias com hortas escolares vivenciadas por educadores, gestores, funcion\u00e1rios e alunos de escolas municipais de Embu das Artes, que participaram das forma\u00e7\u00f5es em agroecologia oferecidas pelo Programa Fonte Escola, da Sociedade Ecol\u00f3gica Amigos de Embu, no per\u00edodo de 2009 \u00e0 2011.<\/p>\n<p>Os depoimentos dos diversos \u201catores\u201d trazem \u00e0 tona informa\u00e7\u00f5es e reflex\u00f5es importantes para a implanta\u00e7\u00e3o e manuten\u00e7\u00e3o de hortas escolares como proposta de espa\u00e7o pedag\u00f3gico, al\u00e9m da produ\u00e7\u00e3o de alimentos saud\u00e1veis. Aborda princ\u00edpios e aplica\u00e7\u00f5es da Permacultura e da Agroecologia, descrevendo t\u00e9cnicas ecol\u00f3gicas de cultivo de alimentos e manejo de \u00e1reas verdes nas escolas p\u00fablicas.<\/p>\n<p><b>Conhe\u00e7a o conte\u00fado do livro no Centro de M\u00eddia do site da SEAE.<br><\/b><span style=\"color: var( --e-global-color-text ); font-family: var( --e-global-typography-text-font-family ), Sans-serif; font-weight: var( --e-global-typography-text-font-weight );\">O Programa Fonte Escola continua sendo desenvolvido, agora pela Humanaterra (www.humanaterra.com.br), em sua sede localizada em S\u00e3o Louren\u00e7o da Serra e conta com o apoio da Sociedade Ecol\u00f3gica Amigos de Embu.<\/span><\/p>\n<p><b>S\u00edtio Humanaterra:<br><\/b><span style=\"color: var( --e-global-color-text ); font-family: var( --e-global-typography-text-font-family ), Sans-serif; font-weight: var( --e-global-typography-text-font-weight );\">Estrada do Vargedo, s\/n (acesso pelo Km 312 da R\u00e9gis Bitencourt sentido S\u00e3o Paulo), S\u00e3o Louren\u00e7o da Serra \u2013 SP \u2013 Fones: (11) 4686-2884 \/ 99933-3883 \/ 99681-8249 &#8211;&nbsp;<\/span><span style=\"color: var( --e-global-color-text ); font-family: var( --e-global-typography-text-font-family ), Sans-serif; font-weight: var( --e-global-typography-text-font-weight );\">E-mail: contato@humanaterra.com.br<\/span><\/p>\t\t\t\t\t\t\t\t<\/div>\n\t\t\t\t<\/div>\n\t\t\t\t\t<\/div>\n\t\t<\/div>\n\t\t\t\t\t<\/div>\n\t\t<\/section>\n\t\t\t\t<\/div>\n\t\t","protected":false},"excerpt":{"rendered":"<p>Projeto Fonte Escola Desde o segundo semestre de 2006, atrav\u00e9s da parceria com a empresa \u00c1gua Mineral Embu, a SEAE realiza in\u00fameras atividades gratuitas de educa\u00e7\u00e3o socioambiental na Fonte dos Jesu\u00edtas, fornecendo<\/p>\n<a class=\"moretag noptoppad\" href=\"https:\/\/seae-embu.org\/org.br\/projeto-fonte-escola\/\">Read More...<\/a>","protected":false},"author":6,"featured_media":0,"parent":0,"menu_order":0,"comment_status":"closed","ping_status":"closed","template":"","meta":{"_eb_attr":"","footnotes":""},"class_list":["post-6268","page","type-page","status-publish","hentry"],"_links":{"self":[{"href":"https:\/\/seae-embu.org\/org.br\/wp-json\/wp\/v2\/pages\/6268","targetHints":{"allow":["GET"]}}],"collection":[{"href":"https:\/\/seae-embu.org\/org.br\/wp-json\/wp\/v2\/pages"}],"about":[{"href":"https:\/\/seae-embu.org\/org.br\/wp-json\/wp\/v2\/types\/page"}],"author":[{"embeddable":true,"href":"https:\/\/seae-embu.org\/org.br\/wp-json\/wp\/v2\/users\/6"}],"replies":[{"embeddable":true,"href":"https:\/\/seae-embu.org\/org.br\/wp-json\/wp\/v2\/comments?post=6268"}],"version-history":[{"count":4,"href":"https:\/\/seae-embu.org\/org.br\/wp-json\/wp\/v2\/pages\/6268\/revisions"}],"predecessor-version":[{"id":6281,"href":"https:\/\/seae-embu.org\/org.br\/wp-json\/wp\/v2\/pages\/6268\/revisions\/6281"}],"wp:attachment":[{"href":"https:\/\/seae-embu.org\/org.br\/wp-json\/wp\/v2\/media?parent=6268"}],"curies":[{"name":"wp","href":"https:\/\/api.w.org\/{rel}","templated":true}]}}