{"id":6260,"date":"2025-04-05T21:35:47","date_gmt":"2025-04-06T00:35:47","guid":{"rendered":"https:\/\/seae-embu.org\/org.br\/?page_id=6260"},"modified":"2025-04-05T21:39:05","modified_gmt":"2025-04-06T00:39:05","slug":"projeto-diagnostico-socio-ambiental-da-apa","status":"publish","type":"page","link":"https:\/\/seae-embu.org\/org.br\/projeto-diagnostico-socio-ambiental-da-apa\/","title":{"rendered":"Projeto Diagn\u00f3stico S\u00f3cio Ambiental da APA"},"content":{"rendered":"\t\t<div data-elementor-type=\"wp-page\" data-elementor-id=\"6260\" class=\"elementor elementor-6260\">\n\t\t\t\t\t\t<section class=\"elementor-section elementor-top-section elementor-element elementor-element-c03fe5e elementor-section-boxed elementor-section-height-default elementor-section-height-default\" data-id=\"c03fe5e\" data-element_type=\"section\" data-e-type=\"section\">\n\t\t\t\t\t\t<div class=\"elementor-container elementor-column-gap-default\">\n\t\t\t\t\t<div class=\"elementor-column elementor-col-100 elementor-top-column elementor-element elementor-element-4d450a8a\" data-id=\"4d450a8a\" data-element_type=\"column\" data-e-type=\"column\">\n\t\t\t<div class=\"elementor-widget-wrap elementor-element-populated\">\n\t\t\t\t\t\t<section class=\"elementor-section elementor-inner-section elementor-element elementor-element-02501fb elementor-section-boxed elementor-section-height-default elementor-section-height-default\" data-id=\"02501fb\" data-element_type=\"section\" data-e-type=\"section\">\n\t\t\t\t\t\t<div class=\"elementor-container elementor-column-gap-default\">\n\t\t\t\t\t<div class=\"elementor-column elementor-col-100 elementor-inner-column elementor-element elementor-element-7b33786\" data-id=\"7b33786\" data-element_type=\"column\" data-e-type=\"column\">\n\t\t\t<div class=\"elementor-widget-wrap elementor-element-populated\">\n\t\t\t\t\t\t<div class=\"elementor-element elementor-element-94e08d8 elementor-widget elementor-widget-heading\" data-id=\"94e08d8\" data-element_type=\"widget\" data-e-type=\"widget\" data-widget_type=\"heading.default\">\n\t\t\t\t<div class=\"elementor-widget-container\">\n\t\t\t\t\t<h2 class=\"elementor-heading-title elementor-size-default\">Projeto Diagn\u00f3stico S\u00f3cio Ambiental da APA<\/h2>\t\t\t\t<\/div>\n\t\t\t\t<\/div>\n\t\t\t\t\t<\/div>\n\t\t<\/div>\n\t\t\t\t\t<\/div>\n\t\t<\/section>\n\t\t\t\t<div class=\"elementor-element elementor-element-12425d17 elementor-widget__width-initial elementor-widget elementor-widget-text-editor\" data-id=\"12425d17\" data-element_type=\"widget\" data-e-type=\"widget\" data-widget_type=\"text-editor.default\">\n\t\t\t\t<div class=\"elementor-widget-container\">\n\t\t\t\t\t\t\t\t\t<p><b>O Projeto<br><\/b><span style=\"color: var( --e-global-color-text ); font-family: var( --e-global-typography-text-font-family ), Sans-serif; font-weight: var( --e-global-typography-text-font-weight );\">O Projeto Diagn\u00f3stico Socioambiental da \u00c1rea de Prote\u00e7\u00e3o Ambiental (APA) Embu Verde: Educa\u00e7\u00e3o Ambiental na Bacia do Rio Cotia foi realizado pela SEAE com financiamento do FEHIDRO (Fundo Estadual de Recursos H\u00eddricos), entre 2009 e 2013, e finalizado com uma publica\u00e7\u00e3o sobre a APA Embu Verde.<br><\/span><span style=\"color: var( --e-global-color-text ); font-family: var( --e-global-typography-text-font-family ), Sans-serif; font-weight: var( --e-global-typography-text-font-weight );\"><br>O principal objetivo foi identificar os recursos naturais existentes na regi\u00e3o para subsidiar, instrumentalizar e garantir a\u00e7\u00f5es educativas ambientais, pol\u00edticas p\u00fablicas, iniciativas de sustentabilidade, preservacionistas e de manuten\u00e7\u00e3o da qualidade de vida. Previu o levantamento de flora e fauna; a divulga\u00e7\u00e3o, sensibiliza\u00e7\u00e3o e capacita\u00e7\u00e3o das comunidades sobre a APA por meio de cursos, oficinas e palestras; promoveu oportunidades para o di\u00e1logo, reflex\u00e3o e participa\u00e7\u00e3o dos moradores de Embu e regi\u00e3o, lideran\u00e7as, associa\u00e7\u00f5es e poder p\u00fablico; a integra\u00e7\u00e3o de a\u00e7\u00f5es de educa\u00e7\u00e3o e sa\u00fade; o incentivo \u00e0s a\u00e7\u00f5es de agroecologia e atividades sustent\u00e1veis e a elabora\u00e7\u00e3o de material pedag\u00f3gico com a caracteriza\u00e7\u00e3o da \u00e1rea, etc.<br><\/span><span style=\"color: var( --e-global-color-text ); font-family: var( --e-global-typography-text-font-family ), Sans-serif; font-weight: var( --e-global-typography-text-font-weight );\"><br>Dos 68 km2 da \u00e1rea do munic\u00edpio de Embu das Artes, 59% encontram-se em \u00c1reas de Prote\u00e7\u00e3o aos Mananciais, sendo o rio Embu Mirim um dos principais contribuintes da Represa Guarapiranga, que abastece cerca de tr\u00eas milh\u00f5es de habitantes da regi\u00e3o metropolitana. Embu das Artes abrange em seu territ\u00f3rio tr\u00eas sub-bacias da Bacia Hidrogr\u00e1fica do Alto Tiet\u00ea: a Bacia do Rio Piraju\u00e7ara, a Bacia do Rio Embu Mirim e Bacia do Rio Cotia, que abriga a regi\u00e3o da \u00c1rea de Prote\u00e7\u00e3o Ambiental EMBU VERDE. Pela sua relev\u00e2ncia ambiental, essa \u00e1rea, que est\u00e1 inserida na Bacia do Rio Cotia, foi elevada \u00e0 categoria de unidade de conserva\u00e7\u00e3o ambiental pela Lei Municipal n\u00ba 108 de 11\/12\/2008.<br><\/span><span style=\"color: var( --e-global-color-text ); font-family: var( --e-global-typography-text-font-family ), Sans-serif; font-weight: var( --e-global-typography-text-font-weight );\"><br>A Sociedade Ecol\u00f3gica Amigos de Embu contou com o apoio do Instituto Florestal de S\u00e3o Paulo, e realizou entre fevereiro de 2011 e julho de 2012 o levantamento de dados em campo da vegeta\u00e7\u00e3o e da comunidade mastofauna e avifauna dessa importante \u00e1rea de prote\u00e7\u00e3o ambiental. O intuito foi desenvolver pesquisa interdisciplinar e produzir conhecimentos integrados referentes ao ecossistema da APA Embu Verde, contribuindo para a revis\u00e3o do Plano Diretor do munic\u00edpio de Embu das Artes, ao longo de 2011, e colaborar de forma engajada e ativa na futura elabora\u00e7\u00e3o do Plano de Manejo da APA.<br><\/span><span style=\"color: var( --e-global-color-text ); font-family: var( --e-global-typography-text-font-family ), Sans-serif; font-weight: var( --e-global-typography-text-font-weight );\"><br>O territ\u00f3rio da APA Embu Verde est\u00e1 inserido na Reserva da Biosfera do Cintur\u00e3o Verde da Cidade de S\u00e3o Paulo e se distingue por ser uma \u00e1rea rica em biodiversidade. As caracter\u00edsticas f\u00edsicas da regi\u00e3o (geogr\u00e1fica e geol\u00f3gica) possibilitaram o surgimento de grande quantidade de nascentes, ribeir\u00f5es, riachos e rios que alimentam a Bacia do Rio Cotia.<\/span><\/p>\t\t\t\t\t\t\t\t<\/div>\n\t\t\t\t<\/div>\n\t\t\t\t\t<\/div>\n\t\t<\/div>\n\t\t\t\t\t<\/div>\n\t\t<\/section>\n\t\t\t\t<\/div>\n\t\t","protected":false},"excerpt":{"rendered":"<p>Projeto Diagn\u00f3stico S\u00f3cio Ambiental da APA O ProjetoO Projeto Diagn\u00f3stico Socioambiental da \u00c1rea de Prote\u00e7\u00e3o Ambiental (APA) Embu Verde: Educa\u00e7\u00e3o Ambiental na Bacia do Rio Cotia foi realizado pela SEAE com financiamento<\/p>\n<a class=\"moretag noptoppad\" href=\"https:\/\/seae-embu.org\/org.br\/projeto-diagnostico-socio-ambiental-da-apa\/\">Read More...<\/a>","protected":false},"author":6,"featured_media":0,"parent":0,"menu_order":0,"comment_status":"closed","ping_status":"closed","template":"","meta":{"_eb_attr":"","footnotes":""},"class_list":["post-6260","page","type-page","status-publish","hentry"],"_links":{"self":[{"href":"https:\/\/seae-embu.org\/org.br\/wp-json\/wp\/v2\/pages\/6260","targetHints":{"allow":["GET"]}}],"collection":[{"href":"https:\/\/seae-embu.org\/org.br\/wp-json\/wp\/v2\/pages"}],"about":[{"href":"https:\/\/seae-embu.org\/org.br\/wp-json\/wp\/v2\/types\/page"}],"author":[{"embeddable":true,"href":"https:\/\/seae-embu.org\/org.br\/wp-json\/wp\/v2\/users\/6"}],"replies":[{"embeddable":true,"href":"https:\/\/seae-embu.org\/org.br\/wp-json\/wp\/v2\/comments?post=6260"}],"version-history":[{"count":4,"href":"https:\/\/seae-embu.org\/org.br\/wp-json\/wp\/v2\/pages\/6260\/revisions"}],"predecessor-version":[{"id":6264,"href":"https:\/\/seae-embu.org\/org.br\/wp-json\/wp\/v2\/pages\/6260\/revisions\/6264"}],"wp:attachment":[{"href":"https:\/\/seae-embu.org\/org.br\/wp-json\/wp\/v2\/media?parent=6260"}],"curies":[{"name":"wp","href":"https:\/\/api.w.org\/{rel}","templated":true}]}}