{"id":6225,"date":"2025-04-05T20:56:40","date_gmt":"2025-04-05T23:56:40","guid":{"rendered":"https:\/\/seae-embu.org\/org.br\/?page_id=6225"},"modified":"2025-04-05T20:58:53","modified_gmt":"2025-04-05T23:58:53","slug":"projeto-sabado-ecomigo","status":"publish","type":"page","link":"https:\/\/seae-embu.org\/org.br\/projeto-sabado-ecomigo\/","title":{"rendered":"Projeto S\u00e1bado ECOmigo"},"content":{"rendered":"\t\t<div data-elementor-type=\"wp-page\" data-elementor-id=\"6225\" class=\"elementor elementor-6225\">\n\t\t\t\t\t\t<section class=\"elementor-section elementor-top-section elementor-element elementor-element-c03fe5e elementor-section-boxed elementor-section-height-default elementor-section-height-default\" data-id=\"c03fe5e\" data-element_type=\"section\" data-e-type=\"section\">\n\t\t\t\t\t\t<div class=\"elementor-container elementor-column-gap-default\">\n\t\t\t\t\t<div class=\"elementor-column elementor-col-100 elementor-top-column elementor-element elementor-element-4d450a8a\" data-id=\"4d450a8a\" data-element_type=\"column\" data-e-type=\"column\">\n\t\t\t<div class=\"elementor-widget-wrap elementor-element-populated\">\n\t\t\t\t\t\t<section class=\"elementor-section elementor-inner-section elementor-element elementor-element-02501fb elementor-section-boxed elementor-section-height-default elementor-section-height-default\" data-id=\"02501fb\" data-element_type=\"section\" data-e-type=\"section\">\n\t\t\t\t\t\t<div class=\"elementor-container elementor-column-gap-default\">\n\t\t\t\t\t<div class=\"elementor-column elementor-col-100 elementor-inner-column elementor-element elementor-element-7b33786\" data-id=\"7b33786\" data-element_type=\"column\" data-e-type=\"column\">\n\t\t\t<div class=\"elementor-widget-wrap elementor-element-populated\">\n\t\t\t\t\t\t<div class=\"elementor-element elementor-element-94e08d8 elementor-widget elementor-widget-heading\" data-id=\"94e08d8\" data-element_type=\"widget\" data-e-type=\"widget\" data-widget_type=\"heading.default\">\n\t\t\t\t<div class=\"elementor-widget-container\">\n\t\t\t\t\t<h2 class=\"elementor-heading-title elementor-size-default\">Projeto S\u00e1bado ECOmigo<\/h2>\t\t\t\t<\/div>\n\t\t\t\t<\/div>\n\t\t\t\t\t<\/div>\n\t\t<\/div>\n\t\t\t\t\t<\/div>\n\t\t<\/section>\n\t\t\t\t<div class=\"elementor-element elementor-element-12425d17 elementor-widget__width-initial elementor-widget elementor-widget-text-editor\" data-id=\"12425d17\" data-element_type=\"widget\" data-e-type=\"widget\" data-widget_type=\"text-editor.default\">\n\t\t\t\t<div class=\"elementor-widget-container\">\n\t\t\t\t\t\t\t\t\t<p>O Projeto S\u00e1bado ECOmigo nasceu em 2017, com o prop\u00f3sito de levar atividades socioeducativas, a partir da educa\u00e7\u00e3o ambiental, para diversas comunidades da Grande S\u00e3o Paulo.<\/p><p>Desde sua cria\u00e7\u00e3o, tem sido realizado em parceria entre Sociedade Ecol\u00f3gica Amigos de Embu (SEAE) e Diretoria de Ensino da Regi\u00e3o de Tabo\u00e3o da Serra, que abrange cerca de 80 escolas estaduais dos munic\u00edpios Embu das Artes e Tabo\u00e3o da Serra.<\/p><p>Todas as oficinas e palestras trazem no\u00e7\u00f5es de aplica\u00e7\u00e3o pr\u00e1tica para solu\u00e7\u00f5es do dia a dia em diversas \u00e1reas, como a agricultura org\u00e2nica urbana, ao abordar alimenta\u00e7\u00e3o saud\u00e1vel e&nbsp; jardinagem; e a \u00e1rea de res\u00edduos s\u00f3lidos, ao refor\u00e7ar conceitos e a\u00e7\u00f5es como a reciclagem, compostagem, minhoc\u00e1rio e aduba\u00e7\u00e3o.<\/p><p>O projeto trata tamb\u00e9m sobre o ciclo da \u00e1gua, ao apresentar m\u00e9todos para o aproveitamento da \u00e1gua de chuva, tratamento e potabilidade. Elencado a isso, destaca a import\u00e2ncia dos biomas da Mata Atl\u00e2ntica e Cerrado, a import\u00e2ncias das esp\u00e9cies nativas e formas de reflorestamento, bem como contextualiza os animais silvestres da Embu das Artes, animais em extin\u00e7\u00e3o e a intera\u00e7\u00e3o destes com homem.<\/p><p>Na pr\u00e1tica, S\u00e1bado ECOmigo proporciona di\u00e1logos sobre os problemas ambientais com alunos, professores e a popula\u00e7\u00e3o local, al\u00e9m de refor\u00e7ar os la\u00e7os entre pais e filhos e a natureza.<\/p><p>Interessados em se voluntariarem para o projeto podem entrar em contato com a ONG, no endere\u00e7o de e-mail: contato@seae-embu.org.<\/p>\t\t\t\t\t\t\t\t<\/div>\n\t\t\t\t<\/div>\n\t\t\t\t\t<\/div>\n\t\t<\/div>\n\t\t\t\t\t<\/div>\n\t\t<\/section>\n\t\t\t\t<\/div>\n\t\t","protected":false},"excerpt":{"rendered":"<p>Projeto S\u00e1bado ECOmigo O Projeto S\u00e1bado ECOmigo nasceu em 2017, com o prop\u00f3sito de levar atividades socioeducativas, a partir da educa\u00e7\u00e3o ambiental, para diversas comunidades da Grande S\u00e3o Paulo. Desde sua cria\u00e7\u00e3o,<\/p>\n<a class=\"moretag noptoppad\" href=\"https:\/\/seae-embu.org\/org.br\/projeto-sabado-ecomigo\/\">Read More...<\/a>","protected":false},"author":6,"featured_media":0,"parent":0,"menu_order":0,"comment_status":"closed","ping_status":"closed","template":"","meta":{"_eb_attr":"","footnotes":""},"class_list":["post-6225","page","type-page","status-publish","hentry"],"_links":{"self":[{"href":"https:\/\/seae-embu.org\/org.br\/wp-json\/wp\/v2\/pages\/6225","targetHints":{"allow":["GET"]}}],"collection":[{"href":"https:\/\/seae-embu.org\/org.br\/wp-json\/wp\/v2\/pages"}],"about":[{"href":"https:\/\/seae-embu.org\/org.br\/wp-json\/wp\/v2\/types\/page"}],"author":[{"embeddable":true,"href":"https:\/\/seae-embu.org\/org.br\/wp-json\/wp\/v2\/users\/6"}],"replies":[{"embeddable":true,"href":"https:\/\/seae-embu.org\/org.br\/wp-json\/wp\/v2\/comments?post=6225"}],"version-history":[{"count":4,"href":"https:\/\/seae-embu.org\/org.br\/wp-json\/wp\/v2\/pages\/6225\/revisions"}],"predecessor-version":[{"id":6229,"href":"https:\/\/seae-embu.org\/org.br\/wp-json\/wp\/v2\/pages\/6225\/revisions\/6229"}],"wp:attachment":[{"href":"https:\/\/seae-embu.org\/org.br\/wp-json\/wp\/v2\/media?parent=6225"}],"curies":[{"name":"wp","href":"https:\/\/api.w.org\/{rel}","templated":true}]}}