{"id":6214,"date":"2025-04-05T20:44:04","date_gmt":"2025-04-05T23:44:04","guid":{"rendered":"https:\/\/seae-embu.org\/org.br\/?page_id=6214"},"modified":"2025-04-05T20:46:26","modified_gmt":"2025-04-05T23:46:26","slug":"projeto-base-de-dados","status":"publish","type":"page","link":"https:\/\/seae-embu.org\/org.br\/projeto-base-de-dados\/","title":{"rendered":"Projeto Base de dados"},"content":{"rendered":"\t\t<div data-elementor-type=\"wp-page\" data-elementor-id=\"6214\" class=\"elementor elementor-6214\">\n\t\t\t\t\t\t<section class=\"elementor-section elementor-top-section elementor-element elementor-element-c03fe5e elementor-section-boxed elementor-section-height-default elementor-section-height-default\" data-id=\"c03fe5e\" data-element_type=\"section\" data-e-type=\"section\">\n\t\t\t\t\t\t<div class=\"elementor-container elementor-column-gap-default\">\n\t\t\t\t\t<div class=\"elementor-column elementor-col-100 elementor-top-column elementor-element elementor-element-4d450a8a\" data-id=\"4d450a8a\" data-element_type=\"column\" data-e-type=\"column\">\n\t\t\t<div class=\"elementor-widget-wrap elementor-element-populated\">\n\t\t\t\t\t\t<section class=\"elementor-section elementor-inner-section elementor-element elementor-element-02501fb elementor-section-boxed elementor-section-height-default elementor-section-height-default\" data-id=\"02501fb\" data-element_type=\"section\" data-e-type=\"section\">\n\t\t\t\t\t\t<div class=\"elementor-container elementor-column-gap-default\">\n\t\t\t\t\t<div class=\"elementor-column elementor-col-100 elementor-inner-column elementor-element elementor-element-7b33786\" data-id=\"7b33786\" data-element_type=\"column\" data-e-type=\"column\">\n\t\t\t<div class=\"elementor-widget-wrap elementor-element-populated\">\n\t\t\t\t\t\t<div class=\"elementor-element elementor-element-94e08d8 elementor-widget elementor-widget-heading\" data-id=\"94e08d8\" data-element_type=\"widget\" data-e-type=\"widget\" data-widget_type=\"heading.default\">\n\t\t\t\t<div class=\"elementor-widget-container\">\n\t\t\t\t\t<h2 class=\"elementor-heading-title elementor-size-default\">Projeto Base de dados e informa\u00e7\u00f5es socioambientais para a restaura\u00e7\u00e3o ecol\u00f3gica da Bacia Hidrogr\u00e1fica do Ribeir\u00e3o Ressaca<\/h2>\t\t\t\t<\/div>\n\t\t\t\t<\/div>\n\t\t\t\t\t<\/div>\n\t\t<\/div>\n\t\t\t\t\t<\/div>\n\t\t<\/section>\n\t\t\t\t<div class=\"elementor-element elementor-element-12425d17 elementor-widget__width-initial elementor-widget elementor-widget-text-editor\" data-id=\"12425d17\" data-element_type=\"widget\" data-e-type=\"widget\" data-widget_type=\"text-editor.default\">\n\t\t\t\t<div class=\"elementor-widget-container\">\n\t\t\t\t\t\t\t\t\t<p>O projeto tem como objetivo geral, estruturar uma base de dados e informa\u00e7\u00f5es para a restaura\u00e7\u00e3o de aspectos ecol\u00f3gicos da Bacia Hidrogr\u00e1fica do Ribeir\u00e3o Ressaca, gerando produtos finais subsidi\u00e1rios \u00e0 amplia\u00e7\u00e3o de alternativas necess\u00e1rias \u00e0 consecu\u00e7\u00e3o deste objetivo e disseminando os resultados junto \u00e0 sociedade civil organizada, gestores p\u00fablicos, empresas e popula\u00e7\u00e3o residente.<br><span style=\"color: var( --e-global-color-text ); font-family: var( --e-global-typography-text-font-family ), Sans-serif; font-weight: var( --e-global-typography-text-font-weight );\"><br>O cumprimento destes objetivos est\u00e1 associado a metas, etapas e atividades, entre as quais se destacam as campanhas de monitoramento da qualidade dos recursos h\u00eddricos superficiais, o diagn\u00f3stico socioambiental, relat\u00f3rios fotogr\u00e1ficos, produ\u00e7\u00e3o de material cartogr\u00e1fico, v\u00eddeos e a realiza\u00e7\u00e3o de semin\u00e1rios.<\/span><\/p><p><span style=\"color: var( --e-global-color-text ); font-family: var( --e-global-typography-text-font-family ), Sans-serif; font-weight: var( --e-global-typography-text-font-weight );\">O projeto com apoio FEHIDRO, foi aprovado e contrato assinado em junho\/2018, com previs\u00e3o de in\u00edcio em 2019.<\/span><br><\/p>\t\t\t\t\t\t\t\t<\/div>\n\t\t\t\t<\/div>\n\t\t\t\t\t<\/div>\n\t\t<\/div>\n\t\t\t\t\t<\/div>\n\t\t<\/section>\n\t\t\t\t<\/div>\n\t\t","protected":false},"excerpt":{"rendered":"<p>Projeto Base de dados e informa\u00e7\u00f5es socioambientais para a restaura\u00e7\u00e3o ecol\u00f3gica da Bacia Hidrogr\u00e1fica do Ribeir\u00e3o Ressaca O projeto tem como objetivo geral, estruturar uma base de dados e informa\u00e7\u00f5es para a<\/p>\n<a class=\"moretag noptoppad\" href=\"https:\/\/seae-embu.org\/org.br\/projeto-base-de-dados\/\">Read More...<\/a>","protected":false},"author":6,"featured_media":0,"parent":0,"menu_order":0,"comment_status":"closed","ping_status":"closed","template":"","meta":{"_eb_attr":"","footnotes":""},"class_list":["post-6214","page","type-page","status-publish","hentry"],"_links":{"self":[{"href":"https:\/\/seae-embu.org\/org.br\/wp-json\/wp\/v2\/pages\/6214","targetHints":{"allow":["GET"]}}],"collection":[{"href":"https:\/\/seae-embu.org\/org.br\/wp-json\/wp\/v2\/pages"}],"about":[{"href":"https:\/\/seae-embu.org\/org.br\/wp-json\/wp\/v2\/types\/page"}],"author":[{"embeddable":true,"href":"https:\/\/seae-embu.org\/org.br\/wp-json\/wp\/v2\/users\/6"}],"replies":[{"embeddable":true,"href":"https:\/\/seae-embu.org\/org.br\/wp-json\/wp\/v2\/comments?post=6214"}],"version-history":[{"count":4,"href":"https:\/\/seae-embu.org\/org.br\/wp-json\/wp\/v2\/pages\/6214\/revisions"}],"predecessor-version":[{"id":6218,"href":"https:\/\/seae-embu.org\/org.br\/wp-json\/wp\/v2\/pages\/6214\/revisions\/6218"}],"wp:attachment":[{"href":"https:\/\/seae-embu.org\/org.br\/wp-json\/wp\/v2\/media?parent=6214"}],"curies":[{"name":"wp","href":"https:\/\/api.w.org\/{rel}","templated":true}]}}