{"id":6183,"date":"2025-04-05T16:12:48","date_gmt":"2025-04-05T19:12:48","guid":{"rendered":"https:\/\/seae-embu.org\/org.br\/?page_id=6183"},"modified":"2025-04-05T16:27:00","modified_gmt":"2025-04-05T19:27:00","slug":"projeto-conecta-cotia-guarapiranga","status":"publish","type":"page","link":"https:\/\/seae-embu.org\/org.br\/projeto-conecta-cotia-guarapiranga\/","title":{"rendered":"Projeto Conecta Cotia Guarapiranga"},"content":{"rendered":"\t\t<div data-elementor-type=\"wp-page\" data-elementor-id=\"6183\" class=\"elementor elementor-6183\">\n\t\t\t\t\t\t<section class=\"elementor-section elementor-top-section elementor-element elementor-element-c03fe5e elementor-section-boxed elementor-section-height-default elementor-section-height-default\" data-id=\"c03fe5e\" data-element_type=\"section\" data-e-type=\"section\">\n\t\t\t\t\t\t<div class=\"elementor-container elementor-column-gap-default\">\n\t\t\t\t\t<div class=\"elementor-column elementor-col-100 elementor-top-column elementor-element elementor-element-4d450a8a\" data-id=\"4d450a8a\" data-element_type=\"column\" data-e-type=\"column\">\n\t\t\t<div class=\"elementor-widget-wrap elementor-element-populated\">\n\t\t\t\t\t\t<section class=\"elementor-section elementor-inner-section elementor-element elementor-element-02501fb elementor-section-boxed elementor-section-height-default elementor-section-height-default\" data-id=\"02501fb\" data-element_type=\"section\" data-e-type=\"section\">\n\t\t\t\t\t\t<div class=\"elementor-container elementor-column-gap-default\">\n\t\t\t\t\t<div class=\"elementor-column elementor-col-100 elementor-inner-column elementor-element elementor-element-7b33786\" data-id=\"7b33786\" data-element_type=\"column\" data-e-type=\"column\">\n\t\t\t<div class=\"elementor-widget-wrap elementor-element-populated\">\n\t\t\t\t\t\t<div class=\"elementor-element elementor-element-94e08d8 elementor-widget elementor-widget-heading\" data-id=\"94e08d8\" data-element_type=\"widget\" data-e-type=\"widget\" data-widget_type=\"heading.default\">\n\t\t\t\t<div class=\"elementor-widget-container\">\n\t\t\t\t\t<h2 class=\"elementor-heading-title elementor-size-default\">Projeto Conecta Cotia Guarapiranga<\/h2>\t\t\t\t<\/div>\n\t\t\t\t<\/div>\n\t\t\t\t\t<\/div>\n\t\t<\/div>\n\t\t\t\t\t<\/div>\n\t\t<\/section>\n\t\t\t\t<div class=\"elementor-element elementor-element-12425d17 elementor-widget__width-initial elementor-widget elementor-widget-text-editor\" data-id=\"12425d17\" data-element_type=\"widget\" data-e-type=\"widget\" data-widget_type=\"text-editor.default\">\n\t\t\t\t<div class=\"elementor-widget-container\">\n\t\t\t\t\t\t\t\t\t<p><b>Introdu\u00e7\u00e3o<\/b><br><span style=\"color: var( --e-global-color-text ); font-family: var( --e-global-typography-text-font-family ), Sans-serif; font-weight: var( --e-global-typography-text-font-weight );\">O projeto \u201cBase de Dados para Conserva\u00e7\u00e3o e Restaura\u00e7\u00e3o Ecol\u00f3gica da Sub-regi\u00e3o Hidrogr\u00e1fica Cotia- Guarapiranga: prote\u00e7\u00e3o de recursos h\u00eddricos, atualiza\u00e7\u00e3o diagn\u00f3stica e Propostas de Unidades de Conserva\u00e7\u00e3o \u00e9 um projeto realizado pela SEAE (Sociedade Ecol\u00f3gica Amigos do Embu) com financiamento do FEHIDRO (Fundo Estadual de Recursos H\u00eddricos).<br><\/span><span style=\"color: var( --e-global-color-text ); font-family: var( --e-global-typography-text-font-family ), Sans-serif; font-weight: var( --e-global-typography-text-font-weight );\">O projeto tem o objetivo de identificar \u00e1reas para a cria\u00e7\u00e3o de Unidades de Conserva\u00e7\u00e3o (Ucs).<br><\/span><span style=\"color: var( --e-global-color-text ); font-family: var( --e-global-typography-text-font-family ), Sans-serif; font-weight: var( --e-global-typography-text-font-weight );\"><br>Especificamente, delimitar 02 \u00e1reas para a cria\u00e7\u00e3o de RPPNs, al\u00e9m de delimitar a \u00e1rea para a amplia\u00e7\u00e3o da APA Embu Verde e realizar parte dos estudos para a adequa\u00e7\u00e3o da Reserva Florestal do Morro Grande ao Sistema Nacional de Conserva\u00e7\u00e3o da Natureza.<br><\/span><span style=\"color: var( --e-global-color-text ); font-family: var( --e-global-typography-text-font-family ), Sans-serif; font-weight: var( --e-global-typography-text-font-weight );\"><br>As etapas para alcan\u00e7ar o objetivo do projeto envolvem a organiza\u00e7\u00e3o de uma base de dados, contemplando aspectos geogr\u00e1ficos, documentais, t\u00e9cnicos e acad\u00eamicos.<br><\/span><span style=\"color: var( --e-global-color-text ); font-family: var( --e-global-typography-text-font-family ), Sans-serif; font-weight: var( --e-global-typography-text-font-weight );\"><br>Desta maneira ser\u00e1 poss\u00edvel consultar estes dados de forma&nbsp;<\/span><span style=\"color: var( --e-global-color-text ); font-family: var( --e-global-typography-text-font-family ), Sans-serif; font-weight: var( --e-global-typography-text-font-weight );\">din\u00e2mica. A partir da base de dados ser\u00e3o realizadas as caracteriza\u00e7\u00f5es f\u00edsico-geogr\u00e1ficas das \u00e1reas estudadas, voltadas para entender a cobertura e uso do solo, o status da cobertura vegetal e a distribui\u00e7\u00e3o das atividades humanas, identificando possibilidades para conectividades ecol\u00f3gicas e conserva\u00e7\u00e3o dos grandes fragmentos de vegeta\u00e7\u00e3o.<br><\/span><span style=\"color: var( --e-global-color-text ); font-family: var( --e-global-typography-text-font-family ), Sans-serif; font-weight: var( --e-global-typography-text-font-weight );\"><br>Para que este estudo tenha sucesso, chegando ao maior n\u00famero de pessoas, institui\u00e7\u00f5es e organiza\u00e7\u00f5es, h\u00e1 um conjunto de atividades de comunica\u00e7\u00e3o j\u00e1 desenhadas.<\/span><\/p>\n<p>Ser\u00e3o elaborados materiais de comunica\u00e7\u00e3o dos resultados do projeto em formato de manuais, cartilhas e, entre outros, publica\u00e7\u00f5es em m\u00eddias sociais que ir\u00e3o disponibilizar \u00e0 todos n\u00f3s, em linguagem n\u00e3o-t\u00e9cnica, os resultados do projeto.<\/p>\n<p>Diante da emerg\u00eancia ambiental que vivemos, a necessidade de compreender e se mobilizar pela conserva\u00e7\u00e3o e restaura\u00e7\u00e3o ecol\u00f3gicas \u00e9 urgente.<\/p>\n<p><b>\u00c1rea de Abrang\u00eancia<br><\/b><span style=\"color: var( --e-global-color-text ); font-family: var( --e-global-typography-text-font-family ), Sans-serif; font-weight: var( --e-global-typography-text-font-weight );\">A \u00e1rea de abrang\u00eancia do projeto est\u00e1 inserida ao Noroeste da Regi\u00e3o Hidrogr\u00e1fica Cotia-Guarapiranga, que abrange parte dos munic\u00edpios de Cotia, Embu das Artes e Itapecerica da Serra.<\/span><\/p>\n<p>Dentro da \u00e1rea de abrang\u00eancia encontram-se a Reserva Florestal do Morro Grande, a APA Embu Verde e o Parque Municipal CEMUCAM.<\/p>\n<p><b>P\u00fablico Alvo<br><\/b><span style=\"color: var( --e-global-color-text ); font-family: var( --e-global-typography-text-font-family ), Sans-serif; font-weight: var( --e-global-typography-text-font-weight );\">A popula\u00e7\u00e3o beneficiada pelo projeto envolve cerca de 900.000 habitantes, residentes da \u00e1rea de abrang\u00eancia do estudo, para quem os desdobramentos dos resultados do projeto podem ter um impacto direto mais percept\u00edvel.<\/span><\/p>\n<p>A m\u00e9dio e longo prazos, a popula\u00e7\u00e3o abastecida pela Represa Guarapiranga, Represa Pedro Beicht e Represa da Gra\u00e7a tamb\u00e9m ser\u00e3o mpactadas por estes desdobramentos: s\u00e3o cerca de 4.000.000 de pessoas.<\/p>\n<p>A meta de comunicar os resultados pretende ser um processo de semear conhecimento para que a popula\u00e7\u00e3o residente na \u00e1rea e entorno volte sua aten\u00e7\u00e3o para a quest\u00e3o ambiental, que impacta diretamente a todos n\u00f3s.<\/p>\n<p><b>Etapas do projeto<br><\/b><span style=\"color: var( --e-global-color-text ); font-family: var( --e-global-typography-text-font-family ), Sans-serif; font-weight: var( --e-global-typography-text-font-weight );\">Ao longo de um ano, o projeto ir\u00e1 reunir informa\u00e7\u00e3o sobre a \u00e1rea de abrang\u00eancia, a partir das seguintes etapas:<br><\/span><span style=\"color: var( --e-global-color-text ); font-family: var( --e-global-typography-text-font-family ), Sans-serif; font-weight: var( --e-global-typography-text-font-weight );\">\u2022 Coleta e an\u00e1lise de dados: faremos um diagn\u00f3stico detalhado sobre a situa\u00e7\u00e3o atual do ambiente e sociedade, construindo um banco de dados geogr\u00e1ficos que ficar\u00e1 dispon\u00edvel \u00e0 todas as pessoas;<br><\/span><span style=\"color: var( --e-global-color-text ); font-family: var( --e-global-typography-text-font-family ), Sans-serif; font-weight: var( --e-global-typography-text-font-weight );\">\u2022 Identifica\u00e7\u00e3o e caracteriza\u00e7\u00e3o das \u00e1reas: realizaremos a caracteriza\u00e7\u00e3o da qualidade de vegeta\u00e7\u00e3o, projetando conex\u00f5es entre fragmentos isolados, restaura\u00e7\u00e3o de matas ciliares e \u00e1reas relevantes e desenharemos as possibilidades para a cria\u00e7\u00e3o, adequa\u00e7\u00e3o ou amplia\u00e7\u00e3o de \u00e1reas protegidas;<br><\/span><span style=\"color: var( --e-global-color-text ); font-family: var( --e-global-typography-text-font-family ), Sans-serif; font-weight: var( --e-global-typography-text-font-weight );\">\u2022 Articula\u00e7\u00e3o e mobiliza\u00e7\u00e3o social: buscaremos a comunica\u00e7\u00e3o com a popula\u00e7\u00e3o, gestores, t\u00e9cnicos, empresas e diferentes institui\u00e7\u00f5es, comunicando sobre os resultados encontrados.<\/span><\/p>\n<p><b>Dura\u00e7\u00e3o<br><\/b><span style=\"color: var( --e-global-color-text ); font-family: var( --e-global-typography-text-font-family ), Sans-serif; font-weight: var( --e-global-typography-text-font-weight );\">O per\u00edodo de realiza\u00e7\u00e3o do empreendimento \u00e9 de Julho de 2024 a Julho de 2025. S\u00e3o 12 meses para a sua realiza\u00e7\u00e3o.<\/span><\/p>\n<p><b>Resultados Esperados<br><\/b><span style=\"color: var( --e-global-color-text ); font-family: var( --e-global-typography-text-font-family ), Sans-serif; font-weight: var( --e-global-typography-text-font-weight );\">Ao realizar o projeto, por meio das etapas de coleta e an\u00e1lise de dados, identifica\u00e7\u00e3o e caracteriza\u00e7\u00e3o socioambiental, articula\u00e7\u00e3o e mobiliza\u00e7\u00e3o e desenvolvimento de propostas de cria\u00e7\u00e3o de Unidades de Conserva\u00e7\u00e3o, esperamos contribuir para a ampla difus\u00e3o da necessidade de conservar e restaurar as caracter\u00edsticas ecol\u00f3gicas no interior da \u00e1rea de abrang\u00eancia do projeto.<br><\/span><span style=\"color: var( --e-global-color-text ); font-family: var( --e-global-typography-text-font-family ), Sans-serif; font-weight: var( --e-global-typography-text-font-weight );\">Ainda, esperamos vivamente colher resultados de ordem material e imediata, identificando as \u00e1reas prop\u00edcias para realizar a\u00e7\u00f5es de restaura\u00e7\u00e3o ecol\u00f3gica.<br><\/span><span style=\"color: var( --e-global-color-text ); font-family: var( --e-global-typography-text-font-family ), Sans-serif; font-weight: var( --e-global-typography-text-font-weight );\">Por fim, buscamos construir uma rede de pessoas, estudantes, professores, atores da iniciativa privada e organiza\u00e7\u00f5es n\u00e3o governamentais que atue em un\u00edssono em dire\u00e7\u00e3o \u00e0 (re)constru\u00e7\u00e3o de nossa comunidade, contribuindo com as adequa\u00e7\u00f5es necess\u00e1rias para que nosso espa\u00e7o comum, a bacia hidrogr\u00e1fica em que vivemos, seja um espa\u00e7o ecologicamente melhor equilibrado e mais solid\u00e1rio.<br><\/span><span style=\"color: var( --e-global-color-text ); font-family: var( --e-global-typography-text-font-family ), Sans-serif;\"><b><br>Sobre a SEAE<\/b><br><\/span><span style=\"color: var( --e-global-color-text ); font-family: var( --e-global-typography-text-font-family ), Sans-serif; font-weight: var( --e-global-typography-text-font-weight );\">A SEAE \u2013 Sociedade Ecol\u00f3gica Amigos de Embu est\u00e1 sediada em Embu-das-Artes \/SP, com atua\u00e7\u00e3o no cintur\u00e3o sudoeste de S\u00e3o Paulo (Cotia, Embu das Artes e Itapecerica da Serra).<br><\/span><span style=\"color: var( --e-global-color-text ); font-family: var( --e-global-typography-text-font-family ), Sans-serif; font-weight: var( --e-global-typography-text-font-weight );\">Sua origem remonta a luta de um grupo de pessoas, nos anos de 1971\/72, combatendo um projeto de instala\u00e7\u00e3o do Aeroporto Internacional de S\u00e3o Paulo em Caucaia do Alto.Fundada em 11 de Outubro de 1975, a SEAE como \u00e9 conhecida, vem desde ent\u00e3o \u201cCuidando da Terra e da Gente\u201d.<br><\/span><span style=\"color: var( --e-global-color-text ); font-family: var( --e-global-typography-text-font-family ), Sans-serif;\"><span style=\"font-weight: var( --e-global-typography-text-font-weight );\">A miss\u00e3o da entidade \u00e9 estimular e ampliar os processos de transforma\u00e7\u00e3o social e ambiental dos munic\u00edpios de Cotia, Embu das Artes e Itapecerica da Serra (cintur\u00e3o sudoeste de S\u00e3o Paulo), atuando como representante da sociedade civil e promovendo a\u00e7\u00f5es ambientais, sociais e educacionais em defesa da natureza, das pessoas e de nossa sociedade.<\/span><b><br><\/b><\/span><b><span style=\"color: var( --e-global-color-text ); font-family: var( --e-global-typography-text-font-family ), Sans-serif;\">A<\/span><span style=\"color: var( --e-global-color-text ); font-family: var( --e-global-typography-text-font-family ), Sans-serif;\">companhe este e outros projetos da SEAE.<\/span><\/b><\/p>\t\t\t\t\t\t\t\t<\/div>\n\t\t\t\t<\/div>\n\t\t\t\t\t<\/div>\n\t\t<\/div>\n\t\t\t\t\t<\/div>\n\t\t<\/section>\n\t\t\t\t<\/div>\n\t\t","protected":false},"excerpt":{"rendered":"<p>Projeto Conecta Cotia Guarapiranga Introdu\u00e7\u00e3oO projeto \u201cBase de Dados para Conserva\u00e7\u00e3o e Restaura\u00e7\u00e3o Ecol\u00f3gica da Sub-regi\u00e3o Hidrogr\u00e1fica Cotia- Guarapiranga: prote\u00e7\u00e3o de recursos h\u00eddricos, atualiza\u00e7\u00e3o diagn\u00f3stica e Propostas de Unidades de Conserva\u00e7\u00e3o \u00e9<\/p>\n<a class=\"moretag noptoppad\" href=\"https:\/\/seae-embu.org\/org.br\/projeto-conecta-cotia-guarapiranga\/\">Read More...<\/a>","protected":false},"author":6,"featured_media":0,"parent":0,"menu_order":0,"comment_status":"closed","ping_status":"closed","template":"","meta":{"_eb_attr":"","footnotes":""},"class_list":["post-6183","page","type-page","status-publish","hentry"],"_links":{"self":[{"href":"https:\/\/seae-embu.org\/org.br\/wp-json\/wp\/v2\/pages\/6183","targetHints":{"allow":["GET"]}}],"collection":[{"href":"https:\/\/seae-embu.org\/org.br\/wp-json\/wp\/v2\/pages"}],"about":[{"href":"https:\/\/seae-embu.org\/org.br\/wp-json\/wp\/v2\/types\/page"}],"author":[{"embeddable":true,"href":"https:\/\/seae-embu.org\/org.br\/wp-json\/wp\/v2\/users\/6"}],"replies":[{"embeddable":true,"href":"https:\/\/seae-embu.org\/org.br\/wp-json\/wp\/v2\/comments?post=6183"}],"version-history":[{"count":14,"href":"https:\/\/seae-embu.org\/org.br\/wp-json\/wp\/v2\/pages\/6183\/revisions"}],"predecessor-version":[{"id":6201,"href":"https:\/\/seae-embu.org\/org.br\/wp-json\/wp\/v2\/pages\/6183\/revisions\/6201"}],"wp:attachment":[{"href":"https:\/\/seae-embu.org\/org.br\/wp-json\/wp\/v2\/media?parent=6183"}],"curies":[{"name":"wp","href":"https:\/\/api.w.org\/{rel}","templated":true}]}}