{"id":5973,"date":"2025-03-21T20:53:33","date_gmt":"2025-03-21T23:53:33","guid":{"rendered":"https:\/\/seae-embu.org\/org.br\/?page_id=5973"},"modified":"2025-03-22T15:23:25","modified_gmt":"2025-03-22T18:23:25","slug":"manifesto-nova-raposo-nao","status":"publish","type":"page","link":"https:\/\/seae-embu.org\/org.br\/manifesto-nova-raposo-nao\/","title":{"rendered":"MANIFESTO AMBIENTAL EMBU ITAPECERICA CONTRA NOVA RAPOSO"},"content":{"rendered":"\n<p>O projeto da nova Raposo, ao contr\u00e1rio do que o nome sugere, n\u00e3o se resume apenas \u00e0 rodovia Raposo Tavares. Ele traz mudan\u00e7as enormes na Raposo, Castelo Branco, Estrada da Rosel\u00e2ndia (SP-29) e ainda cria novas vias, como a que ligaria a Raposo \u00e0 Regis Bitencourt. Essas altera\u00e7\u00f5es impactam mais de 11 munic\u00edpios e afetam a vida de milhares de pessoas.<\/p>\n\n\n\n<p>A nova via proposta entre Raposo e Regis aproveitaria parte do tra\u00e7ado de ruas j\u00e1 existentes e, em outras partes, abriria caminho por \u00e1reas de mata. O que hoje s\u00e3o ruas com cerca de 7 metros de largura (uma faixa para cada sentido) passariam a ter duas faixas para cada sentido \u2013 com canteiro central \u2013 chegando a mais de 25 metros de largura e com um alto fluxo de caminh\u00f5es em alta velocidade.<\/p>\n\n\n\n<p>Os impactos ambientais desse trecho seriam devastadores para cidades como Cotia, Embu das Artes e Itapecerica da Serra, com milhares de metros quadrados de mata a serem derrubados, centenas de cursos de \u00e1gua afetados e diversos corredores de fauna interrompidos. Essas \u00e1reas s\u00e3o importantes mananciais da Guarapiranga e do baixo Cotia, respons\u00e1veis por fornecer \u00e1gua para milhares de pessoas diariamente. Se j\u00e1 vemos crimes de aterro de nascentes, v\u00e1rzeas e \u00c1reas de Preserva\u00e7\u00e3o Permanente acontecendo, imagine o que pode acontecer se a press\u00e3o por constru\u00e7\u00f5es nessa regi\u00e3o aumentar ainda mais.<\/p>\n\n\n\n<p>O trajeto da via ainda agride a APA Embu Verde e a Reserva Florestal do Morro Grande, interrompendo os corredores de fauna entre elas. Estudos t\u00e9cnicos da SEAE j\u00e1 comprovaram a presen\u00e7a de pelo menos 19 esp\u00e9cies de mam\u00edferos \u2013 como tatus, cutias, quatis, pacas, veados, bugios, saguis, gatos-do-mato, gato maracaj\u00e1, jaguatirica, on\u00e7a parda, entre outros \u2013 que podem ser v\u00edtimas de atropelamentos, da escassez de alimento e \u00e1gua, e at\u00e9 desaparecer da regi\u00e3o com a ocupa\u00e7\u00e3o desenfreada.<\/p>\n\n\n\n<p>Al\u00e9m disso, a popula\u00e7\u00e3o local \u2013 com centenas de casas, com\u00e9rcios, escolas e igrejas \u2013 nunca foi consultada sobre esse projeto. Mesmo com o governo estadual trabalhando nessa concess\u00e3o h\u00e1 quase um ano e o contrato j\u00e1 formalizado, n\u00e3o houve nenhuma audi\u00eancia p\u00fablica em Embu das Artes, Cotia ou Itapecerica.<\/p>\n\n\n\n<p>O projeto da nova Raposo tem sido apresentado de forma limitada, como se fosse apenas uma quest\u00e3o de mais faixas na Raposo Tavares ou ajustes no n\u00famero de ped\u00e1gios. Mas, na verdade, trata-se de uma obra fara\u00f4nica, destinada a aumentar o fluxo de carros na regi\u00e3o de forma descontrolada, para favorecer a especula\u00e7\u00e3o imobili\u00e1ria \u2013 vendendo nossas matas para a constru\u00e7\u00e3o desenfreada de pr\u00e9dios, com a desculpa de que o tr\u00e2nsito deixar\u00e1 de ser problema.<\/p>\n\n\n\n<p>Resolver o tr\u00e2nsito da Raposo, Regis, Castelo e regi\u00e3o \u00e9 realmente necess\u00e1rio. No entanto, isso s\u00f3 trar\u00e1 benef\u00edcios se houver tamb\u00e9m solu\u00e7\u00f5es de transporte de massa (como trem ou metr\u00f4), a participa\u00e7\u00e3o da popula\u00e7\u00e3o afetada e o devido respeito ambiental.<\/p>\n\n\n\n<p>Diante disso, a SEAE se posiciona contra o projeto e, juntamente a Preservar Ambiental (de Itapecerica da Serra), apoia o movimento Nova Raposo N\u00e3o (NRN) por meio de apoio t\u00e9cnico, jur\u00eddico e de comunica\u00e7\u00e3o \u2013 para que nossa regi\u00e3o e nossa popula\u00e7\u00e3o sejam respeitadas e preservadas.<\/p>\n\n\n\n<p>Para participar e saber mais acesse:<\/p>\n\n\n\n<figure class=\"wp-block-table\"><table class=\"has-fixed-layout\"><tbody><tr><td class=\"has-text-align-center\" data-align=\"center\"><strong>Abaixo Assinado NRN<\/strong><br><a href=\"https:\/\/encurtador.com.br\/ClxBd\n\">https:\/\/encurtador.com.br\/ClxBd<br><\/a><a href=\"https:\/\/encurtador.com.br\/ClxBd\"><img decoding=\"async\" width=\"88\" height=\"88\" class=\"wp-image-5977\" style=\"width: 88px;\" src=\"https:\/\/seae-embu.org\/org.br\/wp-content\/uploads\/2025\/03\/qrcode-1.png\" alt=\"\" srcset=\"https:\/\/seae-embu.org\/org.br\/wp-content\/uploads\/2025\/03\/qrcode-1.png 192w, https:\/\/seae-embu.org\/org.br\/wp-content\/uploads\/2025\/03\/qrcode-1-150x150.png 150w\" sizes=\"(max-width: 88px) 100vw, 88px\" \/><\/a><\/td><td class=\"has-text-align-center\" data-align=\"center\"><strong>Instagram NRN<br><\/strong>@novaraposonao<br><a href=\"https:\/\/www.instagram.com\/novaraposonao\/\"><img decoding=\"async\" width=\"88\" height=\"88\" class=\"wp-image-5975\" style=\"width: 88px;\" src=\"https:\/\/seae-embu.org\/org.br\/wp-content\/uploads\/2025\/03\/NRN-LOGO.png\" alt=\"\"><\/a><\/td><td class=\"has-text-align-center\" data-align=\"center\"><strong>Instagram SEAE<br><\/strong>@seaembu<br><a href=\"https:\/\/www.instagram.com\/seaembu\/\"><img decoding=\"async\" width=\"83\" height=\"84\" class=\"wp-image-5978\" style=\"width: 83px;\" src=\"https:\/\/seae-embu.org\/org.br\/wp-content\/uploads\/2025\/03\/SEAE-LOGO.png\" alt=\"\"><\/a><\/td><td class=\"has-text-align-center\" data-align=\"center\"><strong>Instagram Preservar<\/strong><br>@preservarambiental <br><a href=\"https:\/\/www.instagram.com\/preservarambiental\/\" data-type=\"link\" data-id=\"https:\/\/www.instagram.com\/preservarambiental\/\"><img loading=\"lazy\" decoding=\"async\" width=\"86\" height=\"85\" class=\"wp-image-5976\" style=\"width: 86px;\" src=\"https:\/\/seae-embu.org\/org.br\/wp-content\/uploads\/2025\/03\/PRESERVAR-LOGO.png\" alt=\"\"><\/a><\/td><\/tr><\/tbody><\/table><\/figure>\n\n\n\n<p><em>As entidades acima representadas, unidas em favor da preserva\u00e7\u00e3o de nossas \u00e1guas, matas e biodiversidade, apoiam o movimento NRN, resguardado o direito de divergir de opini\u00f5es expressas por indiv\u00edduos ou grupos dentro&nbsp;do&nbsp;movimento.<\/em><em><\/em><\/p>\n\n\n\n<p><\/p>\n","protected":false},"excerpt":{"rendered":"<p>O projeto da nova Raposo, ao contr\u00e1rio do que o nome sugere, n\u00e3o se resume apenas \u00e0 rodovia Raposo Tavares. Ele traz mudan\u00e7as enormes na Raposo, Castelo Branco, Estrada da Rosel\u00e2ndia (SP-29)<\/p>\n<a class=\"moretag noptoppad\" href=\"https:\/\/seae-embu.org\/org.br\/manifesto-nova-raposo-nao\/\">Read More...<\/a>","protected":false},"author":6,"featured_media":0,"parent":0,"menu_order":0,"comment_status":"closed","ping_status":"closed","template":"","meta":{"_eb_attr":"","footnotes":""},"class_list":["post-5973","page","type-page","status-publish","hentry"],"_links":{"self":[{"href":"https:\/\/seae-embu.org\/org.br\/wp-json\/wp\/v2\/pages\/5973","targetHints":{"allow":["GET"]}}],"collection":[{"href":"https:\/\/seae-embu.org\/org.br\/wp-json\/wp\/v2\/pages"}],"about":[{"href":"https:\/\/seae-embu.org\/org.br\/wp-json\/wp\/v2\/types\/page"}],"author":[{"embeddable":true,"href":"https:\/\/seae-embu.org\/org.br\/wp-json\/wp\/v2\/users\/6"}],"replies":[{"embeddable":true,"href":"https:\/\/seae-embu.org\/org.br\/wp-json\/wp\/v2\/comments?post=5973"}],"version-history":[{"count":5,"href":"https:\/\/seae-embu.org\/org.br\/wp-json\/wp\/v2\/pages\/5973\/revisions"}],"predecessor-version":[{"id":6335,"href":"https:\/\/seae-embu.org\/org.br\/wp-json\/wp\/v2\/pages\/5973\/revisions\/6335"}],"wp:attachment":[{"href":"https:\/\/seae-embu.org\/org.br\/wp-json\/wp\/v2\/media?parent=5973"}],"curies":[{"name":"wp","href":"https:\/\/api.w.org\/{rel}","templated":true}]}}