{"id":5165,"date":"2023-07-05T15:22:46","date_gmt":"2023-07-05T12:22:46","guid":{"rendered":"https:\/\/seaembu.org.br\/?page_id=5165"},"modified":"2024-11-17T09:58:56","modified_gmt":"2024-11-17T12:58:56","slug":"projeto-km23","status":"publish","type":"page","link":"https:\/\/seae-embu.org\/org.br\/editais\/projeto-km23\/","title":{"rendered":"Projeto Km23"},"content":{"rendered":"\t\t<div data-elementor-type=\"wp-page\" data-elementor-id=\"5165\" class=\"elementor elementor-5165\">\n\t\t\t\t\t\t<section class=\"elementor-section elementor-top-section elementor-element elementor-element-1ca2619e elementor-section-boxed elementor-section-height-default elementor-section-height-default\" data-id=\"1ca2619e\" data-element_type=\"section\" data-e-type=\"section\">\n\t\t\t\t\t\t<div class=\"elementor-container elementor-column-gap-default\">\n\t\t\t\t\t<div class=\"elementor-column elementor-col-100 elementor-top-column elementor-element elementor-element-51d0886\" data-id=\"51d0886\" data-element_type=\"column\" data-e-type=\"column\">\n\t\t\t<div class=\"elementor-widget-wrap elementor-element-populated\">\n\t\t\t\t\t\t<section class=\"elementor-section elementor-inner-section elementor-element elementor-element-4ab9fba6 elementor-section-boxed elementor-section-height-default elementor-section-height-default\" data-id=\"4ab9fba6\" data-element_type=\"section\" data-e-type=\"section\">\n\t\t\t\t\t\t<div class=\"elementor-container elementor-column-gap-default\">\n\t\t\t\t\t<div class=\"elementor-column elementor-col-100 elementor-inner-column elementor-element elementor-element-39d58c8\" data-id=\"39d58c8\" data-element_type=\"column\" data-e-type=\"column\">\n\t\t\t<div class=\"elementor-widget-wrap elementor-element-populated\">\n\t\t\t\t\t\t<div class=\"elementor-element elementor-element-4787c2f4 elementor-widget elementor-widget-heading\" data-id=\"4787c2f4\" data-element_type=\"widget\" data-e-type=\"widget\" data-widget_type=\"heading.default\">\n\t\t\t\t<div class=\"elementor-widget-container\">\n\t\t\t\t\t<h1 class=\"elementor-heading-title elementor-size-default\">Projeto: Cursinho e Mentoria - Km 23<\/h1>\t\t\t\t<\/div>\n\t\t\t\t<\/div>\n\t\t\t\t<div class=\"elementor-element elementor-element-7458b4c5 elementor-widget elementor-widget-heading\" data-id=\"7458b4c5\" data-element_type=\"widget\" data-e-type=\"widget\" data-widget_type=\"heading.default\">\n\t\t\t\t<div class=\"elementor-widget-container\">\n\t\t\t\t\t<h2 class=\"elementor-heading-title elementor-size-default\">A\u00c7\u00c3O AFIRMATIVA DE ACESSO AO ENSINO SUPERIOR PARA JOVENS DA POPULA\u00c7\u00c3O NEGRA<\/h2>\t\t\t\t<\/div>\n\t\t\t\t<\/div>\n\t\t\t\t\t<\/div>\n\t\t<\/div>\n\t\t\t\t\t<\/div>\n\t\t<\/section>\n\t\t\t\t\t<\/div>\n\t\t<\/div>\n\t\t\t\t\t<\/div>\n\t\t<\/section>\n\t\t\t\t<section class=\"elementor-section elementor-top-section elementor-element elementor-element-7e449cc elementor-section-boxed elementor-section-height-default elementor-section-height-default\" data-id=\"7e449cc\" data-element_type=\"section\" data-e-type=\"section\">\n\t\t\t\t\t\t<div class=\"elementor-container elementor-column-gap-default\">\n\t\t\t\t\t<div class=\"elementor-column elementor-col-33 elementor-top-column elementor-element elementor-element-8d70fad\" data-id=\"8d70fad\" data-element_type=\"column\" data-e-type=\"column\">\n\t\t\t<div class=\"elementor-widget-wrap elementor-element-populated\">\n\t\t\t\t\t\t<div class=\"elementor-element elementor-element-650a0444 elementor-widget elementor-widget-text-editor\" data-id=\"650a0444\" data-element_type=\"widget\" data-e-type=\"widget\" data-widget_type=\"text-editor.default\">\n\t\t\t\t<div class=\"elementor-widget-container\">\n\t\t\t\t\t\t\t\t\t<h3>\u00d3rg\u00e3o da Administra\u00e7\u00e3o P\u00fablica Respons\u00e1vel: Minist\u00e9rio da Igualdade Racial<\/h3>\t\t\t\t\t\t\t\t<\/div>\n\t\t\t\t<\/div>\n\t\t\t\t<div class=\"elementor-element elementor-element-69dcf878 elementor-widget elementor-widget-image\" data-id=\"69dcf878\" data-element_type=\"widget\" data-e-type=\"widget\" data-widget_type=\"image.default\">\n\t\t\t\t<div class=\"elementor-widget-container\">\n\t\t\t\t\t\t\t\t\t\t\t\t\t\t\t<img decoding=\"async\" width=\"300\" height=\"113\" src=\"https:\/\/seae-embu.org\/org.br\/wp-content\/uploads\/2023\/07\/MIR-SEAE-300x113.jpg\" class=\"attachment-medium size-medium wp-image-5103\" alt=\"MIR - SEAE\" srcset=\"https:\/\/seae-embu.org\/org.br\/wp-content\/uploads\/2023\/07\/MIR-SEAE-300x113.jpg 300w, https:\/\/seae-embu.org\/org.br\/wp-content\/uploads\/2023\/07\/MIR-SEAE-1024x385.jpg 1024w, https:\/\/seae-embu.org\/org.br\/wp-content\/uploads\/2023\/07\/MIR-SEAE-768x289.jpg 768w, https:\/\/seae-embu.org\/org.br\/wp-content\/uploads\/2023\/07\/MIR-SEAE.jpg 1360w\" sizes=\"(max-width: 300px) 100vw, 300px\" \/>\t\t\t\t\t\t\t\t\t\t\t\t\t\t\t<\/div>\n\t\t\t\t<\/div>\n\t\t\t\t<div class=\"elementor-element elementor-element-37481276 elementor-widget elementor-widget-text-editor\" data-id=\"37481276\" data-element_type=\"widget\" data-e-type=\"widget\" data-widget_type=\"text-editor.default\">\n\t\t\t\t<div class=\"elementor-widget-container\">\n\t\t\t\t\t\t\t\t\t<p><strong>Secretaria de Pol\u00edticas de A\u00e7\u00f5es Afirmativas, Combate e Supera\u00e7\u00e3o ao Racismo.<\/strong><\/p><p><strong>Diretoria de Pol\u00edticas de Combate e Supera\u00e7\u00e3o do Racismo.<\/strong><\/p><p><strong>Diretoria de Pol\u00edticas de combate e Supera\u00e7\u00e3o do Racismo.<\/strong><\/p>\t\t\t\t\t\t\t\t<\/div>\n\t\t\t\t<\/div>\n\t\t\t\t<div class=\"elementor-element elementor-element-1d96286b elementor-widget elementor-widget-image\" data-id=\"1d96286b\" data-element_type=\"widget\" data-e-type=\"widget\" data-widget_type=\"image.default\">\n\t\t\t\t<div class=\"elementor-widget-container\">\n\t\t\t\t\t\t\t\t\t\t\t\t\t\t\t<img decoding=\"async\" width=\"150\" height=\"150\" src=\"https:\/\/seae-embu.org\/org.br\/wp-content\/uploads\/2023\/07\/seae-1-km23-150x150.png\" class=\"attachment-thumbnail size-thumbnail wp-image-5102\" alt=\"Projeto Km 23 SEAE\" srcset=\"https:\/\/seae-embu.org\/org.br\/wp-content\/uploads\/2023\/07\/seae-1-km23-150x150.png 150w, https:\/\/seae-embu.org\/org.br\/wp-content\/uploads\/2023\/07\/seae-1-km23-300x300.png 300w, https:\/\/seae-embu.org\/org.br\/wp-content\/uploads\/2023\/07\/seae-1-km23.png 427w\" sizes=\"(max-width: 150px) 100vw, 150px\" \/>\t\t\t\t\t\t\t\t\t\t\t\t\t\t\t<\/div>\n\t\t\t\t<\/div>\n\t\t\t\t\t<\/div>\n\t\t<\/div>\n\t\t\t\t<div class=\"elementor-column elementor-col-66 elementor-top-column elementor-element elementor-element-184778f\" data-id=\"184778f\" data-element_type=\"column\" data-e-type=\"column\">\n\t\t\t<div class=\"elementor-widget-wrap elementor-element-populated\">\n\t\t\t\t\t\t<div class=\"elementor-element elementor-element-62fffcc0 elementor-widget elementor-widget-text-editor\" data-id=\"62fffcc0\" data-element_type=\"widget\" data-e-type=\"widget\" data-widget_type=\"text-editor.default\">\n\t\t\t\t<div class=\"elementor-widget-container\">\n\t\t\t\t\t\t\t\t\t<p>O projeto social Cursinho Popular KM23 surgiu em resposta \u00e1\u00e0s desigualdades de oportunidades na Educa\u00e7\u00e3o. Iniciado em 2018 por tr\u00eas jovens estudantes da USP e moradores de Embu das Artes, come\u00e7ou suas atividades com a oferta de mentoria para jovens que estavam se preparando para os vestibulares. Ao longo de sua hist\u00f3ria o KM23 j\u00e1 atendeu mais de 300 adolescentes. O projeto trabalha com jovens que t\u00eam muitos sonhos, sendo seu objetivo sanar as defagens educacionais dos alunos de escolas p\u00fablicas da regi\u00e3o, majoritariamente pretos e da periferia.<\/p><p>As atividades se expandiram nos \u00falltimos anos e agora em 2023 com o apoio de uma Emenda Parlamentar da deputada Tabata Amaral e em parceria com a SEAE (Sociedade Ecol\u00f3gica Amigos do Embu)\u00a0 o KM23 passou a disponibilizar aulas gratuitas e, neste ano, atender\u00e1 40 alunos de forma presencial.<\/p>\t\t\t\t\t\t\t\t<\/div>\n\t\t\t\t<\/div>\n\t\t\t\t<section class=\"elementor-section elementor-inner-section elementor-element elementor-element-ffe68b2 elementor-section-boxed elementor-section-height-default elementor-section-height-default\" data-id=\"ffe68b2\" data-element_type=\"section\" data-e-type=\"section\">\n\t\t\t\t\t\t<div class=\"elementor-container elementor-column-gap-default\">\n\t\t\t\t\t<div class=\"elementor-column elementor-col-50 elementor-inner-column elementor-element elementor-element-7485166\" data-id=\"7485166\" data-element_type=\"column\" data-e-type=\"column\">\n\t\t\t<div class=\"elementor-widget-wrap elementor-element-populated\">\n\t\t\t\t\t\t<div class=\"elementor-element elementor-element-5371744a elementor-align-center elementor-mobile-align-center elementor-widget elementor-widget-button\" data-id=\"5371744a\" data-element_type=\"widget\" data-e-type=\"widget\" data-widget_type=\"button.default\">\n\t\t\t\t<div class=\"elementor-widget-container\">\n\t\t\t\t\t\t\t\t\t<div class=\"elementor-button-wrapper\">\n\t\t\t\t\t<a class=\"elementor-button elementor-button-link elementor-size-md elementor-animation-pulse\" href=\"https:\/\/seae-embu.org\/org.br\/editais\" id=\"editais\">\n\t\t\t\t\t\t<span class=\"elementor-button-content-wrapper\">\n\t\t\t\t\t\t\t\t\t<span class=\"elementor-button-text\">Editais<\/span>\n\t\t\t\t\t<\/span>\n\t\t\t\t\t<\/a>\n\t\t\t\t<\/div>\n\t\t\t\t\t\t\t\t<\/div>\n\t\t\t\t<\/div>\n\t\t\t\t\t<\/div>\n\t\t<\/div>\n\t\t\t\t<div class=\"elementor-column elementor-col-50 elementor-inner-column elementor-element elementor-element-87b266d\" data-id=\"87b266d\" data-element_type=\"column\" data-e-type=\"column\">\n\t\t\t<div class=\"elementor-widget-wrap elementor-element-populated\">\n\t\t\t\t\t\t<div class=\"elementor-element elementor-element-c327dab elementor-align-center elementor-mobile-align-center elementor-widget elementor-widget-button\" data-id=\"c327dab\" data-element_type=\"widget\" data-e-type=\"widget\" data-widget_type=\"button.default\">\n\t\t\t\t<div class=\"elementor-widget-container\">\n\t\t\t\t\t\t\t\t\t<div class=\"elementor-button-wrapper\">\n\t\t\t\t\t<a class=\"elementor-button elementor-button-link elementor-size-md elementor-animation-pulse\" href=\"https:\/\/seae-embu.org\/org.br\/editais\/projeto-km23\/descricao-do-projeto-km23\/\" id=\"descri\u00e7ao projeto km23\">\n\t\t\t\t\t\t<span class=\"elementor-button-content-wrapper\">\n\t\t\t\t\t\t\t\t\t<span class=\"elementor-button-text\">Descri\u00e7\u00e3o do Projeto<\/span>\n\t\t\t\t\t<\/span>\n\t\t\t\t\t<\/a>\n\t\t\t\t<\/div>\n\t\t\t\t\t\t\t\t<\/div>\n\t\t\t\t<\/div>\n\t\t\t\t\t<\/div>\n\t\t<\/div>\n\t\t\t\t\t<\/div>\n\t\t<\/section>\n\t\t\t\t\t<\/div>\n\t\t<\/div>\n\t\t\t\t\t<\/div>\n\t\t<\/section>\n\t\t\t\t<\/div>\n\t\t","protected":false},"excerpt":{"rendered":"<p>Projeto: Cursinho e Mentoria &#8211; Km 23 A\u00c7\u00c3O AFIRMATIVA DE ACESSO AO ENSINO SUPERIOR PARA JOVENS DA POPULA\u00c7\u00c3O NEGRA \u00d3rg\u00e3o da Administra\u00e7\u00e3o P\u00fablica Respons\u00e1vel: Minist\u00e9rio da Igualdade Racial Secretaria de Pol\u00edticas de<\/p>\n<a class=\"moretag noptoppad\" href=\"https:\/\/seae-embu.org\/org.br\/editais\/projeto-km23\/\">Read More...<\/a>","protected":false},"author":1,"featured_media":0,"parent":5099,"menu_order":0,"comment_status":"closed","ping_status":"closed","template":"","meta":{"_eb_attr":"","footnotes":""},"class_list":["post-5165","page","type-page","status-publish","hentry"],"_links":{"self":[{"href":"https:\/\/seae-embu.org\/org.br\/wp-json\/wp\/v2\/pages\/5165","targetHints":{"allow":["GET"]}}],"collection":[{"href":"https:\/\/seae-embu.org\/org.br\/wp-json\/wp\/v2\/pages"}],"about":[{"href":"https:\/\/seae-embu.org\/org.br\/wp-json\/wp\/v2\/types\/page"}],"author":[{"embeddable":true,"href":"https:\/\/seae-embu.org\/org.br\/wp-json\/wp\/v2\/users\/1"}],"replies":[{"embeddable":true,"href":"https:\/\/seae-embu.org\/org.br\/wp-json\/wp\/v2\/comments?post=5165"}],"version-history":[{"count":22,"href":"https:\/\/seae-embu.org\/org.br\/wp-json\/wp\/v2\/pages\/5165\/revisions"}],"predecessor-version":[{"id":5958,"href":"https:\/\/seae-embu.org\/org.br\/wp-json\/wp\/v2\/pages\/5165\/revisions\/5958"}],"up":[{"embeddable":true,"href":"https:\/\/seae-embu.org\/org.br\/wp-json\/wp\/v2\/pages\/5099"}],"wp:attachment":[{"href":"https:\/\/seae-embu.org\/org.br\/wp-json\/wp\/v2\/media?parent=5165"}],"curies":[{"name":"wp","href":"https:\/\/api.w.org\/{rel}","templated":true}]}}