{"id":2897,"date":"2022-07-11T21:39:09","date_gmt":"2022-07-11T18:39:09","guid":{"rendered":"https:\/\/seaembu.org.br\/?page_id=2897"},"modified":"2025-04-05T22:27:11","modified_gmt":"2025-04-06T01:27:11","slug":"projetos-concluidos","status":"publish","type":"page","link":"https:\/\/seae-embu.org\/org.br\/projetos-concluidos\/","title":{"rendered":"Projetos Conclu\u00eddos"},"content":{"rendered":"\t\t<div data-elementor-type=\"wp-page\" data-elementor-id=\"2897\" class=\"elementor elementor-2897\">\n\t\t\t\t\t\t<section class=\"elementor-section elementor-top-section elementor-element elementor-element-7c95399 elementor-section-boxed elementor-section-height-default elementor-section-height-default\" data-id=\"7c95399\" data-element_type=\"section\" data-e-type=\"section\">\n\t\t\t\t\t\t<div class=\"elementor-container elementor-column-gap-default\">\n\t\t\t\t\t<div class=\"elementor-column elementor-col-100 elementor-top-column elementor-element elementor-element-66011f8\" data-id=\"66011f8\" data-element_type=\"column\" data-e-type=\"column\">\n\t\t\t<div class=\"elementor-widget-wrap elementor-element-populated\">\n\t\t\t\t\t\t<div class=\"elementor-element elementor-element-9c5dc30 elementor-widget elementor-widget-text-editor\" data-id=\"9c5dc30\" data-element_type=\"widget\" data-e-type=\"widget\" data-widget_type=\"text-editor.default\">\n\t\t\t\t<div class=\"elementor-widget-container\">\n\t\t\t\t\t\t\t\t\t<p><span style=\"color: #7a7a7a; font-family: Roboto, sans-serif;\"><span style=\"font-size: 18px;\"><b><a href=\"https:\/\/www.granjaviana.com.br\/noticia\/projeto-educacional-para-prevencao-de-mortes-por-desastres-ambientais-e-realizado-pela-seae-em-embu-das-artes\">Comunidec Sua Vida<\/a><\/b><\/span><\/span><\/p>\t\t\t\t\t\t\t\t<\/div>\n\t\t\t\t<\/div>\n\t\t\t\t<div class=\"elementor-element elementor-element-895798e elementor-widget elementor-widget-text-editor\" data-id=\"895798e\" data-element_type=\"widget\" data-e-type=\"widget\" data-widget_type=\"text-editor.default\">\n\t\t\t\t<div class=\"elementor-widget-container\">\n\t\t\t\t\t\t\t\t\t<p><span style=\"color: #0b9444; font-family: Roboto, sans-serif;\"><span style=\"font-size: 18px;\"><b><a href=\"https:\/\/seae-embu.org\/anterior\/projetos\/em-andamento\/projeto-olimpiada-do-saneamento-jovem-ativo-na-sua-comunidade\/\">Projeto Olimp\u00edada do saneamento<\/a><\/b><\/span><\/span><\/p>\t\t\t\t\t\t\t\t<\/div>\n\t\t\t\t<\/div>\n\t\t\t\t<div class=\"elementor-element elementor-element-33aea04 elementor-widget elementor-widget-text-editor\" data-id=\"33aea04\" data-element_type=\"widget\" data-e-type=\"widget\" data-widget_type=\"text-editor.default\">\n\t\t\t\t<div class=\"elementor-widget-container\">\n\t\t\t\t\t\t\t\t\t<p><font color=\"#0b9444\" face=\"Roboto, sans-serif\"><span style=\"font-size: 18px;\"><b><a href=\"https:\/\/seae-embu.org\/org.br\/plantando-jardins-filtrantes\/\">Projeto Plantando Jardim Filtrante e \u00c1gua Boa<\/a><\/b><\/span><\/font><br><\/p>\t\t\t\t\t\t\t\t<\/div>\n\t\t\t\t<\/div>\n\t\t\t\t<div class=\"elementor-element elementor-element-8d0d822 elementor-widget elementor-widget-text-editor\" data-id=\"8d0d822\" data-element_type=\"widget\" data-e-type=\"widget\" data-widget_type=\"text-editor.default\">\n\t\t\t\t<div class=\"elementor-widget-container\">\n\t\t\t\t\t\t\t\t\t<p><span style=\"color: #0b9444; font-family: Roboto, sans-serif;\"><span style=\"font-size: 18px;\"><b><a href=\"https:\/\/seae-embu.org\/org.br\/projeto-base-de-dados\/\">Projeto Base de dados e informa\u00e7\u00f5es socioambientais para a restaura\u00e7\u00e3o ecol\u00f3gica da Bacia Hidrogr\u00e1fica do Ribeir\u00e3o Ressaca<\/a><\/b><\/span><\/span><\/p>\t\t\t\t\t\t\t\t<\/div>\n\t\t\t\t<\/div>\n\t\t\t\t<div class=\"elementor-element elementor-element-fcb216b elementor-widget elementor-widget-text-editor\" data-id=\"fcb216b\" data-element_type=\"widget\" data-e-type=\"widget\" data-widget_type=\"text-editor.default\">\n\t\t\t\t<div class=\"elementor-widget-container\">\n\t\t\t\t\t\t\t\t\t<p><span style=\"color: #0b9444; font-family: Roboto, sans-serif;\"><span style=\"font-size: 18px;\"><b><a href=\"https:\/\/seae-embu.org\/org.br\/robocid-cotia-curso-robotica\/\">Projeto RoboCID \u2013 Aulas de Rob\u00f3tica<\/a><\/b><\/span><\/span><\/p>\t\t\t\t\t\t\t\t<\/div>\n\t\t\t\t<\/div>\n\t\t\t\t<div class=\"elementor-element elementor-element-60a4c0b elementor-widget elementor-widget-text-editor\" data-id=\"60a4c0b\" data-element_type=\"widget\" data-e-type=\"widget\" data-widget_type=\"text-editor.default\">\n\t\t\t\t<div class=\"elementor-widget-container\">\n\t\t\t\t\t\t\t\t\t<p><span style=\"color: #0b9444; font-family: Roboto, sans-serif;\"><span style=\"font-size: 18px;\"><b><a href=\"https:\/\/seae-embu.org\/org.br\/projeto-sabado-ecomigo\/\">Projeto S\u00e1bado ECOmigo<\/a><\/b><\/span><\/span><\/p>\t\t\t\t\t\t\t\t<\/div>\n\t\t\t\t<\/div>\n\t\t\t\t<div class=\"elementor-element elementor-element-bc2f604 elementor-widget elementor-widget-text-editor\" data-id=\"bc2f604\" data-element_type=\"widget\" data-e-type=\"widget\" data-widget_type=\"text-editor.default\">\n\t\t\t\t<div class=\"elementor-widget-container\">\n\t\t\t\t\t\t\t\t\t<p><span style=\"color: #0b9444; font-family: Roboto, sans-serif;\"><span style=\"font-size: 18px;\"><b><a href=\"https:\/\/seae-embu.org\/org.br\/horta-vertical\/\">Projeto Horta Vertical<\/a><\/b><\/span><\/span><\/p>\t\t\t\t\t\t\t\t<\/div>\n\t\t\t\t<\/div>\n\t\t\t\t<div class=\"elementor-element elementor-element-4c51bd2 elementor-widget elementor-widget-text-editor\" data-id=\"4c51bd2\" data-element_type=\"widget\" data-e-type=\"widget\" data-widget_type=\"text-editor.default\">\n\t\t\t\t<div class=\"elementor-widget-container\">\n\t\t\t\t\t\t\t\t\t<p><span style=\"color: #0b9444; font-family: Roboto, sans-serif;\"><span style=\"font-size: 18px;\"><b><a href=\"https:\/\/seae-embu.org\/org.br\/?page_id=6237&amp;preview=true\">Projeto Agenda 21 Escolar \u2013 Embu das Artes<\/a><\/b><\/span><\/span><\/p>\t\t\t\t\t\t\t\t<\/div>\n\t\t\t\t<\/div>\n\t\t\t\t<div class=\"elementor-element elementor-element-6904802 elementor-widget elementor-widget-text-editor\" data-id=\"6904802\" data-element_type=\"widget\" data-e-type=\"widget\" data-widget_type=\"text-editor.default\">\n\t\t\t\t<div class=\"elementor-widget-container\">\n\t\t\t\t\t\t\t\t\t<p><span style=\"color: #0b9444; font-family: Roboto, sans-serif;\"><span style=\"font-size: 18px;\"><b><a href=\"https:\/\/seae-embu.org\/org.br\/projeto-colhendo-sustentabilidade\/\">Projeto Colhendo Sustentabilidade<\/a><\/b><\/span><\/span><\/p>\t\t\t\t\t\t\t\t<\/div>\n\t\t\t\t<\/div>\n\t\t\t\t<div class=\"elementor-element elementor-element-fac2a1e elementor-widget elementor-widget-text-editor\" data-id=\"fac2a1e\" data-element_type=\"widget\" data-e-type=\"widget\" data-widget_type=\"text-editor.default\">\n\t\t\t\t<div class=\"elementor-widget-container\">\n\t\t\t\t\t\t\t\t\t<p><span style=\"color: #0b9444; font-family: Roboto, sans-serif;\"><span style=\"font-size: 18px;\"><b><a href=\"https:\/\/seae-embu.org\/org.br\/projeto-diagnostico-socio-ambiental-da-apa\/\">Projeto Diagn\u00f3stico S\u00f3cio Ambiental da APA<\/a><\/b><\/span><\/span><\/p>\t\t\t\t\t\t\t\t<\/div>\n\t\t\t\t<\/div>\n\t\t\t\t<div class=\"elementor-element elementor-element-7e1f9db elementor-widget elementor-widget-text-editor\" data-id=\"7e1f9db\" data-element_type=\"widget\" data-e-type=\"widget\" data-widget_type=\"text-editor.default\">\n\t\t\t\t<div class=\"elementor-widget-container\">\n\t\t\t\t\t\t\t\t\t<p><span style=\"color: #0b9444; font-family: Roboto, sans-serif;\"><span style=\"font-size: 18px;\"><b><a href=\"https:\/\/seae-embu.org\/org.br\/wp-admin\/edit.php?post_type=page&amp;paged=2\">Projeto Educa + A\u00e7\u00e3o<\/a><\/b><\/span><\/span><\/p>\t\t\t\t\t\t\t\t<\/div>\n\t\t\t\t<\/div>\n\t\t\t\t<div class=\"elementor-element elementor-element-be88bc6 elementor-widget elementor-widget-text-editor\" data-id=\"be88bc6\" data-element_type=\"widget\" data-e-type=\"widget\" data-widget_type=\"text-editor.default\">\n\t\t\t\t<div class=\"elementor-widget-container\">\n\t\t\t\t\t\t\t\t\t<p><span style=\"color: #0b9444; font-family: Roboto, sans-serif;\"><span style=\"font-size: 18px;\"><b><a href=\"https:\/\/seae-embu.org\/org.br\/projeto-fonte-escola\/\">Projeto Fonte Escola<\/a><\/b><\/span><\/span><\/p>\t\t\t\t\t\t\t\t<\/div>\n\t\t\t\t<\/div>\n\t\t\t\t<div class=\"elementor-element elementor-element-fb93cf3 elementor-widget elementor-widget-text-editor\" data-id=\"fb93cf3\" data-element_type=\"widget\" data-e-type=\"widget\" data-widget_type=\"text-editor.default\">\n\t\t\t\t<div class=\"elementor-widget-container\">\n\t\t\t\t\t\t\t\t\t<p><span style=\"color: #0b9444; font-family: Roboto, sans-serif;\"><span style=\"font-size: 18px;\"><b><a href=\"https:\/\/seae-embu.org\/org.br\/projeto-j-eco\/\">Projeto J-ECO<\/a><\/b><\/span><\/span><\/p>\t\t\t\t\t\t\t\t<\/div>\n\t\t\t\t<\/div>\n\t\t\t\t<div class=\"elementor-element elementor-element-0a67052 elementor-widget elementor-widget-text-editor\" data-id=\"0a67052\" data-element_type=\"widget\" data-e-type=\"widget\" data-widget_type=\"text-editor.default\">\n\t\t\t\t<div class=\"elementor-widget-container\">\n\t\t\t\t\t\t\t\t\t<p><span style=\"color: #0b9444; font-family: Roboto, sans-serif;\"><span style=\"font-size: 18px;\"><b><a href=\"https:\/\/seae-embu.org\/org.br\/projeto-programa-de-jovens\/\">Projeto Programa de Jovens<\/a><\/b><\/span><\/span><\/p>\t\t\t\t\t\t\t\t<\/div>\n\t\t\t\t<\/div>\n\t\t\t\t<div class=\"elementor-element elementor-element-9404774 elementor-widget elementor-widget-text-editor\" data-id=\"9404774\" data-element_type=\"widget\" data-e-type=\"widget\" data-widget_type=\"text-editor.default\">\n\t\t\t\t<div class=\"elementor-widget-container\">\n\t\t\t\t\t\t\t\t\t<p><span style=\"color: #0b9444; font-family: Roboto, sans-serif;\"><span style=\"font-size: 18px;\"><b><a href=\"https:\/\/seae-embu.org\/anterior\/projetos\/realizados\/cinedebate-a-lei-da-agua\/ e https:\/\/seae-embu.org\/anterior\/cinedebate-a-lei-da-agua\/\">Cinedebate \u2013 A LEI DA \u00c1GUA<\/a><\/b><\/span><\/span><\/p>\t\t\t\t\t\t\t\t<\/div>\n\t\t\t\t<\/div>\n\t\t\t\t\t<\/div>\n\t\t<\/div>\n\t\t\t\t\t<\/div>\n\t\t<\/section>\n\t\t\t\t<\/div>\n\t\t","protected":false},"excerpt":{"rendered":"<p>Comunidec Sua Vida Projeto Olimp\u00edada do saneamento Projeto Plantando Jardim Filtrante e \u00c1gua Boa Projeto Base de dados e informa\u00e7\u00f5es socioambientais para a restaura\u00e7\u00e3o ecol\u00f3gica da Bacia Hidrogr\u00e1fica do Ribeir\u00e3o Ressaca Projeto<\/p>\n<a class=\"moretag noptoppad\" href=\"https:\/\/seae-embu.org\/org.br\/projetos-concluidos\/\">Read More...<\/a>","protected":false},"author":1,"featured_media":0,"parent":0,"menu_order":0,"comment_status":"closed","ping_status":"closed","template":"","meta":{"_eb_attr":"","footnotes":""},"class_list":["post-2897","page","type-page","status-publish","hentry"],"_links":{"self":[{"href":"https:\/\/seae-embu.org\/org.br\/wp-json\/wp\/v2\/pages\/2897","targetHints":{"allow":["GET"]}}],"collection":[{"href":"https:\/\/seae-embu.org\/org.br\/wp-json\/wp\/v2\/pages"}],"about":[{"href":"https:\/\/seae-embu.org\/org.br\/wp-json\/wp\/v2\/types\/page"}],"author":[{"embeddable":true,"href":"https:\/\/seae-embu.org\/org.br\/wp-json\/wp\/v2\/users\/1"}],"replies":[{"embeddable":true,"href":"https:\/\/seae-embu.org\/org.br\/wp-json\/wp\/v2\/comments?post=2897"}],"version-history":[{"count":37,"href":"https:\/\/seae-embu.org\/org.br\/wp-json\/wp\/v2\/pages\/2897\/revisions"}],"predecessor-version":[{"id":6300,"href":"https:\/\/seae-embu.org\/org.br\/wp-json\/wp\/v2\/pages\/2897\/revisions\/6300"}],"wp:attachment":[{"href":"https:\/\/seae-embu.org\/org.br\/wp-json\/wp\/v2\/media?parent=2897"}],"curies":[{"name":"wp","href":"https:\/\/api.w.org\/{rel}","templated":true}]}}