{"id":1105,"date":"2022-05-20T21:02:08","date_gmt":"2022-05-20T18:02:08","guid":{"rendered":"https:\/\/seaembu.org.br\/?page_id=1105"},"modified":"2022-05-30T19:11:52","modified_gmt":"2022-05-30T16:11:52","slug":"robocid-cotia-curso-robotica","status":"publish","type":"page","link":"https:\/\/seae-embu.org\/org.br\/robocid-cotia-curso-robotica\/","title":{"rendered":"RoboCID"},"content":{"rendered":"\t\t<div data-elementor-type=\"wp-page\" data-elementor-id=\"1105\" class=\"elementor elementor-1105\">\n\t\t\t\t\t\t<section class=\"elementor-section elementor-top-section elementor-element elementor-element-180b1728 elementor-section-boxed elementor-section-height-default elementor-section-height-default\" data-id=\"180b1728\" data-element_type=\"section\" data-e-type=\"section\">\n\t\t\t\t\t\t<div class=\"elementor-container elementor-column-gap-default\">\n\t\t\t\t\t<div class=\"elementor-column elementor-col-50 elementor-top-column elementor-element elementor-element-1739ca35\" data-id=\"1739ca35\" data-element_type=\"column\" data-e-type=\"column\">\n\t\t\t<div class=\"elementor-widget-wrap elementor-element-populated\">\n\t\t\t\t\t\t<div class=\"elementor-element elementor-element-7d6cc32e elementor-widget elementor-widget-heading\" data-id=\"7d6cc32e\" data-element_type=\"widget\" data-e-type=\"widget\" data-widget_type=\"heading.default\">\n\t\t\t\t<div class=\"elementor-widget-container\">\n\t\t\t\t\t<h2 class=\"elementor-heading-title elementor-size-default\">RoboCID - Aulas de Rob\u00f3tica<\/h2>\t\t\t\t<\/div>\n\t\t\t\t<\/div>\n\t\t\t\t<div class=\"elementor-element elementor-element-22da563a elementor-widget elementor-widget-text-editor\" data-id=\"22da563a\" data-element_type=\"widget\" data-e-type=\"widget\" data-widget_type=\"text-editor.default\">\n\t\t\t\t<div class=\"elementor-widget-container\">\n\t\t\t\t\t\t\t\t\t<p><span style=\"color: var( --e-global-color-text ); font-family: var( --e-global-typography-text-font-family ), Sans-serif; font-weight: var( --e-global-typography-text-font-weight );\">O projeto promove aulas gratuitas de rob\u00f3tica a jovens com idade de 11 e 17 anos. Durante as aulas eles entram em contato com a inform\u00e1tica, mec\u00e2nica, programa\u00e7\u00e3o e engenharia.<\/span><br><\/p>\n<p>Por meio do trabalho em equipe os jovens s\u00e3o&nbsp; estimulados a criarem e programarem rob\u00f4s que possam resolver situa\u00e7\u00f5es problema e t\u00eam oportunidade de desenvolver conceitos importantes para a vida, como o respeito ao meio ambiente, a \u00e9tica e a cidadania, al\u00e9m de terem a criatividade estimulada.<\/p>\n<p><\/p>\t\t\t\t\t\t\t\t<\/div>\n\t\t\t\t<\/div>\n\t\t\t\t\t<\/div>\n\t\t<\/div>\n\t\t\t\t<div class=\"elementor-column elementor-col-50 elementor-top-column elementor-element elementor-element-7b68b802\" data-id=\"7b68b802\" data-element_type=\"column\" data-e-type=\"column\">\n\t\t\t<div class=\"elementor-widget-wrap elementor-element-populated\">\n\t\t\t\t\t\t<div class=\"elementor-element elementor-element-19236d4 elementor-widget elementor-widget-image\" data-id=\"19236d4\" data-element_type=\"widget\" data-e-type=\"widget\" data-widget_type=\"image.default\">\n\t\t\t\t<div class=\"elementor-widget-container\">\n\t\t\t\t\t\t\t\t\t\t\t\t\t\t\t<img fetchpriority=\"high\" decoding=\"async\" width=\"604\" height=\"506\" src=\"https:\/\/seae-embu.org\/org.br\/wp-content\/uploads\/2022\/05\/projeto-robocid.jpg\" class=\"attachment-large size-large wp-image-1111\" alt=\"\" srcset=\"https:\/\/seae-embu.org\/org.br\/wp-content\/uploads\/2022\/05\/projeto-robocid.jpg 940w, https:\/\/seae-embu.org\/org.br\/wp-content\/uploads\/2022\/05\/projeto-robocid-300x251.jpg 300w, https:\/\/seae-embu.org\/org.br\/wp-content\/uploads\/2022\/05\/projeto-robocid-768x644.jpg 768w\" sizes=\"(max-width: 604px) 100vw, 604px\" \/>\t\t\t\t\t\t\t\t\t\t\t\t\t\t\t<\/div>\n\t\t\t\t<\/div>\n\t\t\t\t\t<\/div>\n\t\t<\/div>\n\t\t\t\t\t<\/div>\n\t\t<\/section>\n\t\t\t\t<section class=\"elementor-section elementor-top-section elementor-element elementor-element-7a80bd2 elementor-section-boxed elementor-section-height-default elementor-section-height-default\" data-id=\"7a80bd2\" data-element_type=\"section\" data-e-type=\"section\">\n\t\t\t\t\t\t<div class=\"elementor-container elementor-column-gap-default\">\n\t\t\t\t\t<div class=\"elementor-column elementor-col-50 elementor-top-column elementor-element elementor-element-a09e668\" data-id=\"a09e668\" data-element_type=\"column\" data-e-type=\"column\">\n\t\t\t<div class=\"elementor-widget-wrap elementor-element-populated\">\n\t\t\t\t\t\t<div class=\"elementor-element elementor-element-c8ad53b elementor-widget elementor-widget-image\" data-id=\"c8ad53b\" data-element_type=\"widget\" data-e-type=\"widget\" data-widget_type=\"image.default\">\n\t\t\t\t<div class=\"elementor-widget-container\">\n\t\t\t\t\t\t\t\t\t\t\t\t\t\t\t<img decoding=\"async\" width=\"300\" height=\"238\" src=\"https:\/\/seae-embu.org\/org.br\/wp-content\/uploads\/2022\/05\/robocid-trofeu-300x238-1.jpg\" class=\"attachment-large size-large wp-image-1112\" alt=\"\" \/>\t\t\t\t\t\t\t\t\t\t\t\t\t\t\t<\/div>\n\t\t\t\t<\/div>\n\t\t\t\t\t<\/div>\n\t\t<\/div>\n\t\t\t\t<div class=\"elementor-column elementor-col-50 elementor-top-column elementor-element elementor-element-9e40d42\" data-id=\"9e40d42\" data-element_type=\"column\" data-e-type=\"column\">\n\t\t\t<div class=\"elementor-widget-wrap elementor-element-populated\">\n\t\t\t\t\t\t<div class=\"elementor-element elementor-element-caf2c0f elementor-widget elementor-widget-text-editor\" data-id=\"caf2c0f\" data-element_type=\"widget\" data-e-type=\"widget\" data-widget_type=\"text-editor.default\">\n\t\t\t\t<div class=\"elementor-widget-container\">\n\t\t\t\t\t\t\t\t\t<p><span style=\"color: var( --e-global-color-text ); font-family: var( --e-global-typography-text-font-family ), Sans-serif; font-weight: var( --e-global-typography-text-font-weight );\">Ao participar desde 2010 dos torneios e Encontros promovidos pelos representantes da Lego no Brasil o Instituto Aprender Fazendo \u2013 IAF e a Zoom, os educandos do CID desenvolverem as atividades relacionadas aos temas propostos a cada ano e estes educandos constroem e programam rob\u00f4s para com base em estrat\u00e9gias e desenvolvimento de trabalho em equipe, realizar as miss\u00f5es.<\/span><\/p><p>Em 2012 a equipe de rob\u00f3tica do CID chamada ROBOCID, foi campe\u00e3 do torneio onde o tema era \u201ca crian\u00e7a segura\u201d levando o trof\u00e9u de 1\u00ba colocado no torneio de rob\u00f4s e de 2\u00ba lugar na anima\u00e7\u00e3o em stop motion.<\/p><p>\u00a0<\/p>\t\t\t\t\t\t\t\t<\/div>\n\t\t\t\t<\/div>\n\t\t\t\t\t<\/div>\n\t\t<\/div>\n\t\t\t\t\t<\/div>\n\t\t<\/section>\n\t\t\t\t<section class=\"elementor-section elementor-top-section elementor-element elementor-element-6fb862b elementor-section-boxed elementor-section-height-default elementor-section-height-default\" data-id=\"6fb862b\" data-element_type=\"section\" data-e-type=\"section\">\n\t\t\t\t\t\t<div class=\"elementor-container elementor-column-gap-default\">\n\t\t\t\t\t<div class=\"elementor-column elementor-col-50 elementor-top-column elementor-element elementor-element-0b4cb00\" data-id=\"0b4cb00\" data-element_type=\"column\" data-e-type=\"column\">\n\t\t\t<div class=\"elementor-widget-wrap elementor-element-populated\">\n\t\t\t\t\t\t<div class=\"elementor-element elementor-element-87bc4e6 elementor-widget elementor-widget-heading\" data-id=\"87bc4e6\" data-element_type=\"widget\" data-e-type=\"widget\" data-widget_type=\"heading.default\">\n\t\t\t\t<div class=\"elementor-widget-container\">\n\t\t\t\t\t<h2 class=\"elementor-heading-title elementor-size-default\">Papel dos Educadores<\/h2>\t\t\t\t<\/div>\n\t\t\t\t<\/div>\n\t\t\t\t<div class=\"elementor-element elementor-element-14ce5ce elementor-widget elementor-widget-text-editor\" data-id=\"14ce5ce\" data-element_type=\"widget\" data-e-type=\"widget\" data-widget_type=\"text-editor.default\">\n\t\t\t\t<div class=\"elementor-widget-container\">\n\t\t\t\t\t\t\t\t\t<ul><li><span style=\"color: var( --e-global-color-text ); font-family: var( --e-global-typography-text-font-family ), Sans-serif; font-weight: var( --e-global-typography-text-font-weight );\">Criar situa\u00e7\u00f5es que estimulem os educandos a pensar nas dificuldades que passam em suas casas, escolas e comunidades por falta de uma educa\u00e7\u00e3o de qualidade;<\/span><\/li><li>Ajudar os educandos a identificarem metodologias pedagogias supermodernas e diferenciadas de ensino, materiais e locais diferentes para aprender;<\/li><li>Criar, em conjunto com os jovens, novas maneiras de pesquisar, usando a tecnologia e\u00a0 com ferramentas modernas.<\/li><li>Buscar sempre os benef\u00edcios de uma nova forma de atua\u00e7\u00e3o educacional, uma que aproveita inteligentemente as novas tecnologias e os novos conceitos de aprendizagem.<\/li><\/ul>\t\t\t\t\t\t\t\t<\/div>\n\t\t\t\t<\/div>\n\t\t\t\t\t<\/div>\n\t\t<\/div>\n\t\t\t\t<div class=\"elementor-column elementor-col-50 elementor-top-column elementor-element elementor-element-379c658\" data-id=\"379c658\" data-element_type=\"column\" data-e-type=\"column\" data-settings=\"{&quot;background_background&quot;:&quot;gradient&quot;}\">\n\t\t\t<div class=\"elementor-widget-wrap elementor-element-populated\">\n\t\t\t\t\t\t<div class=\"elementor-element elementor-element-702ab55 elementor-widget elementor-widget-heading\" data-id=\"702ab55\" data-element_type=\"widget\" data-e-type=\"widget\" data-widget_type=\"heading.default\">\n\t\t\t\t<div class=\"elementor-widget-container\">\n\t\t\t\t\t<h3 class=\"elementor-heading-title elementor-size-default\">O que \u00e9 o CID Ambiental<\/h3>\t\t\t\t<\/div>\n\t\t\t\t<\/div>\n\t\t\t\t<div class=\"elementor-element elementor-element-9a395d5 elementor-widget elementor-widget-text-editor\" data-id=\"9a395d5\" data-element_type=\"widget\" data-e-type=\"widget\" data-widget_type=\"text-editor.default\">\n\t\t\t\t<div class=\"elementor-widget-container\">\n\t\t\t\t\t\t\t\t\t<p><span style=\"color: #ffffff; font-family: var( --e-global-typography-text-font-family ), Sans-serif; font-weight: var( --e-global-typography-text-font-weight );\">Inaugurado em 19 de maio de 2007, o projeto CID Ambiental em Embu das Artes \u00e9 fruto de uma parceria entre a Funda\u00e7\u00e3o Bradesco a Mineradora de \u00c1gua Mineral Natural Embu (Fonte dos Jesu\u00edtas) e a SEAE \u2013 Sociedade Ecol\u00f3gica Amigos de Embu. No Projeto de inclus\u00e3o digital os participantes interagem diretamente com a tecnologia para assim, aprender suas principais propriedades e potencialidades, podendo colocar em pr\u00e1tica as in\u00fameras a\u00e7\u00f5es requeridas atualmente de qualquer cidad\u00e3o, j\u00e1 que o computador se tornou uma ferramenta indispens\u00e1vel tamb\u00e9m no lar, n\u00e3o apenas nas empresas.<\/span><\/p><p><span style=\"color: #ffffff;\">O Projeto CID Ambiental iniciou suas atividades atendendo a esta demanda por cursos de inform\u00e1tica b\u00e1sicos e avan\u00e7ados, hoje ele oferece tamb\u00e9m a oportunidade de jovens entre 9 e 17 anos o contato com a rob\u00f3tica educacional da Lego.<\/span><\/p>\t\t\t\t\t\t\t\t<\/div>\n\t\t\t\t<\/div>\n\t\t\t\t\t<\/div>\n\t\t<\/div>\n\t\t\t\t\t<\/div>\n\t\t<\/section>\n\t\t\t\t<section class=\"elementor-section elementor-top-section elementor-element elementor-element-e1d36da elementor-section-boxed elementor-section-height-default elementor-section-height-default\" data-id=\"e1d36da\" data-element_type=\"section\" data-e-type=\"section\">\n\t\t\t\t\t\t<div class=\"elementor-container elementor-column-gap-default\">\n\t\t\t\t\t<div class=\"elementor-column elementor-col-100 elementor-top-column elementor-element elementor-element-d16dc4d\" data-id=\"d16dc4d\" data-element_type=\"column\" data-e-type=\"column\">\n\t\t\t<div class=\"elementor-widget-wrap\">\n\t\t\t\t\t\t\t<\/div>\n\t\t<\/div>\n\t\t\t\t\t<\/div>\n\t\t<\/section>\n\t\t\t\t<\/div>\n\t\t","protected":false},"excerpt":{"rendered":"<p>RoboCID &#8211; Aulas de Rob\u00f3tica O projeto promove aulas gratuitas de rob\u00f3tica a jovens com idade de 11 e 17 anos. Durante as aulas eles entram em contato com a inform\u00e1tica, mec\u00e2nica,<\/p>\n<a class=\"moretag noptoppad\" href=\"https:\/\/seae-embu.org\/org.br\/robocid-cotia-curso-robotica\/\">Read More...<\/a>","protected":false},"author":1,"featured_media":0,"parent":0,"menu_order":0,"comment_status":"closed","ping_status":"closed","template":"","meta":{"_eb_attr":"","footnotes":""},"class_list":["post-1105","page","type-page","status-publish","hentry"],"_links":{"self":[{"href":"https:\/\/seae-embu.org\/org.br\/wp-json\/wp\/v2\/pages\/1105","targetHints":{"allow":["GET"]}}],"collection":[{"href":"https:\/\/seae-embu.org\/org.br\/wp-json\/wp\/v2\/pages"}],"about":[{"href":"https:\/\/seae-embu.org\/org.br\/wp-json\/wp\/v2\/types\/page"}],"author":[{"embeddable":true,"href":"https:\/\/seae-embu.org\/org.br\/wp-json\/wp\/v2\/users\/1"}],"replies":[{"embeddable":true,"href":"https:\/\/seae-embu.org\/org.br\/wp-json\/wp\/v2\/comments?post=1105"}],"version-history":[{"count":42,"href":"https:\/\/seae-embu.org\/org.br\/wp-json\/wp\/v2\/pages\/1105\/revisions"}],"predecessor-version":[{"id":1677,"href":"https:\/\/seae-embu.org\/org.br\/wp-json\/wp\/v2\/pages\/1105\/revisions\/1677"}],"wp:attachment":[{"href":"https:\/\/seae-embu.org\/org.br\/wp-json\/wp\/v2\/media?parent=1105"}],"curies":[{"name":"wp","href":"https:\/\/api.w.org\/{rel}","templated":true}]}}