{"id":1073,"date":"2022-05-20T20:33:51","date_gmt":"2022-05-20T17:33:51","guid":{"rendered":"https:\/\/seaembu.org.br\/?page_id=1073"},"modified":"2022-06-03T22:16:54","modified_gmt":"2022-06-03T19:16:54","slug":"horta-vertical","status":"publish","type":"page","link":"https:\/\/seae-embu.org\/org.br\/horta-vertical\/","title":{"rendered":"Projeto Horta Vertical"},"content":{"rendered":"\t\t<div data-elementor-type=\"wp-page\" data-elementor-id=\"1073\" class=\"elementor elementor-1073\">\n\t\t\t\t\t\t<section class=\"elementor-section elementor-top-section elementor-element elementor-element-55a7e0c elementor-section-boxed elementor-section-height-default elementor-section-height-default\" data-id=\"55a7e0c\" data-element_type=\"section\" data-e-type=\"section\">\n\t\t\t\t\t\t<div class=\"elementor-container elementor-column-gap-default\">\n\t\t\t\t\t<div class=\"elementor-column elementor-col-50 elementor-top-column elementor-element elementor-element-18ecba6\" data-id=\"18ecba6\" data-element_type=\"column\" data-e-type=\"column\">\n\t\t\t<div class=\"elementor-widget-wrap elementor-element-populated\">\n\t\t\t\t\t\t<div class=\"elementor-element elementor-element-37bc529 elementor-widget elementor-widget-heading\" data-id=\"37bc529\" data-element_type=\"widget\" data-e-type=\"widget\" data-widget_type=\"heading.default\">\n\t\t\t\t<div class=\"elementor-widget-container\">\n\t\t\t\t\t<h2 class=\"elementor-heading-title elementor-size-default\">Projeto Horta Vertical - SEAE<\/h2>\t\t\t\t<\/div>\n\t\t\t\t<\/div>\n\t\t\t\t<div class=\"elementor-element elementor-element-cbec155 elementor-widget elementor-widget-text-editor\" data-id=\"cbec155\" data-element_type=\"widget\" data-e-type=\"widget\" data-widget_type=\"text-editor.default\">\n\t\t\t\t<div class=\"elementor-widget-container\">\n\t\t\t\t\t\t\t\t\t<p>Iniciadas em 2016, as oficinas pr\u00e1ticas para o plantio de pequenas hortas a serem disponibilizadas verticalmente, com a utiliza\u00e7\u00e3o de materiais reciclados, tem por finalidade apresentar ao p\u00fablico alternativas para o plantio de flores, frutos e hortali\u00e7as, visando a import\u00e2ncia dos alimentos org\u00e2nicos para a sa\u00fade.<\/p><p><span style=\"color: var( --e-global-color-text ); font-family: var( --e-global-typography-text-font-family ), Sans-serif; font-weight: var( --e-global-typography-text-font-weight );\">S\u00e3o abordadas, tamb\u00e9m, quest\u00f5es de reciclagem do material pet utilizado na a\u00e7\u00e3o; de economia de \u00e1gua utilizada na rega, possibilitada pelo modelo adotado do conjunto, entre outros temas.<\/span><\/p><p><span style=\"color: var( --e-global-color-text ); font-family: var( --e-global-typography-text-font-family ), Sans-serif; font-weight: var( --e-global-typography-text-font-weight );\">Dezenas de pessoas j\u00e1 foram atendidas. Podem participar institui\u00e7\u00f5es de ensino, empresas e demais grupos interessados.<\/span><\/p><p><span style=\"color: var( --e-global-color-text ); font-family: var( --e-global-typography-text-font-family ), Sans-serif; font-weight: var( --e-global-typography-text-font-weight );\">Cada oficina dura em torno de tr\u00eas a quatro horas.<\/span><\/p>\t\t\t\t\t\t\t\t<\/div>\n\t\t\t\t<\/div>\n\t\t\t\t\t<\/div>\n\t\t<\/div>\n\t\t\t\t<div class=\"elementor-column elementor-col-50 elementor-top-column elementor-element elementor-element-2d5028f\" data-id=\"2d5028f\" data-element_type=\"column\" data-e-type=\"column\">\n\t\t\t<div class=\"elementor-widget-wrap elementor-element-populated\">\n\t\t\t\t\t\t<div class=\"elementor-element elementor-element-bad5972 gallery-spacing-custom elementor-widget elementor-widget-image-gallery\" data-id=\"bad5972\" data-element_type=\"widget\" data-e-type=\"widget\" data-widget_type=\"image-gallery.default\">\n\t\t\t\t<div class=\"elementor-widget-container\">\n\t\t\t\t\t\t\t<div class=\"elementor-image-gallery\">\n\t\t\t<div id='gallery-1' class='gallery galleryid-1073 gallery-columns-3 gallery-size-medium'><dl class='gallery-item'>\n\t\t\t<dt class='gallery-icon landscape'>\n\t\t\t\t<a data-elementor-open-lightbox=\"yes\" data-elementor-lightbox-slideshow=\"bad5972\" data-elementor-lightbox-title=\"Flor-cravina-vermelha-150x150\" data-e-action-hash=\"#elementor-action%3Aaction%3Dlightbox%26settings%3DeyJpZCI6MTA3OCwidXJsIjoiaHR0cHM6XC9cL3NlYWUtZW1idS5vcmdcL29yZy5iclwvd3AtY29udGVudFwvdXBsb2Fkc1wvMjAyMlwvMDVcL0Zsb3ItY3JhdmluYS12ZXJtZWxoYS0xNTB4MTUwLTEuanBnIiwic2xpZGVzaG93IjoiYmFkNTk3MiJ9\" href='https:\/\/seae-embu.org\/org.br\/wp-content\/uploads\/2022\/05\/Flor-cravina-vermelha-150x150-1.jpg'><img decoding=\"async\" width=\"150\" height=\"150\" src=\"https:\/\/seae-embu.org\/org.br\/wp-content\/uploads\/2022\/05\/Flor-cravina-vermelha-150x150-1.jpg\" class=\"attachment-medium size-medium\" alt=\"\" \/><\/a>\n\t\t\t<\/dt><\/dl><dl class='gallery-item'>\n\t\t\t<dt class='gallery-icon landscape'>\n\t\t\t\t<a data-elementor-open-lightbox=\"yes\" data-elementor-lightbox-slideshow=\"bad5972\" data-elementor-lightbox-title=\"Flor-margarida-amarela-150x150\" data-e-action-hash=\"#elementor-action%3Aaction%3Dlightbox%26settings%3DeyJpZCI6MTA3OSwidXJsIjoiaHR0cHM6XC9cL3NlYWUtZW1idS5vcmdcL29yZy5iclwvd3AtY29udGVudFwvdXBsb2Fkc1wvMjAyMlwvMDVcL0Zsb3ItbWFyZ2FyaWRhLWFtYXJlbGEtMTUweDE1MC0xLmpwZyIsInNsaWRlc2hvdyI6ImJhZDU5NzIifQ%3D%3D\" href='https:\/\/seae-embu.org\/org.br\/wp-content\/uploads\/2022\/05\/Flor-margarida-amarela-150x150-1.jpg'><img decoding=\"async\" width=\"150\" height=\"150\" src=\"https:\/\/seae-embu.org\/org.br\/wp-content\/uploads\/2022\/05\/Flor-margarida-amarela-150x150-1.jpg\" class=\"attachment-medium size-medium\" alt=\"\" \/><\/a>\n\t\t\t<\/dt><\/dl><dl class='gallery-item'>\n\t\t\t<dt class='gallery-icon landscape'>\n\t\t\t\t<a data-elementor-open-lightbox=\"yes\" data-elementor-lightbox-slideshow=\"bad5972\" data-elementor-lightbox-title=\"Morango-150x150\" data-e-action-hash=\"#elementor-action%3Aaction%3Dlightbox%26settings%3DeyJpZCI6MTA4MCwidXJsIjoiaHR0cHM6XC9cL3NlYWUtZW1idS5vcmdcL29yZy5iclwvd3AtY29udGVudFwvdXBsb2Fkc1wvMjAyMlwvMDVcL01vcmFuZ28tMTUweDE1MC0xLmpwZyIsInNsaWRlc2hvdyI6ImJhZDU5NzIifQ%3D%3D\" href='https:\/\/seae-embu.org\/org.br\/wp-content\/uploads\/2022\/05\/Morango-150x150-1.jpg'><img decoding=\"async\" width=\"150\" height=\"150\" src=\"https:\/\/seae-embu.org\/org.br\/wp-content\/uploads\/2022\/05\/Morango-150x150-1.jpg\" class=\"attachment-medium size-medium\" alt=\"\" \/><\/a>\n\t\t\t<\/dt><\/dl><br style=\"clear: both\" \/><dl class='gallery-item'>\n\t\t\t<dt class='gallery-icon landscape'>\n\t\t\t\t<a data-elementor-open-lightbox=\"yes\" data-elementor-lightbox-slideshow=\"bad5972\" data-elementor-lightbox-title=\"Salsinha-150x150\" data-e-action-hash=\"#elementor-action%3Aaction%3Dlightbox%26settings%3DeyJpZCI6MTA4MSwidXJsIjoiaHR0cHM6XC9cL3NlYWUtZW1idS5vcmdcL29yZy5iclwvd3AtY29udGVudFwvdXBsb2Fkc1wvMjAyMlwvMDVcL1NhbHNpbmhhLTE1MHgxNTAtMS5qcGciLCJzbGlkZXNob3ciOiJiYWQ1OTcyIn0%3D\" href='https:\/\/seae-embu.org\/org.br\/wp-content\/uploads\/2022\/05\/Salsinha-150x150-1.jpg'><img loading=\"lazy\" decoding=\"async\" width=\"150\" height=\"150\" src=\"https:\/\/seae-embu.org\/org.br\/wp-content\/uploads\/2022\/05\/Salsinha-150x150-1.jpg\" class=\"attachment-medium size-medium\" alt=\"\" \/><\/a>\n\t\t\t<\/dt><\/dl><dl class='gallery-item'>\n\t\t\t<dt class='gallery-icon landscape'>\n\t\t\t\t<a data-elementor-open-lightbox=\"yes\" data-elementor-lightbox-slideshow=\"bad5972\" data-elementor-lightbox-title=\"Alface-150x150\" data-e-action-hash=\"#elementor-action%3Aaction%3Dlightbox%26settings%3DeyJpZCI6MTA4MiwidXJsIjoiaHR0cHM6XC9cL3NlYWUtZW1idS5vcmdcL29yZy5iclwvd3AtY29udGVudFwvdXBsb2Fkc1wvMjAyMlwvMDVcL0FsZmFjZS0xNTB4MTUwLTEuanBnIiwic2xpZGVzaG93IjoiYmFkNTk3MiJ9\" href='https:\/\/seae-embu.org\/org.br\/wp-content\/uploads\/2022\/05\/Alface-150x150-1.jpg'><img loading=\"lazy\" decoding=\"async\" width=\"150\" height=\"150\" src=\"https:\/\/seae-embu.org\/org.br\/wp-content\/uploads\/2022\/05\/Alface-150x150-1.jpg\" class=\"attachment-medium size-medium\" alt=\"\" \/><\/a>\n\t\t\t<\/dt><\/dl><dl class='gallery-item'>\n\t\t\t<dt class='gallery-icon landscape'>\n\t\t\t\t<a data-elementor-open-lightbox=\"yes\" data-elementor-lightbox-slideshow=\"bad5972\" data-elementor-lightbox-title=\"Cebolinha-150x150\" data-e-action-hash=\"#elementor-action%3Aaction%3Dlightbox%26settings%3DeyJpZCI6MTA4MywidXJsIjoiaHR0cHM6XC9cL3NlYWUtZW1idS5vcmdcL29yZy5iclwvd3AtY29udGVudFwvdXBsb2Fkc1wvMjAyMlwvMDVcL0NlYm9saW5oYS0xNTB4MTUwLTEuanBnIiwic2xpZGVzaG93IjoiYmFkNTk3MiJ9\" href='https:\/\/seae-embu.org\/org.br\/wp-content\/uploads\/2022\/05\/Cebolinha-150x150-1.jpg'><img loading=\"lazy\" decoding=\"async\" width=\"150\" height=\"150\" src=\"https:\/\/seae-embu.org\/org.br\/wp-content\/uploads\/2022\/05\/Cebolinha-150x150-1.jpg\" class=\"attachment-medium size-medium\" alt=\"\" \/><\/a>\n\t\t\t<\/dt><\/dl><br style=\"clear: both\" \/><dl class='gallery-item'>\n\t\t\t<dt class='gallery-icon landscape'>\n\t\t\t\t<a data-elementor-open-lightbox=\"yes\" data-elementor-lightbox-slideshow=\"bad5972\" data-elementor-lightbox-title=\"Etapa-5-colocar-terra-1-150x150\" data-e-action-hash=\"#elementor-action%3Aaction%3Dlightbox%26settings%3DeyJpZCI6MTA4NCwidXJsIjoiaHR0cHM6XC9cL3NlYWUtZW1idS5vcmdcL29yZy5iclwvd3AtY29udGVudFwvdXBsb2Fkc1wvMjAyMlwvMDVcL0V0YXBhLTUtY29sb2Nhci10ZXJyYS0xLTE1MHgxNTAtMS5qcGciLCJzbGlkZXNob3ciOiJiYWQ1OTcyIn0%3D\" href='https:\/\/seae-embu.org\/org.br\/wp-content\/uploads\/2022\/05\/Etapa-5-colocar-terra-1-150x150-1.jpg'><img loading=\"lazy\" decoding=\"async\" width=\"150\" height=\"150\" src=\"https:\/\/seae-embu.org\/org.br\/wp-content\/uploads\/2022\/05\/Etapa-5-colocar-terra-1-150x150-1.jpg\" class=\"attachment-medium size-medium\" alt=\"\" \/><\/a>\n\t\t\t<\/dt><\/dl><dl class='gallery-item'>\n\t\t\t<dt class='gallery-icon landscape'>\n\t\t\t\t<a data-elementor-open-lightbox=\"yes\" data-elementor-lightbox-slideshow=\"bad5972\" data-elementor-lightbox-title=\"Etapa-5-colocar-terra-2-150x150\" data-e-action-hash=\"#elementor-action%3Aaction%3Dlightbox%26settings%3DeyJpZCI6MTA4NSwidXJsIjoiaHR0cHM6XC9cL3NlYWUtZW1idS5vcmdcL29yZy5iclwvd3AtY29udGVudFwvdXBsb2Fkc1wvMjAyMlwvMDVcL0V0YXBhLTUtY29sb2Nhci10ZXJyYS0yLTE1MHgxNTAtMS5qcGciLCJzbGlkZXNob3ciOiJiYWQ1OTcyIn0%3D\" href='https:\/\/seae-embu.org\/org.br\/wp-content\/uploads\/2022\/05\/Etapa-5-colocar-terra-2-150x150-1.jpg'><img loading=\"lazy\" decoding=\"async\" width=\"150\" height=\"150\" src=\"https:\/\/seae-embu.org\/org.br\/wp-content\/uploads\/2022\/05\/Etapa-5-colocar-terra-2-150x150-1.jpg\" class=\"attachment-medium size-medium\" alt=\"\" \/><\/a>\n\t\t\t<\/dt><\/dl><dl class='gallery-item'>\n\t\t\t<dt class='gallery-icon landscape'>\n\t\t\t\t<a data-elementor-open-lightbox=\"yes\" data-elementor-lightbox-slideshow=\"bad5972\" data-elementor-lightbox-title=\"Flor-campo-roxa-150x150\" data-e-action-hash=\"#elementor-action%3Aaction%3Dlightbox%26settings%3DeyJpZCI6MTA4NiwidXJsIjoiaHR0cHM6XC9cL3NlYWUtZW1idS5vcmdcL29yZy5iclwvd3AtY29udGVudFwvdXBsb2Fkc1wvMjAyMlwvMDVcL0Zsb3ItY2FtcG8tcm94YS0xNTB4MTUwLTEuanBnIiwic2xpZGVzaG93IjoiYmFkNTk3MiJ9\" href='https:\/\/seae-embu.org\/org.br\/wp-content\/uploads\/2022\/05\/Flor-campo-roxa-150x150-1.jpg'><img loading=\"lazy\" decoding=\"async\" width=\"150\" height=\"150\" src=\"https:\/\/seae-embu.org\/org.br\/wp-content\/uploads\/2022\/05\/Flor-campo-roxa-150x150-1.jpg\" class=\"attachment-medium size-medium\" alt=\"\" \/><\/a>\n\t\t\t<\/dt><\/dl><br style=\"clear: both\" \/>\n\t\t<\/div>\n\t\t<\/div>\n\t\t\t\t\t\t<\/div>\n\t\t\t\t<\/div>\n\t\t\t\t\t<\/div>\n\t\t<\/div>\n\t\t\t\t\t<\/div>\n\t\t<\/section>\n\t\t\t\t<section class=\"elementor-section elementor-top-section elementor-element elementor-element-4c0d970 elementor-section-boxed elementor-section-height-default elementor-section-height-default\" data-id=\"4c0d970\" data-element_type=\"section\" data-e-type=\"section\">\n\t\t\t\t\t\t<div class=\"elementor-container elementor-column-gap-default\">\n\t\t\t\t\t<div class=\"elementor-column elementor-col-100 elementor-top-column elementor-element elementor-element-406c60b\" data-id=\"406c60b\" data-element_type=\"column\" data-e-type=\"column\">\n\t\t\t<div class=\"elementor-widget-wrap\">\n\t\t\t\t\t\t\t<\/div>\n\t\t<\/div>\n\t\t\t\t\t<\/div>\n\t\t<\/section>\n\t\t\t\t<section class=\"elementor-section elementor-top-section elementor-element elementor-element-fa7db98 elementor-section-boxed elementor-section-height-default elementor-section-height-default\" data-id=\"fa7db98\" data-element_type=\"section\" data-e-type=\"section\">\n\t\t\t\t\t\t<div class=\"elementor-container elementor-column-gap-default\">\n\t\t\t\t\t<div class=\"elementor-column elementor-col-100 elementor-top-column elementor-element elementor-element-adb349f\" data-id=\"adb349f\" data-element_type=\"column\" data-e-type=\"column\">\n\t\t\t<div class=\"elementor-widget-wrap\">\n\t\t\t\t\t\t\t<\/div>\n\t\t<\/div>\n\t\t\t\t\t<\/div>\n\t\t<\/section>\n\t\t\t\t<\/div>\n\t\t","protected":false},"excerpt":{"rendered":"<p>Projeto Horta Vertical &#8211; SEAE Iniciadas em 2016, as oficinas pr\u00e1ticas para o plantio de pequenas hortas a serem disponibilizadas verticalmente, com a utiliza\u00e7\u00e3o de materiais reciclados, tem por finalidade apresentar ao<\/p>\n<a class=\"moretag noptoppad\" href=\"https:\/\/seae-embu.org\/org.br\/horta-vertical\/\">Read More...<\/a>","protected":false},"author":1,"featured_media":0,"parent":0,"menu_order":0,"comment_status":"closed","ping_status":"closed","template":"","meta":{"_eb_attr":"","footnotes":""},"class_list":["post-1073","page","type-page","status-publish","hentry"],"_links":{"self":[{"href":"https:\/\/seae-embu.org\/org.br\/wp-json\/wp\/v2\/pages\/1073","targetHints":{"allow":["GET"]}}],"collection":[{"href":"https:\/\/seae-embu.org\/org.br\/wp-json\/wp\/v2\/pages"}],"about":[{"href":"https:\/\/seae-embu.org\/org.br\/wp-json\/wp\/v2\/types\/page"}],"author":[{"embeddable":true,"href":"https:\/\/seae-embu.org\/org.br\/wp-json\/wp\/v2\/users\/1"}],"replies":[{"embeddable":true,"href":"https:\/\/seae-embu.org\/org.br\/wp-json\/wp\/v2\/comments?post=1073"}],"version-history":[{"count":19,"href":"https:\/\/seae-embu.org\/org.br\/wp-json\/wp\/v2\/pages\/1073\/revisions"}],"predecessor-version":[{"id":1104,"href":"https:\/\/seae-embu.org\/org.br\/wp-json\/wp\/v2\/pages\/1073\/revisions\/1104"}],"wp:attachment":[{"href":"https:\/\/seae-embu.org\/org.br\/wp-json\/wp\/v2\/media?parent=1073"}],"curies":[{"name":"wp","href":"https:\/\/api.w.org\/{rel}","templated":true}]}}