{"id":9714,"date":"2020-01-07T12:43:10","date_gmt":"2020-01-07T12:43:10","guid":{"rendered":"https:\/\/seae-embu.org\/anterior\/seae\/?page_id=9714"},"modified":"2020-09-25T16:00:47","modified_gmt":"2020-09-25T16:00:47","slug":"projeto-olimpiada-do-saneamento-jovem-ativo-na-sua-comunidade","status":"publish","type":"page","link":"https:\/\/seae-embu.org\/anterior\/projetos\/em-andamento\/projeto-olimpiada-do-saneamento-jovem-ativo-na-sua-comunidade\/","title":{"rendered":"Projeto Olimp\u00edada do saneamento: jovem ativo na sua comunidade"},"content":{"rendered":"\r\n<p>O projeto Olimp\u00edada do Saneamento \u2013 Jovem ativo na sua comunidade desenvolvido pela SEAE com o apoio do Fundo Socioambiental Casa, tem o objetivo de conscientizar os alunos das escolas p\u00fablicas estaduais na cidade de Embu das Artes, levando oficinas para institui\u00e7\u00f5es, com intuito de promover maior envolvimento e mobiliza\u00e7\u00e3o da comunidade atrav\u00e9s da educa\u00e7\u00e3o ambiental para o saneamento e prote\u00e7\u00e3o aos mananciais.<\/p>\r\n\r\n\r\n\r\n<p>As atividades est\u00e3o previstas para ocorrerem durante o ano de 2020 com aproximadamente 10 escolas estaduais no munic\u00edpio de Embu das Artes no per\u00edodo de 6 meses. As propostas e a\u00e7\u00f5es est\u00e3o divididas em tr\u00eas etapas, onde a 1 &#8211; Mobiliza\u00e7\u00e3o das comunidades envolve a Levantamento e visitas as escolas municipais e estaduais, a cria\u00e7\u00e3o dos jogos colaborativos do saneamento e educa\u00e7\u00e3o ambiental nas institui\u00e7\u00f5es de ensino da comunidade; a etapa 2 &#8211; Educa\u00e7\u00e3o ambiental e Conscientiza\u00e7\u00e3o dos alunos das escolas, pretende promover a produ\u00e7\u00e3o de material tem\u00e1tico de saneamento, realizar oficinas pr\u00e1ticas para a comunidade, realizar um abaixo assinado pedindo aten\u00e7\u00e3o dos governantes nas pol\u00edticas p\u00fablicas envolvendo o saneamento na regi\u00e3o e a apresenta\u00e7\u00e3o do projeto para os vereadores; j\u00e1 a etapa 3 &#8211; Olimp\u00edada do saneamento e apresenta\u00e7\u00e3o dos resultados alcan\u00e7ados, ser\u00e1 um evento \u00fanico com jun\u00e7\u00e3o das escolas participantes, competi\u00e7\u00e3o e apresenta\u00e7\u00e3o das mesmas, aberta para a comunidade.<\/p>\r\n\r\n\r\n\r\n<p>Contudo, pretendemos alcan\u00e7ar atrav\u00e9s das capacita\u00e7\u00f5es e engajamento dos alunos, que eles possam aplicar na sua casa e comunidade, e juntos possamos mobilizar pol\u00edticas p\u00fablicas e trazer visibilidade para a regi\u00e3o e import\u00e2ncia do cuidado dos nossos recursos h\u00eddricos e saneamento, bem como a sua a replicabilidade.<\/p>\r\n<p><b>\u21d2 IMPORTANTE: O projeto foi paralisado temporariamente em mar\u00e7o de 2020 e retorna em setembro, adaptado para atividades remotas (s\u00edncronas e ass\u00edncronas), devido as recomenda\u00e7\u00f5es e medidas ao enfrentamento da Covid-19. <\/b><\/p>\r\n<p><b>Diante as informa\u00e7\u00f5es, as atividades que anteriormente estavam previstas no ambiente escolar e comunidade, ser\u00e3o realizadas remotamente ou reagendadas em momento oportuno.\u00a0<\/b><\/p>\r\n<p><strong>\u21d2 A Ol\u00edmpiada de Saneamento ser\u00e1 realizada remotamente, prevista para final de dezembro ou in\u00edcio de 2021 (data \u00e0 confirmar). As premia\u00e7\u00f5es ser\u00e3o informadas durante o evento e os pr\u00eamios ser\u00e3o entregues nas escolas mediante agendamento.\u00a0<\/strong><\/p>\r\n<p><strong>\u21d2 CRONOGRAMA NOVO (ATUALIZADO SETEMBRO 2020): As atividades ir\u00e3o acontecer no per\u00edodo de setembro a janeiro de 2021.\u00a0<\/strong><\/p>\r\n<p>&nbsp;<\/p>\r\n\r\n\r\n\r\n<div class=\"wp-block-image\">\r\n<figure class=\"aligncenter is-resized\"><a href=\"https:\/\/seae-embu.org\/anterior\/andamento\/\" target=\"_blank\" rel=\"noreferrer noopener\"><img fetchpriority=\"high\" decoding=\"async\" class=\"wp-image-10510\" src=\"https:\/\/seae-embu.org\/anterior\/wp-content\/uploads\/2020\/07\/WhatsApp-Image-2020-07-27-at-16.35.22-1024x1024.jpeg\" alt=\"\" width=\"239\" height=\"239\" srcset=\"https:\/\/seae-embu.org\/anterior\/wp-content\/uploads\/2020\/07\/WhatsApp-Image-2020-07-27-at-16.35.22-1024x1024.jpeg 1024w, https:\/\/seae-embu.org\/anterior\/wp-content\/uploads\/2020\/07\/WhatsApp-Image-2020-07-27-at-16.35.22-150x150.jpeg 150w, https:\/\/seae-embu.org\/anterior\/wp-content\/uploads\/2020\/07\/WhatsApp-Image-2020-07-27-at-16.35.22-300x300.jpeg 300w, https:\/\/seae-embu.org\/anterior\/wp-content\/uploads\/2020\/07\/WhatsApp-Image-2020-07-27-at-16.35.22-768x768.jpeg 768w, https:\/\/seae-embu.org\/anterior\/wp-content\/uploads\/2020\/07\/WhatsApp-Image-2020-07-27-at-16.35.22-696x696.jpeg 696w, https:\/\/seae-embu.org\/anterior\/wp-content\/uploads\/2020\/07\/WhatsApp-Image-2020-07-27-at-16.35.22-1068x1068.jpeg 1068w, https:\/\/seae-embu.org\/anterior\/wp-content\/uploads\/2020\/07\/WhatsApp-Image-2020-07-27-at-16.35.22-420x420.jpeg 420w, https:\/\/seae-embu.org\/anterior\/wp-content\/uploads\/2020\/07\/WhatsApp-Image-2020-07-27-at-16.35.22.jpeg 1280w\" sizes=\"(max-width: 239px) 100vw, 239px\" \/><\/a>\r\n\r\n<\/figure>\r\n<\/div>\r\n\r\n\r\n\r\n<div class=\"wp-block-image\">\r\n<figure class=\"aligncenter is-resized\"><a href=\"https:\/\/seae-embu.org\/anterior\/escolas-participantes-inscricao\/\"><img decoding=\"async\" class=\"alignnone wp-image-10764\" src=\"https:\/\/seae-embu.org\/anterior\/wp-content\/uploads\/2020\/09\/Curso-gratuito-de-expres\u00e3o-corporal..jpg\" alt=\"\" width=\"243\" height=\"243\" srcset=\"https:\/\/seae-embu.org\/anterior\/wp-content\/uploads\/2020\/09\/Curso-gratuito-de-expres\u00e3o-corporal..jpg 1500w, https:\/\/seae-embu.org\/anterior\/wp-content\/uploads\/2020\/09\/Curso-gratuito-de-expres\u00e3o-corporal.-150x150.jpg 150w, https:\/\/seae-embu.org\/anterior\/wp-content\/uploads\/2020\/09\/Curso-gratuito-de-expres\u00e3o-corporal.-300x300.jpg 300w, https:\/\/seae-embu.org\/anterior\/wp-content\/uploads\/2020\/09\/Curso-gratuito-de-expres\u00e3o-corporal.-768x768.jpg 768w, https:\/\/seae-embu.org\/anterior\/wp-content\/uploads\/2020\/09\/Curso-gratuito-de-expres\u00e3o-corporal.-1024x1024.jpg 1024w\" sizes=\"(max-width: 243px) 100vw, 243px\" \/><\/a>\r\n\r\n<\/figure>\r\n<\/div>\r\n\r\n\r\n\r\n<div class=\"wp-block-image\">\r\n<figure class=\"aligncenter is-resized\"><a href=\"https:\/\/seae-embu.org\/anterior\/galeria-de-fotos-do-projeto-ods\/\" target=\"_blank\" rel=\"noreferrer noopener\"><img decoding=\"async\" class=\"wp-image-10518\" src=\"https:\/\/seae-embu.org\/anterior\/wp-content\/uploads\/2020\/07\/WhatsApp-Image-2020-07-27-at-16.35.21-2-1-1024x1024.jpeg\" alt=\"\" width=\"242\" height=\"242\" srcset=\"https:\/\/seae-embu.org\/anterior\/wp-content\/uploads\/2020\/07\/WhatsApp-Image-2020-07-27-at-16.35.21-2-1-1024x1024.jpeg 1024w, https:\/\/seae-embu.org\/anterior\/wp-content\/uploads\/2020\/07\/WhatsApp-Image-2020-07-27-at-16.35.21-2-1-150x150.jpeg 150w, https:\/\/seae-embu.org\/anterior\/wp-content\/uploads\/2020\/07\/WhatsApp-Image-2020-07-27-at-16.35.21-2-1-300x300.jpeg 300w, https:\/\/seae-embu.org\/anterior\/wp-content\/uploads\/2020\/07\/WhatsApp-Image-2020-07-27-at-16.35.21-2-1-768x768.jpeg 768w, https:\/\/seae-embu.org\/anterior\/wp-content\/uploads\/2020\/07\/WhatsApp-Image-2020-07-27-at-16.35.21-2-1-696x696.jpeg 696w, https:\/\/seae-embu.org\/anterior\/wp-content\/uploads\/2020\/07\/WhatsApp-Image-2020-07-27-at-16.35.21-2-1-1068x1068.jpeg 1068w, https:\/\/seae-embu.org\/anterior\/wp-content\/uploads\/2020\/07\/WhatsApp-Image-2020-07-27-at-16.35.21-2-1-420x420.jpeg 420w, https:\/\/seae-embu.org\/anterior\/wp-content\/uploads\/2020\/07\/WhatsApp-Image-2020-07-27-at-16.35.21-2-1.jpeg 1280w\" sizes=\"(max-width: 242px) 100vw, 242px\" \/><\/a>\r\n\r\n<\/figure>\r\n<\/div>\r\n\r\n\r\n\r\n<div class=\"wp-block-image\">\r\n<figure class=\"aligncenter is-resized\"><a href=\"https:\/\/seae-embu.org\/anterior\/tarefas-e-atividades\/\" target=\"_blank\" rel=\"noreferrer noopener\"><img loading=\"lazy\" decoding=\"async\" class=\"wp-image-10519\" src=\"https:\/\/seae-embu.org\/anterior\/wp-content\/uploads\/2020\/07\/WhatsApp-Image-2020-07-27-at-16.35.22-1-1-1024x1024.jpeg\" alt=\"\" width=\"242\" height=\"242\" srcset=\"https:\/\/seae-embu.org\/anterior\/wp-content\/uploads\/2020\/07\/WhatsApp-Image-2020-07-27-at-16.35.22-1-1-1024x1024.jpeg 1024w, https:\/\/seae-embu.org\/anterior\/wp-content\/uploads\/2020\/07\/WhatsApp-Image-2020-07-27-at-16.35.22-1-1-150x150.jpeg 150w, https:\/\/seae-embu.org\/anterior\/wp-content\/uploads\/2020\/07\/WhatsApp-Image-2020-07-27-at-16.35.22-1-1-300x300.jpeg 300w, https:\/\/seae-embu.org\/anterior\/wp-content\/uploads\/2020\/07\/WhatsApp-Image-2020-07-27-at-16.35.22-1-1-768x768.jpeg 768w, https:\/\/seae-embu.org\/anterior\/wp-content\/uploads\/2020\/07\/WhatsApp-Image-2020-07-27-at-16.35.22-1-1-696x696.jpeg 696w, https:\/\/seae-embu.org\/anterior\/wp-content\/uploads\/2020\/07\/WhatsApp-Image-2020-07-27-at-16.35.22-1-1-1068x1068.jpeg 1068w, https:\/\/seae-embu.org\/anterior\/wp-content\/uploads\/2020\/07\/WhatsApp-Image-2020-07-27-at-16.35.22-1-1-420x420.jpeg 420w, https:\/\/seae-embu.org\/anterior\/wp-content\/uploads\/2020\/07\/WhatsApp-Image-2020-07-27-at-16.35.22-1-1.jpeg 1280w\" sizes=\"(max-width: 242px) 100vw, 242px\" \/><br \/><\/a><img loading=\"lazy\" decoding=\"async\" class=\" wp-image-10763 alignnone\" src=\"https:\/\/seae-embu.org\/anterior\/wp-content\/uploads\/2020\/09\/Curso-gratuito-de-expres\u00e3o-corporal.-1.jpg\" alt=\"\" width=\"249\" height=\"249\" srcset=\"https:\/\/seae-embu.org\/anterior\/wp-content\/uploads\/2020\/09\/Curso-gratuito-de-expres\u00e3o-corporal.-1.jpg 1500w, https:\/\/seae-embu.org\/anterior\/wp-content\/uploads\/2020\/09\/Curso-gratuito-de-expres\u00e3o-corporal.-1-150x150.jpg 150w, https:\/\/seae-embu.org\/anterior\/wp-content\/uploads\/2020\/09\/Curso-gratuito-de-expres\u00e3o-corporal.-1-300x300.jpg 300w, https:\/\/seae-embu.org\/anterior\/wp-content\/uploads\/2020\/09\/Curso-gratuito-de-expres\u00e3o-corporal.-1-768x768.jpg 768w, https:\/\/seae-embu.org\/anterior\/wp-content\/uploads\/2020\/09\/Curso-gratuito-de-expres\u00e3o-corporal.-1-1024x1024.jpg 1024w\" sizes=\"(max-width: 249px) 100vw, 249px\" \/><\/figure>\r\n<\/div>\r\n\r\n\r\n\r\n<div class=\"wp-block-image\">\r\n<figure class=\"aligncenter is-resized\"><a href=\"https:\/\/seae-embu.org\/anterior\/eventos-na-escola-e-comunidade\/\"><img loading=\"lazy\" decoding=\"async\" class=\"alignnone wp-image-10520\" src=\"https:\/\/seae-embu.org\/anterior\/wp-content\/uploads\/2020\/07\/WhatsApp-Image-2020-07-27-at-16.35.22-2-1-1024x1024.jpeg\" alt=\"\" width=\"242\" height=\"242\" srcset=\"https:\/\/seae-embu.org\/anterior\/wp-content\/uploads\/2020\/07\/WhatsApp-Image-2020-07-27-at-16.35.22-2-1-1024x1024.jpeg 1024w, https:\/\/seae-embu.org\/anterior\/wp-content\/uploads\/2020\/07\/WhatsApp-Image-2020-07-27-at-16.35.22-2-1-150x150.jpeg 150w, https:\/\/seae-embu.org\/anterior\/wp-content\/uploads\/2020\/07\/WhatsApp-Image-2020-07-27-at-16.35.22-2-1-300x300.jpeg 300w, https:\/\/seae-embu.org\/anterior\/wp-content\/uploads\/2020\/07\/WhatsApp-Image-2020-07-27-at-16.35.22-2-1-768x768.jpeg 768w, https:\/\/seae-embu.org\/anterior\/wp-content\/uploads\/2020\/07\/WhatsApp-Image-2020-07-27-at-16.35.22-2-1-696x696.jpeg 696w, https:\/\/seae-embu.org\/anterior\/wp-content\/uploads\/2020\/07\/WhatsApp-Image-2020-07-27-at-16.35.22-2-1-1068x1068.jpeg 1068w, https:\/\/seae-embu.org\/anterior\/wp-content\/uploads\/2020\/07\/WhatsApp-Image-2020-07-27-at-16.35.22-2-1-420x420.jpeg 420w, https:\/\/seae-embu.org\/anterior\/wp-content\/uploads\/2020\/07\/WhatsApp-Image-2020-07-27-at-16.35.22-2-1.jpeg 1280w\" sizes=\"(max-width: 242px) 100vw, 242px\" \/><\/a><\/figure>\r\n<\/div>\r\n\r\n\r\n\r\n<div class=\"wp-block-image\">\r\n<figure class=\"aligncenter is-resized\"><a href=\"https:\/\/seae-embu.org\/anterior\/olimpiada-do-saneamento\/\"><img loading=\"lazy\" decoding=\"async\" class=\"alignnone wp-image-10521\" src=\"https:\/\/seae-embu.org\/anterior\/wp-content\/uploads\/2020\/07\/WhatsApp-Image-2020-07-27-at-16.35.21-1-1-1024x1024.jpeg\" alt=\"\" width=\"257\" height=\"257\" srcset=\"https:\/\/seae-embu.org\/anterior\/wp-content\/uploads\/2020\/07\/WhatsApp-Image-2020-07-27-at-16.35.21-1-1-1024x1024.jpeg 1024w, https:\/\/seae-embu.org\/anterior\/wp-content\/uploads\/2020\/07\/WhatsApp-Image-2020-07-27-at-16.35.21-1-1-150x150.jpeg 150w, https:\/\/seae-embu.org\/anterior\/wp-content\/uploads\/2020\/07\/WhatsApp-Image-2020-07-27-at-16.35.21-1-1-300x300.jpeg 300w, https:\/\/seae-embu.org\/anterior\/wp-content\/uploads\/2020\/07\/WhatsApp-Image-2020-07-27-at-16.35.21-1-1-768x768.jpeg 768w, https:\/\/seae-embu.org\/anterior\/wp-content\/uploads\/2020\/07\/WhatsApp-Image-2020-07-27-at-16.35.21-1-1-696x696.jpeg 696w, https:\/\/seae-embu.org\/anterior\/wp-content\/uploads\/2020\/07\/WhatsApp-Image-2020-07-27-at-16.35.21-1-1-1068x1068.jpeg 1068w, https:\/\/seae-embu.org\/anterior\/wp-content\/uploads\/2020\/07\/WhatsApp-Image-2020-07-27-at-16.35.21-1-1-420x420.jpeg 420w, https:\/\/seae-embu.org\/anterior\/wp-content\/uploads\/2020\/07\/WhatsApp-Image-2020-07-27-at-16.35.21-1-1.jpeg 1280w\" sizes=\"(max-width: 257px) 100vw, 257px\" \/><\/a><\/figure>\r\n<\/div>\r\n","protected":false},"excerpt":{"rendered":"<p>O projeto Olimp\u00edada do Saneamento \u2013 Jovem ativo na sua comunidade desenvolvido pela SEAE com o apoio do Fundo Socioambiental Casa, tem o objetivo de conscientizar os alunos das escolas p\u00fablicas estaduais na cidade de Embu das Artes, levando oficinas para institui\u00e7\u00f5es, com intuito de promover maior envolvimento e mobiliza\u00e7\u00e3o da comunidade atrav\u00e9s da educa\u00e7\u00e3o &hellip; <a href=\"https:\/\/seae-embu.org\/anterior\/projetos\/em-andamento\/projeto-olimpiada-do-saneamento-jovem-ativo-na-sua-comunidade\/\" class=\"more-link\">Continue reading <span class=\"screen-reader-text\">Projeto Olimp\u00edada do saneamento: jovem ativo na sua comunidade<\/span><\/a><\/p>\n","protected":false},"author":1,"featured_media":9712,"parent":4391,"menu_order":0,"comment_status":"closed","ping_status":"closed","template":"","meta":{"footnotes":""},"class_list":["post-9714","page","type-page","status-publish","has-post-thumbnail","hentry"],"_links":{"self":[{"href":"https:\/\/seae-embu.org\/anterior\/wp-json\/wp\/v2\/pages\/9714","targetHints":{"allow":["GET"]}}],"collection":[{"href":"https:\/\/seae-embu.org\/anterior\/wp-json\/wp\/v2\/pages"}],"about":[{"href":"https:\/\/seae-embu.org\/anterior\/wp-json\/wp\/v2\/types\/page"}],"author":[{"embeddable":true,"href":"https:\/\/seae-embu.org\/anterior\/wp-json\/wp\/v2\/users\/1"}],"replies":[{"embeddable":true,"href":"https:\/\/seae-embu.org\/anterior\/wp-json\/wp\/v2\/comments?post=9714"}],"version-history":[{"count":16,"href":"https:\/\/seae-embu.org\/anterior\/wp-json\/wp\/v2\/pages\/9714\/revisions"}],"predecessor-version":[{"id":10768,"href":"https:\/\/seae-embu.org\/anterior\/wp-json\/wp\/v2\/pages\/9714\/revisions\/10768"}],"up":[{"embeddable":true,"href":"https:\/\/seae-embu.org\/anterior\/wp-json\/wp\/v2\/pages\/4391"}],"wp:featuredmedia":[{"embeddable":true,"href":"https:\/\/seae-embu.org\/anterior\/wp-json\/wp\/v2\/media\/9712"}],"wp:attachment":[{"href":"https:\/\/seae-embu.org\/anterior\/wp-json\/wp\/v2\/media?parent=9714"}],"curies":[{"name":"wp","href":"https:\/\/api.w.org\/{rel}","templated":true}]}}