{"id":8873,"date":"2015-05-31T17:25:22","date_gmt":"2015-05-31T17:25:22","guid":{"rendered":"https:\/\/seae-embu.org\/anterior\/seae\/?page_id=8873"},"modified":"2019-08-22T17:27:57","modified_gmt":"2019-08-22T17:27:57","slug":"projeto-educa-acao","status":"publish","type":"page","link":"https:\/\/seae-embu.org\/anterior\/projetos\/realizados\/projeto-educa-acao\/","title":{"rendered":"Projeto Educa + A\u00e7\u00e3o"},"content":{"rendered":"\n<p>A Prefeitura de Embu assinou em fevereiro de 2009, no Hotel Almenat, o protocolo de coopera\u00e7\u00e3o com o Banco Bradesco, a Funda\u00e7\u00e3o Bradesco e a Sociedade Ecol\u00f3gica Amigos de Embu para a implementa\u00e7\u00e3o do Programa Educa+A\u00e7\u00e3o, voltado para o 1\u00ba e 2\u00ba ano do Ensino Fundamental, que tem como objetivo melhorar a qualidade do ensino p\u00fablico promovendo a alfabetiza\u00e7\u00e3o at\u00e9 os oito anos de idade.<\/p>\n\n\n\n<!--more-->\n\n\n\n<figure class=\"wp-block-image\"><img decoding=\"async\" src=\"https:\/\/seae-embu.org\/anterior\/imagens\/acordo_m.jpg\" alt=\"\"\/><\/figure>\n\n\n\n<p>Participaram da assinatura do protocolo diversas autoridades, entre elas Mario Teixeira, Denise Aguiar e M\u00e1rio H\u00e9lio S. Ramos da Funda\u00e7\u00e3o Bradesco; Chico Brito, prefeito de Embu das Artes; Rosimary de Matos, secret\u00e1ria da Educa\u00e7\u00e3o e Leandro David Dolenc, presidente da Sociedade Ecol\u00f3gica Amigos de Embu.<br><em>&#8220;Essa parceria ir\u00e1 irradiar para nossa Rede Municipal, pois esse programa \u00e9 uma oportunidade de desenvolvimento de uma metodologia de sistematiza\u00e7\u00e3o e forma\u00e7\u00e3o continuada para os educadores&#8221;<\/em>, comenta Chico Brito.<br>Leandro Dolenc lembrou da import\u00e2ncia do programa que \u00e9 a forma\u00e7\u00e3o do cidad\u00e3o aut\u00f4nomo, com capacidade de decis\u00e3o e forma\u00e7\u00e3o \u00e9tica. <em>&#8220;Esse projeto \u00e9 mais do que tecnologia, \u00e9 mais do que metodologia, \u00e9 a uni\u00e3o de v\u00e1rias pessoas buscando um ideal \u2013 a forma\u00e7\u00e3o de cidad\u00e3os&#8221;<\/em>, complementa.<\/p>\n\n\n\n<figure class=\"wp-block-image\"><img decoding=\"async\" src=\"https:\/\/seae-embu.org\/anterior\/imagens\/capacitacao_m.jpg\" alt=\"\"\/><\/figure>\n\n\n\n<p>Neste ano, o Programa come\u00e7a atendendo 630 alunos do 1\u00ba ano do Ensino Fundamental em quatro escolas p\u00fablicas de diferentes regi\u00f5es da cidade e pode ser expandido para toda Rede Municipal. Os 21 professores envolvidos no programa participaram de um treinamento com profissionais especializados do Centro Pedag\u00f3gico da Funda\u00e7\u00e3o Bradesco. A capacita\u00e7\u00e3o, com dura\u00e7\u00e3o de quatro dias (16,17, 20 e 21 de fevereiro), foi realizada no Hotel Almenat e aborda quest\u00f5es pr\u00e1ticas da alfabetiza\u00e7\u00e3o.<br>Atrav\u00e9s da Sociedade Ecol\u00f3gica Amigos de Embu, os alunos receber\u00e3o material did\u00e1tico e cada sala de aula ganhar\u00e1 um kit para compor uma biblioteca com 40 t\u00edtulos, 15 CDs de m\u00fasicas infantis, oito DVDs de Cl\u00e1ssicos Infantis, al\u00e9m de materiais estruturados como letras m\u00f3veis, blocos l\u00f3gicos, etc. Durante os dois anos iniciais do programa os educadores receber\u00e3o acompanhamento e suporte da equipe da Sociedade Ecol\u00f3gica Amigos de Embu e da Funda\u00e7\u00e3o Bradesco. Tamb\u00e9m est\u00e3o previstos encontros bimestrais para avalia\u00e7\u00e3o e forma\u00e7\u00e3o continuada da equipe.<\/p>\n\n\n\n<p>Projeto piloto<\/p>\n\n\n\n<p>O projeto piloto implementado em 2009 e 2010 atendeu mais de 600 crian\u00e7as em quatro escolas da Rede Municipal. Foram dois anos de engajamento e esfor\u00e7os coletivos festejados com muita alegria pelos educadores durante o evento de encerramento, realizado no dia 13 de dezembro de 2010, no Espa\u00e7o Terra. Silvia Juhas, supervisora pedag\u00f3gica da Funda\u00e7\u00e3o Bradesco, apresentou os enormes avan\u00e7os alcan\u00e7ados: 82% dos alunos terminaram o ano alfab\u00e9ticos, j\u00e1 sabem ler, escrever e interpretar pequenos textos. Esta pontua\u00e7\u00e3o \u00e9 muito acima da m\u00e9dia brasileira, comenta.<br>Apesar do \u00f3timo desempenho do projeto a Prefeitura de Embu das Artes preferiu n\u00e3o dar continuidade.<\/p>\n","protected":false},"excerpt":{"rendered":"<p>A Prefeitura de Embu assinou em fevereiro de 2009, no Hotel Almenat, o protocolo de coopera\u00e7\u00e3o com o Banco Bradesco, a Funda\u00e7\u00e3o Bradesco e a Sociedade Ecol\u00f3gica Amigos de Embu para a implementa\u00e7\u00e3o do Programa Educa+A\u00e7\u00e3o, voltado para o 1\u00ba e 2\u00ba ano do Ensino Fundamental, que tem como objetivo melhorar a qualidade do ensino &hellip; <a href=\"https:\/\/seae-embu.org\/anterior\/projetos\/realizados\/projeto-educa-acao\/\" class=\"more-link\">Continue reading <span class=\"screen-reader-text\">Projeto Educa + A\u00e7\u00e3o<\/span><\/a><\/p>\n","protected":false},"author":1,"featured_media":8874,"parent":4393,"menu_order":0,"comment_status":"closed","ping_status":"closed","template":"","meta":{"footnotes":""},"class_list":["post-8873","page","type-page","status-publish","has-post-thumbnail","hentry"],"_links":{"self":[{"href":"https:\/\/seae-embu.org\/anterior\/wp-json\/wp\/v2\/pages\/8873","targetHints":{"allow":["GET"]}}],"collection":[{"href":"https:\/\/seae-embu.org\/anterior\/wp-json\/wp\/v2\/pages"}],"about":[{"href":"https:\/\/seae-embu.org\/anterior\/wp-json\/wp\/v2\/types\/page"}],"author":[{"embeddable":true,"href":"https:\/\/seae-embu.org\/anterior\/wp-json\/wp\/v2\/users\/1"}],"replies":[{"embeddable":true,"href":"https:\/\/seae-embu.org\/anterior\/wp-json\/wp\/v2\/comments?post=8873"}],"version-history":[{"count":1,"href":"https:\/\/seae-embu.org\/anterior\/wp-json\/wp\/v2\/pages\/8873\/revisions"}],"predecessor-version":[{"id":8876,"href":"https:\/\/seae-embu.org\/anterior\/wp-json\/wp\/v2\/pages\/8873\/revisions\/8876"}],"up":[{"embeddable":true,"href":"https:\/\/seae-embu.org\/anterior\/wp-json\/wp\/v2\/pages\/4393"}],"wp:featuredmedia":[{"embeddable":true,"href":"https:\/\/seae-embu.org\/anterior\/wp-json\/wp\/v2\/media\/8874"}],"wp:attachment":[{"href":"https:\/\/seae-embu.org\/anterior\/wp-json\/wp\/v2\/media?parent=8873"}],"curies":[{"name":"wp","href":"https:\/\/api.w.org\/{rel}","templated":true}]}}