{"id":8798,"date":"2015-05-31T13:23:19","date_gmt":"2015-05-31T13:23:19","guid":{"rendered":"https:\/\/seae-embu.org\/anterior\/seae\/?page_id=8798"},"modified":"2019-08-22T14:15:58","modified_gmt":"2019-08-22T14:15:58","slug":"projeto-observando-rios","status":"publish","type":"page","link":"https:\/\/seae-embu.org\/anterior\/projetos\/em-andamento\/projeto-observando-rios\/","title":{"rendered":"Projeto Observando Rios"},"content":{"rendered":"\n<p>O Observando os Rios \u00e9 um projeto realizado em parceria com a SOS Mata Atl\u00e2ntica que re\u00fane comunidades e as mobiliza em torno da qualidade da \u00e1gua de rios, c\u00f3rregos e outros corpos d\u2019\u00e1gua das localidades onde elas vivem.<\/p>\n\n\n\n<p>O monitoramento da \u00e1gua de rios \u00e9 realizada por grupos de moradores em cada regi\u00e3o com um kit desenvolvido pelo programa <a href=\"https:\/\/www.sosma.org.br\/projeto\/rede-das-aguas\/\" target=\"_blank\" rel=\"noreferrer noopener\">Rede das \u00c1guas<\/a>.<\/p>\n\n\n\n<p>O kit possibilita a avalia\u00e7\u00e3o dos rios a partir de um total de 16 par\u00e2metros, que incluem n\u00edveis de oxig\u00eanio, f\u00f3sforo, PH, odor, aspectos visuais, entre outros, e classifica a qualidade das \u00e1guas em cinco n\u00edveis de pontua\u00e7\u00e3o, de acordo com a legisla\u00e7\u00e3o: p\u00e9ssimo (de 14 a 20 pontos), ruim (de 21 a 26 pontos), regular (de 27 a 35 pontos), bom (de 36 a 40 pontos) e \u00f3timo (acima de 40 pontos).<\/p>\n\n\n\n<p>Essa iniciativa \u00e9 aberta \u00e0 popula\u00e7\u00e3o, que pode participar dos grupos de monitoramento j\u00e1 existentes ou ajudar a criar novos grupos em rios pr\u00f3ximos a escolas, igrejas e outros centros comunit\u00e1rios.<\/p>\n\n\n\n<p>Atualmente, a iniciativa contabiliza<strong> 100 grupos<\/strong> com <strong>2 mil pessoas em atividade<\/strong>.<\/p>\n\n\n\n<p>Periodicamente, os resultados de todos os monitoramentos \u00e9 reunido. A an\u00e1lise dos resultados comp\u00f5e o relat\u00f3rio o \u201cRetrato da Qualidade da \u00c1gua no Brasil\u201d, amplamente divulgado anualmente, em geral no Dia Mundial da \u00c1gua.<\/p>\n\n\n\n<p>Os participantes receberam informa\u00e7\u00f5es do trabalho da SEAE, no\u00e7\u00f5es sobre as bacias hidrogr\u00e1ficas, saneamento b\u00e1sico, a rela\u00e7\u00e3o desse rio com o abastecimento da represa Guarapiranga e o tratamento dessa \u00e1gua pela SABESP para fornecimento aos moradores.<\/p>\n\n\n\n<ul class=\"wp-block-gallery columns-3 is-cropped wp-block-gallery-1 is-layout-flex wp-block-gallery-is-layout-flex\"><li class=\"blocks-gallery-item\"><figure><img fetchpriority=\"high\" decoding=\"async\" width=\"960\" height=\"720\" src=\"https:\/\/seae-embu.org\/anterior\/seae\/wp-content\/uploads\/2015\/06\/01.jpg\" alt=\"\" data-id=\"2610\" class=\"wp-image-2610\" srcset=\"https:\/\/seae-embu.org\/anterior\/wp-content\/uploads\/2015\/06\/01.jpg 960w, https:\/\/seae-embu.org\/anterior\/wp-content\/uploads\/2015\/06\/01-300x225.jpg 300w, https:\/\/seae-embu.org\/anterior\/wp-content\/uploads\/2015\/06\/01-670x503.jpg 670w, https:\/\/seae-embu.org\/anterior\/wp-content\/uploads\/2015\/06\/01-450x338.jpg 450w, https:\/\/seae-embu.org\/anterior\/wp-content\/uploads\/2015\/06\/01-266x200.jpg 266w\" sizes=\"(max-width: 960px) 100vw, 960px\" \/><\/figure><\/li><li class=\"blocks-gallery-item\"><figure><img decoding=\"async\" width=\"960\" height=\"720\" src=\"https:\/\/seae-embu.org\/anterior\/seae\/wp-content\/uploads\/2015\/06\/02.jpg\" alt=\"\" data-id=\"2611\" class=\"wp-image-2611\" srcset=\"https:\/\/seae-embu.org\/anterior\/wp-content\/uploads\/2015\/06\/02.jpg 960w, https:\/\/seae-embu.org\/anterior\/wp-content\/uploads\/2015\/06\/02-300x225.jpg 300w\" sizes=\"(max-width: 960px) 100vw, 960px\" \/><\/figure><\/li><li class=\"blocks-gallery-item\"><figure><img decoding=\"async\" width=\"960\" height=\"720\" src=\"https:\/\/seae-embu.org\/anterior\/seae\/wp-content\/uploads\/2015\/06\/03.jpg\" alt=\"\" data-id=\"2612\" class=\"wp-image-2612\" srcset=\"https:\/\/seae-embu.org\/anterior\/wp-content\/uploads\/2015\/06\/03.jpg 960w, https:\/\/seae-embu.org\/anterior\/wp-content\/uploads\/2015\/06\/03-300x225.jpg 300w\" sizes=\"(max-width: 960px) 100vw, 960px\" \/><\/figure><\/li><li class=\"blocks-gallery-item\"><figure><img loading=\"lazy\" decoding=\"async\" width=\"960\" height=\"720\" src=\"https:\/\/seae-embu.org\/anterior\/seae\/wp-content\/uploads\/2015\/06\/04.jpg\" alt=\"\" data-id=\"2613\" class=\"wp-image-2613\" srcset=\"https:\/\/seae-embu.org\/anterior\/wp-content\/uploads\/2015\/06\/04.jpg 960w, https:\/\/seae-embu.org\/anterior\/wp-content\/uploads\/2015\/06\/04-300x225.jpg 300w\" sizes=\"(max-width: 960px) 100vw, 960px\" \/><\/figure><\/li><li class=\"blocks-gallery-item\"><figure><img loading=\"lazy\" decoding=\"async\" width=\"960\" height=\"720\" src=\"https:\/\/seae-embu.org\/anterior\/seae\/wp-content\/uploads\/2015\/06\/05.jpg\" alt=\"\" data-id=\"2614\" class=\"wp-image-2614\" srcset=\"https:\/\/seae-embu.org\/anterior\/wp-content\/uploads\/2015\/06\/05.jpg 960w, https:\/\/seae-embu.org\/anterior\/wp-content\/uploads\/2015\/06\/05-300x225.jpg 300w\" sizes=\"(max-width: 960px) 100vw, 960px\" \/><\/figure><\/li><li class=\"blocks-gallery-item\"><figure><img loading=\"lazy\" decoding=\"async\" width=\"960\" height=\"720\" src=\"https:\/\/seae-embu.org\/anterior\/seae\/wp-content\/uploads\/2015\/06\/06.jpg\" alt=\"\" data-id=\"2615\" class=\"wp-image-2615\" srcset=\"https:\/\/seae-embu.org\/anterior\/wp-content\/uploads\/2015\/06\/06.jpg 960w, https:\/\/seae-embu.org\/anterior\/wp-content\/uploads\/2015\/06\/06-300x225.jpg 300w\" sizes=\"(max-width: 960px) 100vw, 960px\" \/><\/figure><\/li><li class=\"blocks-gallery-item\"><figure><img loading=\"lazy\" decoding=\"async\" width=\"960\" height=\"720\" src=\"https:\/\/seae-embu.org\/anterior\/seae\/wp-content\/uploads\/2015\/06\/07.jpg\" alt=\"\" data-id=\"2616\" class=\"wp-image-2616\" srcset=\"https:\/\/seae-embu.org\/anterior\/wp-content\/uploads\/2015\/06\/07.jpg 960w, https:\/\/seae-embu.org\/anterior\/wp-content\/uploads\/2015\/06\/07-300x225.jpg 300w\" sizes=\"(max-width: 960px) 100vw, 960px\" \/><\/figure><\/li><li class=\"blocks-gallery-item\"><figure><img loading=\"lazy\" decoding=\"async\" width=\"960\" height=\"720\" src=\"https:\/\/seae-embu.org\/anterior\/seae\/wp-content\/uploads\/2015\/06\/08.jpg\" alt=\"\" data-id=\"2617\" class=\"wp-image-2617\" srcset=\"https:\/\/seae-embu.org\/anterior\/wp-content\/uploads\/2015\/06\/08.jpg 960w, https:\/\/seae-embu.org\/anterior\/wp-content\/uploads\/2015\/06\/08-300x225.jpg 300w\" sizes=\"(max-width: 960px) 100vw, 960px\" \/><\/figure><\/li><li class=\"blocks-gallery-item\"><figure><img loading=\"lazy\" decoding=\"async\" width=\"960\" height=\"720\" src=\"https:\/\/seae-embu.org\/anterior\/seae\/wp-content\/uploads\/2015\/06\/09.jpg\" alt=\"\" data-id=\"2618\" class=\"wp-image-2618\" srcset=\"https:\/\/seae-embu.org\/anterior\/wp-content\/uploads\/2015\/06\/09.jpg 960w, https:\/\/seae-embu.org\/anterior\/wp-content\/uploads\/2015\/06\/09-300x225.jpg 300w\" sizes=\"(max-width: 960px) 100vw, 960px\" \/><\/figure><\/li><li class=\"blocks-gallery-item\"><figure><img loading=\"lazy\" decoding=\"async\" width=\"960\" height=\"720\" src=\"https:\/\/seae-embu.org\/anterior\/seae\/wp-content\/uploads\/2015\/06\/11.jpg\" alt=\"\" data-id=\"2619\" class=\"wp-image-2619\" srcset=\"https:\/\/seae-embu.org\/anterior\/wp-content\/uploads\/2015\/06\/11.jpg 960w, https:\/\/seae-embu.org\/anterior\/wp-content\/uploads\/2015\/06\/11-300x225.jpg 300w\" sizes=\"(max-width: 960px) 100vw, 960px\" \/><\/figure><\/li><li class=\"blocks-gallery-item\"><figure><img loading=\"lazy\" decoding=\"async\" width=\"960\" height=\"720\" src=\"https:\/\/seae-embu.org\/anterior\/seae\/wp-content\/uploads\/2015\/06\/12.jpg\" alt=\"\" data-id=\"2620\" class=\"wp-image-2620\" srcset=\"https:\/\/seae-embu.org\/anterior\/wp-content\/uploads\/2015\/06\/12.jpg 960w, https:\/\/seae-embu.org\/anterior\/wp-content\/uploads\/2015\/06\/12-300x225.jpg 300w\" sizes=\"(max-width: 960px) 100vw, 960px\" \/><\/figure><\/li><li class=\"blocks-gallery-item\"><figure><img loading=\"lazy\" decoding=\"async\" width=\"960\" height=\"720\" src=\"https:\/\/seae-embu.org\/anterior\/seae\/wp-content\/uploads\/2015\/06\/13.jpg\" alt=\"\" data-id=\"2621\" class=\"wp-image-2621\" srcset=\"https:\/\/seae-embu.org\/anterior\/wp-content\/uploads\/2015\/06\/13.jpg 960w, https:\/\/seae-embu.org\/anterior\/wp-content\/uploads\/2015\/06\/13-300x225.jpg 300w\" sizes=\"(max-width: 960px) 100vw, 960px\" \/><\/figure><\/li><\/ul>\n","protected":false},"excerpt":{"rendered":"<p>O Observando os Rios \u00e9 um projeto realizado em parceria com a SOS Mata Atl\u00e2ntica que re\u00fane comunidades e as mobiliza em torno da qualidade da \u00e1gua de rios, c\u00f3rregos e outros corpos d\u2019\u00e1gua das localidades onde elas vivem. O monitoramento da \u00e1gua de rios \u00e9 realizada por grupos de moradores em cada regi\u00e3o com &hellip; <a href=\"https:\/\/seae-embu.org\/anterior\/projetos\/em-andamento\/projeto-observando-rios\/\" class=\"more-link\">Continue reading <span class=\"screen-reader-text\">Projeto Observando Rios<\/span><\/a><\/p>\n","protected":false},"author":1,"featured_media":8799,"parent":4391,"menu_order":0,"comment_status":"closed","ping_status":"closed","template":"","meta":{"footnotes":""},"class_list":["post-8798","page","type-page","status-publish","has-post-thumbnail","hentry"],"_links":{"self":[{"href":"https:\/\/seae-embu.org\/anterior\/wp-json\/wp\/v2\/pages\/8798","targetHints":{"allow":["GET"]}}],"collection":[{"href":"https:\/\/seae-embu.org\/anterior\/wp-json\/wp\/v2\/pages"}],"about":[{"href":"https:\/\/seae-embu.org\/anterior\/wp-json\/wp\/v2\/types\/page"}],"author":[{"embeddable":true,"href":"https:\/\/seae-embu.org\/anterior\/wp-json\/wp\/v2\/users\/1"}],"replies":[{"embeddable":true,"href":"https:\/\/seae-embu.org\/anterior\/wp-json\/wp\/v2\/comments?post=8798"}],"version-history":[{"count":2,"href":"https:\/\/seae-embu.org\/anterior\/wp-json\/wp\/v2\/pages\/8798\/revisions"}],"predecessor-version":[{"id":8841,"href":"https:\/\/seae-embu.org\/anterior\/wp-json\/wp\/v2\/pages\/8798\/revisions\/8841"}],"up":[{"embeddable":true,"href":"https:\/\/seae-embu.org\/anterior\/wp-json\/wp\/v2\/pages\/4391"}],"wp:featuredmedia":[{"embeddable":true,"href":"https:\/\/seae-embu.org\/anterior\/wp-json\/wp\/v2\/media\/8799"}],"wp:attachment":[{"href":"https:\/\/seae-embu.org\/anterior\/wp-json\/wp\/v2\/media?parent=8798"}],"curies":[{"name":"wp","href":"https:\/\/api.w.org\/{rel}","templated":true}]}}