{"id":8793,"date":"2018-06-22T12:54:12","date_gmt":"2018-06-22T12:54:12","guid":{"rendered":"https:\/\/seae-embu.org\/anterior\/seae\/?page_id=8793"},"modified":"2019-11-22T15:44:46","modified_gmt":"2019-11-22T15:44:46","slug":"projeto-base-de-dados-e-informacoes-socioambientais-para-a-restauracao-ecologica-da-bacia-hidrografica-do-ribeirao-ressaca","status":"publish","type":"page","link":"https:\/\/seae-embu.org\/anterior\/projetos\/realizados\/projeto-base-de-dados-e-informacoes-socioambientais-para-a-restauracao-ecologica-da-bacia-hidrografica-do-ribeirao-ressaca\/","title":{"rendered":"Projeto Base de dados e informa\u00e7\u00f5es socioambientais para a restaura\u00e7\u00e3o ecol\u00f3gica da Bacia Hidrogr\u00e1fica do Ribeir\u00e3o Ressaca"},"content":{"rendered":"\n<p>O projeto tem como objetivo geral, estruturar uma base de dados e informa\u00e7\u00f5es para a restaura\u00e7\u00e3o de aspectos ecol\u00f3gicos da Bacia Hidrogr\u00e1fica do Ribeir\u00e3o Ressaca, gerando produtos finais subsidi\u00e1rios \u00e0 amplia\u00e7\u00e3o de alternativas necess\u00e1rias \u00e0 consecu\u00e7\u00e3o deste objetivo e disseminando os resultados junto \u00e0 sociedade civil organizada, gestores p\u00fablicos, empresas e popula\u00e7\u00e3o residente.<\/p>\n\n\n\n<p><br>O cumprimento destes objetivos est\u00e1 associado a metas, etapas e atividades, entre as quais se destacam as campanhas de monitoramento da qualidade dos recursos h\u00eddricos superficiais, o diagn\u00f3stico socioambiental, relat\u00f3rios fotogr\u00e1ficos, produ\u00e7\u00e3o de material cartogr\u00e1fico, v\u00eddeos e a realiza\u00e7\u00e3o de semin\u00e1rios.<\/p>\n\n\n\n<p><br>O projeto com apoio FEHIDRO, foi aprovado e contrato assinado em junho\/2018, com previs\u00e3o de in\u00edcio em 2019. <\/p>\n\n\n\n<p><a href=\"https:\/\/seae-embu.org\/anterior\/seae\/contratacao-para-o-projeto\/\">+ CONTRATA\u00c7\u00d5ES <\/a>&#8211; Vagas para interessados em participar do projeto<\/p>\n","protected":false},"excerpt":{"rendered":"<p>O projeto tem como objetivo geral, estruturar uma base de dados e informa\u00e7\u00f5es para a restaura\u00e7\u00e3o de aspectos ecol\u00f3gicos da Bacia Hidrogr\u00e1fica do Ribeir\u00e3o Ressaca, gerando produtos finais subsidi\u00e1rios \u00e0 amplia\u00e7\u00e3o de alternativas necess\u00e1rias \u00e0 consecu\u00e7\u00e3o deste objetivo e disseminando os resultados junto \u00e0 sociedade civil organizada, gestores p\u00fablicos, empresas e popula\u00e7\u00e3o residente. O cumprimento &hellip; <a href=\"https:\/\/seae-embu.org\/anterior\/projetos\/realizados\/projeto-base-de-dados-e-informacoes-socioambientais-para-a-restauracao-ecologica-da-bacia-hidrografica-do-ribeirao-ressaca\/\" class=\"more-link\">Continue reading <span class=\"screen-reader-text\">Projeto Base de dados e informa\u00e7\u00f5es socioambientais para a restaura\u00e7\u00e3o ecol\u00f3gica da Bacia Hidrogr\u00e1fica do Ribeir\u00e3o Ressaca<\/span><\/a><\/p>\n","protected":false},"author":1,"featured_media":8794,"parent":4393,"menu_order":0,"comment_status":"closed","ping_status":"closed","template":"","meta":{"footnotes":""},"class_list":["post-8793","page","type-page","status-publish","has-post-thumbnail","hentry"],"_links":{"self":[{"href":"https:\/\/seae-embu.org\/anterior\/wp-json\/wp\/v2\/pages\/8793","targetHints":{"allow":["GET"]}}],"collection":[{"href":"https:\/\/seae-embu.org\/anterior\/wp-json\/wp\/v2\/pages"}],"about":[{"href":"https:\/\/seae-embu.org\/anterior\/wp-json\/wp\/v2\/types\/page"}],"author":[{"embeddable":true,"href":"https:\/\/seae-embu.org\/anterior\/wp-json\/wp\/v2\/users\/1"}],"replies":[{"embeddable":true,"href":"https:\/\/seae-embu.org\/anterior\/wp-json\/wp\/v2\/comments?post=8793"}],"version-history":[{"count":6,"href":"https:\/\/seae-embu.org\/anterior\/wp-json\/wp\/v2\/pages\/8793\/revisions"}],"predecessor-version":[{"id":9466,"href":"https:\/\/seae-embu.org\/anterior\/wp-json\/wp\/v2\/pages\/8793\/revisions\/9466"}],"up":[{"embeddable":true,"href":"https:\/\/seae-embu.org\/anterior\/wp-json\/wp\/v2\/pages\/4393"}],"wp:featuredmedia":[{"embeddable":true,"href":"https:\/\/seae-embu.org\/anterior\/wp-json\/wp\/v2\/media\/8794"}],"wp:attachment":[{"href":"https:\/\/seae-embu.org\/anterior\/wp-json\/wp\/v2\/media?parent=8793"}],"curies":[{"name":"wp","href":"https:\/\/api.w.org\/{rel}","templated":true}]}}