{"id":5989,"date":"2018-10-20T19:45:08","date_gmt":"2018-10-20T19:45:08","guid":{"rendered":"https:\/\/seae-embu.org\/anterior\/seae\/?page_id=5989"},"modified":"2020-03-12T14:33:03","modified_gmt":"2020-03-12T14:33:03","slug":"projeto-plantando-jardim-filtrante-e-agua-boa","status":"publish","type":"page","link":"https:\/\/seae-embu.org\/anterior\/projetos\/realizados\/projeto-plantando-jardim-filtrante-e-agua-boa\/","title":{"rendered":"Projeto Plantando Jardim Filtrante e \u00c1gua Boa"},"content":{"rendered":"<p class=\"tdm-descr td-fix-index\">O projeto foi criado para difundir a tecnologia dos Jardins filtrantes, que consiste no tratamento de esgoto, com foco em solu\u00e7\u00f5es baseadas na natureza e baixo custo, onde essa tecnologia, tamb\u00e9m chamada de wetlands constru\u00eddos, e na permacultura de zonas de ra\u00edzes, realizam a filtra\u00e7\u00e3o do esgoto por plantas. O bairro do Caputera, pr\u00f3ximo as cidades de Embu das Artes, Cotia e Itapecerica da Serra, possui muitos rios e nascentes, mas alguns deles tem sido contaminados com esgoto, trazendo doen\u00e7as as nossas fam\u00edlias. O tratamento do esgoto das casas significam sa\u00fade, dignidade e bem estar. Durante o processo, iremos conscientizar os moradores que n\u00e3o tem coleta de esgoto, mostrar meios de como podem contribuir para a preserva\u00e7\u00e3o, o cuidado das \u00e1guas e nascentes, a import\u00e2ncia do tratamento correto e treina-los na implanta\u00e7\u00e3o do sistema.<\/p>\n\n\n<div class=\"wp-block-image\"><figure class=\"aligncenter\"><img fetchpriority=\"high\" decoding=\"async\" width=\"824\" height=\"158\" src=\"https:\/\/seae-embu.org\/anterior\/seae\/wp-content\/uploads\/2019\/08\/ods.jpg\" alt=\"\" class=\"wp-image-8998\" srcset=\"https:\/\/seae-embu.org\/anterior\/wp-content\/uploads\/2019\/08\/ods.jpg 824w, https:\/\/seae-embu.org\/anterior\/wp-content\/uploads\/2019\/08\/ods-300x58.jpg 300w, https:\/\/seae-embu.org\/anterior\/wp-content\/uploads\/2019\/08\/ods-768x147.jpg 768w, https:\/\/seae-embu.org\/anterior\/wp-content\/uploads\/2019\/08\/ods-696x133.jpg 696w\" sizes=\"(max-width: 824px) 100vw, 824px\" \/><figcaption>Alinhado aos Objetivos de de Desenvolvimento Sustent\u00e1vel (ODS).<\/figcaption><\/figure><\/div>\n\n\n\n<h2 class=\"wp-block-heading\">Produto final<\/h2>\n\n\n\n<div class=\"wp-block-image\"><figure class=\"alignright\"><a href=\"https:\/\/seae-embu.org\/anterior\/wp-content\/uploads\/2019\/07\/20190728-GIBI-jarddins-filtrantes-A4-FOLHA-SOLTA.pdf\"><img decoding=\"async\" width=\"232\" height=\"300\" src=\"https:\/\/seae-embu.org\/anterior\/seae\/wp-content\/uploads\/2019\/06\/cartilha-jardins-filtrantes-capa-232x300.jpg\" alt=\"\" class=\"wp-image-7961\" srcset=\"https:\/\/seae-embu.org\/anterior\/wp-content\/uploads\/2019\/06\/cartilha-jardins-filtrantes-capa-232x300.jpg 232w, https:\/\/seae-embu.org\/anterior\/wp-content\/uploads\/2019\/06\/cartilha-jardins-filtrantes-capa-325x420.jpg 325w, https:\/\/seae-embu.org\/anterior\/wp-content\/uploads\/2019\/06\/cartilha-jardins-filtrantes-capa.jpg 398w\" sizes=\"(max-width: 232px) 100vw, 232px\" \/><\/a><\/figure><\/div>\n\n\n\n<p>O produto final do projeto do a &#8220;Cartilha de jardins filtrantes da SEAE&#8221;, um guia pr\u00e1tico de implanta\u00e7\u00e3o de saneamento ecol\u00f3gico para residencias unifamiliares.<\/p>\n\n\n\n<p>Ela tem distribui\u00e7\u00e3o eletr\u00f4nica gratuita e pode ser seguida mesmo por pessoas semi alfabetizadas, por utilizar linguagem simples e ilustra\u00e7\u00f5es em formato de historia em quadrinhos. Com as informa\u00e7\u00f5es essenciais de lista de materiais e passos a serem seguidos qualquer um pode constru\u00ed-lo, mesmo sem m\u00e3o de obra especializada.<\/p>\n\n\n\n<p><a href=\"https:\/\/seae-embu.org\/anterior\/wp-content\/uploads\/2019\/07\/20190728-GIBI-jarddins-filtrantes-A4-FOLHA-SOLTA.pdf\">O download pode ser feito aqui!<\/a><\/p>\n\n\n\n<p><\/p>\n\n\n\n<h2 class=\"wp-block-heading\">Fotos<\/h2>\n\n\n<ul class=\"wp-block-latest-posts__list wp-block-latest-posts\"><li><a class=\"wp-block-latest-posts__post-title\" href=\"https:\/\/seae-embu.org\/anterior\/3o-curso-de-capacitacao\/\">3\u00ba Curso de Capacita\u00e7\u00e3o<\/a><\/li>\n<li><a class=\"wp-block-latest-posts__post-title\" href=\"https:\/\/seae-embu.org\/anterior\/2o-curso-de-capacitacao\/\">2\u00ba Curso de Capacita\u00e7\u00e3o<\/a><\/li>\n<li><a class=\"wp-block-latest-posts__post-title\" href=\"https:\/\/seae-embu.org\/anterior\/1o-curso-de-capacitacao\/\">1\u00ba Curso de Capacita\u00e7\u00e3o<\/a><\/li>\n<li><a class=\"wp-block-latest-posts__post-title\" href=\"https:\/\/seae-embu.org\/anterior\/palestra-introducao-ao-jardins-filtrantes-na-seae\/\">Palestra introdu\u00e7\u00e3o ao Jardins Filtrantes na SEAE<\/a><\/li>\n<li><a class=\"wp-block-latest-posts__post-title\" href=\"https:\/\/seae-embu.org\/anterior\/levantamento-de-dados-e-diagnostico\/\">Levantamento de dados e diagn\u00f3stico<\/a><\/li>\n<\/ul>","protected":false},"excerpt":{"rendered":"<p>O projeto foi criado para difundir a tecnologia dos Jardins filtrantes, que consiste no tratamento de esgoto, com foco em solu\u00e7\u00f5es baseadas na natureza e baixo custo, onde essa tecnologia, tamb\u00e9m chamada de wetlands constru\u00eddos, e na permacultura de zonas de ra\u00edzes, realizam a filtra\u00e7\u00e3o do esgoto por plantas. O bairro do Caputera, pr\u00f3ximo as &hellip; <a href=\"https:\/\/seae-embu.org\/anterior\/projetos\/realizados\/projeto-plantando-jardim-filtrante-e-agua-boa\/\" class=\"more-link\">Continue reading <span class=\"screen-reader-text\">Projeto Plantando Jardim Filtrante e \u00c1gua Boa<\/span><\/a><\/p>\n","protected":false},"author":1,"featured_media":7957,"parent":4393,"menu_order":0,"comment_status":"closed","ping_status":"closed","template":"","meta":{"footnotes":""},"class_list":["post-5989","page","type-page","status-publish","has-post-thumbnail","hentry"],"_links":{"self":[{"href":"https:\/\/seae-embu.org\/anterior\/wp-json\/wp\/v2\/pages\/5989","targetHints":{"allow":["GET"]}}],"collection":[{"href":"https:\/\/seae-embu.org\/anterior\/wp-json\/wp\/v2\/pages"}],"about":[{"href":"https:\/\/seae-embu.org\/anterior\/wp-json\/wp\/v2\/types\/page"}],"author":[{"embeddable":true,"href":"https:\/\/seae-embu.org\/anterior\/wp-json\/wp\/v2\/users\/1"}],"replies":[{"embeddable":true,"href":"https:\/\/seae-embu.org\/anterior\/wp-json\/wp\/v2\/comments?post=5989"}],"version-history":[{"count":33,"href":"https:\/\/seae-embu.org\/anterior\/wp-json\/wp\/v2\/pages\/5989\/revisions"}],"predecessor-version":[{"id":9956,"href":"https:\/\/seae-embu.org\/anterior\/wp-json\/wp\/v2\/pages\/5989\/revisions\/9956"}],"up":[{"embeddable":true,"href":"https:\/\/seae-embu.org\/anterior\/wp-json\/wp\/v2\/pages\/4393"}],"wp:featuredmedia":[{"embeddable":true,"href":"https:\/\/seae-embu.org\/anterior\/wp-json\/wp\/v2\/media\/7957"}],"wp:attachment":[{"href":"https:\/\/seae-embu.org\/anterior\/wp-json\/wp\/v2\/media?parent=5989"}],"curies":[{"name":"wp","href":"https:\/\/api.w.org\/{rel}","templated":true}]}}