{"id":5651,"date":"2018-05-17T21:07:23","date_gmt":"2018-05-17T21:07:23","guid":{"rendered":"https:\/\/seae-embu.org\/anterior\/seae\/?page_id=5651"},"modified":"2018-06-11T12:52:32","modified_gmt":"2018-06-11T12:52:32","slug":"simposio-de-economia-verde","status":"publish","type":"page","link":"https:\/\/seae-embu.org\/anterior\/simposio-de-economia-verde\/","title":{"rendered":"Simp\u00f3sio de Economia Verde"},"content":{"rendered":"<p><u><strong>O Simp\u00f3sio de Economia Verde,<\/strong><\/u><img fetchpriority=\"high\" decoding=\"async\" class=\"alignright wp-image-5692 size-medium\" title=\"Simp\u00f3sio de Economia Verde\" src=\"https:\/\/seae-embu.org\/anterior\/seae\/wp-content\/uploads\/2018\/05\/SEAE_Simposio_Social1-300x300.jpg\" alt=\"Simp\u00f3sio de Economia Verde\" width=\"300\" height=\"300\" srcset=\"https:\/\/seae-embu.org\/anterior\/wp-content\/uploads\/2018\/05\/SEAE_Simposio_Social1-300x300.jpg 300w, https:\/\/seae-embu.org\/anterior\/wp-content\/uploads\/2018\/05\/SEAE_Simposio_Social1-150x150.jpg 150w, https:\/\/seae-embu.org\/anterior\/wp-content\/uploads\/2018\/05\/SEAE_Simposio_Social1-768x768.jpg 768w, https:\/\/seae-embu.org\/anterior\/wp-content\/uploads\/2018\/05\/SEAE_Simposio_Social1-326x326.jpg 326w, https:\/\/seae-embu.org\/anterior\/wp-content\/uploads\/2018\/05\/SEAE_Simposio_Social1.jpg 800w\" sizes=\"(max-width: 300px) 100vw, 300px\" \/>\u00a0vai trazer 2 dias de apresenta\u00e7\u00f5es relacionadas a gera\u00e7\u00e3o de emprego e renda com sustentabilidade. Organizado pela Sociedade Ecol\u00f3gica Amigos de Embu, entidade atuante com 43 anos de atividade, alinhada com os Objetivos de Desenvolvimento Sustent\u00e1vel (ODS), iniciativa da ONU, que relaciona 17 a\u00e7\u00f5es diretas para alcan\u00e7ar o desenvolvimento sustent\u00e1vel nas suas tr\u00eas dimens\u00f5es \u2013 econ\u00f4mica, social e ambiental \u2013 de forma equilibrada e integrada.<\/p>\n<p>A\u00a0Economia Verde\u00a0\u00e9 definida pelo Programa das Na\u00e7\u00f5es Unidas para o Meio Ambiente (Pnuma) como &#8220;uma\u00a0economia\u00a0que resulta em melhoria do bem-estar da humanidade e igualdade social, ao mesmo tempo em que reduz os riscos ambientais e a escassez ecol\u00f3gica&#8221;.<\/p>\n<p>Considerando que Embu das Artes e cidades vizinhas est\u00e3o inseridas na Reserva da Biosfera\u00a0do Cintur\u00e3o Verde da Cidade de S\u00e3o Paulo, institu\u00edda pela UNESCO para destacar \u00e1reas de relevante valor ambiental para a humanidade, e que sofrem fortemente os impactos da especula\u00e7\u00e3o imobili\u00e1ria e da ocupa\u00e7\u00e3o desordenada, urge auxiliar as popula\u00e7\u00f5es residentes a alcan\u00e7ar condi\u00e7\u00f5es de renda para viver com dignidade e qualidade de vida.<\/p>\n<p>Para trazer solu\u00e7\u00f5es efetivas de gera\u00e7\u00e3o de emprego e renda com sustentabilidade a popula\u00e7\u00e3o vamos promover dois pain\u00e9is:<\/p>\n<table width=\"100%\" cellpadding=\"5\">\n<tbody>\n<tr>\n<td valign=\"top\" width=\"50%\">\n<h2>Dia 5\/6 &#8211; Painel Profiss\u00f5es Ambientais<\/h2>\n<p>Apresenta\u00e7\u00e3o e discuss\u00e3o sobre profiss\u00f5es relacionadas ao meio ambiente, para atrair os jovens para carreiras pr\u00f3speras, abundantes e que podem trazer benef\u00edcios diretos ou indiretos ao meio ambiente.<\/p>\n<p><a href=\"https:\/\/seae-embu.org\/anterior\/seae\/simposio-de-economia-verde\/simposio-de-economia-verde-5-6\/\"><img decoding=\"async\" class=\"alignnone wp-image-5767 size-full\" src=\"https:\/\/seae-embu.org\/anterior\/seae\/wp-content\/uploads\/2018\/05\/saibamais.png\" alt=\"\" width=\"200\" srcset=\"https:\/\/seae-embu.org\/anterior\/wp-content\/uploads\/2018\/05\/saibamais.png 360w, https:\/\/seae-embu.org\/anterior\/wp-content\/uploads\/2018\/05\/saibamais-300x72.png 300w\" sizes=\"(max-width: 360px) 100vw, 360px\" \/><\/a><\/td>\n<td valign=\"top\" width=\"50%\">\n<h2>Dia 9\/6 &#8211; Painel Empreendedorismo Ambiental<\/h2>\n<p>Apresenta\u00e7\u00e3o de oportunidades de neg\u00f3cios que geram renda, preservam a floresta e aproveitam a sabedoria da natureza. Iniciativas que colocam em pr\u00e1tica a t\u00e3o sonhada sustentabilidade, com a floresta de p\u00e9, aliando ganhos a popula\u00e7\u00e3o e o meio ambiente.<\/p>\n<p><a href=\"https:\/\/seae-embu.org\/anterior\/seae\/simposio-de-economia-verde\/simposio-de-economia-verde-9-6\/\"><img decoding=\"async\" class=\"alignnone wp-image-5767 size-full\" src=\"https:\/\/seae-embu.org\/anterior\/seae\/wp-content\/uploads\/2018\/05\/saibamais.png\" alt=\"\" width=\"200\" srcset=\"https:\/\/seae-embu.org\/anterior\/wp-content\/uploads\/2018\/05\/saibamais.png 360w, https:\/\/seae-embu.org\/anterior\/wp-content\/uploads\/2018\/05\/saibamais-300x72.png 300w\" sizes=\"(max-width: 360px) 100vw, 360px\" \/><\/a><\/td>\n<\/tr>\n<\/tbody>\n<\/table>\n","protected":false},"excerpt":{"rendered":"<p>O Simp\u00f3sio de Economia Verde,\u00a0vai trazer 2 dias de apresenta\u00e7\u00f5es relacionadas a gera\u00e7\u00e3o de emprego e renda com sustentabilidade. Organizado pela Sociedade Ecol\u00f3gica Amigos de Embu, entidade atuante com 43 anos de atividade, alinhada com os Objetivos de Desenvolvimento Sustent\u00e1vel (ODS), iniciativa da ONU, que relaciona 17 a\u00e7\u00f5es diretas para alcan\u00e7ar o desenvolvimento sustent\u00e1vel nas &hellip; <a href=\"https:\/\/seae-embu.org\/anterior\/simposio-de-economia-verde\/\" class=\"more-link\">Continue reading <span class=\"screen-reader-text\">Simp\u00f3sio de Economia Verde<\/span><\/a><\/p>\n","protected":false},"author":1,"featured_media":0,"parent":0,"menu_order":0,"comment_status":"closed","ping_status":"closed","template":"","meta":{"footnotes":""},"class_list":["post-5651","page","type-page","status-publish","hentry"],"_links":{"self":[{"href":"https:\/\/seae-embu.org\/anterior\/wp-json\/wp\/v2\/pages\/5651","targetHints":{"allow":["GET"]}}],"collection":[{"href":"https:\/\/seae-embu.org\/anterior\/wp-json\/wp\/v2\/pages"}],"about":[{"href":"https:\/\/seae-embu.org\/anterior\/wp-json\/wp\/v2\/types\/page"}],"author":[{"embeddable":true,"href":"https:\/\/seae-embu.org\/anterior\/wp-json\/wp\/v2\/users\/1"}],"replies":[{"embeddable":true,"href":"https:\/\/seae-embu.org\/anterior\/wp-json\/wp\/v2\/comments?post=5651"}],"version-history":[{"count":22,"href":"https:\/\/seae-embu.org\/anterior\/wp-json\/wp\/v2\/pages\/5651\/revisions"}],"predecessor-version":[{"id":5868,"href":"https:\/\/seae-embu.org\/anterior\/wp-json\/wp\/v2\/pages\/5651\/revisions\/5868"}],"wp:attachment":[{"href":"https:\/\/seae-embu.org\/anterior\/wp-json\/wp\/v2\/media?parent=5651"}],"curies":[{"name":"wp","href":"https:\/\/api.w.org\/{rel}","templated":true}]}}