{"id":5184,"date":"2017-03-31T17:47:22","date_gmt":"2017-03-31T17:47:22","guid":{"rendered":"https:\/\/seae-embu.org\/anterior\/seae\/?page_id=5184"},"modified":"2020-07-16T19:28:42","modified_gmt":"2020-07-16T19:28:42","slug":"imprensa","status":"publish","type":"page","link":"https:\/\/seae-embu.org\/anterior\/imprensa\/","title":{"rendered":"Atendimento \u00e0 imprensa"},"content":{"rendered":"<p>Rodolfo Almeida: presidente da Sociedade Ecol\u00f3gica Amigos de Embu<br \/>\n11 4781-6837 | contato@seae-embu.org<\/p>\n<div><\/div>\n<div><strong>TODAS AS NOT\u00cdCIAS<\/strong><br \/>\n[themify_list_posts category=&#8221;45&#8243; image=&#8221;no&#8221; style=&#8221;list-post&#8221; post_date=&#8221;yes&#8221; more_text=&#8221;yes&#8221;]<\/div>\n<div><\/div>\n<div><\/div>\n<div style=\"float: left; padding: 10px; text-align: justify; width: 45%;\"><strong><span style=\"color: #008080;\"><img decoding=\"async\" class=\"alignleft wp-image-5169 size-full\" src=\"https:\/\/seae-embu.org\/anterior\/seae\/wp-content\/uploads\/2015\/05\/oie_transparent-3-e1490979914774.png\" alt=\"\" width=\"70\" height=\"69\" \/><\/span><a href=\"https:\/\/seae-embu.org\/anterior\/category\/artigos\/\" target=\"_blank\" rel=\"noopener noreferrer\">Artigos<\/a><\/strong>: encontre textos publicados na categoria artigos<\/div>\n<div style=\"float: right; padding: 10px; text-align: justify; width: 45%;\"><span style=\"color: #008080;\"><strong><img decoding=\"async\" class=\"alignleft wp-image-5171 size-full\" src=\"https:\/\/seae-embu.org\/anterior\/seae\/wp-content\/uploads\/2015\/05\/oie_transparent-1-e1490979959299.png\" alt=\"\" width=\"70\" height=\"70\" \/><\/strong><\/span><strong><a href=\"https:\/\/seae-embu.org\/anterior\/category\/aviso-de-pauta\/\" target=\"_blank\" rel=\"noopener noreferrer\">Avisos de pauta<\/a><\/strong>: conhe\u00e7a os temas e eventos para cobertura e reportagem jornal\u00edstica<\/div>\n<div style=\"float: left; padding: 10px; text-align: justify; width: 45%;\"><span style=\"line-height: 1.5;\"><strong><a href=\"https:\/\/seae-embu.org\/anterior\/category\/blog\/\" target=\"_blank\" rel=\"noopener noreferrer\"><img decoding=\"async\" class=\"alignleft size-full wp-image-5362\" src=\"https:\/\/seae-embu.org\/anterior\/seae\/wp-content\/uploads\/2017\/03\/blog-2-e1495205353231.png\" alt=\"Blog\" width=\"70\" height=\"70\" \/>Blog<\/a><\/strong>:\u00a0espa\u00e7o dedicado \u00e0 publica\u00e7\u00e3o de conte\u00fados educativos e trabalhos acad\u00eamicos<\/span><\/div>\n<div style=\"float: right; padding: 10px; text-align: justify; width: 45%;\"><strong><a href=\"https:\/\/seae-embu.org\/anterior\/category\/comunicado\/\" target=\"_blank\" rel=\"noopener noreferrer\"><strong style=\"line-height: 1.5;\"><span style=\"color: #008080;\"><img loading=\"lazy\" decoding=\"async\" class=\"alignleft wp-image-5172 size-full\" src=\"https:\/\/seae-embu.org\/anterior\/seae\/wp-content\/uploads\/2015\/05\/oie_transparent-e1490979990652.png\" alt=\"\" width=\"70\" height=\"69\" \/><\/span><\/strong>Comunicados<\/a><\/strong>: encontre os comunicados emitidos pela ONG<\/div>\n<div style=\"float: left; padding: 10px; text-align: justify; width: 45%;\"><strong><a href=\"https:\/\/seae-embu.org\/anterior\/category\/editorial\/\" target=\"_blank\" rel=\"noopener noreferrer\"><span style=\"color: #008080;\"><img loading=\"lazy\" decoding=\"async\" class=\"alignleft wp-image-5167 size-full\" src=\"https:\/\/seae-embu.org\/anterior\/seae\/wp-content\/uploads\/2015\/05\/oie_transparent-5-e1490980032862.png\" alt=\"\" width=\"70\" height=\"69\" \/><\/span>Editoriais<\/a><\/strong>: conhe\u00e7a o posicionamento da entidade nos temas socioambientais<\/div>\n<div style=\"float: right; padding: 10px; text-align: justify; width: 45%;\"><strong><a href=\"https:\/\/seae-embu.org\/anterior\/category\/releases\/\" target=\"_blank\" rel=\"noopener noreferrer\"><span style=\"color: #008080;\"><img loading=\"lazy\" decoding=\"async\" class=\"alignleft wp-image-5168 size-full\" src=\"https:\/\/seae-embu.org\/anterior\/seae\/wp-content\/uploads\/2015\/05\/oie_transparent-4-e1490980057576.png\" alt=\"\" width=\"70\" height=\"69\" \/><\/span>Releases<\/a>: <\/strong>fique por dentro das not\u00edcias divulgadas pela SEAE<strong><br \/>\n<\/strong><\/div>\n<div><\/div>\n<div><\/div>\n<div><\/div>\n<div><\/div>\n<div style=\"float: left; padding-top: 10px; padding-right: 10px; padding-bottom: 10px; width: 45%;\"><strong><a href=\"https:\/\/seae-embu.org\/anterior\/category\/clipping\/\" target=\"_blank\" rel=\"noopener noreferrer\"><span style=\"color: #008080;\"><img loading=\"lazy\" decoding=\"async\" class=\"wp-image-5170 size-full alignleft\" src=\"https:\/\/seae-embu.org\/anterior\/seae\/wp-content\/uploads\/2015\/05\/oie_transparent-2-e1490980089588.png\" alt=\"\" width=\"70\" height=\"70\" \/><\/span>SEAE na m\u00eddia<\/a><\/strong>: saiba quais os ve\u00edculos de comunica\u00e7\u00e3o j\u00e1 publicaram sobre a SEAE<strong><a href=\"https:\/\/seae-embu.org\/anterior\/seae\/category\/artigos\/\" target=\"_blank\" rel=\"noopener noreferrer\"><br \/>\n<\/a><\/strong><\/div>\n<div><\/div>\n<div><\/div>\n<div><\/div>\n<div><\/div>\n<div><\/div>\n<div><\/div>\n<div><\/div>\n<div><\/div>\n<div><\/div>\n<div><\/div>\n<div><\/div>\n<div><\/div>\n<div><\/div>\n<div><\/div>\n<div><\/div>\n<div><\/div>\n<div><\/div>\n","protected":false},"excerpt":{"rendered":"<p>Rodolfo Almeida: presidente da Sociedade Ecol\u00f3gica Amigos de Embu 11 4781-6837 | contato@seae-embu.org TODAS AS NOT\u00cdCIAS [themify_list_posts category=&#8221;45&#8243; image=&#8221;no&#8221; style=&#8221;list-post&#8221; post_date=&#8221;yes&#8221; more_text=&#8221;yes&#8221;] Artigos: encontre textos publicados na categoria artigos Avisos de pauta: conhe\u00e7a os temas e eventos para cobertura e reportagem jornal\u00edstica Blog:\u00a0espa\u00e7o dedicado \u00e0 publica\u00e7\u00e3o de conte\u00fados educativos e trabalhos acad\u00eamicos Comunicados: encontre os &hellip; <a href=\"https:\/\/seae-embu.org\/anterior\/imprensa\/\" class=\"more-link\">Continue reading <span class=\"screen-reader-text\">Atendimento \u00e0 imprensa<\/span><\/a><\/p>\n","protected":false},"author":1,"featured_media":0,"parent":0,"menu_order":0,"comment_status":"closed","ping_status":"closed","template":"","meta":{"footnotes":""},"class_list":["post-5184","page","type-page","status-publish","hentry"],"_links":{"self":[{"href":"https:\/\/seae-embu.org\/anterior\/wp-json\/wp\/v2\/pages\/5184","targetHints":{"allow":["GET"]}}],"collection":[{"href":"https:\/\/seae-embu.org\/anterior\/wp-json\/wp\/v2\/pages"}],"about":[{"href":"https:\/\/seae-embu.org\/anterior\/wp-json\/wp\/v2\/types\/page"}],"author":[{"embeddable":true,"href":"https:\/\/seae-embu.org\/anterior\/wp-json\/wp\/v2\/users\/1"}],"replies":[{"embeddable":true,"href":"https:\/\/seae-embu.org\/anterior\/wp-json\/wp\/v2\/comments?post=5184"}],"version-history":[{"count":16,"href":"https:\/\/seae-embu.org\/anterior\/wp-json\/wp\/v2\/pages\/5184\/revisions"}],"predecessor-version":[{"id":10156,"href":"https:\/\/seae-embu.org\/anterior\/wp-json\/wp\/v2\/pages\/5184\/revisions\/10156"}],"wp:attachment":[{"href":"https:\/\/seae-embu.org\/anterior\/wp-json\/wp\/v2\/media?parent=5184"}],"curies":[{"name":"wp","href":"https:\/\/api.w.org\/{rel}","templated":true}]}}