{"id":4653,"date":"2016-11-11T16:56:01","date_gmt":"2016-11-11T16:56:01","guid":{"rendered":"https:\/\/seae-embu.org\/anterior\/seae\/?page_id=4653"},"modified":"2019-08-22T14:35:21","modified_gmt":"2019-08-22T14:35:21","slug":"horta-vertical","status":"publish","type":"page","link":"https:\/\/seae-embu.org\/anterior\/projetos\/realizados\/horta-vertical\/","title":{"rendered":"Projeto Horta Vertical"},"content":{"rendered":"<p>Iniciadas em 2016, as oficinas pr\u00e1ticas para o plantio de pequenas hortas a serem disponibilizadas verticalmente, com a utiliza\u00e7\u00e3o de materiais reciclados, tem por finalidade&nbsp;apresentar ao p\u00fablico alternativas para o plantio de flores, frutos e hortali\u00e7as, visando&nbsp;a import\u00e2ncia dos alimentos org\u00e2nicos para a sa\u00fade.<\/p>\n<p>S\u00e3o abordadas, tamb\u00e9m, quest\u00f5es de reciclagem do material pet utilizado na a\u00e7\u00e3o; de economia de \u00e1gua utilizada na rega, possibilitada pelo modelo adotado do conjunto, entre outros temas.<\/p>\n<p>Dezenas de pessoas j\u00e1 foram atendidas. Podem participar institui\u00e7\u00f5es de ensino, empresas e demais grupos interessados.<\/p>\n<p>Cada oficina dura em torno de tr\u00eas a quatro horas.<\/p>\n<p><strong><img decoding=\"async\" class=\"alignleft size-thumbnail wp-image-4654\" src=\"https:\/\/seae-embu.org\/anterior\/seae\/wp-content\/uploads\/2016\/11\/Etapa-5-colocar-terra-1-150x150.jpg\" alt=\"etapa-5-colocar-terra-1\" width=\"150\" height=\"150\"> <img decoding=\"async\" class=\"alignleft size-thumbnail wp-image-4655\" src=\"https:\/\/seae-embu.org\/anterior\/seae\/wp-content\/uploads\/2016\/11\/Etapa-5-colocar-terra-2-150x150.jpg\" alt=\"etapa-5-colocar-terra-2\" width=\"150\" height=\"150\"> <img decoding=\"async\" class=\"alignleft size-thumbnail wp-image-4657\" src=\"https:\/\/seae-embu.org\/anterior\/seae\/wp-content\/uploads\/2016\/11\/Alface-150x150.jpg\" alt=\"alface\" width=\"150\" height=\"150\" srcset=\"https:\/\/seae-embu.org\/anterior\/wp-content\/uploads\/2016\/11\/Alface-150x150.jpg 150w, https:\/\/seae-embu.org\/anterior\/wp-content\/uploads\/2016\/11\/Alface-45x45.jpg 45w, https:\/\/seae-embu.org\/anterior\/wp-content\/uploads\/2016\/11\/Alface-50x50.jpg 50w\" sizes=\"(max-width: 150px) 100vw, 150px\" \/> <img loading=\"lazy\" decoding=\"async\" class=\"alignleft size-thumbnail wp-image-4658\" src=\"https:\/\/seae-embu.org\/anterior\/seae\/wp-content\/uploads\/2016\/11\/Cebolinha-150x150.jpg\" alt=\"cebolinha\" width=\"150\" height=\"150\"> <img loading=\"lazy\" decoding=\"async\" class=\"alignleft size-thumbnail wp-image-4659\" src=\"https:\/\/seae-embu.org\/anterior\/seae\/wp-content\/uploads\/2016\/11\/Flor-campo-roxa-150x150.jpg\" alt=\"flor-campo-roxa\" width=\"150\" height=\"150\" srcset=\"https:\/\/seae-embu.org\/anterior\/wp-content\/uploads\/2016\/11\/Flor-campo-roxa-150x150.jpg 150w, https:\/\/seae-embu.org\/anterior\/wp-content\/uploads\/2016\/11\/Flor-campo-roxa-300x300.jpg 300w, https:\/\/seae-embu.org\/anterior\/wp-content\/uploads\/2016\/11\/Flor-campo-roxa-768x768.jpg 768w, https:\/\/seae-embu.org\/anterior\/wp-content\/uploads\/2016\/11\/Flor-campo-roxa-1024x1024.jpg 1024w, https:\/\/seae-embu.org\/anterior\/wp-content\/uploads\/2016\/11\/Flor-campo-roxa.jpg 1280w\" sizes=\"(max-width: 150px) 100vw, 150px\" \/> <img loading=\"lazy\" decoding=\"async\" class=\"alignleft size-thumbnail wp-image-4660\" src=\"https:\/\/seae-embu.org\/anterior\/seae\/wp-content\/uploads\/2016\/11\/Flor-cravina-vermelha-150x150.jpg\" alt=\"flor-cravina-vermelha\" width=\"150\" height=\"150\"> <img loading=\"lazy\" decoding=\"async\" class=\"alignleft size-thumbnail wp-image-4661\" src=\"https:\/\/seae-embu.org\/anterior\/seae\/wp-content\/uploads\/2016\/11\/Flor-margarida-amarela-150x150.jpg\" alt=\"flor-margarida-amarela\" width=\"150\" height=\"150\" srcset=\"https:\/\/seae-embu.org\/anterior\/wp-content\/uploads\/2016\/11\/Flor-margarida-amarela-150x150.jpg 150w, https:\/\/seae-embu.org\/anterior\/wp-content\/uploads\/2016\/11\/Flor-margarida-amarela-300x300.jpg 300w, https:\/\/seae-embu.org\/anterior\/wp-content\/uploads\/2016\/11\/Flor-margarida-amarela-768x768.jpg 768w, https:\/\/seae-embu.org\/anterior\/wp-content\/uploads\/2016\/11\/Flor-margarida-amarela-1024x1024.jpg 1024w, https:\/\/seae-embu.org\/anterior\/wp-content\/uploads\/2016\/11\/Flor-margarida-amarela.jpg 1280w\" sizes=\"(max-width: 150px) 100vw, 150px\" \/> <img loading=\"lazy\" decoding=\"async\" class=\"alignleft size-thumbnail wp-image-4662\" src=\"https:\/\/seae-embu.org\/anterior\/seae\/wp-content\/uploads\/2016\/11\/Morango-150x150.jpg\" alt=\"morango\" width=\"150\" height=\"150\" srcset=\"https:\/\/seae-embu.org\/anterior\/wp-content\/uploads\/2016\/11\/Morango-150x150.jpg 150w, https:\/\/seae-embu.org\/anterior\/wp-content\/uploads\/2016\/11\/Morango-50x50.jpg 50w, https:\/\/seae-embu.org\/anterior\/wp-content\/uploads\/2016\/11\/Morango-45x45.jpg 45w\" sizes=\"(max-width: 150px) 100vw, 150px\" \/> <img loading=\"lazy\" decoding=\"async\" class=\"alignleft size-thumbnail wp-image-4663\" src=\"https:\/\/seae-embu.org\/anterior\/seae\/wp-content\/uploads\/2016\/11\/Salsinha-150x150.jpg\" alt=\"salsinha\" width=\"150\" height=\"150\"><br \/>\n<\/strong><\/p>\n<p><strong>&nbsp;<\/strong><\/p>\n","protected":false},"excerpt":{"rendered":"<p>Iniciadas em 2016, as oficinas pr\u00e1ticas para o plantio de pequenas hortas a serem disponibilizadas verticalmente, com a utiliza\u00e7\u00e3o de materiais reciclados, tem por finalidade&nbsp;apresentar ao p\u00fablico alternativas para o plantio de flores, frutos e hortali\u00e7as, visando&nbsp;a import\u00e2ncia dos alimentos org\u00e2nicos para a sa\u00fade. S\u00e3o abordadas, tamb\u00e9m, quest\u00f5es de reciclagem do material pet utilizado na &hellip; <a href=\"https:\/\/seae-embu.org\/anterior\/projetos\/realizados\/horta-vertical\/\" class=\"more-link\">Continue reading <span class=\"screen-reader-text\">Projeto Horta Vertical<\/span><\/a><\/p>\n","protected":false},"author":1,"featured_media":8845,"parent":4393,"menu_order":0,"comment_status":"closed","ping_status":"closed","template":"","meta":{"footnotes":""},"class_list":["post-4653","page","type-page","status-publish","has-post-thumbnail","hentry"],"_links":{"self":[{"href":"https:\/\/seae-embu.org\/anterior\/wp-json\/wp\/v2\/pages\/4653","targetHints":{"allow":["GET"]}}],"collection":[{"href":"https:\/\/seae-embu.org\/anterior\/wp-json\/wp\/v2\/pages"}],"about":[{"href":"https:\/\/seae-embu.org\/anterior\/wp-json\/wp\/v2\/types\/page"}],"author":[{"embeddable":true,"href":"https:\/\/seae-embu.org\/anterior\/wp-json\/wp\/v2\/users\/1"}],"replies":[{"embeddable":true,"href":"https:\/\/seae-embu.org\/anterior\/wp-json\/wp\/v2\/comments?post=4653"}],"version-history":[{"count":3,"href":"https:\/\/seae-embu.org\/anterior\/wp-json\/wp\/v2\/pages\/4653\/revisions"}],"predecessor-version":[{"id":8837,"href":"https:\/\/seae-embu.org\/anterior\/wp-json\/wp\/v2\/pages\/4653\/revisions\/8837"}],"up":[{"embeddable":true,"href":"https:\/\/seae-embu.org\/anterior\/wp-json\/wp\/v2\/pages\/4393"}],"wp:featuredmedia":[{"embeddable":true,"href":"https:\/\/seae-embu.org\/anterior\/wp-json\/wp\/v2\/media\/8845"}],"wp:attachment":[{"href":"https:\/\/seae-embu.org\/anterior\/wp-json\/wp\/v2\/media?parent=4653"}],"curies":[{"name":"wp","href":"https:\/\/api.w.org\/{rel}","templated":true}]}}