{"id":4405,"date":"2016-11-02T22:18:30","date_gmt":"2016-11-02T22:18:30","guid":{"rendered":"https:\/\/seae-embu.org\/anterior\/seae\/?page_id=4405"},"modified":"2021-06-30T15:21:54","modified_gmt":"2021-06-30T15:21:54","slug":"o-que-fazemos-old","status":"publish","type":"page","link":"https:\/\/seae-embu.org\/anterior\/o-que-fazemos-old\/","title":{"rendered":"O QUE FAZEMOS OLD"},"content":{"rendered":"<div style=\"float: left; padding: 10px; text-align: justify; width: 45%;\"><span style=\"color: #ffffff;\"><strong><img decoding=\"async\" class=\"wp-image-4409 size-full alignleft\" src=\"https:\/\/seae-embu.org\/anterior\/seae\/wp-content\/uploads\/2016\/11\/projetos-e1478125825124.png\" alt=\"projetos\" width=\"70\" height=\"70\" \/><span style=\"color: #000000;\"><a style=\"color: #000000;\" href=\"https:\/\/seae-embu.org\/anterior\/eventos\/\">Agenda:<\/a> <\/span><\/strong><span style=\"color: #000000;\">C<\/span><span style=\"color: #000000;\">onhe\u00e7a nossas a\u00e7\u00f5es e atividades de educa\u00e7\u00e3o ambiental<\/span><\/span><\/div>\n<div style=\"float: right; padding: 10px; width: 45%; text-align: justify;\"><span style=\"color: #000000;\"><strong><a style=\"color: #000000;\" href=\"https:\/\/seae-embu.org\/anterior\/denuncias-crimes-ambientais\/\"><img decoding=\"async\" class=\"wp-image-4409 size-full alignleft\" src=\"https:\/\/seae-embu.org\/anterior\/seae\/wp-content\/uploads\/2016\/11\/projetos-e1478125825124.png\" alt=\"projetos\" width=\"70\" height=\"70\" \/>Den\u00fancias de crimes ambientais:<\/a><\/strong> Principais den\u00fancias\u00a0<\/span><\/div>\n<div style=\"float: left; padding: 10px; text-align: justify; width: 45%;\"><span style=\"color: #ffffff;\"><strong><img decoding=\"async\" class=\"wp-image-4409 size-full alignleft\" src=\"https:\/\/seae-embu.org\/anterior\/seae\/wp-content\/uploads\/2016\/11\/projetos-e1478125825124.png\" alt=\"projetos\" width=\"70\" height=\"70\" \/><span style=\"color: #000000;\"><a style=\"color: #000000;\" href=\"https:\/\/seae-embu.org\/anterior\/o-que-fazemos\/atuacao\/\">Atua\u00e7\u00e3o nos conselhos:<\/a> <\/span><\/strong><span style=\"color: #000000;\">Participa\u00e7\u00e3o nos principais conselhos e representantes<\/span><\/span><\/div>\n<div style=\"float: right; padding: 10px; width: 45%; text-align: justify;\"><span style=\"color: #000000;\"><strong><a style=\"color: #000000;\" href=\"https:\/\/seae-embu.org\/anterior\/o-que-fazemos\/publicacoes\/\"><img decoding=\"async\" class=\"wp-image-4409 size-full alignleft\" src=\"https:\/\/seae-embu.org\/anterior\/seae\/wp-content\/uploads\/2016\/11\/projetos-e1478125825124.png\" alt=\"projetos\" width=\"70\" height=\"70\" \/>Publica\u00e7\u00f5es:<\/a><\/strong>\u00a0especiais que resultaram dos projetos desenvolvidos, com autoria ou participa\u00e7\u00e3o da SEAE<\/span><\/div>\n<div style=\"float: left; padding: 10px; text-align: justify; width: 45%;\"><span style=\"color: #ffffff;\"><strong><img decoding=\"async\" class=\"wp-image-4409 size-full alignleft\" src=\"https:\/\/seae-embu.org\/anterior\/seae\/wp-content\/uploads\/2016\/11\/projetos-e1478125825124.png\" alt=\"projetos\" width=\"70\" height=\"70\" \/><span style=\"color: #000000;\"><a style=\"color: #000000;\" href=\"https:\/\/seae-embu.org\/anterior\/projetos\/\"><span style=\"color: #000000;\">Projetos<\/span>:<\/a>\u00a0<\/span><\/strong><span style=\"color: #000000;\">conhe\u00e7a alguns dos nossos projetos de educa\u00e7\u00e3o ambiental<\/span><\/span><\/div>\n<div style=\"float: right; padding: 10px; width: 45%; text-align: justify;\"><span style=\"color: #000000;\"><strong><a style=\"color: #000000;\" href=\"https:\/\/seae-embu.org\/anterior\/category\/galeria-de-fotos\/\"><img decoding=\"async\" class=\"wp-image-4409 size-full alignleft\" src=\"https:\/\/seae-embu.org\/anterior\/seae\/wp-content\/uploads\/2016\/11\/projetos-e1478125825124.png\" alt=\"projetos\" width=\"70\" height=\"70\" \/>Galeria de fotos:<\/a><\/strong> Fotos dos eventos\u00a0<\/span><\/div>\n<div>\u00a0<\/div>\n<div>\u00a0<\/div>\n<div>\u00a0<\/div>\n<div>\u00a0<\/div>\n<div>\u00a0<\/div>\n<div>\u00a0<\/div>\n<div>\u00a0<\/div>\n<div>\u00a0<\/div>\n<div>\u00a0<\/div>\n<div>\u00a0<\/div>\n<p>\u00a0<\/p>\n\n\n<div class=\"wp-block-image\"><figure class=\"alignleft\"><img decoding=\"async\" src=\"https:\/\/seae-embu.org\/anterior\/seae\/wp-content\/uploads\/2016\/11\/projetos-e1478125825124.png\" alt=\"projetos\"\/><\/figure><\/div>\n\n\n\n<p><strong><a href=\"https:\/\/seae-embu.org\/anterior\/campanhas\/\">Campanhas:<\/a><\/strong> Campanhas e participa\u00e7\u00e3o da comunidade<\/p>\n","protected":false},"excerpt":{"rendered":"<p>Agenda: Conhe\u00e7a nossas a\u00e7\u00f5es e atividades de educa\u00e7\u00e3o ambiental Den\u00fancias de crimes ambientais: Principais den\u00fancias\u00a0 Atua\u00e7\u00e3o nos conselhos: Participa\u00e7\u00e3o nos principais conselhos e representantes Publica\u00e7\u00f5es:\u00a0especiais que resultaram dos projetos desenvolvidos, com autoria ou participa\u00e7\u00e3o da SEAE Projetos:\u00a0conhe\u00e7a alguns dos nossos projetos de educa\u00e7\u00e3o ambiental Galeria de fotos: Fotos dos eventos\u00a0 \u00a0 \u00a0 \u00a0 \u00a0 \u00a0 &hellip; <a href=\"https:\/\/seae-embu.org\/anterior\/o-que-fazemos-old\/\" class=\"more-link\">Continue reading <span class=\"screen-reader-text\">O QUE FAZEMOS OLD<\/span><\/a><\/p>\n","protected":false},"author":1,"featured_media":0,"parent":0,"menu_order":0,"comment_status":"closed","ping_status":"closed","template":"","meta":{"footnotes":""},"class_list":["post-4405","page","type-page","status-publish","hentry"],"_links":{"self":[{"href":"https:\/\/seae-embu.org\/anterior\/wp-json\/wp\/v2\/pages\/4405","targetHints":{"allow":["GET"]}}],"collection":[{"href":"https:\/\/seae-embu.org\/anterior\/wp-json\/wp\/v2\/pages"}],"about":[{"href":"https:\/\/seae-embu.org\/anterior\/wp-json\/wp\/v2\/types\/page"}],"author":[{"embeddable":true,"href":"https:\/\/seae-embu.org\/anterior\/wp-json\/wp\/v2\/users\/1"}],"replies":[{"embeddable":true,"href":"https:\/\/seae-embu.org\/anterior\/wp-json\/wp\/v2\/comments?post=4405"}],"version-history":[{"count":17,"href":"https:\/\/seae-embu.org\/anterior\/wp-json\/wp\/v2\/pages\/4405\/revisions"}],"predecessor-version":[{"id":12606,"href":"https:\/\/seae-embu.org\/anterior\/wp-json\/wp\/v2\/pages\/4405\/revisions\/12606"}],"wp:attachment":[{"href":"https:\/\/seae-embu.org\/anterior\/wp-json\/wp\/v2\/media?parent=4405"}],"curies":[{"name":"wp","href":"https:\/\/api.w.org\/{rel}","templated":true}]}}