{"id":4384,"date":"2016-11-02T00:47:10","date_gmt":"2016-11-02T00:47:10","guid":{"rendered":"https:\/\/seae-embu.org\/anterior\/seae\/?page_id=4384"},"modified":"2021-12-01T17:20:47","modified_gmt":"2021-12-01T17:20:47","slug":"projetos","status":"publish","type":"page","link":"https:\/\/seae-embu.org\/anterior\/projetos\/","title":{"rendered":"PROJETOS"},"content":{"rendered":"<h2><\/h2>\n<h2 data-elementor-setting-key=\"title\" data-pen-placeholder=\"Digite aqui...\" style=\"font-family: var( --e-global-typography-primary-font-family ), Sans-serif; font-style: normal; font-weight: var( --e-global-typography-primary-font-weight ); outline-style: initial; outline-width: 0px;\">PROJETOS EM ANDAMENTO<\/h2>\n<figure>\n\t\t\t\t\t\t\t\t\t\t\t<a href=\"https:\/\/seae-embu.org\/anterior\/projetos\/em-andamento\/projeto-observando-rios\/\"><br \/>\n<img fetchpriority=\"high\" decoding=\"async\" width=\"300\" height=\"251\" src=\"https:\/\/seae-embu.org\/anterior\/wp-content\/uploads\/2019\/08\/C\u00f3pia-de-projeto-observando-rios-300x251.jpg\" alt=\"\" srcset=\"https:\/\/seae-embu.org\/anterior\/wp-content\/uploads\/2019\/08\/C\u00f3pia-de-projeto-observando-rios-300x251.jpg 300w, https:\/\/seae-embu.org\/anterior\/wp-content\/uploads\/2019\/08\/C\u00f3pia-de-projeto-observando-rios-768x644.jpg 768w, https:\/\/seae-embu.org\/anterior\/wp-content\/uploads\/2019\/08\/C\u00f3pia-de-projeto-observando-rios-696x583.jpg 696w, https:\/\/seae-embu.org\/anterior\/wp-content\/uploads\/2019\/08\/C\u00f3pia-de-projeto-observando-rios-501x420.jpg 501w, https:\/\/seae-embu.org\/anterior\/wp-content\/uploads\/2019\/08\/C\u00f3pia-de-projeto-observando-rios.jpg 940w\" sizes=\"(max-width: 300px) 100vw, 300px\">\t\t\t\t\t\t\t\t<\/a><figcaption>Projeto Observando Rios: Programa em parceria com a SOS Mata Atl\u00e2ntica, que visa analisar a qualidade da \u00e1gua.<\/figcaption><\/figure>\n<h2><\/h2>\n<h2 data-elementor-setting-key=\"title\" data-pen-placeholder=\"Digite aqui...\" style=\"font-family: var( --e-global-typography-primary-font-family ), Sans-serif; font-style: normal; font-weight: var( --e-global-typography-primary-font-weight ); outline-style: initial; outline-width: 0px;\"><\/h2>\n<h2 data-elementor-setting-key=\"title\" data-pen-placeholder=\"Digite aqui...\" style=\"font-family: var( --e-global-typography-primary-font-family ), Sans-serif; font-style: normal; font-weight: var( --e-global-typography-primary-font-weight );\">PROJETOS REALIZADOS<\/h2>\n<figure>\n\t\t\t\t\t\t\t\t\t\t\t<a href=\"https:\/\/seae-embu.org\/anterior\/projetos\/em-andamento\/projeto-olimpiada-do-saneamento-jovem-ativo-na-sua-comunidade\/\"><br \/>\n<img decoding=\"async\" width=\"300\" height=\"251\" src=\"https:\/\/seae-embu.org\/anterior\/wp-content\/uploads\/2020\/01\/olimpiada-do-saneamento-1-300x251.jpg\" alt=\"\" srcset=\"https:\/\/seae-embu.org\/anterior\/wp-content\/uploads\/2020\/01\/olimpiada-do-saneamento-1-300x251.jpg 300w, https:\/\/seae-embu.org\/anterior\/wp-content\/uploads\/2020\/01\/olimpiada-do-saneamento-1-768x644.jpg 768w, https:\/\/seae-embu.org\/anterior\/wp-content\/uploads\/2020\/01\/olimpiada-do-saneamento-1-696x583.jpg 696w, https:\/\/seae-embu.org\/anterior\/wp-content\/uploads\/2020\/01\/olimpiada-do-saneamento-1-501x420.jpg 501w, https:\/\/seae-embu.org\/anterior\/wp-content\/uploads\/2020\/01\/olimpiada-do-saneamento-1.jpg 940w\" sizes=\"(max-width: 300px) 100vw, 300px\">\t\t\t\t\t\t\t\t<\/a><figcaption>Projeto Olimp\u00edada do Saneamento &#8211; jovem ativo na sua comunidade.<\/figcaption><\/figure>\n<figure>\n\t\t\t\t\t\t\t\t\t\t\t<a href=\"https:\/\/seae-embu.org\/anterior\/projetos\/realizados\/projeto-plantando-jardim-filtrante-e-agua-boa\/\"><br \/>\n<img decoding=\"async\" width=\"300\" height=\"251\" src=\"https:\/\/seae-embu.org\/anterior\/wp-content\/uploads\/2019\/08\/projeto-jardins-filtrantes-300x251.jpg\" alt=\"\" srcset=\"https:\/\/seae-embu.org\/anterior\/wp-content\/uploads\/2019\/08\/projeto-jardins-filtrantes-300x251.jpg 300w, https:\/\/seae-embu.org\/anterior\/wp-content\/uploads\/2019\/08\/projeto-jardins-filtrantes-768x644.jpg 768w, https:\/\/seae-embu.org\/anterior\/wp-content\/uploads\/2019\/08\/projeto-jardins-filtrantes-696x583.jpg 696w, https:\/\/seae-embu.org\/anterior\/wp-content\/uploads\/2019\/08\/projeto-jardins-filtrantes-501x420.jpg 501w, https:\/\/seae-embu.org\/anterior\/wp-content\/uploads\/2019\/08\/projeto-jardins-filtrantes.jpg 940w\" sizes=\"(max-width: 300px) 100vw, 300px\">\t\t\t\t\t\t\t\t<\/a><figcaption>Projeto Plantando jardins filtrantes e \u00e1gua boa.<\/figcaption><\/figure>\n<figure>\n\t\t\t\t\t\t\t\t\t\t\t<a href=\"https:\/\/seae-embu.org\/anterior\/projetos\/realizados\/projeto-base-de-dados-e-informacoes-socioambientais-para-a-restauracao-ecologica-da-bacia-hidrografica-do-ribeirao-ressaca\/\"><br \/>\n<img loading=\"lazy\" decoding=\"async\" width=\"300\" height=\"251\" src=\"https:\/\/seae-embu.org\/anterior\/wp-content\/uploads\/2019\/08\/projeto-fehidro-300x251.jpg\" alt=\"\" srcset=\"https:\/\/seae-embu.org\/anterior\/wp-content\/uploads\/2019\/08\/projeto-fehidro-300x251.jpg 300w, https:\/\/seae-embu.org\/anterior\/wp-content\/uploads\/2019\/08\/projeto-fehidro-768x644.jpg 768w, https:\/\/seae-embu.org\/anterior\/wp-content\/uploads\/2019\/08\/projeto-fehidro-696x583.jpg 696w, https:\/\/seae-embu.org\/anterior\/wp-content\/uploads\/2019\/08\/projeto-fehidro-501x420.jpg 501w, https:\/\/seae-embu.org\/anterior\/wp-content\/uploads\/2019\/08\/projeto-fehidro.jpg 940w\" sizes=\"(max-width: 300px) 100vw, 300px\">\t\t\t\t\t\t\t\t<\/a><figcaption>Projeto Base de dados e informa\u00e7\u00f5es socioambientais para a restaura\u00e7\u00e3o ecol\u00f3gica da Bacia Hidrol\u00f3gica do Ribeir\u00e3o Ressaca.<\/figcaption><\/figure>\n<figure>\n\t\t\t\t\t\t\t\t\t\t\t<a href=\"https:\/\/seae-embu.org\/anterior\/projetos\/realizados\/robocid-aulas-de-robotica\/\"><br \/>\n<img loading=\"lazy\" decoding=\"async\" width=\"300\" height=\"251\" src=\"https:\/\/seae-embu.org\/anterior\/wp-content\/uploads\/2019\/08\/projeto-robocid-300x251.jpg\" alt=\"\" srcset=\"https:\/\/seae-embu.org\/anterior\/wp-content\/uploads\/2019\/08\/projeto-robocid-300x251.jpg 300w, https:\/\/seae-embu.org\/anterior\/wp-content\/uploads\/2019\/08\/projeto-robocid-768x644.jpg 768w, https:\/\/seae-embu.org\/anterior\/wp-content\/uploads\/2019\/08\/projeto-robocid-696x583.jpg 696w, https:\/\/seae-embu.org\/anterior\/wp-content\/uploads\/2019\/08\/projeto-robocid-501x420.jpg 501w, https:\/\/seae-embu.org\/anterior\/wp-content\/uploads\/2019\/08\/projeto-robocid.jpg 940w\" sizes=\"(max-width: 300px) 100vw, 300px\">\t\t\t\t\t\t\t\t<\/a><figcaption>Projeto Robocid: Aulas de rob\u00f3tica com lego, para pensar problemas socioambientais.<\/figcaption><\/figure>\n<figure>\n\t\t\t\t\t\t\t\t\t\t\t<a href=\"https:\/\/seae-embu.org\/anterior\/projetos\/realizados\/projeto-sabado-ecomigo\/\"><br \/>\n<img loading=\"lazy\" decoding=\"async\" width=\"300\" height=\"251\" src=\"https:\/\/seae-embu.org\/anterior\/wp-content\/uploads\/2019\/08\/projeto-sabado-ecomigo-300x251.jpg\" alt=\"\" srcset=\"https:\/\/seae-embu.org\/anterior\/wp-content\/uploads\/2019\/08\/projeto-sabado-ecomigo-300x251.jpg 300w, https:\/\/seae-embu.org\/anterior\/wp-content\/uploads\/2019\/08\/projeto-sabado-ecomigo-768x644.jpg 768w, https:\/\/seae-embu.org\/anterior\/wp-content\/uploads\/2019\/08\/projeto-sabado-ecomigo-696x583.jpg 696w, https:\/\/seae-embu.org\/anterior\/wp-content\/uploads\/2019\/08\/projeto-sabado-ecomigo-501x420.jpg 501w, https:\/\/seae-embu.org\/anterior\/wp-content\/uploads\/2019\/08\/projeto-sabado-ecomigo.jpg 940w\" sizes=\"(max-width: 300px) 100vw, 300px\">\t\t\t\t\t\t\t\t<\/a><figcaption>Projeto S\u00e1bado ECOmigo: atividades socioambientais a partir da educa\u00e7\u00e3o ambiental, para comunidades na grande SP.<\/figcaption><\/figure>\n<figure>\n\t\t\t\t\t\t\t\t\t\t\t<a href=\"https:\/\/seae-embu.org\/anterior\/projetos\/realizados\/horta-vertical\/\"><br \/>\n<img loading=\"lazy\" decoding=\"async\" width=\"300\" height=\"251\" src=\"https:\/\/seae-embu.org\/anterior\/wp-content\/uploads\/2019\/08\/projeto-horta-vertical-300x251.jpg\" alt=\"\" srcset=\"https:\/\/seae-embu.org\/anterior\/wp-content\/uploads\/2019\/08\/projeto-horta-vertical-300x251.jpg 300w, https:\/\/seae-embu.org\/anterior\/wp-content\/uploads\/2019\/08\/projeto-horta-vertical-768x644.jpg 768w, https:\/\/seae-embu.org\/anterior\/wp-content\/uploads\/2019\/08\/projeto-horta-vertical-696x583.jpg 696w, https:\/\/seae-embu.org\/anterior\/wp-content\/uploads\/2019\/08\/projeto-horta-vertical-501x420.jpg 501w, https:\/\/seae-embu.org\/anterior\/wp-content\/uploads\/2019\/08\/projeto-horta-vertical.jpg 940w\" sizes=\"(max-width: 300px) 100vw, 300px\">\t\t\t\t\t\t\t\t<\/a><figcaption>Projeto Horta vertical: oficinas para plantio de horta para pequenos espa\u00e7os com a utiliza\u00e7\u00e3o de materiais reciclados.<\/figcaption><\/figure>\n<figure>\n\t\t\t\t\t\t\t\t\t\t\t<a href=\"https:\/\/seae-embu.org\/anterior\/projetos\/realizados\/projeto-agenda-21-escolar-embu-das-artes\/\"><br \/>\n<img loading=\"lazy\" decoding=\"async\" width=\"300\" height=\"251\" src=\"https:\/\/seae-embu.org\/anterior\/wp-content\/uploads\/2019\/08\/projeto-agenda-21-300x251.jpg\" alt=\"\" srcset=\"https:\/\/seae-embu.org\/anterior\/wp-content\/uploads\/2019\/08\/projeto-agenda-21-300x251.jpg 300w, https:\/\/seae-embu.org\/anterior\/wp-content\/uploads\/2019\/08\/projeto-agenda-21-768x644.jpg 768w, https:\/\/seae-embu.org\/anterior\/wp-content\/uploads\/2019\/08\/projeto-agenda-21-696x583.jpg 696w, https:\/\/seae-embu.org\/anterior\/wp-content\/uploads\/2019\/08\/projeto-agenda-21-501x420.jpg 501w, https:\/\/seae-embu.org\/anterior\/wp-content\/uploads\/2019\/08\/projeto-agenda-21.jpg 940w\" sizes=\"(max-width: 300px) 100vw, 300px\">\t\t\t\t\t\t\t\t<\/a><figcaption>Projeto Agenda 21: Programa para pensar a sustentabilidade global a partir de a\u00e7\u00f5es locais.<\/figcaption><\/figure>\n<figure>\n\t\t\t\t\t\t\t\t\t\t\t<a href=\"https:\/\/seae-embu.org\/anterior\/projetos\/realizados\/projeto-colhendo-sustentabilidade\/\"><br \/>\n<img loading=\"lazy\" decoding=\"async\" width=\"300\" height=\"251\" src=\"https:\/\/seae-embu.org\/anterior\/wp-content\/uploads\/2019\/08\/projeto-colhendo-sustentabilidade-300x251.jpg\" alt=\"\" srcset=\"https:\/\/seae-embu.org\/anterior\/wp-content\/uploads\/2019\/08\/projeto-colhendo-sustentabilidade-300x251.jpg 300w, https:\/\/seae-embu.org\/anterior\/wp-content\/uploads\/2019\/08\/projeto-colhendo-sustentabilidade-768x644.jpg 768w, https:\/\/seae-embu.org\/anterior\/wp-content\/uploads\/2019\/08\/projeto-colhendo-sustentabilidade-696x583.jpg 696w, https:\/\/seae-embu.org\/anterior\/wp-content\/uploads\/2019\/08\/projeto-colhendo-sustentabilidade-501x420.jpg 501w, https:\/\/seae-embu.org\/anterior\/wp-content\/uploads\/2019\/08\/projeto-colhendo-sustentabilidade.jpg 940w\" sizes=\"(max-width: 300px) 100vw, 300px\">\t\t\t\t\t\t\t\t<\/a><figcaption>Projeto Colhendo Sustentabilidade: Programa para praticar a sustentabilidade, com assist\u00eancia, implanta\u00e7\u00e3o e comercializa\u00e7\u00e3o de hortas.<\/figcaption><\/figure>\n<figure>\n\t\t\t\t\t\t\t\t\t\t\t<a href=\"https:\/\/seae-embu.org\/anterior\/projetos\/realizados\/projeto-diagnostico-socio-ambiental-da-apa\/\"><br \/>\n<img loading=\"lazy\" decoding=\"async\" width=\"300\" height=\"251\" src=\"https:\/\/seae-embu.org\/anterior\/wp-content\/uploads\/2019\/08\/projeto-diagnostico-da-apa-300x251.jpg\" alt=\"\" srcset=\"https:\/\/seae-embu.org\/anterior\/wp-content\/uploads\/2019\/08\/projeto-diagnostico-da-apa-300x251.jpg 300w, https:\/\/seae-embu.org\/anterior\/wp-content\/uploads\/2019\/08\/projeto-diagnostico-da-apa-768x644.jpg 768w, https:\/\/seae-embu.org\/anterior\/wp-content\/uploads\/2019\/08\/projeto-diagnostico-da-apa-696x583.jpg 696w, https:\/\/seae-embu.org\/anterior\/wp-content\/uploads\/2019\/08\/projeto-diagnostico-da-apa-501x420.jpg 501w, https:\/\/seae-embu.org\/anterior\/wp-content\/uploads\/2019\/08\/projeto-diagnostico-da-apa.jpg 940w\" sizes=\"(max-width: 300px) 100vw, 300px\">\t\t\t\t\t\t\t\t<\/a><figcaption>Projeto Diagn\u00f3stico Socioambiental da APA \u2013 Diagn\u00f3stico socioambiental da \u00e1rea de prote\u00e7\u00e3o ambiental Embu Verde para a\u00e7\u00f5es educativas e pol\u00edticas p\u00fablicas.<\/figcaption><\/figure>\n<figure>\n\t\t\t\t\t\t\t\t\t\t\t<a href=\"https:\/\/seae-embu.org\/anterior\/projetos\/realizados\/projeto-educa-acao\/\"><br \/>\n<img loading=\"lazy\" decoding=\"async\" width=\"300\" height=\"251\" src=\"https:\/\/seae-embu.org\/anterior\/wp-content\/uploads\/2019\/08\/projeto-diagnostico-da-apa-1-300x251.jpg\" alt=\"\" srcset=\"https:\/\/seae-embu.org\/anterior\/wp-content\/uploads\/2019\/08\/projeto-diagnostico-da-apa-1-300x251.jpg 300w, https:\/\/seae-embu.org\/anterior\/wp-content\/uploads\/2019\/08\/projeto-diagnostico-da-apa-1-768x644.jpg 768w, https:\/\/seae-embu.org\/anterior\/wp-content\/uploads\/2019\/08\/projeto-diagnostico-da-apa-1-696x583.jpg 696w, https:\/\/seae-embu.org\/anterior\/wp-content\/uploads\/2019\/08\/projeto-diagnostico-da-apa-1-501x420.jpg 501w, https:\/\/seae-embu.org\/anterior\/wp-content\/uploads\/2019\/08\/projeto-diagnostico-da-apa-1.jpg 940w\" sizes=\"(max-width: 300px) 100vw, 300px\">\t\t\t\t\t\t\t\t<\/a><figcaption>Projeto Educa + A\u00e7\u00e3o: Em parceria com a Funda\u00e7\u00e3o Bradesco, para a melhora da qualidade da educa\u00e7\u00e3o no ensino fundamental no munic\u00edpio.<\/figcaption><\/figure>\n<figure>\n\t\t\t\t\t\t\t\t\t\t\t<a href=\"https:\/\/seae-embu.org\/anterior\/projetos\/realizados\/projeto-fonte-escola\/\"><br \/>\n<img loading=\"lazy\" decoding=\"async\" width=\"300\" height=\"251\" src=\"https:\/\/seae-embu.org\/anterior\/wp-content\/uploads\/2019\/08\/projeto-fonte-escola-300x251.jpg\" alt=\"\" srcset=\"https:\/\/seae-embu.org\/anterior\/wp-content\/uploads\/2019\/08\/projeto-fonte-escola-300x251.jpg 300w, https:\/\/seae-embu.org\/anterior\/wp-content\/uploads\/2019\/08\/projeto-fonte-escola-768x644.jpg 768w, https:\/\/seae-embu.org\/anterior\/wp-content\/uploads\/2019\/08\/projeto-fonte-escola-696x583.jpg 696w, https:\/\/seae-embu.org\/anterior\/wp-content\/uploads\/2019\/08\/projeto-fonte-escola-501x420.jpg 501w, https:\/\/seae-embu.org\/anterior\/wp-content\/uploads\/2019\/08\/projeto-fonte-escola.jpg 940w\" sizes=\"(max-width: 300px) 100vw, 300px\">\t\t\t\t\t\t\t\t<\/a><figcaption>Projeto Fonte Escola: Projeto de educa\u00e7\u00e3o ambiental, realizado na fonte dos Jesu\u00edtas, em parceria com a empresa \u00c1gua Mineral Embu.<\/figcaption><\/figure>\n<figure>\n\t\t\t\t\t\t\t\t\t\t\t<a href=\"https:\/\/seae-embu.org\/anterior\/projetos\/realizados\/projeto-j-eco\/\"><br \/>\n<img loading=\"lazy\" decoding=\"async\" width=\"300\" height=\"251\" src=\"https:\/\/seae-embu.org\/anterior\/wp-content\/uploads\/2019\/08\/projeto-j-eco-300x251.jpg\" alt=\"\" srcset=\"https:\/\/seae-embu.org\/anterior\/wp-content\/uploads\/2019\/08\/projeto-j-eco-300x251.jpg 300w, https:\/\/seae-embu.org\/anterior\/wp-content\/uploads\/2019\/08\/projeto-j-eco-768x644.jpg 768w, https:\/\/seae-embu.org\/anterior\/wp-content\/uploads\/2019\/08\/projeto-j-eco-696x583.jpg 696w, https:\/\/seae-embu.org\/anterior\/wp-content\/uploads\/2019\/08\/projeto-j-eco-501x420.jpg 501w, https:\/\/seae-embu.org\/anterior\/wp-content\/uploads\/2019\/08\/projeto-j-eco.jpg 940w\" sizes=\"(max-width: 300px) 100vw, 300px\">\t\t\t\t\t\t\t\t<\/a><figcaption>Projeto J \u2013 Eco: Programa de educa\u00e7\u00e3o ambiental voltado para jovens, para refletir as quest\u00f5es socioambientais e pensar a\u00e7\u00f5es de transforma\u00e7\u00e3o.<\/figcaption><\/figure>\n<figure>\n\t\t\t\t\t\t\t\t\t\t\t<a href=\"https:\/\/seae-embu.org\/anterior\/projetos\/realizados\/projeto-programa-de-jovens\/\"><br \/>\n<img loading=\"lazy\" decoding=\"async\" width=\"300\" height=\"251\" src=\"https:\/\/seae-embu.org\/anterior\/wp-content\/uploads\/2019\/08\/projeto-pj-mais-300x251.jpg\" alt=\"\" srcset=\"https:\/\/seae-embu.org\/anterior\/wp-content\/uploads\/2019\/08\/projeto-pj-mais-300x251.jpg 300w, https:\/\/seae-embu.org\/anterior\/wp-content\/uploads\/2019\/08\/projeto-pj-mais-768x644.jpg 768w, https:\/\/seae-embu.org\/anterior\/wp-content\/uploads\/2019\/08\/projeto-pj-mais-696x583.jpg 696w, https:\/\/seae-embu.org\/anterior\/wp-content\/uploads\/2019\/08\/projeto-pj-mais-501x420.jpg 501w, https:\/\/seae-embu.org\/anterior\/wp-content\/uploads\/2019\/08\/projeto-pj-mais.jpg 940w\" sizes=\"(max-width: 300px) 100vw, 300px\">\t\t\t\t\t\t\t\t<\/a><figcaption>Projeto PJ \u2013 Mais: Programa de jovens, pensado para capacitar jovens para o mercado de trabalho, por meio de alternativas sustent\u00e1veis.<\/figcaption><\/figure>\n<figure>\n\t\t\t\t\t\t\t\t\t\t\t<a href=\"https:\/\/seae-embu.org\/anterior\/projetos\/realizados\/cinedebate-a-lei-da-agua\/\"><br \/>\n<img loading=\"lazy\" decoding=\"async\" width=\"300\" height=\"251\" src=\"https:\/\/seae-embu.org\/anterior\/wp-content\/uploads\/2019\/08\/cinedebate-300x251.jpg\" alt=\"\" srcset=\"https:\/\/seae-embu.org\/anterior\/wp-content\/uploads\/2019\/08\/cinedebate-300x251.jpg 300w, https:\/\/seae-embu.org\/anterior\/wp-content\/uploads\/2019\/08\/cinedebate-768x644.jpg 768w, https:\/\/seae-embu.org\/anterior\/wp-content\/uploads\/2019\/08\/cinedebate-696x583.jpg 696w, https:\/\/seae-embu.org\/anterior\/wp-content\/uploads\/2019\/08\/cinedebate-501x420.jpg 501w, https:\/\/seae-embu.org\/anterior\/wp-content\/uploads\/2019\/08\/cinedebate.jpg 940w\" sizes=\"(max-width: 300px) 100vw, 300px\">\t\t\t\t\t\t\t\t<\/a><figcaption>Cinedebate \u2013 A Lei da \u00c1gua, novo c\u00f3digo florestal: Filme com participa\u00e7\u00e3o do diretor Fernando Meirelles sobre o novo C\u00f3digo Florestal.<\/figcaption><\/figure>\n","protected":false},"excerpt":{"rendered":"<p>PROJETOS EM ANDAMENTO Projeto Observando Rios: Programa em parceria com a SOS Mata Atl\u00e2ntica, que visa analisar a qualidade da \u00e1gua. PROJETOS REALIZADOS Projeto Olimp\u00edada do Saneamento &#8211; jovem ativo na sua comunidade. Projeto Plantando jardins filtrantes e \u00e1gua boa. Projeto Base de dados e informa\u00e7\u00f5es socioambientais para a restaura\u00e7\u00e3o ecol\u00f3gica da Bacia Hidrol\u00f3gica do &hellip; <a href=\"https:\/\/seae-embu.org\/anterior\/projetos\/\" class=\"more-link\">Continue reading <span class=\"screen-reader-text\">PROJETOS<\/span><\/a><\/p>\n","protected":false},"author":1,"featured_media":0,"parent":0,"menu_order":0,"comment_status":"closed","ping_status":"closed","template":"","meta":{"footnotes":""},"class_list":["post-4384","page","type-page","status-publish","hentry"],"_links":{"self":[{"href":"https:\/\/seae-embu.org\/anterior\/wp-json\/wp\/v2\/pages\/4384","targetHints":{"allow":["GET"]}}],"collection":[{"href":"https:\/\/seae-embu.org\/anterior\/wp-json\/wp\/v2\/pages"}],"about":[{"href":"https:\/\/seae-embu.org\/anterior\/wp-json\/wp\/v2\/types\/page"}],"author":[{"embeddable":true,"href":"https:\/\/seae-embu.org\/anterior\/wp-json\/wp\/v2\/users\/1"}],"replies":[{"embeddable":true,"href":"https:\/\/seae-embu.org\/anterior\/wp-json\/wp\/v2\/comments?post=4384"}],"version-history":[{"count":26,"href":"https:\/\/seae-embu.org\/anterior\/wp-json\/wp\/v2\/pages\/4384\/revisions"}],"predecessor-version":[{"id":12957,"href":"https:\/\/seae-embu.org\/anterior\/wp-json\/wp\/v2\/pages\/4384\/revisions\/12957"}],"wp:attachment":[{"href":"https:\/\/seae-embu.org\/anterior\/wp-json\/wp\/v2\/media?parent=4384"}],"curies":[{"name":"wp","href":"https:\/\/api.w.org\/{rel}","templated":true}]}}