{"id":409,"date":"2013-01-31T00:20:32","date_gmt":"2013-01-31T00:20:32","guid":{"rendered":"http:\/\/themify.me\/demo\/themes\/metro\/?page_id=409"},"modified":"2020-07-20T22:27:34","modified_gmt":"2020-07-20T22:27:34","slug":"diretoria","status":"publish","type":"page","link":"https:\/\/seae-embu.org\/anterior\/quem-somos-old\/diretoria\/","title":{"rendered":"Diretoria e Gest\u00e3o"},"content":{"rendered":"\n<h2 class=\"wp-block-heading\">Diretoria 2020-2021<\/h2>\n\n\n\n<p><strong>Diretor presidente<\/strong>: Rodolfo Vieira Nunes de Almeida<br><strong>Diretor financeiro<\/strong>: Osvaldo Fabbrini<br><strong>Diretor administrativo<\/strong>: Flavio de Siqueira Frascino<br><br><strong>1\u00aa Conselheira Fiscal<\/strong>:  Jair Antonio Raupp Junior <br><strong>1\u00aa Conselheira Fiscal Suplente<\/strong>: Ascension Alvarez Hernandez<br><strong>2\u00aa Conselheira Fiscal<\/strong>: Ana Maria Sousa Portela<br><strong>2\u00ba Conselheiro Fiscal Suplente<\/strong>: Armin Quadros Campos Melo <\/p>\n\n\n\n<p><\/p>\n\n\n<h2 class=\"block-editor-rich-text__editable editor-rich-text__editable\" role=\"textbox\" contenteditable=\"true\" aria-multiline=\"true\" data-is-placeholder-visible=\"false\" aria-label=\"Escreva o t\u00edtulo\u2026\" aria-autocomplete=\"list\">Diretoria 2018-2019<\/h2>\n<p><strong>Diretor presidente<\/strong>: Rodolfo Vieira Nunes de Almeida<br \/><strong>Diretor financeiro<\/strong>: Teresa Kimijima Raupp<br \/><strong>Diretor administrativo<\/strong>: Jair Antonio Raupp Junior<\/p>\n<p><strong>1\u00aa Conselheira Fiscal<\/strong>: Luiza Dias Vieira Dantas<br \/><strong>1\u00aa Conselheira Fiscal Suplente<\/strong>: Ascension Alvarez Hernandez<br \/><strong>2\u00aa Conselheira Fiscal<\/strong>: Ana Maria Sousa Portela<br \/><strong>2\u00ba Conselheiro Fiscal Suplente<\/strong>: Armin Quadros Campos Melo<\/p>\n<p><strong>Conselho Deliberativo:<\/strong><br \/>Margarete Gois<br \/>Milena Fabbrini<\/p>\n<p><strong>Gest\u00e3o Compartilhada:<\/strong><br \/>A gest\u00e3o da entidade \u00e9 baseada na autogest\u00e3o, ou seja, as decis\u00f5es s\u00e3o tomadas conjuntamente permitindo rela\u00e7\u00f5es horizontais e din\u00e2micas de co-responsabilidade com a equipe da entidade, a qual \u00e9 composta pelos membros dos Conselhos Diretor, Deliberativo e Fiscal;<br \/>A fun\u00e7\u00e3o do Conselho Deliberativo \u00e9 garantir a gest\u00e3o compartilhada e manter a entidade focada nos seus objetivos socioambientais em Embu e regi\u00e3o.<\/p>\n<p>\u00a0<\/p>\n<h3><strong>Presidentes da SEAE &#8211;\u00a0<\/strong><strong>1975 at\u00e9 o presente.\u00a0<\/strong><\/h3>\n<p>Out\/75 \u00e0\u00a0 Abr\/80 &#8211;\u00a0 Jean Gillon<\/p>\n<p>Mai\/80\u00a0 \u00e0 Dez\/83 \u2013 Antonio Filangieri Di C\u00e2ndida Gonzaga<\/p>\n<p>Jan\/83 \u00e0 Dez\/92 \u2013 Antonio Rodrigues Junior<\/p>\n<p>Jan\/93 \u00e0 Jan\/94\u00a0 &#8211;\u00a0 Lamberto Landini Junior<\/p>\n<p>Fev\/94 \u00e0 Dez\/94 \u2013 Antonio Rodrigues Junior<\/p>\n<p>Jan\/95 \u00e0 Fev\/97 \u2013 Jean Gillon<\/p>\n<p>Mar\/97 \u00e0 Mar\/01 \u2013 Antonio Luiz Cagnin<\/p>\n<p>Mar\/01 \u00e0 Set\/01 \u2013 Lucila Pinto de Moura<\/p>\n<p>Out\/01 \u00e0 Mar\/03 \u2013 Antonio Rodrigues Junior<\/p>\n<p>Abr\/03 \u00e0 Jul\/03 &#8211;\u00a0 Dorival de Moraes<\/p>\n<p>Jul\/03 \u00e0 Mai\/04 \u2013 Karin Dornhofer Hein<\/p>\n<p>Mai\/04 \u00e0 Mar\/05 \u2013 Marcelo Cardoso<\/p>\n<p>Mar\/05 \u00e0 Dez\/13 \u2013 Leandro Dolenc<\/p>\n<p>Jan\/14 &#8211; atual \u00a0 \u00a0 \u00a0 &#8211; Rodolfo Nunes de Almeida<\/p>","protected":false},"excerpt":{"rendered":"<p>Diretoria 2020-2021 Diretor presidente: Rodolfo Vieira Nunes de AlmeidaDiretor financeiro: Osvaldo FabbriniDiretor administrativo: Flavio de Siqueira Frascino 1\u00aa Conselheira Fiscal: Jair Antonio Raupp Junior 1\u00aa Conselheira Fiscal Suplente: Ascension Alvarez Hernandez2\u00aa Conselheira Fiscal: Ana Maria Sousa Portela2\u00ba Conselheiro Fiscal Suplente: Armin Quadros Campos Melo Diretoria 2018-2019 Diretor presidente: Rodolfo Vieira Nunes de AlmeidaDiretor financeiro: Teresa &hellip; <a href=\"https:\/\/seae-embu.org\/anterior\/quem-somos-old\/diretoria\/\" class=\"more-link\">Continue reading <span class=\"screen-reader-text\">Diretoria e Gest\u00e3o<\/span><\/a><\/p>\n","protected":false},"author":1,"featured_media":0,"parent":351,"menu_order":2,"comment_status":"closed","ping_status":"closed","template":"","meta":{"footnotes":""},"class_list":["post-409","page","type-page","status-publish","hentry"],"_links":{"self":[{"href":"https:\/\/seae-embu.org\/anterior\/wp-json\/wp\/v2\/pages\/409","targetHints":{"allow":["GET"]}}],"collection":[{"href":"https:\/\/seae-embu.org\/anterior\/wp-json\/wp\/v2\/pages"}],"about":[{"href":"https:\/\/seae-embu.org\/anterior\/wp-json\/wp\/v2\/types\/page"}],"author":[{"embeddable":true,"href":"https:\/\/seae-embu.org\/anterior\/wp-json\/wp\/v2\/users\/1"}],"replies":[{"embeddable":true,"href":"https:\/\/seae-embu.org\/anterior\/wp-json\/wp\/v2\/comments?post=409"}],"version-history":[{"count":12,"href":"https:\/\/seae-embu.org\/anterior\/wp-json\/wp\/v2\/pages\/409\/revisions"}],"predecessor-version":[{"id":10207,"href":"https:\/\/seae-embu.org\/anterior\/wp-json\/wp\/v2\/pages\/409\/revisions\/10207"}],"up":[{"embeddable":true,"href":"https:\/\/seae-embu.org\/anterior\/wp-json\/wp\/v2\/pages\/351"}],"wp:attachment":[{"href":"https:\/\/seae-embu.org\/anterior\/wp-json\/wp\/v2\/media?parent=409"}],"curies":[{"name":"wp","href":"https:\/\/api.w.org\/{rel}","templated":true}]}}