{"id":403,"date":"2013-01-31T00:18:24","date_gmt":"2013-01-31T00:18:24","guid":{"rendered":"http:\/\/themify.me\/demo\/themes\/metro\/?page_id=403"},"modified":"2019-07-25T15:32:30","modified_gmt":"2019-07-25T15:32:30","slug":"missao","status":"publish","type":"page","link":"https:\/\/seae-embu.org\/anterior\/quem-somos-old\/missao\/","title":{"rendered":"Miss\u00e3o e Vis\u00e3o"},"content":{"rendered":"<p>Nossa miss\u00e3o \u00e9 estimular e ampliar os processos de transforma\u00e7\u00e3o socioambiental, cultural e econ\u00f4mica, por meio de processos educacionais participativos e inclusivos, fomentando a atua\u00e7\u00e3o em pol\u00edticas p\u00fablicas, visando a conserva\u00e7\u00e3o, recupera\u00e7\u00e3o e defesa do meio ambiente.<\/p>\n<p>Faz parte de nossa vis\u00e3o atuar de acordo com os objetivos definidos pelo Corpo Diretivo e Conselho Deliberativo no \u00faltimo planejamento estrat\u00e9gico realizado em janeiro\/2010, conforme segue:<\/p>\n<p>\u2022&nbsp; Promover a\u00e7\u00f5es que visem \u00e0 soberania alimentar e \u00e0 seguran\u00e7a alimentar e nutricional;<br \/>\n\u2022&nbsp; Promover e estimular a\u00e7\u00f5es de conserva\u00e7\u00e3o e recupera\u00e7\u00e3o dos recursos h\u00eddricos;<br \/>\n\u2022&nbsp; Promover e apoiar a\u00e7\u00f5es na \u00e1rea de sa\u00fade, saneamento e meio ambiente;<br \/>\n\u2022&nbsp; Organizar e promover a\u00e7\u00f5es de natureza cultural e art\u00edstica;<br \/>\n\u2022&nbsp; Promover a valoriza\u00e7\u00e3o das identidades s\u00f3cio-culturais e modos de vida tradicionais locais;<br \/>\n\u2022&nbsp; Contribuir para que a Agenda 21 esteja metodologicamente presente na defini\u00e7\u00e3o das pol\u00edticas e pr\u00e1ticas da institui\u00e7\u00e3o;<br \/>\n\u2022&nbsp; Estimular e apoiar a\u00e7\u00f5es, projetos e pol\u00edticas p\u00fablicas voltadas ao desenvolvimento do turismo sustent\u00e1vel em Embu e regi\u00e3o;<br \/>\n\u2022&nbsp; Implementar programas e projetos educacionais de acesso gratuito para todas as faixas et\u00e1rias;<br \/>\n\u2022&nbsp; Promover o desenvolvimento local sustent\u00e1vel por meio de princ\u00edpios e pr\u00e1ticas de economia solid\u00e1ria;<br \/>\n\u2022&nbsp; Conservar e recuperar o bioma Mata Atl\u00e2ntica;<br \/>\n\u2022&nbsp; Potencializar as a\u00e7\u00f5es e otimizar recursos humanos e materiais, na concep\u00e7\u00e3o, sistematiza\u00e7\u00e3o e implementa\u00e7\u00e3o de projetos que visem objetivos comuns por meio de um enfoque sist\u00eamico;<br \/>\n\u2022&nbsp; Planejar, avaliar e monitorar periodicamente os resultados, formas de atua\u00e7\u00e3o e objetivos dos projetos e da entidade;<br \/>\n\u2022&nbsp; Difundir por diversos meios de comunica\u00e7\u00e3o, os princ\u00edpios, objetivos e a\u00e7\u00f5es de interesse da institui\u00e7\u00e3o;<br \/>\n\u2022&nbsp; Estimular a participa\u00e7\u00e3o coletiva e o trabalho em redes sociais;<br \/>\n\u2022&nbsp; Promover o voluntariado, em conformidade com Lei Espec\u00edfica;<br \/>\n\u2022&nbsp; Garantir que os temas transversais importantes para a institui\u00e7\u00e3o permeiem todos os projetos;<br \/>\n\u2022&nbsp; Colaborar com a constru\u00e7\u00e3o de redes de coopera\u00e7\u00e3o, articulando-se com \u00f3rg\u00e3os, associa\u00e7\u00f5es, institui\u00e7\u00f5es p\u00fablicas e\/ou privadas, nacionais e\/ou internacionais;<br \/>\n\u2022&nbsp; Colaborar na cria\u00e7\u00e3o e no fortalecimento de pol\u00edticas p\u00fablicas que venham ao encontro das quest\u00f5es socioambientais, atrav\u00e9s da participa\u00e7\u00e3o em conselhos, comit\u00eas, f\u00f3runs entre outros;<br \/>\n\u2022&nbsp; Promover s\u00f3, ou em associa\u00e7\u00e3o com entidades cong\u00eaneres, as medidas administrativas ou judiciais necess\u00e1rias \u00e0 prote\u00e7\u00e3o dos interesses difusos, coletivos, e ou individuais, e \u00e0 conserva\u00e7\u00e3o dos objetivos da entidade;<br \/>\n\u2022&nbsp; Promover direitos estabelecidos, a constru\u00e7\u00e3o de novos direitos pela pr\u00f3pria entidade ou em parceria, de interesse suplementar \u00e0s pessoas f\u00edsicas e ou jur\u00eddicas, no que&nbsp; se referem aos direitos coletivos e difusos, bem como especificamente ao direito ambiental;<br \/>\n\u2022&nbsp; Apoiar e fomentar projetos de pesquisa cient\u00edfica nas \u00e1reas de atua\u00e7\u00e3o da entidade;<br \/>\n\u2022&nbsp; Prestar servi\u00e7os de consultoria, assessoria, capacita\u00e7\u00e3o e treinamento t\u00e9cnico-pedag\u00f3gica nas \u00e1reas de atua\u00e7\u00e3o da entidade;<br \/>\n\u2022&nbsp; Prestar assist\u00eancia t\u00e9cnica e extens\u00e3o rural com foco na agroecologia, agricultura urbana e periurbana, agricultura org\u00e2nica, permacultura e tecnologias sociais;<br \/>\n\u2022&nbsp; Fortalecer uma gest\u00e3o participativa, compartilhada e transparente com responsabilidade jur\u00eddica.<\/p>\n","protected":false},"excerpt":{"rendered":"<p>Nossa miss\u00e3o \u00e9 estimular e ampliar os processos de transforma\u00e7\u00e3o socioambiental, cultural e econ\u00f4mica, por meio de processos educacionais participativos e inclusivos, fomentando a atua\u00e7\u00e3o em pol\u00edticas p\u00fablicas, visando a conserva\u00e7\u00e3o, recupera\u00e7\u00e3o e defesa do meio ambiente. Faz parte de nossa vis\u00e3o atuar de acordo com os objetivos definidos pelo Corpo Diretivo e Conselho Deliberativo &hellip; <a href=\"https:\/\/seae-embu.org\/anterior\/quem-somos-old\/missao\/\" class=\"more-link\">Continue reading <span class=\"screen-reader-text\">Miss\u00e3o e Vis\u00e3o<\/span><\/a><\/p>\n","protected":false},"author":1,"featured_media":0,"parent":351,"menu_order":0,"comment_status":"closed","ping_status":"closed","template":"","meta":{"footnotes":""},"class_list":["post-403","page","type-page","status-publish","hentry"],"_links":{"self":[{"href":"https:\/\/seae-embu.org\/anterior\/wp-json\/wp\/v2\/pages\/403","targetHints":{"allow":["GET"]}}],"collection":[{"href":"https:\/\/seae-embu.org\/anterior\/wp-json\/wp\/v2\/pages"}],"about":[{"href":"https:\/\/seae-embu.org\/anterior\/wp-json\/wp\/v2\/types\/page"}],"author":[{"embeddable":true,"href":"https:\/\/seae-embu.org\/anterior\/wp-json\/wp\/v2\/users\/1"}],"replies":[{"embeddable":true,"href":"https:\/\/seae-embu.org\/anterior\/wp-json\/wp\/v2\/comments?post=403"}],"version-history":[{"count":2,"href":"https:\/\/seae-embu.org\/anterior\/wp-json\/wp\/v2\/pages\/403\/revisions"}],"predecessor-version":[{"id":8099,"href":"https:\/\/seae-embu.org\/anterior\/wp-json\/wp\/v2\/pages\/403\/revisions\/8099"}],"up":[{"embeddable":true,"href":"https:\/\/seae-embu.org\/anterior\/wp-json\/wp\/v2\/pages\/351"}],"wp:attachment":[{"href":"https:\/\/seae-embu.org\/anterior\/wp-json\/wp\/v2\/media?parent=403"}],"curies":[{"name":"wp","href":"https:\/\/api.w.org\/{rel}","templated":true}]}}