{"id":3742,"date":"2016-03-21T17:37:29","date_gmt":"2016-03-21T17:37:29","guid":{"rendered":"https:\/\/seae-embu.org\/anterior\/seae\/?page_id=3742"},"modified":"2020-03-28T01:56:55","modified_gmt":"2020-03-28T01:56:55","slug":"principais-lutas","status":"publish","type":"page","link":"https:\/\/seae-embu.org\/anterior\/quem-somos-old\/historia-da-seae\/principais-lutas\/","title":{"rendered":"Principais Lutas"},"content":{"rendered":"<p><em>AEROPORTO EM CAUCAIA DO ALTO<\/em><\/p>\n<div id=\"pagewrap\" class=\"hfeed site\">\n<div id=\"body\" class=\"clearfix\">\n<div id=\"layout\" class=\"pagewidth clearfix\">\n<div id=\"content\">\n<div id=\"page-3594\" class=\"type-page\">\n<div class=\"page-content entry-content\">\n<p><img fetchpriority=\"high\" decoding=\"async\" src=\"https:\/\/seae-embu.org\/anterior\/imagens\/aeroporto1_1975_peq.jpg\" alt=\"\" width=\"189\" height=\"300\" align=\"right\" \/>Na d\u00e9cada de 70, participou da id\u00e9ia de estabelecimento de uma das primeiras leis de zoneamento, uso e parcelamento do solo do Brasil, da qual originou a lei n\u00ba 622, de 29 de dezembro de 1975. No mesmo per\u00edodo, deflagrou a primeira grande luta ambiental de que se tem not\u00edcia: lutou contra o projeto de instala\u00e7\u00e3o do <em>Aeroporto Internacional de S\u00e3o Paulo <\/em>, que seria constru\u00eddo em Caucaia do Alto (munic\u00edpio de Cotia e divisa de Embu). A execu\u00e7\u00e3o deste projeto acabaria com a Reserva Florestal do Morro Grande \u201cRepresa Pedro Bleicht\u201d, uma das importantes abastecedoras da Zona Oeste da Grande S\u00e3o Paulo, Embu, Tabo\u00e3o e adjac\u00eancias, fornecendo \u00e1gua em n\u00edvel de qualidade superior \u00e0s demais abastecedoras.<\/p>\n<p align=\"left\">Incentivados pelo \u00eaxito das primeiras iniciativas, grande n\u00famero de embuenses agregaram-se ao n\u00facleo fundador da entidade, reunindo-se periodicamente e pensando na solu\u00e7\u00e3o de problemas regionais. J\u00e1 prevendo os futuros problemas de abastecimento de \u00e1gua, ultrapassando o tempo e as pr\u00f3prias iniciativas governamentais, a SEAE iniciou gest\u00f5es para defesa de nossos recursos h\u00eddricos, na certeza que o tempo nos daria raz\u00e3o. Obteve \u00eaxito e vit\u00f3ria totais.<\/p>\n<p><em>\u00a0<\/em><\/p>\n<p class=\"titulo\"><em>OS PORTOS DE AREIA<\/em><\/p>\n<p><img decoding=\"async\" src=\"https:\/\/seae-embu.org\/anterior\/imagens\/portos_areia_1977_peq.jpg\" alt=\"\" width=\"300\" height=\"335\" align=\"left\" \/><\/p>\n<p align=\"left\">Em 1976 e 1977, a SEAE se mobilizou contra a instala\u00e7\u00e3o de <strong>portos de areia <\/strong>no munic\u00edpio de Embu, cuja extra\u00e7\u00e3o se processava pelo uso de possantes jatos d\u2019\u00e1gua que a tudo destru\u00eda em poucos minutos. A interven\u00e7\u00e3o da SEAE obteve sucesso com o decreto da extin\u00e7\u00e3o dessa atividade dentro dos limites do munic\u00edpio. Se a cidade tem hoje uma lei de mananciais, isto foi devido \u00e0 interven\u00e7\u00e3o da entidade.<\/p>\n<p align=\"left\">Paralelamente, participou da\u00a0realiza\u00e7\u00e3o do II Simp\u00f3sio Ecol\u00f3gico de Embu, de grande repercuss\u00e3o na \u00e1rea ambiental.<\/p>\n<p><span class=\"titulo\"><em>Vivisse\u00e7\u00e3o, Baleias e outros<\/em><\/span><\/p>\n<p><img decoding=\"async\" src=\"https:\/\/seae-embu.org\/anterior\/imagens\/joao_ramos.jpg\" alt=\"\" width=\"250\" height=\"315\" align=\"right\" \/><\/p>\n<p align=\"left\">Entre 1977 e 1978, apoiou a iniciativa do inesquec\u00edvel companheiro Jo\u00e3o Ramos de S\u00e1, e desenvolveu intensa atividade em prol da luta pela proibi\u00e7\u00e3o da vivisse\u00e7\u00e3o, cuja vit\u00f3ria foi representada pela promulga\u00e7\u00e3o da Lei Federal n\u00ba 6638, de 06 de maio de 1979, que proibiu essa atividade nas escolas de ensinos m\u00e9dio e fundamental e, ainda, em qualquer local freq\u00fcentado por menores de idade ( <em>Lei de Vivisse\u00e7\u00e3o <\/em>). Tamb\u00e9m participou da luta contra a matan\u00e7a de baleias que finalmente foi proibida. Essas vit\u00f3rias transformaram o amadorismo num verdadeiro movimento profissional de grande envergadura. Conseguiu despertar por todo o Brasil, conscientiza\u00e7\u00e3o ecol\u00f3gica e o in\u00edcio de uma milit\u00e2ncia em favor da preserva\u00e7\u00e3o ambiental, iniciando nessa \u00e9poca a funda\u00e7\u00e3o do Clube Jovem Movimento Ecol\u00f3gico, que se constituiu num movimento pioneiro na regi\u00e3o.<\/p>\n<p align=\"left\">Junto com a Pol\u00edcia Florestal, iniciou uma vigorosa campanha de den\u00fancias a ca\u00e7adores e traficantes de animais silvestres entre 1982\/83.<\/p>\n<p><span class=\"titulo\"><em>O LIX\u00c3O REGIONAL<\/em><\/span><\/p>\n<p><span class=\"titulo\"><em><br \/>\n<\/em><\/span>Outra tentativa de danificar o meio ambiente foi frustrada pelos ambientalistas da SEAE . A administra\u00e7\u00e3o p\u00fablica em conjunto com \u00f3rg\u00e3os do Governo Estadual pensaram em transformar a Terra das Artes em <strong><em>centro receptor de lixo de sete munic\u00edpios <\/em><\/strong>da Grande S\u00e3o Paulo: Embu, Cotia, Juquitiba, Itapecerica da Serra, Embu Gua\u00e7u, Tabo\u00e3o da Serra e Vargem Grande. Em novembro de 1983, atrav\u00e9s do documento \u201cSalvemos Embu\u201d, a<strong>SEAE <\/strong>iniciou mais um grande movimento ecol\u00f3gico unindo toda a comunidade que n\u00e3o queria ver sua cidade destru\u00edda. O <strong>Lix\u00e3o Regional <\/strong>onde seriam depositados 250 toneladas\/dia de detritos, dos sete munic\u00edpios, foi embargado.<\/p>\n<p><span class=\"titulo\"><em>A PASSARINHADA<\/em><\/span><\/p>\n<p><img loading=\"lazy\" decoding=\"async\" src=\"https:\/\/seae-embu.org\/anterior\/imagens\/passarinhada_peq.jpg\" alt=\"\" width=\"400\" height=\"191\" \/><\/p>\n<p>Em 1984, a den\u00fancia da passarinhada, que se constituiu na segunda indeniza\u00e7\u00e3o por crime ecol\u00f3gico e teve repercuss\u00e3o internacional com o solene um minuto de sil\u00eancio durante a realiza\u00e7\u00e3o das Olimp\u00edadas de Los Angeles, foi uma articula\u00e7\u00e3o engajada da SEAE junto \u00e0 m\u00eddia e \u00f3rg\u00e3os competentes.<\/p>\n<p>A passarinhada foi promovida pelo prefeito de Embu, Nivaldo Orlandi, no dia 29 de junho de 1984, onde mais de 2.400 passarinhos (tico-ticos, rolinhas e sabi\u00e1s) foram assados em churrasqueira para atender cerca de 300 convidados em sua ch\u00e1cara. A <strong>SEAE <\/strong>ficou sabendo do evento e denunciou ao IBDF (hoje IBAMA), \u00e0s Pol\u00edcias Florestal, Federal, Civil, al\u00e9m da imprensa e pessoas influentes no Embu para que se fizesse o flagrante.<\/p>\n<p class=\"titulo\"><em>MUITAS LUTAS<\/em><\/p>\n<p><img loading=\"lazy\" decoding=\"async\" src=\"https:\/\/seae-embu.org\/anterior\/imagens\/cemiterio_peq.jpg\" alt=\"\" width=\"500\" height=\"184\" \/><\/p>\n<p>O decreto que criou o <strong>cemit\u00e9rio Jardim de Embu <\/strong>, em 1986, foi revogado por for\u00e7a da press\u00e3o da comunidade, liderada pela entidade. O cemit\u00e9rio da Rua Maranh\u00e3o seria erigido sobre o len\u00e7ol fre\u00e1tico, destruindo toda a mata natural existente no local, al\u00e9m de poluir o len\u00e7ol fre\u00e1tico e o Rio Embu-Mirim.<\/p>\n<p>Em 1987, a <strong>SEAE <\/strong>convocou a comunidade a participar da grande luta pela cria\u00e7\u00e3o do Parque Ecol\u00f3gico e de Lazer do Piraju\u00e7ara, buscando oferecer lazer e melhoria na qualidade de vida a uma regi\u00e3o carente do munic\u00edpio, al\u00e9m de preservar uma importante \u00e1rea de Mata Atl\u00e2ntica. A defesa da \u00e1rea prossegue at\u00e9 hoje.<\/p>\n<p><img loading=\"lazy\" decoding=\"async\" src=\"https:\/\/seae-embu.org\/anterior\/imagens\/abraco_parque.jpg\" alt=\"\" width=\"300\" height=\"281\" align=\"left\" hspace=\"20\" \/>Outras lutas como den\u00fancias de ca\u00e7a de animais silvestres , preserva\u00e7\u00e3o e recupera\u00e7\u00e3o da Mata Ciliar, entre outros, fazem parte de nossa hist\u00f3ria. Mas, n\u00e3o \u00e9 s\u00f3 com lutas e a\u00e7\u00f5es reativas que preservamos a natureza. Sabemos que a sustentabilidade n\u00e3o existe sem a\u00e7\u00f5es de educa\u00e7\u00e3o, de inclus\u00e3o e capacita\u00e7\u00e3o em educa\u00e7\u00e3o ambiental que ampliem o olhar sobre a vida e sobre as responsabilidades e possibilidades. Por isso, acreditamos na conex\u00e3o do homem com a natureza.<\/p>\n<p class=\"titulo\">CRIA\u00c7\u00c3O DA SECRETARIA DE MEIO AMBIENTE EM EMBU<\/p>\n<p class=\"titulo\">Em 1996, foi criada a Secretaria Municipal do Meio Ambiente pela Prefeitura de Embu. Essa grande conquista deve ser atribu\u00edda \u00e0s iniciativas e insist\u00eancias da <strong>SEAE <\/strong>que defendeu sua implanta\u00e7\u00e3o durante muitos anos.<\/p>\n<p>Durante este ano a <strong>SEAE <\/strong>tamb\u00e9m participou de diversas reuni\u00f5es e audi\u00eancias p\u00fablicas com a Equipe T\u00e9cnica da Secretaria de Estado do Meio Ambiente, para discuss\u00e3o do Projeto de Revitaliza\u00e7\u00e3o do Centro Hist\u00f3rico e do Projeto do Parque Ecol\u00f3gico Francisco Rizzo; manteve encontros e discuss\u00f5es com a SABESP e com a Secretaria de Recursos H\u00eddricos sobre o d\u00e9ficit de \u00e1gua no munic\u00edpio e com a DERSA, sobre o tra\u00e7ado do Rodoanel. Foi criado tamb\u00e9m o Sub-comit\u00ea da Bacia da Guarapiranga, cujo membro titular era diretor da <strong>SEAE <\/strong>.<\/p>\n<p><img loading=\"lazy\" decoding=\"async\" src=\"https:\/\/seae-embu.org\/anterior\/imagens\/antonio_rodrigues_ago_2007.jpg\" alt=\"\" width=\"200\" height=\"255\" align=\"left\" hspace=\"20\" \/>Sr. Ant\u00f4nio Rodrigues, sempre \u00e0 frente dos movimentos da SEAE levantou in\u00fameras bandeiras e articulou intensamente com diversos setores para conseguir proteger o meio ambiente no munic\u00edpio e regi\u00e3o, al\u00e9m de abra\u00e7ar tamb\u00e9m a defesa a n\u00edvel nacional.<\/p>\n<p>Nos anos seguintes continuaram as atividades para a implanta\u00e7\u00e3o do Parque Ecol\u00f3gico e de Lazer do Piraju\u00e7ara. Tamb\u00e9m o Parque Ecol\u00f3gico do Lago de Embu (atualmente, Parque do Lago Francisco Rizzo) foi foco de muitas lutas e o tombamento foi conseguido em 1999. Participou de in\u00fameras discuss\u00f5es realizadas no Comit\u00ea Bacia Hidrogr\u00e1fica do Alto Tiet\u00ea e no Sub-comit\u00ea da Bacia Hidrogr\u00e1fica Cotia Guarapiranga.<\/p>\n<p>A SEAE , ao longo de seus 35 anos de hist\u00f3ria, n\u00e3o apenas frustrou tentativas, como tamb\u00e9m conseguiu que decis\u00f5es j\u00e1 tomadas fossem recuadas.<\/p>\n<p class=\"titulo\"><em>A CASA DA ECOLOGIA<\/em><\/p>\n<p><img loading=\"lazy\" decoding=\"async\" src=\"https:\/\/seae-embu.org\/anterior\/imagens\/casa_ecologia.jpg\" alt=\"\" width=\"300\" height=\"187\" align=\"right\" hspace=\"10\" \/>Em 2003 e 2004, a SEAE iniciou as atividades ecol\u00f3gico-culturais na <em>Casa da Ecologia <\/em>. Surgiu o primeiro n\u00famero do Boletim Informativo \u00c9VARE (significa, na l\u00edngua dos povos Ticuna, terra sagrada), idealizado e realizado por um grupo de jovens; foram promovidos cursos e oficinas de educa\u00e7\u00e3o ambiental para crian\u00e7as; curso de pintura em seda \u2013 desenvolvendo o tema arte e natureza; passeios e palestras educativas direcionadas aos jovens.<\/p>\n<p>O im\u00f3vel da Casa da Ecologia foi doado pela Votorantim, em 2002, e reformado. Tamb\u00e9m foi equipado com computador, aparelhos de v\u00eddeo e televis\u00e3o para atender a comunidade. Uma biblioteca voltada para os temas ambientais foi montada e continua \u00e0 disposi\u00e7\u00e3o da popula\u00e7\u00e3o.<\/p>\n<p class=\"titulo\"><em>AGENDA 21 ESCOLAR EM EMBU<\/em><\/p>\n<p><img loading=\"lazy\" decoding=\"async\" src=\"https:\/\/seae-embu.org\/anterior\/imagens\/agenda_21.jpg\" alt=\"\" width=\"200\" height=\"276\" align=\"left\" hspace=\"10\" \/>A quest\u00e3o da Agenda 21, uma carta de compromissos para o s\u00e9culo 21, come\u00e7ou a ser tratada na <strong>SEAE <\/strong>por volta de 2003, com a coordena\u00e7\u00e3o da educadora Maria Isabel C. Franco. A nossa primeira participa\u00e7\u00e3o em um projeto conjunto de interven\u00e7\u00e3o pedag\u00f3gica em Educa\u00e7\u00e3o Ambiental foi na Escola Estadual do Bairro Capuava. L\u00e1 a<strong>SEAE <\/strong>iniciou a primeira experi\u00eancia-piloto de <em>Agenda 21 Escolar <\/em>. Assim, o Projeto Agenda 21 Escolar em Embu das Artes, que tomou for\u00e7a em 2004 com a forma\u00e7\u00e3o de Grupos de Trabalho (GTs), continuou em 2005. As atividades de educa\u00e7\u00e3o ambiental nessa \u00e1rea continuam at\u00e9 hoje. Em 2006 e 2007, a SEAE atuou regionalmente ampliando e fortalecendo a rede de educadores ambientais e lideran\u00e7as locais dos munic\u00edpios de Embu, Embu Gua\u00e7u, Cotia, Itapecerica da Serra, Juquitiba, S\u00e3o Louren\u00e7o da Serra e Tabo\u00e3o da Serra, munic\u00edpios de fundamental import\u00e2ncia para a preserva\u00e7\u00e3o da Mata Atl\u00e2ntica e manuten\u00e7\u00e3o dos mananciais que contribuem para a Bacia do Guarapiranga na Regi\u00e3o Metropolitana de S\u00e3o Paulo (RMSP).<\/p>\n<p class=\"titulo\"><em>CORREDOR EMPRESARIAL<\/em><\/p>\n<p><img loading=\"lazy\" decoding=\"async\" src=\"https:\/\/seae-embu.org\/anterior\/imagens\/corredor_empresarial_peq.jpg\" alt=\"\" width=\"250\" height=\"305\" align=\"right\" \/>Durante 2005, a SEAE abra\u00e7ou uma grande luta: derrubar o corredor empresarial na Rua Maria Jos\u00e9 Ferraz Prado , em Itatuba (Embu). A instala\u00e7\u00e3o de ind\u00fastrias na regi\u00e3o comprometeria de forma predat\u00f3ria e irrevers\u00edvel os mananciais que contribuem para a Bacia do Alto Tiet\u00ea, a cobertura florestal natural, a flora e a fauna da regi\u00e3o, e principalmente o desenvolvimento sustent\u00e1vel do local. A regi\u00e3o em quest\u00e3o apresenta uns dos \u00faltimos fragmentos de Mata Atl\u00e2ntica de Embu (em diversos est\u00e1gios de recupera\u00e7\u00e3o) onde foram identificados v\u00e1rios animais amea\u00e7ados de extin\u00e7\u00e3o, entre eles, o macaco bugio ( <em>Alouatta fusca <\/em>), o gavi\u00e3o pega-macaco ( <em>Spizaetus tyrannus <\/em>), a araponga ( <em>Procnias nudicollis <\/em>), o pav\u00e3o-do-mato ( <em>Pyroderus scutatus <\/em>) (DECRETO ESTADUAL N\u00ba 42.838, de 04 de fevereiro de 1998: Declara as Esp\u00e9cies da Fauna Silvestre Amea\u00e7adas de Extin\u00e7\u00e3o e as Provavelmente Amea\u00e7adas de Extin\u00e7\u00e3o no Estado de S\u00e3o Paulo e d\u00e1 provid\u00eancias correlatas), al\u00e9m de uma grande diversidade de \u00e1rvores e animais como esquilos, lagartos, tatus, tucanos, periquitos, etc. Embu ainda \u00e9 \u00e1rea de nidifica\u00e7\u00e3o e alimento para in\u00fameros animais, por ter parte de suas matas preservadas. No dia 29 de mar\u00e7o de 2006, a C\u00e2mara dos Vereadores de Embu aprova o Projeto de Lei Complementar que corrige o Plano Diretor da cidade eliminando o Corredor Empresarial na Rua Maria Jos\u00e9 Ferraz Prado, em Itatuba.<\/p>\n<p class=\"titulo\"><em>OUTRAS ATIVIDADES<\/em><\/p>\n<p>Durante 2006 e 2007, ocorreram diversas atividades como o 1\u00ba F\u00f3rum Regional da Agenda 21 na Educa\u00e7\u00e3o , sediado em Itapecerica da Serra, onde a <strong>SEAE <\/strong>participou ativamente na Comiss\u00e3o Organizadora e durante todo o evento, demonstrando compromisso na continuidade dos processos; a Semana da \u00c1gua , no Parque do Lago Francisco Rizzo, o Debate sobre Aquecimento Global &amp; Pol\u00edticas P\u00fablicas , na C\u00e2mara dos Vereadores, a Exposi\u00e7\u00e3o Fotogr\u00e1fica Interativa: Na Trilha dos Bichos , com Araqu\u00e9m Alc\u00e2ntara, no Parque do Lago Francisco Rizzo e na Faculdade Tabo\u00e3o da Serra em S\u00e3o Paulo e em Foz do Igua\u00e7u, no Paran\u00e1; a Semana do Meio Ambiente; a Comemora\u00e7\u00e3o do Dia da \u00c1rvor <strong>e <\/strong>, etc.<\/p>\n<p><img loading=\"lazy\" decoding=\"async\" src=\"https:\/\/seae-embu.org\/anterior\/imagens\/fonte_jesuitas.jpg\" alt=\"\" width=\"250\" height=\"187\" align=\"left\" hspace=\"10\" \/>Uma importante atividade foi iniciada na <strong><em>Fonte dos Jesu\u00edtas <\/em><\/strong>em Embu firmando uma parceria entre a <strong>SEAE <\/strong>e alguns patrocinadores: Funda\u00e7\u00e3o Bradesco, \u00c1gua Mineral Natural Mata Atl\u00e2ntica e \u00c1gua Mineral Natural Embu. Trata-se do<strong><em>Centro de Educa\u00e7\u00e3o Socioambiental e Centro de Inclus\u00e3o Digital Ambiental <\/em><\/strong>onde s\u00e3o desenvolvidas in\u00fameras atividades com crian\u00e7as, jovens e adultos. As atividades s\u00e3o voltadas para a educa\u00e7\u00e3o socioambiental, forma\u00e7\u00e3o profissional com inclus\u00e3o digital e forma\u00e7\u00e3o de agentes multiplicadores, com foco principal na mudan\u00e7a de comportamento e na articula\u00e7\u00e3o de a\u00e7\u00f5es para a constru\u00e7\u00e3o de um mundo melhor.<\/p>\n<p><span class=\"titulo\"><em>2008: A\u00c7\u00d5ES EDUCATIVAS EM ALTA<\/em><\/span><\/p>\n<p>Consolida\u00e7\u00e3o das atividades do CID Ambiental SEAE \u2013 Fonte, inaugurado em 19 de maio de 2007, com foco na qualifica\u00e7\u00e3o para o mercado de trabalho, protagonismo juvenil, empreendedorismo e gest\u00e3o participativa, oferece cursos gratuitos de Inclus\u00e3o Digital, Desenho, Ingl\u00eas, Rob\u00f3tica, Arte e artesanato. O grande diferencial do CID Ambiental SEAE \u2013 Fonte, que est\u00e1 localizado num espa\u00e7o privilegiado de Mata Atl\u00e2ntica, \u00e9 aliar a tecnologia com viv\u00eancias ecoambientais.<\/p>\n<p>O projeto Colhendo Sustentabilidade \u2013 pr\u00e1ticas comunit\u00e1rias de agricultura urbana e seguran\u00e7a alimentar ganhou for\u00e7a no final de 2008. O projeto trabalha para a implanta\u00e7\u00e3o de sistemas produtivos e hortas comunit\u00e1rias, capacitando jovens e fam\u00edlias nas t\u00e9cnicas de manejo agroecol\u00f3gico voltadas para o autoconsumo e a comercializa\u00e7\u00e3o da produ\u00e7\u00e3o excedente, viabilizando e concretizando a pol\u00edtica p\u00fablica de agricultura urbana e seguran\u00e7a alimentar e nutricional no munic\u00edpio.<\/p>\n<p>Em setembro de 2008 come\u00e7ou a primeira turma do Programa de Jovens \u2013 Meio Ambiente e Integra\u00e7\u00e3o Social (PJ-MAIS), uma parceria entre a SEAE, a Reserva da Biosfera do Cintur\u00e3o Verde da Cidade de S\u00e3o Paulo e com a Prefeitura de Embu com financiado do FEHIDRO. O Programa de Educa\u00e7\u00e3o Ecoprofissional \u00e9 gratuito, voltado para jovens entre 14 e 21 anos, com o objetivo de capacitar os participantes para o ecomercado, ou seja, para atividades produtivas e rent\u00e1veis que visem o bem-estar social e a conserva\u00e7\u00e3o ambiental. Tem a dura\u00e7\u00e3o de cerca de dois anos e \u00e9 ministrado paralelamente ao Ensino M\u00e9dio.<\/p>\n<p>Teatro na Educa\u00e7\u00e3o foi outra atividade que atendeu cerca de 20.000 crian\u00e7as e jovens com a pe\u00e7a \u201cO Pneu e a Nascente\u201d. O projeto iniciado em fevereiro de 2008 contou com Oficinas de Dramaturgia, Cenografia, Figurino e Adere\u00e7os, T\u00e9cnica Vocal, Ilumina\u00e7\u00e3o e Sonoplastia para capacita\u00e7\u00e3o dos educadores e alunos da rede p\u00fablica que participaram da encena\u00e7\u00e3o. O projeto foi uma parceria entre a Secretaria de Educa\u00e7\u00e3o, atrav\u00e9s do N\u00facleo Arte, e a SEAE com patroc\u00ednio da empresa \u00c1gua Mineral Natural Embu.<\/p>\n<p>O Viveiro de Nativas da Mata Atl\u00e2ntica que atende projetos de arboriza\u00e7\u00e3o em escolas e pra\u00e7as e funciona como um importante recurso pedag\u00f3gico na recep\u00e7\u00e3o de grupos na Fonte dos Jesu\u00edtas foi ampliado.<\/p>\n<p>SEAE participou de diversas mobiliza\u00e7\u00f5es populares como a Caminhada em Itatuba por um bairro sustent\u00e1vel; a Caminhada pelas \u00c1guas; a Expedi\u00e7\u00e3o Fotogr\u00e1fica: De Olho nos Mananciais, Anima Embu, Semana do Meio Ambiente, Workshop de Unidade de Conserva\u00e7\u00e3o Sudoeste (realizado no CID), entre outros. Tamb\u00e9m participou de Audi\u00eancia P\u00fablica pr\u00f3 APA Itatuba-Morro Grande.<\/p>\n<p>As atividades ap\u00f3s 2008 podem ser acompanhadas por meio dos <a href=\"https:\/\/seae-embu.org\/anterior\/quem-somos\/relatorio-de-atividades\/\" target=\"_blank\" rel=\"noopener noreferrer\">Relat\u00f3rios de Atividades<\/a>\u00a0publicados no nosso site.<\/p>\n<\/div>\n<\/div>\n<\/div>\n<\/div>\n<\/div>\n<\/div>\n","protected":false},"excerpt":{"rendered":"<p>AEROPORTO EM CAUCAIA DO ALTO Na d\u00e9cada de 70, participou da id\u00e9ia de estabelecimento de uma das primeiras leis de zoneamento, uso e parcelamento do solo do Brasil, da qual originou a lei n\u00ba 622, de 29 de dezembro de 1975. No mesmo per\u00edodo, deflagrou a primeira grande luta ambiental de que se tem not\u00edcia: &hellip; <a href=\"https:\/\/seae-embu.org\/anterior\/quem-somos-old\/historia-da-seae\/principais-lutas\/\" class=\"more-link\">Continue reading <span class=\"screen-reader-text\">Principais Lutas<\/span><\/a><\/p>\n","protected":false},"author":1,"featured_media":0,"parent":3594,"menu_order":0,"comment_status":"closed","ping_status":"closed","template":"","meta":{"footnotes":""},"class_list":["post-3742","page","type-page","status-publish","hentry"],"_links":{"self":[{"href":"https:\/\/seae-embu.org\/anterior\/wp-json\/wp\/v2\/pages\/3742","targetHints":{"allow":["GET"]}}],"collection":[{"href":"https:\/\/seae-embu.org\/anterior\/wp-json\/wp\/v2\/pages"}],"about":[{"href":"https:\/\/seae-embu.org\/anterior\/wp-json\/wp\/v2\/types\/page"}],"author":[{"embeddable":true,"href":"https:\/\/seae-embu.org\/anterior\/wp-json\/wp\/v2\/users\/1"}],"replies":[{"embeddable":true,"href":"https:\/\/seae-embu.org\/anterior\/wp-json\/wp\/v2\/comments?post=3742"}],"version-history":[{"count":3,"href":"https:\/\/seae-embu.org\/anterior\/wp-json\/wp\/v2\/pages\/3742\/revisions"}],"predecessor-version":[{"id":10048,"href":"https:\/\/seae-embu.org\/anterior\/wp-json\/wp\/v2\/pages\/3742\/revisions\/10048"}],"up":[{"embeddable":true,"href":"https:\/\/seae-embu.org\/anterior\/wp-json\/wp\/v2\/pages\/3594"}],"wp:attachment":[{"href":"https:\/\/seae-embu.org\/anterior\/wp-json\/wp\/v2\/media?parent=3742"}],"curies":[{"name":"wp","href":"https:\/\/api.w.org\/{rel}","templated":true}]}}