{"id":3623,"date":"2016-03-19T22:22:21","date_gmt":"2016-03-19T22:22:21","guid":{"rendered":"https:\/\/seae-embu.org\/anterior\/seae\/?page_id=3623"},"modified":"2016-03-19T22:22:21","modified_gmt":"2016-03-19T22:22:21","slug":"legislacao","status":"publish","type":"page","link":"https:\/\/seae-embu.org\/anterior\/embu-das-artes\/legislacao\/","title":{"rendered":"Legisla\u00e7\u00e3o"},"content":{"rendered":"<p>Aqui voc\u00ea pode acessar e consultar <a href=\"https:\/\/leismunicipais.com.br\/legislacao-municipal\/4903\/leis-de-embu-das-artes\">todas leis municipais, dispon\u00edveis<\/a>, da cidade de Embu das Artes.<\/p>\n<p>&nbsp;<\/p>\n","protected":false},"excerpt":{"rendered":"<p>Aqui voc\u00ea pode acessar e consultar todas leis municipais, dispon\u00edveis, da cidade de Embu das Artes. &nbsp;<\/p>\n","protected":false},"author":1,"featured_media":0,"parent":2395,"menu_order":0,"comment_status":"closed","ping_status":"closed","template":"","meta":{"footnotes":""},"class_list":["post-3623","page","type-page","status-publish","hentry"],"_links":{"self":[{"href":"https:\/\/seae-embu.org\/anterior\/wp-json\/wp\/v2\/pages\/3623","targetHints":{"allow":["GET"]}}],"collection":[{"href":"https:\/\/seae-embu.org\/anterior\/wp-json\/wp\/v2\/pages"}],"about":[{"href":"https:\/\/seae-embu.org\/anterior\/wp-json\/wp\/v2\/types\/page"}],"author":[{"embeddable":true,"href":"https:\/\/seae-embu.org\/anterior\/wp-json\/wp\/v2\/users\/1"}],"replies":[{"embeddable":true,"href":"https:\/\/seae-embu.org\/anterior\/wp-json\/wp\/v2\/comments?post=3623"}],"version-history":[{"count":1,"href":"https:\/\/seae-embu.org\/anterior\/wp-json\/wp\/v2\/pages\/3623\/revisions"}],"predecessor-version":[{"id":3624,"href":"https:\/\/seae-embu.org\/anterior\/wp-json\/wp\/v2\/pages\/3623\/revisions\/3624"}],"up":[{"embeddable":true,"href":"https:\/\/seae-embu.org\/anterior\/wp-json\/wp\/v2\/pages\/2395"}],"wp:attachment":[{"href":"https:\/\/seae-embu.org\/anterior\/wp-json\/wp\/v2\/media?parent=3623"}],"curies":[{"name":"wp","href":"https:\/\/api.w.org\/{rel}","templated":true}]}}