{"id":3616,"date":"2016-03-19T22:06:34","date_gmt":"2016-03-19T22:06:34","guid":{"rendered":"https:\/\/seae-embu.org\/anterior\/seae\/?page_id=3616"},"modified":"2016-03-19T22:08:07","modified_gmt":"2016-03-19T22:08:07","slug":"especial-plano-diretor","status":"publish","type":"page","link":"https:\/\/seae-embu.org\/anterior\/embu-das-artes\/especial-plano-diretor\/","title":{"rendered":"Especial Plano Diretor"},"content":{"rendered":"<p>Aqui voc\u00ea encontra algumas informa\u00e7\u00f5es sobre a grande luta que a comunidade embuense enfrentou para evitar um desastre socioambiental com a revis\u00e3o do Plano Diretor de 2012.<\/p>\n<p>O Plano Diretor surgiu na cidade de Embu das Artes em 2003, para definir estrat\u00e9gias de desenvolvimento urbano.\u00a0<span style=\"line-height: 1.5;\">Em teoria, uma cidade bem planejada garante melhor qualidade de vida para os cidad\u00e3os.\u00a0<\/span><\/p>\n<p><span style=\"line-height: 1.5;\">O problema surge quando os governantes ignoram os problemas sociais e passam a favorecer interesses pr\u00f3prios.<\/span><\/p>\n<p>O problema se agrava quando o poder p\u00fablico cria uma cidade de apar\u00eancias: resolve uma porcentagem \u00ednfima dos problemas sociais, como uma esp\u00e9cie de esmola e, em contrapartida, causa preju\u00edzos enormes visando interesses estranhos \u00e0s necessidades da popula\u00e7\u00e3o, sob o disfarce de que \u00e9 para o bem de todos.<\/p>\n<p>Voc\u00ea quer se informar e saber o que realmente aconteceu? Fique conosco e veja as not\u00edcias a seguir:<\/p>\n<p><a href=\"https:\/\/rodolfovalmeida.wordpress.com\/plano-diretor\/\">O QUE \u00c9 UM PLANO DIRETOR<\/a><\/p>\n<p><a href=\"https:\/\/rodolfovalmeida.wordpress.com\/plano-diretor\/quando-surgiu-o-problema\/\">QUANDO O PROBLEMA COME\u00c7OU<\/a><\/p>\n<p>&nbsp;<\/p>\n<p><strong>DEN\u00daNCIAS<\/strong><\/p>\n<p><a href=\"https:\/\/seae-embu.org\/anterior\/seae\/?s=plano+diretor\">NOT\u00cdCIAS DA SEAE SOBRE O PLANO DIRETOR<\/a><\/p>\n<p><a href=\"http:\/\/salveembudasartes.com.br\/?cat=21\">NOT\u00cdCIAS DA M\u00cdDIA SOBRE O PLANO DIRETOR<\/a><\/p>\n<p><a href=\"http:\/\/salveembudasartes.com.br\/?cat=16\">NOT\u00cdCIAS DO MOVIMENTO SALVE EMBU SOBRE O PLANO DIRETOR<\/a><\/p>\n<p>&nbsp;<\/p>\n<p><strong>DOCUMENTOS OFICIAIS<\/strong><\/p>\n<p><a href=\"https:\/\/leismunicipais.com.br\/plano-diretor-embu-das-artes-sp\">PLANO DIRETOR &#8211; LEI MUNICIPAL<\/a><\/p>\n<p><a href=\"http:\/\/embudasartes.sp.gov.br\/e-gov\/public\/arquivos\/2011\/03\/Cartilha_Plano_Diretor_1_Fase.pdf\">CARTILHA &#8211; VOLUME I<\/a><\/p>\n<p><a href=\"http:\/\/embudasartes.sp.gov.br\/e-gov\/public\/arquivos\/2012\/06\/plano_diretor\/Cartilha_Plano_Diretor_2.pdf\">CARTILHA &#8211; VOLUME II<\/a><\/p>\n","protected":false},"excerpt":{"rendered":"<p>Aqui voc\u00ea encontra algumas informa\u00e7\u00f5es sobre a grande luta que a comunidade embuense enfrentou para evitar um desastre socioambiental com a revis\u00e3o do Plano Diretor de 2012. O Plano Diretor surgiu na cidade de Embu das Artes em 2003, para definir estrat\u00e9gias de desenvolvimento urbano.\u00a0Em teoria, uma cidade bem planejada garante melhor qualidade de vida &hellip; <a href=\"https:\/\/seae-embu.org\/anterior\/embu-das-artes\/especial-plano-diretor\/\" class=\"more-link\">Continue reading <span class=\"screen-reader-text\">Especial Plano Diretor<\/span><\/a><\/p>\n","protected":false},"author":1,"featured_media":0,"parent":2395,"menu_order":3,"comment_status":"closed","ping_status":"closed","template":"","meta":{"footnotes":""},"class_list":["post-3616","page","type-page","status-publish","hentry"],"_links":{"self":[{"href":"https:\/\/seae-embu.org\/anterior\/wp-json\/wp\/v2\/pages\/3616","targetHints":{"allow":["GET"]}}],"collection":[{"href":"https:\/\/seae-embu.org\/anterior\/wp-json\/wp\/v2\/pages"}],"about":[{"href":"https:\/\/seae-embu.org\/anterior\/wp-json\/wp\/v2\/types\/page"}],"author":[{"embeddable":true,"href":"https:\/\/seae-embu.org\/anterior\/wp-json\/wp\/v2\/users\/1"}],"replies":[{"embeddable":true,"href":"https:\/\/seae-embu.org\/anterior\/wp-json\/wp\/v2\/comments?post=3616"}],"version-history":[{"count":3,"href":"https:\/\/seae-embu.org\/anterior\/wp-json\/wp\/v2\/pages\/3616\/revisions"}],"predecessor-version":[{"id":3618,"href":"https:\/\/seae-embu.org\/anterior\/wp-json\/wp\/v2\/pages\/3616\/revisions\/3618"}],"up":[{"embeddable":true,"href":"https:\/\/seae-embu.org\/anterior\/wp-json\/wp\/v2\/pages\/2395"}],"wp:attachment":[{"href":"https:\/\/seae-embu.org\/anterior\/wp-json\/wp\/v2\/media?parent=3616"}],"curies":[{"name":"wp","href":"https:\/\/api.w.org\/{rel}","templated":true}]}}