{"id":361,"date":"2013-01-27T23:36:55","date_gmt":"2013-01-27T23:36:55","guid":{"rendered":"http:\/\/themify.me\/demo\/themes\/metro\/?page_id=361"},"modified":"2020-07-16T20:27:01","modified_gmt":"2020-07-16T20:27:01","slug":"estatuto","status":"publish","type":"page","link":"https:\/\/seae-embu.org\/anterior\/quem-somos-old\/estatuto\/","title":{"rendered":"Estatuto"},"content":{"rendered":"<p>Clique no link abaixo para acessar o documento que fornece as diretrizes para \u00e9tica, conduta e responsabilidade da Sociedade Ecol\u00f3gica Amigos de Embu &#8211; SEAE:<\/p>\n<p><a href=\"https:\/\/seae-embu.org\/anterior\/wp-content\/uploads\/2020\/07\/ESTATUTO-ASSINADO-2011.pdf\"><img decoding=\"async\" src=\"https:\/\/seae-embu.org\/anterior\/ico_pdf.gif\" alt=\"\" width=\"16\" height=\"16\" \/>\u00a0ESTATUTO SOCIAL DA SOCIEDADE ECOL\u00d3GICA AMIGOS DE EMBU \u2013 SEAE<\/a><\/p>\n<p data-wp-editing=\"1\"><a href=\"https:\/\/seae-embu.org\/anterior\/wp-content\/uploads\/2020\/07\/ATA-ELEI\u00c7AO-DIRETORIA-2020-2021.pdf\"><img decoding=\"async\" src=\"https:\/\/seae-embu.org\/anterior\/ico_pdf.gif\" alt=\"\" width=\"16\" height=\"16\" \/> ATA DE ELEI\u00c7\u00c3O 2020-2021 (ASSEMBLEIA ORDIN\u00c1RIA 07\/12\/2019)<\/a><\/p>\n\n\n<p><\/p>\n","protected":false},"excerpt":{"rendered":"<p>Clique no link abaixo para acessar o documento que fornece as diretrizes para \u00e9tica, conduta e responsabilidade da Sociedade Ecol\u00f3gica Amigos de Embu &#8211; SEAE: \u00a0ESTATUTO SOCIAL DA SOCIEDADE ECOL\u00d3GICA AMIGOS DE EMBU \u2013 SEAE ATA DE ELEI\u00c7\u00c3O 2020-2021 (ASSEMBLEIA ORDIN\u00c1RIA 07\/12\/2019)<\/p>\n","protected":false},"author":1,"featured_media":0,"parent":351,"menu_order":1,"comment_status":"closed","ping_status":"closed","template":"","meta":{"footnotes":""},"class_list":["post-361","page","type-page","status-publish","hentry"],"_links":{"self":[{"href":"https:\/\/seae-embu.org\/anterior\/wp-json\/wp\/v2\/pages\/361","targetHints":{"allow":["GET"]}}],"collection":[{"href":"https:\/\/seae-embu.org\/anterior\/wp-json\/wp\/v2\/pages"}],"about":[{"href":"https:\/\/seae-embu.org\/anterior\/wp-json\/wp\/v2\/types\/page"}],"author":[{"embeddable":true,"href":"https:\/\/seae-embu.org\/anterior\/wp-json\/wp\/v2\/users\/1"}],"replies":[{"embeddable":true,"href":"https:\/\/seae-embu.org\/anterior\/wp-json\/wp\/v2\/comments?post=361"}],"version-history":[{"count":11,"href":"https:\/\/seae-embu.org\/anterior\/wp-json\/wp\/v2\/pages\/361\/revisions"}],"predecessor-version":[{"id":10168,"href":"https:\/\/seae-embu.org\/anterior\/wp-json\/wp\/v2\/pages\/361\/revisions\/10168"}],"up":[{"embeddable":true,"href":"https:\/\/seae-embu.org\/anterior\/wp-json\/wp\/v2\/pages\/351"}],"wp:attachment":[{"href":"https:\/\/seae-embu.org\/anterior\/wp-json\/wp\/v2\/media?parent=361"}],"curies":[{"name":"wp","href":"https:\/\/api.w.org\/{rel}","templated":true}]}}