{"id":3594,"date":"2016-03-18T17:48:33","date_gmt":"2016-03-18T17:48:33","guid":{"rendered":"https:\/\/seae-embu.org\/anterior\/seae\/?page_id=3594"},"modified":"2020-03-28T01:55:57","modified_gmt":"2020-03-28T01:55:57","slug":"historia-da-seae","status":"publish","type":"page","link":"https:\/\/seae-embu.org\/anterior\/quem-somos-old\/historia-da-seae\/","title":{"rendered":"Hist\u00f3ria da SEAE"},"content":{"rendered":"<p style=\"text-align: justify;\">A defesa da ecologia na cidade de Embu, conhecida tamb\u00e9m como \u201cTerra das Artes\u201d, foi uma constante nestes anos. A luta da popula\u00e7\u00e3o esteve cal\u00e7ada nas a\u00e7\u00f5es da <strong>Sociedade Ecol\u00f3gica Amigos de Embu \u2013 SEAE<\/strong>.<\/p>\n<p style=\"text-align: justify;\">Criada em 1971-72 pelo grupo germinador, iniciou sua luta combatendo o <strong><em>projeto de instala\u00e7\u00e3o do Aeroporto Internacional de S\u00e3o Paulo <\/em><\/strong>, quando a entidade obteve sua primeira vit\u00f3ria. A proposta era construir o aeroporto em Caucaia do Alto, uma regi\u00e3o entre os munic\u00edpios de Cotia e Embu, o que simplesmente acabaria com a Reserva Florestal do Morro Grande, regi\u00e3o de mananciais que hoje abastece a regi\u00e3o Oeste da Capital. Caucaia do Alto foi apenas o come\u00e7o.<\/p>\n<p style=\"text-align: justify;\">\n<p style=\"text-align: justify; padding-left: 60px;\">VEJA TAMB\u00c9M:\u00a0<a href=\"https:\/\/seae-embu.org\/anterior\/quem-somos\/historia-da-seae\/principais-lutas\/\">Principais lutas\u00a0da Sociedade Ecol\u00f3gica Amigos de Embu &#8211; SEAE<\/a><\/p>\n<p style=\"text-align: justify;\"><img fetchpriority=\"high\" decoding=\"async\" src=\"https:\/\/seae-embu.org\/anterior\/imagens\/fundadores_abri_75.jpg\" alt=\"\" width=\"450\" height=\"231\" \/><\/p>\n<p style=\"text-align: justify;\">Fundada em 11 de outubro de 1975 com objetivos direcionados \u00e0 defesa ecol\u00f3gica, ambiental, tur\u00edstica, paisag\u00edstica e arquitet\u00f4nica do munic\u00edpio de Embu, desde ent\u00e3o a <strong>Sociedade Ecol\u00f3gica Amigos de Embu \u2013 SEAE <\/strong>tem conseguido atingir seus objetivos, vencendo sempre seus pleitos, den\u00fancias e lutas.<\/p>\n<p style=\"text-align: justify;\">Em 1976-77, a entidade se mobilizou contra a instala\u00e7\u00e3o dos Portos de Areia no munic\u00edpio. Se a cidade tem hoje uma lei de mananciais, isto foi devido \u00e0 interven\u00e7\u00e3o da entidade.<\/p>\n<p style=\"text-align: justify;\">Outra tentativa de danificar o meio ambiente, em 1982, foi frustrada pelos ambientalistas: o lix\u00e3o, onde seriam depositados 250 toneladas\/dia de detritos de sete munic\u00edpios, foi embargado. Ainda em 1982, a \u201cpassarinhada\u201d denunciada pela <strong>Sociedade Ecol\u00f3gica Amigos de Embu <\/strong>teve repercuss\u00e3o internacional, que culminou com o solene um minuto de sil\u00eancio durante a realiza\u00e7\u00e3o das Olimp\u00edadas de Los Angeles em protesto ao evento ocorrido em Embu.<\/p>\n<p style=\"text-align: justify;\">O decreto que criou o cemit\u00e9rio-jardim de Embu em 1986, foi revogado por for\u00e7a da press\u00e3o da comunidade, liderada pela entidade. Em 2002\/03 come\u00e7a um forte trabalho de educa\u00e7\u00e3o ambiental em Embu e regi\u00e3o buscando a conscientiza\u00e7\u00e3o para a preserva\u00e7\u00e3o da vida, trabalhando valores voltados para a sustentabilidade social, cultural, pol\u00edtica e ambiental.<\/p>\n<p style=\"text-align: justify;\">A Sociedade Ecol\u00f3gica, na constru\u00e7\u00e3o de seus 35 anos de hist\u00f3ria, n\u00e3o apenas frustrou tentativas, como tamb\u00e9m conseguiu que decis\u00f5es j\u00e1 tomadas fossem recuadas.<\/p>\n<p class=\"titulo\" style=\"text-align: justify;\">IN\u00cdCIO DAS ATIVIDADES<\/p>\n<p class=\"titulo\" style=\"text-align: justify;\">A Sociedade Ecol\u00f3gica Amigos de Embu \u2013 SEAE , come\u00e7ou suas atividades informalmente em 1972 com a uni\u00e3o de diversos moradores, encabe\u00e7ada pelo arquiteto e decorador Jean Gillon, que tinham como objetivo detectar os desafios da cidade e buscar solu\u00e7\u00f5es auxiliando a Prefeitura e os \u00f3rg\u00e3os p\u00fablicos estaduais e federais. A preocupa\u00e7\u00e3o ambiental, bem como quest\u00f5es ligadas ao turismo e a qualidade de vida foram algumas preocupa\u00e7\u00f5es iniciais.<\/p>\n<p style=\"text-align: justify;\"><img decoding=\"async\" src=\"https:\/\/seae-embu.org\/anterior\/imagens\/jean_gillon_fundador.jpg\" alt=\"\" width=\"200\" height=\"237\" align=\"left\" \/><\/p>\n<p style=\"text-align: justify;\">A primeira reuni\u00e3o formal para fundar a Sociedade ocorreu em abril de 1975 onde foi definida a primeira diretoria: Jean Gillon, presidente; Antonio Augusto Sodr\u00e9, 1\u00ba vice-presidente; Jos\u00e9 Ribamar Castelo Branco, 2\u00ba vice-presidente; 1\u00ba tesoureiro, Antonio Filangieri Di C\u00e2ndida Gonzaga; 2\u00ba tesoureiro, Jos\u00e9 de Ara\u00fajo Pacheco; 1\u00ba secret\u00e1rio, Mario Pagano; 2\u00ba secret\u00e1ria, Dra. Paulette Ungar e diretores do Meio Ambiente, Dr. Harald Schuler e Jo\u00e3o Oliveira Ramos de S\u00e1. Em seguida uniram-se ao grupo \u00c1lvaro Oliveira Sobrinho, Jacob Nivaldo Alvarez, Salvador Calheiros, Ant\u00f4nio Rodrigues, etc.<\/p>\n<p style=\"text-align: justify;\">Em 11 de outubro de 1975, a entidade foi oficialmente criada com objetivos direcionados \u00e0 preserva\u00e7\u00e3o do Meio Ambiente, desde ent\u00e3o a SEAE tem conseguido vencer seus pleitos, den\u00fancias e lutas. A SEAE conta com uma sede pr\u00f3pria localizada na Rua Jo\u00e3o Batista Medina, 358, Centro, Embu, SP.<\/p>\n","protected":false},"excerpt":{"rendered":"<p>A defesa da ecologia na cidade de Embu, conhecida tamb\u00e9m como \u201cTerra das Artes\u201d, foi uma constante nestes anos. A luta da popula\u00e7\u00e3o esteve cal\u00e7ada nas a\u00e7\u00f5es da Sociedade Ecol\u00f3gica Amigos de Embu \u2013 SEAE. Criada em 1971-72 pelo grupo germinador, iniciou sua luta combatendo o projeto de instala\u00e7\u00e3o do Aeroporto Internacional de S\u00e3o Paulo &hellip; <a href=\"https:\/\/seae-embu.org\/anterior\/quem-somos-old\/historia-da-seae\/\" class=\"more-link\">Continue reading <span class=\"screen-reader-text\">Hist\u00f3ria da SEAE<\/span><\/a><\/p>\n","protected":false},"author":1,"featured_media":0,"parent":351,"menu_order":1,"comment_status":"closed","ping_status":"closed","template":"","meta":{"footnotes":""},"class_list":["post-3594","page","type-page","status-publish","hentry"],"_links":{"self":[{"href":"https:\/\/seae-embu.org\/anterior\/wp-json\/wp\/v2\/pages\/3594","targetHints":{"allow":["GET"]}}],"collection":[{"href":"https:\/\/seae-embu.org\/anterior\/wp-json\/wp\/v2\/pages"}],"about":[{"href":"https:\/\/seae-embu.org\/anterior\/wp-json\/wp\/v2\/types\/page"}],"author":[{"embeddable":true,"href":"https:\/\/seae-embu.org\/anterior\/wp-json\/wp\/v2\/users\/1"}],"replies":[{"embeddable":true,"href":"https:\/\/seae-embu.org\/anterior\/wp-json\/wp\/v2\/comments?post=3594"}],"version-history":[{"count":16,"href":"https:\/\/seae-embu.org\/anterior\/wp-json\/wp\/v2\/pages\/3594\/revisions"}],"predecessor-version":[{"id":10047,"href":"https:\/\/seae-embu.org\/anterior\/wp-json\/wp\/v2\/pages\/3594\/revisions\/10047"}],"up":[{"embeddable":true,"href":"https:\/\/seae-embu.org\/anterior\/wp-json\/wp\/v2\/pages\/351"}],"wp:attachment":[{"href":"https:\/\/seae-embu.org\/anterior\/wp-json\/wp\/v2\/media?parent=3594"}],"curies":[{"name":"wp","href":"https:\/\/api.w.org\/{rel}","templated":true}]}}