{"id":3566,"date":"2016-03-10T02:32:35","date_gmt":"2016-03-10T02:32:35","guid":{"rendered":"https:\/\/seae-embu.org\/anterior\/seae\/?page_id=3566"},"modified":"2020-03-19T15:51:16","modified_gmt":"2020-03-19T15:51:16","slug":"mapas-de-embu-das-artes","status":"publish","type":"page","link":"https:\/\/seae-embu.org\/anterior\/embu-das-artes\/mapas-de-embu-das-artes\/","title":{"rendered":"Mapas de Embu das Artes"},"content":{"rendered":"<p>Esta p\u00e1gina foi criada para auxiliar estudantes e profissionais interessados, sobretudo das \u00e1reas de urbanismo, meio ambiente, engenharia e saneamento, para facilitar o acesso aos dados necess\u00e1rios para trabalhos sobre a regi\u00e3o.<\/p>\n<p>Possui base de dados gratuita, com os principais mapas de Embu das Artes. Entre eles: Hidrografia, \u00c1reas de Prote\u00e7\u00e3o Ambiental, \u00c1rea de Prote\u00e7\u00e3o aos Mananciais, Logradouros, Zoneamento do Plano Diretor e muito mais.<\/p>\n<p><img decoding=\"async\" class=\"wp-image-3567 alignnone\" src=\"https:\/\/seae-embu.org\/anterior\/wp-content\/uploads\/2016\/03\/QGIS-150x150.png\" alt=\"QGIS\" width=\"42\" height=\"42\"><img decoding=\"async\" class=\"alignright size-thumbnail wp-image-3568\" src=\"https:\/\/seae-embu.org\/anterior\/wp-content\/uploads\/2016\/03\/QGIS-MAPA-150x150.jpg\" alt=\"QGIS-MAPA\" width=\"150\" height=\"150\">O QGIS (anteriormente conhecido como &#8220;Quantum GIS&#8221;) \u00e9 um software livre\/open source multiplataforma de sistema de georreferenciamento (GIS).&nbsp;Ele&nbsp;<span style=\"line-height: 1.5;\">pode ser baixado gratuitamente neste link:<br \/>\n<\/span><a href=\"https:\/\/www.qgis.org\/en\/site\/forusers\/download.html\">https:\/\/www.qgis.org\/en\/site\/forusers\/download.html<\/a><\/p>\n<p>Mapas<\/p>\n<ul>\n<li><a href=\"https:\/\/seae-embu.org\/anterior\/wp-content\/uploads\/2016\/03\/APAs__Embu_das_artes.zip\" rel=\"\">APAs__Embu_das_artes<\/a><\/li>\n<li><a href=\"https:\/\/seae-embu.org\/anterior\/wp-content\/uploads\/2016\/03\/APAs__Embu_das_artes.zip\" rel=\"\">APA_EMBU_VERDE<br \/>\n<\/a><\/li>\n<li><a href=\"https:\/\/seae-embu.org\/anterior\/wp-content\/uploads\/2016\/03\/APRM_G_Guarapiranga.zip\" rel=\"\">APRM_G_Guarapiranga<\/a><\/li>\n<li><a href=\"https:\/\/seae-embu.org\/anterior\/wp-content\/uploads\/2016\/03\/Hidrografia_Embu_das_artes.zip\" rel=\"\">Hidrografia_Embu_das_artes<\/a><\/li>\n<li><a href=\"https:\/\/seae-embu.org\/anterior\/wp-content\/uploads\/2016\/03\/Logradouros_Embu_das_artes.zip\" rel=\"\">Logradouros_Embu_das_artes<\/a><\/li>\n<li><a href=\"https:\/\/seae-embu.org\/anterior\/wp-content\/uploads\/2016\/03\/Projetos-Priorit\u00e1rios_Embu_das_artes.rar\" rel=\"\">Projetos<\/a>&nbsp;<a href=\"https:\/\/seae-embu.org\/anterior\/wp-content\/uploads\/2016\/03\/Projetos-Priorit\u00e1rios_Embu_das_artes.rar\" rel=\"\">Priorit\u00e1rios_Embu_das_artes<\/a><\/li>\n<li><a href=\"https:\/\/seae-embu.org\/anterior\/wp-content\/uploads\/2016\/03\/SETORES_CENTRO_HISTORICO_Embu_das_artes.rar\" rel=\"\">SETORES_CENTRO_HISTORICO_Embu_das_artes<\/a><\/li>\n<li><a href=\"https:\/\/seae-embu.org\/anterior\/wp-content\/uploads\/2016\/03\/Sistema-Areas-Verdes-Conectividade_Embu_das_artes.rar\" rel=\"\">Sistema<\/a>&nbsp;<a style=\"line-height: 1.5;\" href=\"https:\/\/seae-embu.org\/anterior\/wp-content\/uploads\/2016\/03\/Sistema-Areas-Verdes-Conectividade_Embu_das_artes.rar\" rel=\"\">Areas<\/a>&nbsp;<a href=\"https:\/\/seae-embu.org\/anterior\/wp-content\/uploads\/2016\/03\/Sistema-Areas-Verdes-Conectividade_Embu_das_artes.rar\" rel=\"\">Verdes Conectividade_Embu_das_artes<\/a><\/li>\n<li><a href=\"https:\/\/seae-embu.org\/anterior\/wp-content\/uploads\/2016\/03\/Sistema-Areas-Verdes-MVS_Embu_das_artes.rar\" rel=\"\">Sistema Areas Verdes MVS_Embu_das_artes<\/a><\/li>\n<li><a href=\"https:\/\/seae-embu.org\/anterior\/wp-content\/uploads\/2016\/03\/Sistema-Areas-Verdes-Pq-Linear_Embu_das_artes.rar\" rel=\"\">Sistema Areas Verdes Pq Linear_Embu_das_artes<\/a><\/li>\n<li><a href=\"https:\/\/seae-embu.org\/anterior\/wp-content\/uploads\/2016\/03\/Sistema-Areas-Verdes-Rec-Urbana_Embu_das_artes.rar\" rel=\"\">Sistema Areas Verdes Rec Urbana_Embu_das_artes<\/a><\/li>\n<li><a href=\"https:\/\/seae-embu.org\/anterior\/wp-content\/uploads\/2016\/03\/Sistema-Areas-Verdes_Embu_das_artes.rar\" rel=\"\">Sistema Areas Verdes_Embu_das_artes<\/a><\/li>\n<li><a href=\"https:\/\/seae-embu.org\/anterior\/wp-content\/uploads\/2016\/03\/Zoneamento-Atual_Embu_das_artes.rar\" rel=\"\">Zoneamento Atual_Embu_das_artes<\/a><\/li>\n<\/ul>\n","protected":false},"excerpt":{"rendered":"<p>Esta p\u00e1gina foi criada para auxiliar estudantes e profissionais interessados, sobretudo das \u00e1reas de urbanismo, meio ambiente, engenharia e saneamento, para facilitar o acesso aos dados necess\u00e1rios para trabalhos sobre a regi\u00e3o. Possui base de dados gratuita, com os principais mapas de Embu das Artes. Entre eles: Hidrografia, \u00c1reas de Prote\u00e7\u00e3o Ambiental, \u00c1rea de Prote\u00e7\u00e3o &hellip; <a href=\"https:\/\/seae-embu.org\/anterior\/embu-das-artes\/mapas-de-embu-das-artes\/\" class=\"more-link\">Continue reading <span class=\"screen-reader-text\">Mapas de Embu das Artes<\/span><\/a><\/p>\n","protected":false},"author":1,"featured_media":0,"parent":2395,"menu_order":0,"comment_status":"closed","ping_status":"closed","template":"","meta":{"footnotes":""},"class_list":["post-3566","page","type-page","status-publish","hentry"],"_links":{"self":[{"href":"https:\/\/seae-embu.org\/anterior\/wp-json\/wp\/v2\/pages\/3566","targetHints":{"allow":["GET"]}}],"collection":[{"href":"https:\/\/seae-embu.org\/anterior\/wp-json\/wp\/v2\/pages"}],"about":[{"href":"https:\/\/seae-embu.org\/anterior\/wp-json\/wp\/v2\/types\/page"}],"author":[{"embeddable":true,"href":"https:\/\/seae-embu.org\/anterior\/wp-json\/wp\/v2\/users\/1"}],"replies":[{"embeddable":true,"href":"https:\/\/seae-embu.org\/anterior\/wp-json\/wp\/v2\/comments?post=3566"}],"version-history":[{"count":10,"href":"https:\/\/seae-embu.org\/anterior\/wp-json\/wp\/v2\/pages\/3566\/revisions"}],"predecessor-version":[{"id":13220,"href":"https:\/\/seae-embu.org\/anterior\/wp-json\/wp\/v2\/pages\/3566\/revisions\/13220"}],"up":[{"embeddable":true,"href":"https:\/\/seae-embu.org\/anterior\/wp-json\/wp\/v2\/pages\/2395"}],"wp:attachment":[{"href":"https:\/\/seae-embu.org\/anterior\/wp-json\/wp\/v2\/media?parent=3566"}],"curies":[{"name":"wp","href":"https:\/\/api.w.org\/{rel}","templated":true}]}}