{"id":356,"date":"2013-01-27T18:13:23","date_gmt":"2013-01-27T18:13:23","guid":{"rendered":"http:\/\/themify.me\/demo\/themes\/metro\/?page_id=356"},"modified":"2020-07-16T22:23:37","modified_gmt":"2020-07-16T22:23:37","slug":"atuacao","status":"publish","type":"page","link":"https:\/\/seae-embu.org\/anterior\/o-que-fazemos-old\/atuacao\/","title":{"rendered":"Atua\u00e7\u00e3o nos Conselhos"},"content":{"rendered":"<p>A <strong>Sociedade Ecol\u00f3gica Amigos de Embu &#8211;\u00a0SEAE <\/strong> participa ativamente dos assuntos, eventos e projetos socioambientais da cidade de Embu das Artes e regi\u00e3o e tem representatividade nos seguintes Conselhos:<\/p>\n\n\n<p>\u2022 Comit\u00ea de Bacias Hidrogr\u00e1ficas do Alto Tiet\u00ea\u00a0\u2013 CBH-AT<br> \u2022 Conselho Gestor da APA Embu Verde \u2013\u00a0CGAEV<br> \u2022 Conselho Municipal de Meio Ambiente de Embu das Artes \u2013 COMAM<br> \u2022 Conselho da Reserva da Biosfera do Cintur\u00e3o Verde da Cidade de S\u00e3o Paulo\u00a0\u2013 RBCV<br> \u2022 Conselho Gestor do Parque Jequitib\u00e1 <br> \u2022 Movimento em Defesa da Granja Viana \u2013\u00a0MDGV <\/p>\n\n\n\n<p> + <a rel=\"noreferrer noopener\" href=\"https:\/\/seae-embu.org\/anterior\/o-que-fazemos\/\" target=\"_blank\">Conhe\u00e7a tamb\u00e9m os nossos projetos de educa\u00e7\u00e3o ambiental e as nossas publica\u00e7\u00f5es<\/a> <\/p>\n","protected":false},"excerpt":{"rendered":"<p>A Sociedade Ecol\u00f3gica Amigos de Embu &#8211;\u00a0SEAE participa ativamente dos assuntos, eventos e projetos socioambientais da cidade de Embu das Artes e regi\u00e3o e tem representatividade nos seguintes Conselhos: \u2022 Comit\u00ea de Bacias Hidrogr\u00e1ficas do Alto Tiet\u00ea\u00a0\u2013 CBH-AT \u2022 Conselho Gestor da APA Embu Verde \u2013\u00a0CGAEV \u2022 Conselho Municipal de Meio Ambiente de Embu das &hellip; <a href=\"https:\/\/seae-embu.org\/anterior\/o-que-fazemos-old\/atuacao\/\" class=\"more-link\">Continue reading <span class=\"screen-reader-text\">Atua\u00e7\u00e3o nos Conselhos<\/span><\/a><\/p>\n","protected":false},"author":1,"featured_media":0,"parent":4405,"menu_order":3,"comment_status":"closed","ping_status":"closed","template":"","meta":{"footnotes":""},"class_list":["post-356","page","type-page","status-publish","hentry"],"_links":{"self":[{"href":"https:\/\/seae-embu.org\/anterior\/wp-json\/wp\/v2\/pages\/356","targetHints":{"allow":["GET"]}}],"collection":[{"href":"https:\/\/seae-embu.org\/anterior\/wp-json\/wp\/v2\/pages"}],"about":[{"href":"https:\/\/seae-embu.org\/anterior\/wp-json\/wp\/v2\/types\/page"}],"author":[{"embeddable":true,"href":"https:\/\/seae-embu.org\/anterior\/wp-json\/wp\/v2\/users\/1"}],"replies":[{"embeddable":true,"href":"https:\/\/seae-embu.org\/anterior\/wp-json\/wp\/v2\/comments?post=356"}],"version-history":[{"count":8,"href":"https:\/\/seae-embu.org\/anterior\/wp-json\/wp\/v2\/pages\/356\/revisions"}],"predecessor-version":[{"id":10198,"href":"https:\/\/seae-embu.org\/anterior\/wp-json\/wp\/v2\/pages\/356\/revisions\/10198"}],"up":[{"embeddable":true,"href":"https:\/\/seae-embu.org\/anterior\/wp-json\/wp\/v2\/pages\/4405"}],"wp:attachment":[{"href":"https:\/\/seae-embu.org\/anterior\/wp-json\/wp\/v2\/media?parent=356"}],"curies":[{"name":"wp","href":"https:\/\/api.w.org\/{rel}","templated":true}]}}