{"id":3197,"date":"2015-10-26T19:27:13","date_gmt":"2015-10-26T19:27:13","guid":{"rendered":"https:\/\/seae-embu.org\/anterior\/seae\/?page_id=3197"},"modified":"2020-03-28T01:39:52","modified_gmt":"2020-03-28T01:39:52","slug":"plano-de-manejo-apa-embu-verde","status":"publish","type":"page","link":"https:\/\/seae-embu.org\/anterior\/embu-das-artes\/apa-embu-verde\/plano-de-manejo-apa-embu-verde\/","title":{"rendered":"Especial Plano de Manejo"},"content":{"rendered":"<p>Plano de Manejo \u00e9 um documento t\u00e9cnico para as defini\u00e7\u00f5es de prote\u00e7\u00e3o da biodiversidade local, do uso dos recursos naturais, do uso do solo, al\u00e9m de determinar, para a regi\u00e3o, o desenvolvimento de atividades econ\u00f4micas sustent\u00e1veis.<\/p>\n<p>Por tal complexidade, precisa ser cuidadosamente elaborado, com ampla participa\u00e7\u00e3o das esferas p\u00fablicas, privadas e comunidades locais, para que alcance os objetivos propostos.<\/p>\n<p>Al\u00e9m das oficinas p\u00fablicas, a sociedade civil se reuniu\u00a0para estudos mais aprofundados do Plano de Manejo, a fim de contribuir de maneira efetiva com a cria\u00e7\u00e3o do documento, pois entre idealiza\u00e7\u00e3o e vias de conclus\u00e3o, muitos obst\u00e1culos foram encontrados pelo caminho.<\/p>\n<p>Conhe\u00e7a os documentos do projeto, divulgados pela Prefeitura em Dezembro\u00a0de 2015 e fique por dentro das nossas not\u00edcias:<\/p>\n<p><strong>NOT\u00cdCIAS<\/strong><\/p>\n<p><a href=\"https:\/\/seae-embu.org\/anterior\/?s=plano+de+manejo\">Not\u00edcias da SEAE sobre o Plano de Manejo<\/a><\/p>\n<p><a href=\"https:\/\/seae-embu.org\/anterior\/metade-da-apa-corre-perigo\/\">ABAIXO-ASSINADO PARA PROTEGER A APA EMBU VERDE<\/a><\/p>\n<p>\u00a0<\/p>\n<p><strong>DOCUMENTOS OFICIAIS<\/strong><\/p>\n<div>\n<div class=\"contnot\">\n<div class=\"contnot \">\n<p><strong>Etapa 1\u00a0<\/strong><\/p>\n<p><a href=\"http:\/\/www.embudasartes.sp.gov.br\/e-gov\/public\/arquivos\/2014\/pdf\/marco\/PMAPAEA_APAVERDE\" target=\"_blank\" rel=\"noopener noreferrer\">Plano da Trabalho<\/a><\/p>\n<p><strong>Etapa 2 &#8211; Diagnostico\u00a0 Socioambiental<\/strong><\/p>\n<p><a href=\"http:\/\/embudasartes.sp.gov.br\/e-gov\/public\/arquivos\/2015\/pdf\/junho\/Plano%20de%20Manejo%20-%20Volume%20I%20-%20site_R02.pdf\" target=\"_blank\" rel=\"noopener noreferrer\">Diagn\u00f3stico<\/a><\/p>\n<p><strong>Mapas<\/strong><\/p>\n<p><a href=\"http:\/\/embudasartes.sp.gov.br\/e-gov\/public\/arquivos\/2015\/pdf\/junho\/01%20Contextualiza%C3%A7%C3%A3o.pdf\" target=\"_blank\" rel=\"noopener noreferrer\">01 Contextualiza\u00e7\u00e3o<\/a><\/p>\n<p><a href=\"http:\/\/embudasartes.sp.gov.br\/e-gov\/public\/arquivos\/2015\/pdf\/junho\/02%20Rela%C3%A7%C3%B5es%20de%20Ocupa%C3%A7%C3%B5es%20Antr%C3%B3picas.pdf\" target=\"_blank\" rel=\"noopener noreferrer\">02 Rela\u00e7\u00f5es de Ocupa\u00e7\u00f5es Antr\u00f3picas<\/a><\/p>\n<p><a href=\"http:\/\/embudasartes.sp.gov.br\/e-gov\/public\/arquivos\/2015\/pdf\/junho\/03%20Setores%20Censit%C3%A1rios.pdf\" target=\"_blank\" rel=\"noopener noreferrer\">03 Setores Censit\u00e1rios<\/a><\/p>\n<p><a href=\"http:\/\/embudasartes.sp.gov.br\/e-gov\/public\/arquivos\/2015\/pdf\/junho\/04%20Densidade%20Demogr%C3%A1fica.pdf\" target=\"_blank\" rel=\"noopener noreferrer\">04 Densidade Demogr\u00e1fica<\/a><\/p>\n<p><a href=\"http:\/\/embudasartes.sp.gov.br\/e-gov\/public\/arquivos\/2015\/pdf\/junho\/05%20Ocupa%C3%A7%C3%A3o%20Urbana.pdf\" target=\"_blank\" rel=\"noopener noreferrer\">05 Ocupa\u00e7\u00e3o Urbana<\/a><\/p>\n<p><a href=\"http:\/\/embudasartes.sp.gov.br\/e-gov\/public\/arquivos\/2015\/pdf\/junho\/06%20Atividades%20Economicas.pdf\" target=\"_blank\" rel=\"noopener noreferrer\">06 Atividades Economicas<\/a><\/p>\n<p><a href=\"http:\/\/embudasartes.sp.gov.br\/e-gov\/public\/arquivos\/2015\/pdf\/junho\/07%20Beleza%20C%C3%AAnica.pdf\" target=\"_blank\" rel=\"noopener noreferrer\">07 Beleza C\u00eanica<\/a><\/p>\n<p><a href=\"http:\/\/embudasartes.sp.gov.br\/e-gov\/public\/arquivos\/2015\/pdf\/julho\/8.1%20-%20Uso%20e%20Ocupa%C3%A7%C3%A3o%20do%20Solo%20Cobertura%20Vegetal_27-07-15.pdf\" target=\"_blank\" rel=\"noopener noreferrer\">08.1 Cobertura Vegetal<\/a><\/p>\n<p><a href=\"http:\/\/embudasartes.sp.gov.br\/e-gov\/public\/arquivos\/2015\/pdf\/julho\/Uso%20e%20Ocupacao%20do%20Solo.pdf\" target=\"_blank\" rel=\"noopener noreferrer\">08.2 Uso e Ocupa\u00e7\u00e3o do Solo<\/a><\/p>\n<p><a href=\"http:\/\/embudasartes.sp.gov.br\/e-gov\/public\/arquivos\/2015\/pdf\/junho\/09%20Bairros.pdf\" target=\"_blank\" rel=\"noopener noreferrer\">09 Bairros<\/a><\/p>\n<p><a href=\"http:\/\/embudasartes.sp.gov.br\/e-gov\/public\/arquivos\/2015\/pdf\/junho\/10%20Zoneamento%20Uso%20e%20Ocupa%C3%A7%C3%A3o%20do%20Solo.pdf\" target=\"_blank\" rel=\"noopener noreferrer\">10 Zoneamento Uso e Ocupa\u00e7\u00e3o do Solo<\/a><\/p>\n<p><a href=\"http:\/\/embudasartes.sp.gov.br\/e-gov\/public\/arquivos\/2015\/pdf\/junho\/11%20Sistema%20Areas%20Verdes.pdf\" target=\"_blank\" rel=\"noopener noreferrer\">11 Sistema Areas Verdes<\/a><\/p>\n<p><a href=\"http:\/\/embudasartes.sp.gov.br\/e-gov\/public\/arquivos\/2015\/pdf\/junho\/12%20Pesquisa%20Volumetrica.pdf\" target=\"_blank\" rel=\"noopener noreferrer\">12 Pesquisa Volumetrica<\/a><\/p>\n<p><a href=\"http:\/\/embudasartes.sp.gov.br\/e-gov\/public\/arquivos\/2015\/pdf\/junho\/13%20Hierarquia%20Viaria.pdf\" target=\"_blank\" rel=\"noopener noreferrer\">13 Hierarquia Viaria<\/a><\/p>\n<p><a href=\"http:\/\/embudasartes.sp.gov.br\/e-gov\/public\/arquivos\/2015\/pdf\/junho\/14%20Rede%20de%20Abastecimento%20de%20%C3%81gua.pdf\" target=\"_blank\" rel=\"noopener noreferrer\">14 Rede de Abastecimento de \u00c1gua<\/a><\/p>\n<p><a href=\"http:\/\/embudasartes.sp.gov.br\/e-gov\/public\/arquivos\/2015\/pdf\/junho\/15%20Rede%20Coletora%20de%20Esgoto.pdf\" target=\"_blank\" rel=\"noopener noreferrer\">15 Rede Coletora de Esgoto<\/a><\/p>\n<p><a href=\"http:\/\/embudasartes.sp.gov.br\/e-gov\/public\/arquivos\/2015\/pdf\/junho\/16%20Equipamentos%20P%C3%BAblicos.pdf\" target=\"_blank\" rel=\"noopener noreferrer\">16 Equipamentos P\u00fablicos<\/a><\/p>\n<p><a href=\"http:\/\/embudasartes.sp.gov.br\/e-gov\/public\/arquivos\/2015\/pdf\/junho\/17%20Clima.pdf\" target=\"_blank\" rel=\"noopener noreferrer\">17 Clima<\/a><\/p>\n<p><a href=\"http:\/\/embudasartes.sp.gov.br\/e-gov\/public\/arquivos\/2015\/pdf\/junho\/18%20Pontos%20Coleta%20de%20Agua.pdf\" target=\"_blank\" rel=\"noopener noreferrer\">18 Pontos Coleta de Agua<\/a><\/p>\n<p><a href=\"http:\/\/embudasartes.sp.gov.br\/e-gov\/public\/arquivos\/2015\/pdf\/junho\/19%20Localiza%C3%A7%C3%A3o%20da%20APA%20Embu.pdf\" target=\"_blank\" rel=\"noopener noreferrer\">19 Localiza\u00e7\u00e3o da APA Embu<\/a><\/p>\n<p><a href=\"http:\/\/embudasartes.sp.gov.br\/e-gov\/public\/arquivos\/2015\/pdf\/junho\/20%20Geologia%20APA%20Embu.pdf\" target=\"_blank\" rel=\"noopener noreferrer\">20 Geologia APA Embu<\/a><\/p>\n<p><a href=\"http:\/\/embudasartes.sp.gov.br\/e-gov\/public\/arquivos\/2015\/pdf\/junho\/21%20Tipos%20de%20Solo.pdf\" target=\"_blank\" rel=\"noopener noreferrer\">21 Tipos de Solo<\/a><\/p>\n<p><a href=\"http:\/\/embudasartes.sp.gov.br\/e-gov\/public\/arquivos\/2015\/pdf\/junho\/22%20Hipsometrico.pdf\" target=\"_blank\" rel=\"noopener noreferrer\">22 Hipsometrico<\/a><\/p>\n<p><a href=\"http:\/\/embudasartes.sp.gov.br\/e-gov\/public\/arquivos\/2015\/pdf\/junho\/23%20Declividade%20da%20APA%20Embu.pdf\" target=\"_blank\" rel=\"noopener noreferrer\">23 Declividade da APA Embu<\/a><\/p>\n<p><a href=\"http:\/\/embudasartes.sp.gov.br\/e-gov\/public\/arquivos\/2015\/pdf\/junho\/24%20Indicios%20de%20Eros%C3%A3o%20da%20APA%20Embu.pdf\" target=\"_blank\" rel=\"noopener noreferrer\">24 Indicios de Eros\u00e3o da APA Embu<\/a><\/p>\n<p><a href=\"http:\/\/embudasartes.sp.gov.br\/e-gov\/public\/arquivos\/2015\/pdf\/junho\/25%20Hidrografia%20APA%20Embu.pdf\" target=\"_blank\" rel=\"noopener noreferrer\">25 Hidrografia APA Embu<\/a><\/p>\n<p><a href=\"http:\/\/embudasartes.sp.gov.br\/e-gov\/public\/arquivos\/2015\/pdf\/junho\/26%20Aquiferos%20APA%20Embu.pdf\" target=\"_blank\" rel=\"noopener noreferrer\">26 Aquiferos APA Embu<\/a><\/p>\n<p><a href=\"http:\/\/embudasartes.sp.gov.br\/e-gov\/public\/arquivos\/2015\/pdf\/junho\/27%20Direitos%20Minerarios%20APA%20Embu.pdf\" target=\"_blank\" rel=\"noopener noreferrer\">27 Direitos Minerarios APA Embu<\/a><\/p>\n<p><a href=\"http:\/\/embudasartes.sp.gov.br\/e-gov\/public\/arquivos\/2015\/pdf\/junho\/28%20Distribui%C3%A7%C3%A3o%20dos%20Pontos%20Amostrais%20%E2%80%93%20Meio%20Bi%C3%B3tico.pdf\" target=\"_blank\" rel=\"noopener noreferrer\">28 Distribui\u00e7\u00e3o dos Pontos Amostrais \u2013 Meio Bi\u00f3tico<\/a><\/p>\n<p><a href=\"http:\/\/embudasartes.sp.gov.br\/e-gov\/public\/arquivos\/2015\/pdf\/junho\/29%20Registro%20de%20exemplares%20de%20Fauna%20e%20Flora.pdf\" target=\"_blank\" rel=\"noopener noreferrer\">29 Registro de exemplares de Fauna e Flora<\/a><\/p>\n<p><a href=\"http:\/\/embudasartes.sp.gov.br\/e-gov\/public\/arquivos\/2015\/pdf\/junho\/30%20Unidades%20de%20Conserva%C3%A7%C3%A3o%20do%20entorno%20da%20APA%20Embu%20Verde.pdf\" target=\"_blank\" rel=\"noopener noreferrer\">30 Unidades de Conserva\u00e7\u00e3o do entorno da APA Embu Verde<\/a><\/p>\n<p><strong>Etapas 3 e 4 &#8211; Setoriza\u00e7\u00e3o Ambiental e Programas de Gest\u00e3o<\/strong><\/p>\n<p><a href=\"http:\/\/www.embudasartes.sp.gov.br\/e-gov\/public\/arquivos\/2015\/pdf\/dezembro\/Plano%20de%20Manejo%20-%20Volume%20II%20-%20site_R00.pdf\" target=\"_blank\" rel=\"noopener noreferrer\">Planejamento<\/a><\/p>\n<p><strong>Mapas<\/strong><\/p>\n<p><a href=\"http:\/\/www.embudasartes.sp.gov.br\/e-gov\/public\/arquivos\/2015\/pdf\/dezembro\/31%20Macro%C3%81reas.pdf\" target=\"_blank\" rel=\"noopener noreferrer\">31 Macro \u00c1reas<\/a><\/p>\n<p><a href=\"http:\/\/www.embudasartes.sp.gov.br\/e-gov\/public\/arquivos\/2015\/pdf\/dezembro\/31_1%20Macro%C3%81reas_zoneamento%20Municipal.pdf\" target=\"_blank\" rel=\"noopener noreferrer\">31.1\u00a0Macro \u00c1reas &#8211; Zoneamento Municipal<\/a><\/p>\n<p><a href=\"http:\/\/www.embudasartes.sp.gov.br\/e-gov\/public\/arquivos\/2015\/pdf\/dezembro\/32%20Setoriza%C3%A7%C3%A3o.pdf\" target=\"_blank\" rel=\"noopener noreferrer\">32 Setoriza\u00e7\u00e3o<\/a><\/p>\n<p><a href=\"http:\/\/www.embudasartes.sp.gov.br\/e-gov\/public\/arquivos\/2015\/pdf\/dezembro\/33%20%C3%81reas%20Priorit%C3%A1rias%20de%20Recupera%C3%A7%C3%A3o%20Ambiental%20e%20Urbana.pdf\" target=\"_blank\" rel=\"noopener noreferrer\">33 \u00c1reas Priorit\u00e1rias de Recupera\u00e7\u00e3o Ambiental e Urbana<\/a><\/p>\n<p><a href=\"http:\/\/www.embudasartes.sp.gov.br\/e-gov\/public\/arquivos\/2015\/pdf\/dezembro\/34%20Setoriza%C3%A7%C3%A3o_Conectividade.pdf\" target=\"_blank\" rel=\"noopener noreferrer\">34 Linhas de\u00a0Conectividade<\/a><\/p>\n<\/div>\n<\/div>\n<\/div>\n\n\n<p><\/p>\n","protected":false},"excerpt":{"rendered":"<p>Plano de Manejo \u00e9 um documento t\u00e9cnico para as defini\u00e7\u00f5es de prote\u00e7\u00e3o da biodiversidade local, do uso dos recursos naturais, do uso do solo, al\u00e9m de determinar, para a regi\u00e3o, o desenvolvimento de atividades econ\u00f4micas sustent\u00e1veis. Por tal complexidade, precisa ser cuidadosamente elaborado, com ampla participa\u00e7\u00e3o das esferas p\u00fablicas, privadas e comunidades locais, para que &hellip; <a href=\"https:\/\/seae-embu.org\/anterior\/embu-das-artes\/apa-embu-verde\/plano-de-manejo-apa-embu-verde\/\" class=\"more-link\">Continue reading <span class=\"screen-reader-text\">Especial Plano de Manejo<\/span><\/a><\/p>\n","protected":false},"author":1,"featured_media":0,"parent":2397,"menu_order":3,"comment_status":"closed","ping_status":"closed","template":"","meta":{"footnotes":""},"class_list":["post-3197","page","type-page","status-publish","hentry"],"_links":{"self":[{"href":"https:\/\/seae-embu.org\/anterior\/wp-json\/wp\/v2\/pages\/3197","targetHints":{"allow":["GET"]}}],"collection":[{"href":"https:\/\/seae-embu.org\/anterior\/wp-json\/wp\/v2\/pages"}],"about":[{"href":"https:\/\/seae-embu.org\/anterior\/wp-json\/wp\/v2\/types\/page"}],"author":[{"embeddable":true,"href":"https:\/\/seae-embu.org\/anterior\/wp-json\/wp\/v2\/users\/1"}],"replies":[{"embeddable":true,"href":"https:\/\/seae-embu.org\/anterior\/wp-json\/wp\/v2\/comments?post=3197"}],"version-history":[{"count":9,"href":"https:\/\/seae-embu.org\/anterior\/wp-json\/wp\/v2\/pages\/3197\/revisions"}],"predecessor-version":[{"id":10041,"href":"https:\/\/seae-embu.org\/anterior\/wp-json\/wp\/v2\/pages\/3197\/revisions\/10041"}],"up":[{"embeddable":true,"href":"https:\/\/seae-embu.org\/anterior\/wp-json\/wp\/v2\/pages\/2397"}],"wp:attachment":[{"href":"https:\/\/seae-embu.org\/anterior\/wp-json\/wp\/v2\/media?parent=3197"}],"curies":[{"name":"wp","href":"https:\/\/api.w.org\/{rel}","templated":true}]}}