{"id":2795,"date":"2015-06-22T22:20:47","date_gmt":"2015-06-22T22:20:47","guid":{"rendered":"https:\/\/seae-embu.org\/anterior\/seae\/?page_id=2795"},"modified":"2015-10-27T00:07:14","modified_gmt":"2015-10-27T00:07:14","slug":"documentario-embu-terra-das-artes","status":"publish","type":"page","link":"https:\/\/seae-embu.org\/anterior\/embu-das-artes\/documentario-embu-terra-das-artes\/","title":{"rendered":"Document\u00e1rio \u201cEmbu \u2013 Terra das Artes\u201d aborda preju\u00edzos ao meio ambiente com Corredor Empresarial"},"content":{"rendered":"<p>Que conflitos e amea\u00e7as pode deflagrar um Plano Diretor equivocado a uma cidade? \u00c9 esse o tema do Document\u00e1rio \u201cEmbu \u2013 Terra das Artes\u201d(2012), \u00a0de\u00a0<img decoding=\"async\" class=\" size-full wp-image-2796 alignright\" src=\"https:\/\/seae-embu.org\/anterior\/seae\/wp-content\/uploads\/2015\/06\/FILME-EMBU-TERRA-DAS-ARTES.jpg\" alt=\"FILME-EMBU-TERRA-DAS-ARTES\" width=\"160\" height=\"239\" \/>F\u00e1tima Seehagen, que aborda os danos que o munic\u00edpio pode sofrer a partir da revis\u00e3o do Plano Diretor. Com um patrim\u00f4nio art\u00edstico e ambiental reconhecido internacionalmente e uma trajet\u00f3ria de lutas de sua popula\u00e7\u00e3o para preservar o meio ambiente, Embu das Artes pode sofrer terr\u00edveis mudan\u00e7as em seu ecossistema com a proposta de um corredor empresarial que atravessar\u00e1 a APA (\u00c1rea de Preserva\u00e7\u00e3o Ambiental) Embu Verde.<\/p>\n<p>Essa regi\u00e3o, de densa Mata Atl\u00e2ntica, fauna e flora riqu\u00edssimas, faz parte da Reserva da Biosfera do Cintur\u00e3o Verde da Cidade de S\u00e3o Paulo. A cria\u00e7\u00e3o de um corredor empresarial induz a ocupa\u00e7\u00e3o com galp\u00f5es e ind\u00fastrias em meio a\u00a0importantes\u00a0remanescentes florestais, prejudicando tamb\u00e9m importantes mananciais, destacando-se os rios Embu\u00a0Mirim e Cotia. Esse\u00a0novo Plano Diretor compromete, n\u00e3o apenas as \u00faltimas\u00a0\u00e1reas verdes do munic\u00edpio, como a sobreviv\u00eancia do n\u00facleo de arte na\u00a0regi\u00e3o.<\/p>\n<p>O document\u00e1rio reafirma a voca\u00e7\u00e3o da cidade de Embu das Artes &#8211; SP, est\u00e2ncia tur\u00edstica de grande valor art\u00edstico, em contraposi\u00e7\u00e3o com uma sequ\u00eancia de interven\u00e7\u00f5es pol\u00edtico\/administrativas que comprometem n\u00e3o apenas esta voca\u00e7\u00e3o da cidade, como \u00e1reas de prote\u00e7\u00e3o ambiental, os mananciais dos sistemas Alto Cotia e Guarapiranga e, consequentemente, o abastecimento de \u00e1gua para 6,6 milh\u00f5es de pessoas na regi\u00e3o metropolitana de S\u00e3o Paulo.<\/p>\n<p>Assista ao document\u00e1rio na integra no site do Curta DOC, tradicional portal de curta metragens:<\/p>\n<p><a href=\"http:\/\/curtadoc.tv\/curta\/artes\/embu-terra-das-artes\/\">http:\/\/curtadoc.tv\/curta\/artes\/embu-terra-das-artes\/<\/a><\/p>\n<p>&nbsp;<\/p>\n","protected":false},"excerpt":{"rendered":"<p>Que conflitos e amea\u00e7as pode deflagrar um Plano Diretor equivocado a uma cidade? \u00c9 esse o tema do Document\u00e1rio \u201cEmbu \u2013 Terra das Artes\u201d(2012), \u00a0de\u00a0F\u00e1tima Seehagen, que aborda os danos que o munic\u00edpio pode sofrer a partir da revis\u00e3o do Plano Diretor. Com um patrim\u00f4nio art\u00edstico e ambiental reconhecido internacionalmente e uma trajet\u00f3ria de lutas &hellip; <a href=\"https:\/\/seae-embu.org\/anterior\/embu-das-artes\/documentario-embu-terra-das-artes\/\" class=\"more-link\">Continue reading <span class=\"screen-reader-text\">Document\u00e1rio \u201cEmbu \u2013 Terra das Artes\u201d aborda preju\u00edzos ao meio ambiente com Corredor Empresarial<\/span><\/a><\/p>\n","protected":false},"author":1,"featured_media":0,"parent":2395,"menu_order":1,"comment_status":"closed","ping_status":"closed","template":"","meta":{"footnotes":""},"class_list":["post-2795","page","type-page","status-publish","hentry"],"_links":{"self":[{"href":"https:\/\/seae-embu.org\/anterior\/wp-json\/wp\/v2\/pages\/2795","targetHints":{"allow":["GET"]}}],"collection":[{"href":"https:\/\/seae-embu.org\/anterior\/wp-json\/wp\/v2\/pages"}],"about":[{"href":"https:\/\/seae-embu.org\/anterior\/wp-json\/wp\/v2\/types\/page"}],"author":[{"embeddable":true,"href":"https:\/\/seae-embu.org\/anterior\/wp-json\/wp\/v2\/users\/1"}],"replies":[{"embeddable":true,"href":"https:\/\/seae-embu.org\/anterior\/wp-json\/wp\/v2\/comments?post=2795"}],"version-history":[{"count":4,"href":"https:\/\/seae-embu.org\/anterior\/wp-json\/wp\/v2\/pages\/2795\/revisions"}],"predecessor-version":[{"id":2807,"href":"https:\/\/seae-embu.org\/anterior\/wp-json\/wp\/v2\/pages\/2795\/revisions\/2807"}],"up":[{"embeddable":true,"href":"https:\/\/seae-embu.org\/anterior\/wp-json\/wp\/v2\/pages\/2395"}],"wp:attachment":[{"href":"https:\/\/seae-embu.org\/anterior\/wp-json\/wp\/v2\/media?parent=2795"}],"curies":[{"name":"wp","href":"https:\/\/api.w.org\/{rel}","templated":true}]}}