{"id":2510,"date":"2015-05-31T21:33:34","date_gmt":"2015-05-31T21:33:34","guid":{"rendered":"https:\/\/seae-embu.org\/anterior\/seae\/?page_id=2510"},"modified":"2020-07-22T18:53:31","modified_gmt":"2020-07-22T18:53:31","slug":"publicacoes","status":"publish","type":"page","link":"https:\/\/seae-embu.org\/anterior\/o-que-fazemos-old\/publicacoes\/","title":{"rendered":"Publica\u00e7\u00f5es"},"content":{"rendered":"<div style=\"float: left; padding: 10px; text-align: justify; width: 45%;\"><strong><img decoding=\"async\" class=\"alignleft wp-image-4450\" src=\"https:\/\/seae-embu.org\/anterior\/seae\/wp-content\/uploads\/2015\/05\/apa-embu-verde-150x150.png\" alt=\"apa-embu-verde\" width=\"70\" height=\"70\" srcset=\"https:\/\/seae-embu.org\/anterior\/wp-content\/uploads\/2015\/05\/apa-embu-verde-150x150.png 150w, https:\/\/seae-embu.org\/anterior\/wp-content\/uploads\/2015\/05\/apa-embu-verde-300x300.png 300w, https:\/\/seae-embu.org\/anterior\/wp-content\/uploads\/2015\/05\/apa-embu-verde.png 632w\" sizes=\"(max-width: 70px) 100vw, 70px\" \/><a href=\"https:\/\/seae-embu.org\/anterior\/o-que-fazemos\/publicacoes\/apa-embu-verde\/\">APA Embu Verde<\/a>: <\/strong>publica\u00e7\u00f5es sobre esta \u00c1rea de Preserva\u00e7\u00e3o Ambiental<strong>\u00a0<\/strong><\/div>\n<div style=\"float: right; padding: 10px; width: 45%; text-align: justify;\"><strong><img decoding=\"async\" class=\"alignleft wp-image-4451\" src=\"https:\/\/seae-embu.org\/anterior\/seae\/wp-content\/uploads\/2015\/05\/aroecologia-150x150.png\" alt=\"aroecologia\" width=\"70\" height=\"70\" srcset=\"https:\/\/seae-embu.org\/anterior\/wp-content\/uploads\/2015\/05\/aroecologia-150x150.png 150w, https:\/\/seae-embu.org\/anterior\/wp-content\/uploads\/2015\/05\/aroecologia-300x300.png 300w, https:\/\/seae-embu.org\/anterior\/wp-content\/uploads\/2015\/05\/aroecologia.png 632w\" sizes=\"(max-width: 70px) 100vw, 70px\" \/><a href=\"https:\/\/seae-embu.org\/anterior\/o-que-fazemos\/publicacoes\/agroecologia\/\">Agroecologia<\/a>: <\/strong>publica\u00e7\u00f5es sobre hortas urbanas, cartilhas, livros e manuais<\/div>\n<div style=\"float: right; padding: 10px; width: 45%; text-align: justify;\">\n<p><strong><img decoding=\"async\" class=\"alignleft wp-image-4490\" src=\"https:\/\/seae-embu.org\/anterior\/seae\/wp-content\/uploads\/2015\/05\/jornl-evare-150x150.png\" alt=\"jornl-evare\" width=\"70\" height=\"70\" srcset=\"https:\/\/seae-embu.org\/anterior\/wp-content\/uploads\/2015\/05\/jornl-evare-150x150.png 150w, https:\/\/seae-embu.org\/anterior\/wp-content\/uploads\/2015\/05\/jornl-evare-300x300.png 300w, https:\/\/seae-embu.org\/anterior\/wp-content\/uploads\/2015\/05\/jornl-evare.png 632w\" sizes=\"(max-width: 70px) 100vw, 70px\" \/><a href=\"https:\/\/seae-embu.org\/anterior\/o-que-fazemos\/publicacoes\/jornal-evare\/\" target=\"_blank\" rel=\"noopener noreferrer\">Jornal \u00c9vare<\/a><\/strong>: peri\u00f3dico confeccionado por jovens de 16 a 18 anos<\/p>\n<\/div>\n<p><strong><img loading=\"lazy\" decoding=\"async\" class=\"wp-image-4451 alignleft\" src=\"https:\/\/seae-embu.org\/anterior\/seae\/wp-content\/uploads\/2015\/05\/aroecologia-150x150.png\" alt=\"aroecologia\" width=\"70\" height=\"70\" srcset=\"https:\/\/seae-embu.org\/anterior\/wp-content\/uploads\/2015\/05\/aroecologia-150x150.png 150w, https:\/\/seae-embu.org\/anterior\/wp-content\/uploads\/2015\/05\/aroecologia-300x300.png 300w, https:\/\/seae-embu.org\/anterior\/wp-content\/uploads\/2015\/05\/aroecologia.png 632w\" sizes=\"(max-width: 70px) 100vw, 70px\" \/><\/strong><\/p>\n<p><strong><a href=\"https:\/\/seae-embu.org\/anterior\/saneamento-ecologico\/\">Saneamento ecol\u00f3gico<\/a>: <\/strong>publica\u00e7\u00f5es de projetos relacionados, jardim filtrantes, outros<\/p>\n<div style=\"float: left; padding: 10px; text-align: justify; width: 45%;\"><strong><img loading=\"lazy\" decoding=\"async\" class=\"alignleft wp-image-4452\" src=\"https:\/\/seae-embu.org\/anterior\/seae\/wp-content\/uploads\/2015\/05\/agenda-21-150x150.png\" alt=\"agenda-21\" width=\"70\" height=\"70\" srcset=\"https:\/\/seae-embu.org\/anterior\/wp-content\/uploads\/2015\/05\/agenda-21-150x150.png 150w, https:\/\/seae-embu.org\/anterior\/wp-content\/uploads\/2015\/05\/agenda-21-300x300.png 300w, https:\/\/seae-embu.org\/anterior\/wp-content\/uploads\/2015\/05\/agenda-21.png 632w\" sizes=\"(max-width: 70px) 100vw, 70px\" \/><a href=\"https:\/\/seae-embu.org\/anterior\/o-que-fazemos\/publicacoes\/agenda-21\/\">Agenda 21<\/a>:<\/strong>\u00a0publica\u00e7\u00f5es sobre o desenvolvimento do projeto em escolas estaduais e municipais de Embu das Artes<\/div>\n<div style=\"float: left; padding: 10px; text-align: justify; width: 45%;\"><\/div>\n","protected":false},"excerpt":{"rendered":"<p>APA Embu Verde: publica\u00e7\u00f5es sobre esta \u00c1rea de Preserva\u00e7\u00e3o Ambiental\u00a0 Agroecologia: publica\u00e7\u00f5es sobre hortas urbanas, cartilhas, livros e manuais Jornal \u00c9vare: peri\u00f3dico confeccionado por jovens de 16 a 18 anos Saneamento ecol\u00f3gico: publica\u00e7\u00f5es de projetos relacionados, jardim filtrantes, outros Agenda 21:\u00a0publica\u00e7\u00f5es sobre o desenvolvimento do projeto em escolas estaduais e municipais de Embu das Artes<\/p>\n","protected":false},"author":1,"featured_media":0,"parent":4405,"menu_order":3,"comment_status":"closed","ping_status":"closed","template":"","meta":{"footnotes":""},"class_list":["post-2510","page","type-page","status-publish","hentry"],"_links":{"self":[{"href":"https:\/\/seae-embu.org\/anterior\/wp-json\/wp\/v2\/pages\/2510","targetHints":{"allow":["GET"]}}],"collection":[{"href":"https:\/\/seae-embu.org\/anterior\/wp-json\/wp\/v2\/pages"}],"about":[{"href":"https:\/\/seae-embu.org\/anterior\/wp-json\/wp\/v2\/types\/page"}],"author":[{"embeddable":true,"href":"https:\/\/seae-embu.org\/anterior\/wp-json\/wp\/v2\/users\/1"}],"replies":[{"embeddable":true,"href":"https:\/\/seae-embu.org\/anterior\/wp-json\/wp\/v2\/comments?post=2510"}],"version-history":[{"count":22,"href":"https:\/\/seae-embu.org\/anterior\/wp-json\/wp\/v2\/pages\/2510\/revisions"}],"predecessor-version":[{"id":10391,"href":"https:\/\/seae-embu.org\/anterior\/wp-json\/wp\/v2\/pages\/2510\/revisions\/10391"}],"up":[{"embeddable":true,"href":"https:\/\/seae-embu.org\/anterior\/wp-json\/wp\/v2\/pages\/4405"}],"wp:attachment":[{"href":"https:\/\/seae-embu.org\/anterior\/wp-json\/wp\/v2\/media?parent=2510"}],"curies":[{"name":"wp","href":"https:\/\/api.w.org\/{rel}","templated":true}]}}