{"id":2399,"date":"2015-05-28T19:20:45","date_gmt":"2015-05-28T19:20:45","guid":{"rendered":"https:\/\/seae-embu.org\/anterior\/seae\/?page_id=2399"},"modified":"2020-07-22T20:36:33","modified_gmt":"2020-07-22T20:36:33","slug":"importancia-da-apa","status":"publish","type":"page","link":"https:\/\/seae-embu.org\/anterior\/embu-das-artes\/apa-embu-verde\/importancia-da-apa\/","title":{"rendered":"Import\u00e2ncia da APA"},"content":{"rendered":"<p align=\"justify\"><strong>Por que uma APA em Embu?<\/strong><\/p>\n<p align=\"justify\">Embu j\u00e1 percebeu a urg\u00eancia em disciplinar o processo de ocupa\u00e7\u00e3o e assegurar a preserva\u00e7\u00e3o dos recursos naturais. Desde 2007, um grupo de moradores de Embu e diversos colaboradores articulou fortemente com o poder p\u00fablico para a cria\u00e7\u00e3o da APA.<\/p>\n<p><img fetchpriority=\"high\" decoding=\"async\" src=\"https:\/\/seae-embu.org\/anterior\/imagens\/mapa_apaembu.gif\" alt=\"\" width=\"500\" height=\"349\" \/><\/p>\n<p>A regi\u00e3o da APA Embu-Verde compreende parte da Bacia do Rio Cotia, uma \u00e1rea de 15,7 km2, e \u00e9 um patrim\u00f4nio da cidade abrigando importantes fragmentos de Mata Atl\u00e2ntica. Apesar de ser contemplada pelo Plano Diretor, a \u00e1rea n\u00e3o possu\u00eda legisla\u00e7\u00e3o espec\u00edfica, pois est\u00e1 fora da Bacia da Guarapiranga.<br \/>A nova Lei representa um enorme avan\u00e7o, pois \u00e9 mais uma ferramenta para auxiliar no desenvolvimento sustent\u00e1vel. O prefeito de Embu, Geraldo Leite da Cruz, que apresentou o projeto em 2008, explica que com a chegada do Rodoanel <em>a especula\u00e7\u00e3o \u00e9 muito grande, n\u00e3o s\u00f3 a relacionada ao crescimento, mas principalmente a especula\u00e7\u00e3o imobili\u00e1ria onde as pessoas querem ganhar dinheiro de qualquer forma<\/em>. E complementa: <em>a destrui\u00e7\u00e3o que o Rodoanel fez n\u00e3o tem precedentes na hist\u00f3ria da cidade<\/em>. <em>\u00c9 bom que o Embu cres\u00e7a, mas ele n\u00e3o deve perder a caracter\u00edstica de cidade do interior, pois aqui \u00e9 muito bom de se viver<\/em>, conclui Geraldo.<br \/><img decoding=\"async\" src=\"https:\/\/seae-embu.org\/anterior\/imagens\/apa_mata.jpg\" alt=\"\" width=\"250\" height=\"188\" align=\"left\" hspace=\"10\" \/>O planejamento da ocupa\u00e7\u00e3o da cidade \u00e9 fundamental para garantir a qualidade de vida da popula\u00e7\u00e3o. Vale lembrar a import\u00e2ncia das \u00e1reas verdes para a manuten\u00e7\u00e3o dos mananciais e abastecimento de \u00e1gua para popula\u00e7\u00e3o. As florestas funcionam como <em>esponjas<\/em> capturando a \u00e1gua das chuvas e alimentando os <em>rios subterr\u00e2neos<\/em>, al\u00e9m disso regulam o clima e purificam o ar. As \u00e1reas verdes tamb\u00e9m oferecem recrea\u00e7\u00e3o e lazer, como trilhas, observa\u00e7\u00e3o de aves e animais, piqueniques ao ar livre, etc. contribuindo para a redu\u00e7\u00e3o do estresse e da viol\u00eancia. As \u00e1rvores ainda s\u00e3o valorizadas em atividades de ecoturismo, trazendo divisas para o munic\u00edpio ao gerar alternativas de neg\u00f3cios, trabalho e renda, sem agredir o meio ambiente.<br \/>Al\u00e9m disso, a APA Embu-Verde est\u00e1 localizada na Reserva da Biosfera do Cintur\u00e3o Verde da Cidade de S\u00e3o Paulo &#8211; RBCV, \u00e9 parte integrante da Reserva da Biosfera da Mata Atl\u00e2ntica e re\u00fane mananciais de relev\u00e2ncia para a Regi\u00e3o Metropolitana de S\u00e3o Paulo.<br \/>A APA Embu-Verde contemplou grande parte do projeto de lei da APA Itatuba-Morro Grande. A nova APA auxiliar\u00e1 na ordena\u00e7\u00e3o do crescimento da cidade, preservando os recursos como a \u00e1gua, o ar, as florestas, os animais, garantindo aos moradores uma cidade menos polu\u00edda e mais agrad\u00e1vel.<br \/>O gerenciamento da APA ser\u00e1 feito por representantes do poder p\u00fablico e da sociedade civil que ter\u00e3o como fun\u00e7\u00e3o principal o acompanhamento de todas as atividades implementadas na regi\u00e3o. Assim, a participa\u00e7\u00e3o da comunidade nas decis\u00f5es pol\u00edticas \u00e9 fundamental para o crescimento sustent\u00e1vel da cidade!<\/p>\n<p><strong>Esp\u00e9cies importantes na regi\u00e3o da APA<\/strong><br \/><img decoding=\"async\" src=\"https:\/\/seae-embu.org\/anterior\/imagens\/apa_bugio.jpg\" alt=\"\" width=\"250\" height=\"227\" align=\"left\" hspace=\"10\" \/>A APA Embu-Verde est\u00e1 localizada dentro da Reserva da Biosfera do Cintur\u00e3o Verde da Cidade de S\u00e3o Paulo e apresenta remanescentes florestais que abrigam grande diversidade biol\u00f3gica e de ecossistemas. A regi\u00e3o re\u00fane mananciais de relev\u00e2ncia para a Regi\u00e3o Metropolitana de S\u00e3o Paulo.<br \/>No levantamento preliminar da regi\u00e3o, realizado pelo Instituto Florestal de S\u00e3o Paulo<a title=\"\" href=\"https:\/\/seae-embu.org\/anterior\/apa_importancia.php#_ftn1\" name=\"_ftnref1\">*<\/a> foi constatado que a maior parte dos fragmentos de mata visitados encontram-se em <em>est\u00e1gio m\u00e9dio de recupera\u00e7\u00e3o<\/em> e alguns trechos apresentam <em>esp\u00e9cies importantes<\/em> que sugerem que a Mata Atl\u00e2ntica est\u00e1 caminhando para o <em>est\u00e1gio avan\u00e7ado de recupera\u00e7\u00e3o<\/em>. Entre as esp\u00e9cies identificadas (bioindicadores de florestas em est\u00e1gio m\u00e9dio a avan\u00e7ado de sucess\u00e3o) p<img loading=\"lazy\" decoding=\"async\" src=\"https:\/\/seae-embu.org\/anterior\/imagens\/apa_sagui.jpg\" alt=\"\" width=\"250\" height=\"334\" align=\"right\" hspace=\"10\" \/>odemos citar: Sacambu (<em>Platymiscuim floribundum<\/em>), Passuar\u00e9 (<em>Sclerolobium denudatum<\/em>), Espinheira-santa (<em>Maytenus aquifolia<\/em>) e Canela sassafr\u00e1s (<em>Ocotea odorifera<\/em>). Tamb\u00e9m foram identificadas outras esp\u00e9cies como Camboat\u00e1, Ing\u00e1, Jeriv\u00e1, Macuqueiro, etc. que s\u00e3o alimento para diversos animais que habitam a regi\u00e3o. Foi comprovada a presen\u00e7a do Sag\u00fci-da-serra-escuro (<em>Callithrix aurita<\/em>), uma esp\u00e9cieamea\u00e7ada de extin\u00e7\u00e3o (Decreto Estadual N\u00ba 42.838) nas matas da Rua Maria Jos\u00e9 Ferraz Prado (regi\u00e3o de Itatuba), al\u00e9m de outras esp\u00e9cies como o macaco bugio (<em>Alouatta fusca<\/em>), sag\u00fci-de-tufo-preto (<em>Callithrix penicillata<\/em>), o gavi\u00e3o pega-macaco (<em>Spizaetus tyrannus<\/em>), a araponga (<em>Procnias nudicollis<\/em>), o pav\u00e3o-do-mato (<em>Pyroderus scutatus<\/em>) (tamb\u00e9m amea\u00e7ados de extin\u00e7\u00e3o segundo o Decreto Estadual N\u00ba 42.838).<\/p>\n<p>Os animais silvestres t\u00eam papel fundamental no equil\u00edbrio da natureza, muitos deles s\u00e3o dispersores de sementes e \u201cplantam\u201d in\u00fameras esp\u00e9cies de \u00e1rvores ao longo da vida, outros <img loading=\"lazy\" decoding=\"async\" src=\"https:\/\/seae-embu.org\/anterior\/imagens\/apa_gaviao.jpg\" alt=\"\" width=\"250\" height=\"307\" align=\"left\" hspace=\"10\" \/>auxiliam controlando a popula\u00e7\u00e3o de esp\u00e9cies. Al\u00e9m disso, a fauna \u00e9 um valioso recurso e um imenso patrim\u00f4nio natural, cultural e econ\u00f4mico. A conserva\u00e7\u00e3o possibilita a gera\u00e7\u00e3o de milh\u00f5es de d\u00f3lares ao ano atrav\u00e9s da explora\u00e7\u00e3o tur\u00edstica sustent\u00e1vel. Os benef\u00edcios da preserva\u00e7\u00e3o tamb\u00e9m podem ser sentidos em termos educacionais, pois permitem que as crian\u00e7as e jovens conhe\u00e7am a biodiversidade e tirem li\u00e7\u00f5es de vida a partir da observa\u00e7\u00e3o atenta do comportamento dos animais. As \u00e1reas verdes tamb\u00e9m propiciam recrea\u00e7\u00e3o e lazer, como trilhas, observa\u00e7\u00e3o de aves e animais, piqueniques ao ar livre, etc. contribuindo para a redu\u00e7\u00e3o do estresse e da viol\u00eancia.<\/p>\n<p><strong>Conselho Gestor e Plano de Manejo da APA Embu-Verde<\/strong><br \/>A gest\u00e3o da APA Embu-Verde ser\u00e1 feita por um <em>Conselho Gestor<\/em> de forma participativa e democr\u00e1tica, pois o Conselho ser\u00e1 formado por representantes do poder p\u00fablico e da sociedade civil. O prazo para a composi\u00e7\u00e3o, regimento e funcionamento do Conselho \u00e9 de 120 dias ap\u00f3s a promulga\u00e7\u00e3o da Lei.<br \/>Uma das atribui\u00e7\u00f5es do Conselho Gestor, junto com a Secretaria de Meio Ambiente, \u00e9 acompanhar a elabora\u00e7\u00e3o do <em>Plano de Manejo<\/em> que far\u00e1 o detalhamento do zoneamento ecol\u00f3gico-econ\u00f4mico identificando as unidades territoriais que merecem aten\u00e7\u00e3o especial e promover a\u00e7\u00f5es capazes de conduzir a preserva\u00e7\u00e3o, conserva\u00e7\u00e3o e manuten\u00e7\u00e3o dos ecossistemas. O Plano de Manejo tamb\u00e9m deve estabelecer e regulamentar os corredores ecol\u00f3gicos de fauna e flora, pois a \u00e1rea da APA Embu-Verde est\u00e1 localizada pr\u00f3xima \u00e0 Reserva Florestal do Morro Grande, em Cotia.<br \/>O Conselho Gestor tamb\u00e9m ter\u00e1 a fun\u00e7\u00e3o de auxiliar na fiscaliza\u00e7\u00e3o da APA junto com os \u00f3rg\u00e3os municipais, estaduais e a comunidade.<\/p>\n<p><strong>Qualidade de vida e preserva\u00e7\u00e3o ambiental<\/strong><br \/>A APA Embu-Verde vem ao encontro das necessidades de fomentar a ocupa\u00e7\u00e3o humana de forma ordenada e regular, com infra-estrutura adequada para preservar a qualidade de vida e o bem-estar da popula\u00e7\u00e3o. A nova Lei ap\u00f3ia as atividades agr\u00edcolas, o fomento \u00e0s pr\u00e1ticas de agricultura org\u00e2nica, permacultura e agrofloresta, al\u00e9m de estimular a diversifica\u00e7\u00e3o de usos, apoiados na voca\u00e7\u00e3o da regi\u00e3o.<br \/>Na regi\u00e3o n\u00e3o ser\u00e3o permitidas atividades potencialmente poluidoras e dever\u00e3o ser implementados sistemas de abastecimento de \u00e1gua, coleta e tratamento de esgotos, e coleta de res\u00edduos s\u00f3lidos em todos os bairros e loteamentos do interior da APA Embu-Verde. Edifica\u00e7\u00f5es e pavimenta\u00e7\u00e3o de ruas devem seguir modelos construtivos de baixo impacto e que preservem a permeabilidade do solo.<br \/>Com a nova Lei todos s\u00e3o beneficiados e Embu sai na frente na preserva\u00e7\u00e3o ambiental.<\/p>\n<div>\n<div id=\"ftn1\">\n<div align=\"justify\"><a title=\"\" href=\"https:\/\/seae-embu.org\/anterior\/apa_importancia.php#_ftnref1\" name=\"_ftn1\">*<\/a> Relat\u00f3rio publicado pelo Instituto Florestal em fevereiro de 2006 (<a href=\"https:\/\/seae-embu.org\/anterior\/wp-content\/uploads\/2020\/07\/diagnostico_if.pdf\">Avalia\u00e7\u00e3o Integrada de Remanescentes Florestais de Embu<\/a>).<\/div>\n<\/div>\n<\/div>\n\n\n<p><\/p>\n","protected":false},"excerpt":{"rendered":"<p>Por que uma APA em Embu? Embu j\u00e1 percebeu a urg\u00eancia em disciplinar o processo de ocupa\u00e7\u00e3o e assegurar a preserva\u00e7\u00e3o dos recursos naturais. Desde 2007, um grupo de moradores de Embu e diversos colaboradores articulou fortemente com o poder p\u00fablico para a cria\u00e7\u00e3o da APA. A regi\u00e3o da APA Embu-Verde compreende parte da Bacia &hellip; <a href=\"https:\/\/seae-embu.org\/anterior\/embu-das-artes\/apa-embu-verde\/importancia-da-apa\/\" class=\"more-link\">Continue reading <span class=\"screen-reader-text\">Import\u00e2ncia da APA<\/span><\/a><\/p>\n","protected":false},"author":1,"featured_media":0,"parent":2397,"menu_order":0,"comment_status":"closed","ping_status":"closed","template":"","meta":{"footnotes":""},"class_list":["post-2399","page","type-page","status-publish","hentry"],"_links":{"self":[{"href":"https:\/\/seae-embu.org\/anterior\/wp-json\/wp\/v2\/pages\/2399","targetHints":{"allow":["GET"]}}],"collection":[{"href":"https:\/\/seae-embu.org\/anterior\/wp-json\/wp\/v2\/pages"}],"about":[{"href":"https:\/\/seae-embu.org\/anterior\/wp-json\/wp\/v2\/types\/page"}],"author":[{"embeddable":true,"href":"https:\/\/seae-embu.org\/anterior\/wp-json\/wp\/v2\/users\/1"}],"replies":[{"embeddable":true,"href":"https:\/\/seae-embu.org\/anterior\/wp-json\/wp\/v2\/comments?post=2399"}],"version-history":[{"count":4,"href":"https:\/\/seae-embu.org\/anterior\/wp-json\/wp\/v2\/pages\/2399\/revisions"}],"predecessor-version":[{"id":10459,"href":"https:\/\/seae-embu.org\/anterior\/wp-json\/wp\/v2\/pages\/2399\/revisions\/10459"}],"up":[{"embeddable":true,"href":"https:\/\/seae-embu.org\/anterior\/wp-json\/wp\/v2\/pages\/2397"}],"wp:attachment":[{"href":"https:\/\/seae-embu.org\/anterior\/wp-json\/wp\/v2\/media?parent=2399"}],"curies":[{"name":"wp","href":"https:\/\/api.w.org\/{rel}","templated":true}]}}