{"id":2395,"date":"2015-05-28T19:18:28","date_gmt":"2015-05-28T19:18:28","guid":{"rendered":"https:\/\/seae-embu.org\/anterior\/seae\/?page_id=2395"},"modified":"2025-04-04T15:20:02","modified_gmt":"2025-04-04T15:20:02","slug":"embu-das-artes","status":"publish","type":"page","link":"https:\/\/seae-embu.org\/anterior\/embu-das-artes\/","title":{"rendered":"Embu das Artes"},"content":{"rendered":"<div style=\"float: left; padding: 10px; text-align: justify; width: 45%;\"><strong><span style=\"color: #008080;\"><a href=\"https:\/\/seae-embu.org\/anterior\/seae\/embu-das-artes\/historia\/\"><br \/>\n<\/a><a href=\"https:\/\/seae-embu.org\/anterior\/wp-content\/uploads\/2016\/03\/historia-fundo-transparente-e1458437456784.png\"><img decoding=\"async\" class=\"alignnone wp-image-3631 size-full\" src=\"https:\/\/seae-embu.org\/anterior\/wp-content\/uploads\/2016\/03\/historia-fundo-transparente-e1458437456784.png\" alt=\"\" width=\"70\" height=\"70\" \/><\/a><a href=\"https:\/\/seae-embu.org\/anterior\/embu-das-artes\/historia\/\">Hist\u00f3ria<\/a>:<\/span><\/strong>\u00a0um r\u00e1pido passeio pelos quase 500 anos de descoberta das terras ind\u00edgenas, ent\u00e3o conhecidas por Bohy<\/div>\n<div style=\"float: right; padding: 10px; text-align: justify; width: 45%;\"><span style=\"color: #008080;\"><strong><a href=\"https:\/\/seae-embu.org\/anterior\/seae\/embu-das-artes\/apa-embu-verde\/\"><br \/>\n<\/a><a href=\"https:\/\/seae-embu.org\/anterior\/wp-content\/uploads\/2016\/03\/apa-embu-verde-transparente.png\"><img decoding=\"async\" class=\"alignnone wp-image-3632\" src=\"https:\/\/seae-embu.org\/anterior\/wp-content\/uploads\/2016\/03\/apa-embu-verde-transparente.png\" alt=\"\" width=\"70\" height=\"70\" srcset=\"https:\/\/seae-embu.org\/anterior\/wp-content\/uploads\/2016\/03\/apa-embu-verde-transparente.png 500w, https:\/\/seae-embu.org\/anterior\/wp-content\/uploads\/2016\/03\/apa-embu-verde-transparente-e1458437513164-45x45.png 45w\" sizes=\"(max-width: 70px) 100vw, 70px\" \/><\/a><a href=\"https:\/\/seae-embu.org\/anterior\/embu-das-artes\/apa-embu-verde\/\">APA Embu Verde<\/a>:<\/strong><\/span>\u00a0conhe\u00e7a a principal \u00c1rea de Prote\u00e7\u00e3o Ambiental de Embu das Artes e o seu Plano de Manejo<\/div>\n<div style=\"float: left; padding: 10px; text-align: justify; width: 45%;\"><strong style=\"line-height: 1.5;\"><span style=\"color: #008080;\"><a href=\"https:\/\/seae-embu.org\/anterior\/seae\/embu-das-artes\/documentario-embu-terra-das-artes\/\"><br \/>\n<\/a><a href=\"https:\/\/seae-embu.org\/anterior\/embu-das-artes\/documentario-embu-terra-das-artes\/\">Document\u00e1rio<\/a>:<\/span><\/strong><span style=\"line-height: 1.5;\">\u00a0feito com o\u00a0<\/span><span style=\"line-height: 1.5;\">depoimento de artistas e moradores sobre as amea\u00e7as ao Patrim\u00f4nio Natural da cidade<\/span><\/div>\n<div style=\"float: right; padding: 10px; text-align: justify; width: 45%;\"><span style=\"color: #008080;\"><strong><a href=\"https:\/\/seae-embu.org\/anterior\/seae\/embu-das-artes\/mapas-de-embu-das-artes\/\"><br \/>\n<\/a><a href=\"https:\/\/seae-embu.org\/anterior\/wp-content\/uploads\/2016\/03\/mapas-fundo-transparente-e1458437635855.png\"><img decoding=\"async\" class=\"alignnone wp-image-3635 size-full\" src=\"https:\/\/seae-embu.org\/anterior\/wp-content\/uploads\/2016\/03\/mapas-fundo-transparente-e1458437635855.png\" alt=\"\" width=\"70\" height=\"70\" \/><\/a><a href=\"https:\/\/seae-embu.org\/anterior\/embu-das-artes\/mapas-de-embu-das-artes\/\">Mapas da cidade<\/a>:<\/strong><\/span>\u00a0principais mapas, como hidrografia, \u00c1reas de Prote\u00e7\u00e3o Ambiental, zoneamento do Plano Diretor e muito mais<\/div>\n<div style=\"float: left; padding: 10px; text-align: justify; width: 45%;\"><span style=\"color: #008080;\"><strong><a href=\"https:\/\/seae-embu.org\/anterior\/seae\/embu-das-artes\/legislacao\/\"><br \/>\n<\/a><a href=\"https:\/\/seae-embu.org\/anterior\/wp-content\/uploads\/2016\/03\/historia-fundo-transparente-e1458437456784.png\"><img decoding=\"async\" class=\"alignnone wp-image-3631 size-full\" src=\"https:\/\/seae-embu.org\/anterior\/wp-content\/uploads\/2016\/03\/historia-fundo-transparente-e1458437456784.png\" alt=\"\" width=\"70\" height=\"70\" \/><\/a><a href=\"https:\/\/seae-embu.org\/anterior\/embu-das-artes\/legislacao\/\">Legisla\u00e7\u00e3o<\/a>:<\/strong><\/span>\u00a0aqui voc\u00ea encontra as leis municipais da cidade de Embu das Artes<\/div>\n<div style=\"float: right; padding: 10px; text-align: justify; width: 45%;\"><strong><span style=\"color: #008080;\"><a href=\"https:\/\/seae-embu.org\/anterior\/seae\/embu-das-artes\/especial-plano-diretor\/\"><br \/>\n<\/a><img loading=\"lazy\" decoding=\"async\" class=\"alignleft wp-image-3636 size-full\" src=\"https:\/\/seae-embu.org\/anterior\/seae\/wp-content\/uploads\/2016\/03\/plano-diretor-fundo-transparente-e1458437685456.png\" alt=\"plano diretor fundo transparente\" width=\"70\" height=\"70\" srcset=\"https:\/\/seae-embu.org\/anterior\/wp-content\/uploads\/2016\/03\/plano-diretor-fundo-transparente-e1458437685456.png 70w, https:\/\/seae-embu.org\/anterior\/wp-content\/uploads\/2016\/03\/plano-diretor-fundo-transparente-e1458437685456-45x45.png 45w, https:\/\/seae-embu.org\/anterior\/wp-content\/uploads\/2016\/03\/plano-diretor-fundo-transparente-e1458437685456-50x50.png 50w\" sizes=\"(max-width: 70px) 100vw, 70px\" \/><a href=\"https:\/\/seae-embu.org\/anterior\/embu-das-artes\/especial-plano-diretor\/\">Especial Plano Diretor<\/a>:<\/span><\/strong>\u00a0especial com e registros de luta da comunidade embuense contra as decis\u00f5es que prejudicam cidade e cidad\u00e3o<\/div>\n","protected":false},"excerpt":{"rendered":"<p>Hist\u00f3ria:\u00a0um r\u00e1pido passeio pelos quase 500 anos de descoberta das terras ind\u00edgenas, ent\u00e3o conhecidas por Bohy APA Embu Verde:\u00a0conhe\u00e7a a principal \u00c1rea de Prote\u00e7\u00e3o Ambiental de Embu das Artes e o seu Plano de Manejo Document\u00e1rio:\u00a0feito com o\u00a0depoimento de artistas e moradores sobre as amea\u00e7as ao Patrim\u00f4nio Natural da cidade Mapas da cidade:\u00a0principais mapas, como &hellip; <a href=\"https:\/\/seae-embu.org\/anterior\/embu-das-artes\/\" class=\"more-link\">Continue reading <span class=\"screen-reader-text\">Embu das Artes<\/span><\/a><\/p>\n","protected":false},"author":1,"featured_media":0,"parent":0,"menu_order":0,"comment_status":"closed","ping_status":"closed","template":"","meta":{"footnotes":""},"class_list":["post-2395","page","type-page","status-publish","hentry"],"_links":{"self":[{"href":"https:\/\/seae-embu.org\/anterior\/wp-json\/wp\/v2\/pages\/2395","targetHints":{"allow":["GET"]}}],"collection":[{"href":"https:\/\/seae-embu.org\/anterior\/wp-json\/wp\/v2\/pages"}],"about":[{"href":"https:\/\/seae-embu.org\/anterior\/wp-json\/wp\/v2\/types\/page"}],"author":[{"embeddable":true,"href":"https:\/\/seae-embu.org\/anterior\/wp-json\/wp\/v2\/users\/1"}],"replies":[{"embeddable":true,"href":"https:\/\/seae-embu.org\/anterior\/wp-json\/wp\/v2\/comments?post=2395"}],"version-history":[{"count":12,"href":"https:\/\/seae-embu.org\/anterior\/wp-json\/wp\/v2\/pages\/2395\/revisions"}],"predecessor-version":[{"id":13219,"href":"https:\/\/seae-embu.org\/anterior\/wp-json\/wp\/v2\/pages\/2395\/revisions\/13219"}],"wp:attachment":[{"href":"https:\/\/seae-embu.org\/anterior\/wp-json\/wp\/v2\/media?parent=2395"}],"curies":[{"name":"wp","href":"https:\/\/api.w.org\/{rel}","templated":true}]}}