{"id":2393,"date":"2015-05-28T19:16:53","date_gmt":"2015-05-28T19:16:53","guid":{"rendered":"https:\/\/seae-embu.org\/anterior\/seae\/?page_id=2393"},"modified":"2022-01-18T18:07:11","modified_gmt":"2022-01-18T18:07:11","slug":"relatorio-de-atividades","status":"publish","type":"page","link":"https:\/\/seae-embu.org\/anterior\/quem-somos-old\/relatorio-de-atividades\/","title":{"rendered":"Relat\u00f3rio de Atividades"},"content":{"rendered":"\n<p><p>Nesse espa\u00e7o voc\u00ea encontrar\u00e1 as principais atividades realizadas pela SEAE desde o final de 2008. Os arquivos est\u00e3o em PDF. Para Salvar em seu computador, clique com o bot\u00e3o direito sobre os links e selecione a op\u00e7\u00e3o &#8220;Salvar Destino Como&#8221;.<\/p> 2021<br>\u00bb <a href=\"https:\/\/seae-embu.org\/anterior\/wp-content\/uploads\/2022\/01\/RELATORIO-ANUAL-SEAE-2021b.pdf\" target=\"_blank\" rel=\"noreferrer noopener\">Anual<\/a><\/p>\n\n\n\n<p><p>2020<br>\u00bb <a href=\"https:\/\/seae-embu.org\/anterior\/wp-content\/uploads\/2021\/02\/RELAT\u00d3RIO-ANUAL-SEAE-2020.pdf\">Anual<\/a><\/p><\/p>\n\n\n\n<p>2019<br>\u00bb <a href=\"https:\/\/seae-embu.org\/anterior\/wp-content\/uploads\/2020\/07\/RELAT\u00d3RIO-ANUAL-SEAE-2019_20191209.pdf\">Anual<\/a><\/p>\n\n\n\n<p>2018<br>\u00bb <a href=\"https:\/\/seae-embu.org\/anterior\/seae\/wp-content\/uploads\/2019\/07\/RELAT\u00d3RIO-ANUAL-SEAE-2018_2_08122018.pdf\">Anual<\/a><\/p>\n\n\n\n<p>2017<br>\u00bb&nbsp;<a href=\"https:\/\/seae-embu.org\/anterior\/seae\/wp-content\/uploads\/2019\/07\/RELAT\u00d3RIO-ANUAL-SEAE-2017_111217.pdf\">Anual<\/a><\/p>\n\n\n\n<p>2016 <br>\u00bb <a href=\"https:\/\/seae-embu.org\/anterior\/seae\/wp-content\/uploads\/2019\/07\/RELAT\u00d3RIO-ANUAL-SEAE-2016-FOTOS-resumo-1.pdf\">Anual<\/a><\/p>\n\n\n\n<p>2015 <br>\u00bb&nbsp;<a href=\"https:\/\/seae-embu.org\/anterior\/seae\/wp-content\/uploads\/2019\/07\/RELAT\u00d3RIO-ANUAL-SEAE-2015.pdf\" target=\"_blank\" rel=\"noreferrer noopener\">Anual<\/a><\/p>\n\n\n\n<p>2014 <br>\u00bb&nbsp;<a href=\"https:\/\/seae-embu.org\/anterior\/seae\/wp-content\/uploads\/2019\/07\/RELAT\u00d3RIO-ANUAL-SEAE-2014.pdf\" target=\"_blank\" rel=\"noreferrer noopener\">Anual<\/a><\/p>\n\n\n\n<p>2013 <br><a href=\"https:\/\/seae-embu.org\/anterior\/wp-content\/uploads\/2020\/07\/relatorio_2013_SEAE.pdf\" target=\"_blank\" rel=\"noreferrer noopener\" aria-label=\" (abre numa nova aba)\">\u00bb&nbsp;Anual<\/a><\/p>\n\n\n\n<p>2012 <br><a href=\"https:\/\/seae-embu.org\/anterior\/wp-content\/uploads\/2020\/07\/relatorio_2012_anual.pdf\" target=\"_blank\" rel=\"noreferrer noopener\" aria-label=\" (abre numa nova aba)\">\u00bb&nbsp;Anual<\/a><\/p>\n\n\n\n<p>2011 <br><a href=\"https:\/\/seae-embu.org\/anterior\/wp-content\/uploads\/2020\/07\/relatorio_2011_1_semestre.pdf\" target=\"_blank\" rel=\"noreferrer noopener\" aria-label=\" (abre numa nova aba)\">\u00bb&nbsp;1\u00ba e 2\u00ba Trimestres<\/a><br><a href=\"https:\/\/seae-embu.org\/anterior\/wp-content\/uploads\/2020\/07\/relatorio_2011_3_4trimestres.pdf\">\u00bb&nbsp;3\u00ba e 4\u00ba Trimestres<\/a><\/p>\n\n\n\n<p>2010 <br><a href=\"https:\/\/seae-embu.org\/anterior\/wp-content\/uploads\/2020\/07\/relatorio_2010_1_trimestre.pdf\" target=\"_blank\" rel=\"noreferrer noopener\" aria-label=\" (abre numa nova aba)\">\u00bb&nbsp;1\u00ba Trimestre<\/a><br><a href=\"https:\/\/seae-embu.org\/anterior\/wp-content\/uploads\/2020\/07\/relatorio_2010_2_trimestre.pdf\" target=\"_blank\" rel=\"noreferrer noopener\" aria-label=\" (abre numa nova aba)\">\u00bb&nbsp;2\u00ba Trimestre<\/a><br><a href=\"https:\/\/seae-embu.org\/anterior\/wp-content\/uploads\/2020\/07\/relatorio_2010_3_trimestre.pdf\" target=\"_blank\" rel=\"noreferrer noopener\" aria-label=\" (abre numa nova aba)\">\u00bb&nbsp;3\u00ba Trimestre<\/a><br><a href=\"https:\/\/seae-embu.org\/anterior\/wp-content\/uploads\/2020\/07\/relatorio_2010_4_trimestre.pdf\" target=\"_blank\" rel=\"noreferrer noopener\" aria-label=\" (abre numa nova aba)\">\u00bb&nbsp;4\u00ba Trimestre<\/a><\/p>\n\n\n\n<p>2009 <br><a href=\"https:\/\/seae-embu.org\/anterior\/wp-content\/uploads\/2020\/07\/relatorio_2009_1_trimestre.pdf\" target=\"_blank\" rel=\"noreferrer noopener\" aria-label=\" (abre numa nova aba)\">\u00bb&nbsp;1\u00ba Trimestre<\/a><br><a href=\"https:\/\/seae-embu.org\/anterior\/wp-content\/uploads\/2020\/07\/relatorio_2009_2_trimestre.pdf\" target=\"_blank\" rel=\"noreferrer noopener\" aria-label=\" (abre numa nova aba)\">\u00bb&nbsp;2\u00ba Trimestre<\/a><br><a href=\"https:\/\/seae-embu.org\/anterior\/wp-content\/uploads\/2020\/07\/relatorio_2009_3_trimestre.pdf\" target=\"_blank\" rel=\"noreferrer noopener\" aria-label=\" (abre numa nova aba)\">\u00bb&nbsp;3\u00ba Trimestre<\/a><br><a href=\"https:\/\/seae-embu.org\/anterior\/wp-content\/uploads\/2020\/07\/relatorio_2009_4_trimestre.pdf\" target=\"_blank\" rel=\"noreferrer noopener\" aria-label=\" (abre numa nova aba)\">\u00bb&nbsp;4\u00ba Trimestre<\/a><\/p>\n\n\n\n<p>2008 <br><a href=\"https:\/\/seae-embu.org\/anterior\/docs\/relatorio_2008_4_trimestre.pdf\" target=\"_blank\" rel=\"noreferrer noopener\">\u00bb&nbsp;4\u00ba <\/a><a href=\"https:\/\/seae-embu.org\/anterior\/wp-content\/uploads\/2020\/07\/relatorio_2008_4_trimestre.pdf\" target=\"_blank\" rel=\"noreferrer noopener\" aria-label=\"Trimestre (abre numa nova aba)\">Trimestre<\/a><\/p>\n\n\n\n<p>&nbsp;<\/p>\n","protected":false},"excerpt":{"rendered":"<p>Nesse espa\u00e7o voc\u00ea encontrar\u00e1 as principais atividades realizadas pela SEAE desde o final de 2008. Os arquivos est\u00e3o em PDF. Para Salvar em seu computador, clique com o bot\u00e3o direito sobre os links e selecione a op\u00e7\u00e3o &#8220;Salvar Destino Como&#8221;. 2021\u00bb Anual 2020\u00bb Anual 2019\u00bb Anual 2018\u00bb Anual 2017\u00bb&nbsp;Anual 2016 \u00bb Anual 2015 \u00bb&nbsp;Anual 2014 &hellip; <a href=\"https:\/\/seae-embu.org\/anterior\/quem-somos-old\/relatorio-de-atividades\/\" class=\"more-link\">Continue reading <span class=\"screen-reader-text\">Relat\u00f3rio de Atividades<\/span><\/a><\/p>\n","protected":false},"author":1,"featured_media":0,"parent":351,"menu_order":0,"comment_status":"closed","ping_status":"closed","template":"","meta":{"footnotes":""},"class_list":["post-2393","page","type-page","status-publish","hentry"],"_links":{"self":[{"href":"https:\/\/seae-embu.org\/anterior\/wp-json\/wp\/v2\/pages\/2393","targetHints":{"allow":["GET"]}}],"collection":[{"href":"https:\/\/seae-embu.org\/anterior\/wp-json\/wp\/v2\/pages"}],"about":[{"href":"https:\/\/seae-embu.org\/anterior\/wp-json\/wp\/v2\/types\/page"}],"author":[{"embeddable":true,"href":"https:\/\/seae-embu.org\/anterior\/wp-json\/wp\/v2\/users\/1"}],"replies":[{"embeddable":true,"href":"https:\/\/seae-embu.org\/anterior\/wp-json\/wp\/v2\/comments?post=2393"}],"version-history":[{"count":22,"href":"https:\/\/seae-embu.org\/anterior\/wp-json\/wp\/v2\/pages\/2393\/revisions"}],"predecessor-version":[{"id":13074,"href":"https:\/\/seae-embu.org\/anterior\/wp-json\/wp\/v2\/pages\/2393\/revisions\/13074"}],"up":[{"embeddable":true,"href":"https:\/\/seae-embu.org\/anterior\/wp-json\/wp\/v2\/pages\/351"}],"wp:attachment":[{"href":"https:\/\/seae-embu.org\/anterior\/wp-json\/wp\/v2\/media?parent=2393"}],"curies":[{"name":"wp","href":"https:\/\/api.w.org\/{rel}","templated":true}]}}