{"id":10208,"date":"2020-07-20T22:35:20","date_gmt":"2020-07-20T22:35:20","guid":{"rendered":"https:\/\/seae-embu.org\/anterior\/?page_id=10208"},"modified":"2020-07-20T22:55:05","modified_gmt":"2020-07-20T22:55:05","slug":"oscip","status":"publish","type":"page","link":"https:\/\/seae-embu.org\/anterior\/quem-somos-old\/oscip\/","title":{"rendered":"OSCIP &#8211; Organiza\u00e7\u00e3o da Sociedade Civil de Interesse P\u00fablico"},"content":{"rendered":"<p>A SEAE \u00e9 qualificada como Organiza\u00e7\u00e3o da Sociedade Civil de Interesse P\u00fablico por Despacho do Secret\u00e1rio Nacional de Justi\u00e7a, publicado no DOU de 30 de Junho de 2009, atendendo a <a href=\"http:\/\/www.planalto.gov.br\/ccivil_03\/leis\/L9790.htm\" target=\"_blank\" rel=\"noopener noreferrer\">Lei n\u00ba 9.790, de 23 de mar\u00e7o de 1999.\u00a0<\/a><\/p>\n<p>A certid\u00e3o de qualifica\u00e7\u00e3o \u00e9 um documento expedido\u00a0<b>exclusivamente para fins de celebra\u00e7\u00e3o de Termo de Parceria<\/b>\u00a0com o poder p\u00fablico, que atesta a perman\u00eancia do credenciamento da entidade qualificada como\u00a0<a href=\"https:\/\/www.justica.gov.br\/seus-direitos\/politicas-de-justica\/entidades\/oscip-1\"><span class=\"highlightedSearchTerm\">OSCIP<\/span><\/a>.\u00a0<\/p>\n<p>Equipe SEAE\u00a0<\/p>\n\n\n<pre class=\"wp-block-preformatted\">Fonte:  <a href=\"https:\/\/www.novo.justica.gov.br\/central-de-atendimento\/entidades\/oscip#quali18\">https:\/\/www.novo.justica.gov.br\/central-de-atendimento\/entidades\/oscip#quali18<\/a> <\/pre>\n","protected":false},"excerpt":{"rendered":"<p>A SEAE \u00e9 qualificada como Organiza\u00e7\u00e3o da Sociedade Civil de Interesse P\u00fablico por Despacho do Secret\u00e1rio Nacional de Justi\u00e7a, publicado no DOU de 30 de Junho de 2009, atendendo a Lei n\u00ba 9.790, de 23 de mar\u00e7o de 1999.\u00a0 A certid\u00e3o de qualifica\u00e7\u00e3o \u00e9 um documento expedido\u00a0exclusivamente para fins de celebra\u00e7\u00e3o de Termo de Parceria\u00a0com &hellip; <a href=\"https:\/\/seae-embu.org\/anterior\/quem-somos-old\/oscip\/\" class=\"more-link\">Continue reading <span class=\"screen-reader-text\">OSCIP &#8211; Organiza\u00e7\u00e3o da Sociedade Civil de Interesse P\u00fablico<\/span><\/a><\/p>\n","protected":false},"author":1,"featured_media":0,"parent":351,"menu_order":1,"comment_status":"closed","ping_status":"closed","template":"","meta":{"footnotes":""},"class_list":["post-10208","page","type-page","status-publish","hentry"],"_links":{"self":[{"href":"https:\/\/seae-embu.org\/anterior\/wp-json\/wp\/v2\/pages\/10208","targetHints":{"allow":["GET"]}}],"collection":[{"href":"https:\/\/seae-embu.org\/anterior\/wp-json\/wp\/v2\/pages"}],"about":[{"href":"https:\/\/seae-embu.org\/anterior\/wp-json\/wp\/v2\/types\/page"}],"author":[{"embeddable":true,"href":"https:\/\/seae-embu.org\/anterior\/wp-json\/wp\/v2\/users\/1"}],"replies":[{"embeddable":true,"href":"https:\/\/seae-embu.org\/anterior\/wp-json\/wp\/v2\/comments?post=10208"}],"version-history":[{"count":2,"href":"https:\/\/seae-embu.org\/anterior\/wp-json\/wp\/v2\/pages\/10208\/revisions"}],"predecessor-version":[{"id":10210,"href":"https:\/\/seae-embu.org\/anterior\/wp-json\/wp\/v2\/pages\/10208\/revisions\/10210"}],"up":[{"embeddable":true,"href":"https:\/\/seae-embu.org\/anterior\/wp-json\/wp\/v2\/pages\/351"}],"wp:attachment":[{"href":"https:\/\/seae-embu.org\/anterior\/wp-json\/wp\/v2\/media?parent=10208"}],"curies":[{"name":"wp","href":"https:\/\/api.w.org\/{rel}","templated":true}]}}