{"id":10199,"date":"2020-07-16T22:26:44","date_gmt":"2020-07-16T22:26:44","guid":{"rendered":"https:\/\/seae-embu.org\/anterior\/?page_id=10199"},"modified":"2020-07-20T22:19:42","modified_gmt":"2020-07-20T22:19:42","slug":"atuacao-e-atividades","status":"publish","type":"page","link":"https:\/\/seae-embu.org\/anterior\/quem-somos-old\/atuacao-e-atividades\/","title":{"rendered":"Atua\u00e7\u00e3o"},"content":{"rendered":"<p>A SEAE atua no cintur\u00e3o oeste da grande SP que engloba as cidades de Embu, Cotia, Itapecerica, Tabo\u00e3o e proximidades. As atividades tiveram in\u00edcio em 1971\/72, antes mesmo de ser fundada oficialmente em outubro de 1975.<\/p>\n<p>N\u00f3s atuamos em diversas frentes para cumprir os objetivos. Participamos dos conselhos municipais e regionais, oferecemos atividades educacionais e l\u00fadicas relativas ao desenvolvimento sustent\u00e1vel, atendendo a comunidade, institui\u00e7\u00f5es de ensino entre outras, por meio de projetos, oficinas, palestras e muito mais.<\/p>\n<p>Al\u00e9m disso, trabalhamos juntos com as for\u00e7as de seguran\u00e7a ambientais e Minist\u00e9rio P\u00fablico a fim de evitar desmatamentos, obras sem licenciamento, queimadas e ocupa\u00e7\u00f5es irregulares quando afetam negativamente o ambiente, envolvendo a fauna e a flora local. Por exemplo, a partir de den\u00fancias, solicita\u00e7\u00f5es de informa\u00e7\u00f5es e fiscaliza\u00e7\u00f5es dos crimes ambientais aos \u00f3rg\u00e3os ambientais.\u00a0<\/p>\n<p>Anualmente, as diversas atividades proporcionam um alcance de aproximadamente 2000 mil atendimentos, que podem ser observados a partir dos <a href=\"https:\/\/seae-embu.org\/anterior\/quem-somos\/relatorio-de-atividades\/\">Relat\u00f3rios de Atividades<\/a>.\u00a0<\/p>\n<p>\u00a0+ Informa\u00e7\u00f5es sobre as <a href=\"https:\/\/seae-embu.org\/anterior\/o-que-fazemos\/\">atividades e atua\u00e7\u00f5es.\u00a0<\/a><\/p>\n\n\n<p><\/p>\n","protected":false},"excerpt":{"rendered":"<p>A SEAE atua no cintur\u00e3o oeste da grande SP que engloba as cidades de Embu, Cotia, Itapecerica, Tabo\u00e3o e proximidades. As atividades tiveram in\u00edcio em 1971\/72, antes mesmo de ser fundada oficialmente em outubro de 1975. N\u00f3s atuamos em diversas frentes para cumprir os objetivos. Participamos dos conselhos municipais e regionais, oferecemos atividades educacionais e &hellip; <a href=\"https:\/\/seae-embu.org\/anterior\/quem-somos-old\/atuacao-e-atividades\/\" class=\"more-link\">Continue reading <span class=\"screen-reader-text\">Atua\u00e7\u00e3o<\/span><\/a><\/p>\n","protected":false},"author":1,"featured_media":0,"parent":351,"menu_order":1,"comment_status":"closed","ping_status":"closed","template":"","meta":{"footnotes":""},"class_list":["post-10199","page","type-page","status-publish","hentry"],"_links":{"self":[{"href":"https:\/\/seae-embu.org\/anterior\/wp-json\/wp\/v2\/pages\/10199","targetHints":{"allow":["GET"]}}],"collection":[{"href":"https:\/\/seae-embu.org\/anterior\/wp-json\/wp\/v2\/pages"}],"about":[{"href":"https:\/\/seae-embu.org\/anterior\/wp-json\/wp\/v2\/types\/page"}],"author":[{"embeddable":true,"href":"https:\/\/seae-embu.org\/anterior\/wp-json\/wp\/v2\/users\/1"}],"replies":[{"embeddable":true,"href":"https:\/\/seae-embu.org\/anterior\/wp-json\/wp\/v2\/comments?post=10199"}],"version-history":[{"count":4,"href":"https:\/\/seae-embu.org\/anterior\/wp-json\/wp\/v2\/pages\/10199\/revisions"}],"predecessor-version":[{"id":10206,"href":"https:\/\/seae-embu.org\/anterior\/wp-json\/wp\/v2\/pages\/10199\/revisions\/10206"}],"up":[{"embeddable":true,"href":"https:\/\/seae-embu.org\/anterior\/wp-json\/wp\/v2\/pages\/351"}],"wp:attachment":[{"href":"https:\/\/seae-embu.org\/anterior\/wp-json\/wp\/v2\/media?parent=10199"}],"curies":[{"name":"wp","href":"https:\/\/api.w.org\/{rel}","templated":true}]}}