{"id":10027,"date":"2020-03-25T23:14:07","date_gmt":"2020-03-25T23:14:07","guid":{"rendered":"https:\/\/seae-embu.org\/anterior\/?page_id=10027"},"modified":"2021-12-01T17:03:52","modified_gmt":"2021-12-01T17:03:52","slug":"seaeevoce-juntos-cuidando-do-meio-ambiente","status":"publish","type":"page","link":"https:\/\/seae-embu.org\/anterior\/campanhas\/seaeevoce-juntos-cuidando-do-meio-ambiente\/","title":{"rendered":"#SEAEeVOC\u00ca Juntos cuidando do meio ambiente"},"content":{"rendered":"<p>#seaeevocejuntoscuidandodomeioambiente<\/p>\n<p>A campanha SEAE E VOC\u00ca, JUNTOS CUIDANDO DO MEIO AMBIENTE, busca incentivar e trazer para voc\u00ea conte\u00fados de forma pr\u00e1tica e did\u00e1tica, sobre diversos assuntos relacionados a educa\u00e7\u00e3o ambiental por meio de v\u00eddeos.<\/p>\n<p>Os assuntos s\u00e3o variados, por exemplo, dicas de brincadeiras para brincar com a fam\u00edlia e amigos, sobre reciclagem, sobre a cidade e a regi\u00e3o, e muito mais!<\/p>\n<p>Para acompanhar \u00e9 simples, basta acessar nossa p\u00e1gina no <a href=\"https:\/\/www.youtube.com\/user\/SEAEEMBU\">Youtube<\/a> , @seaembu no Facebook e Instagram\u00a0 para compartilhar com todos seus amigos!<\/p>\n<p>\u00a0 \u00a0 \u00a0 \u00a0 \u00a0 \u00a0 \u00a0 \u00a0 \u00a0 \u00a0 \u00a0 \u00a0 \u00a0 \u00a0+ Acesse todos os v\u00eddeos de 2020 <a href=\"https:\/\/seae-embu.org\/anterior\/seaeevoce-juntos-cuidando-do-meio-ambiente\/\">AQUI<\/a><\/p>\n<p>\u00a0 \u00a0 \u00a0 \u00a0 \u00a0 \u00a0 \u00a0 \u00a0 \u00a0 \u00a0 \u00a0 \u00a0 \u00a0 \u00a0+ Acesse todos os v\u00eddeos de 2021 <a href=\"https:\/\/seae-embu.org\/anterior\/seaeevoce-juntos-cuidando-do-meio-ambiente-2\/\">AQUI<\/a><\/p>\n<p>Voc\u00ea \u00e9 nosso convidado para participar dessa campanha, se voc\u00ea quiser enviar alguma dica para o pr\u00f3ximo v\u00eddeo, por favor, entre contato conosco pelo e-mail contato@seae-embu.org, ou no site\u00a0 partir do <a href=\"https:\/\/seae-embu.org\/anterior\/fale-conosco\/\">fale conosco<\/a>, informando seu nome e telefone, para que possamos entrar em contato e conhecermos melhor sua ideia.<\/p>\n<p>N\u00e3o se esque\u00e7a de compartilhar e curtir nossa p\u00e1gina nas redes sociais!<\/p>\n<p>\u00a0<\/p>\n\n\n<p><\/p>\n","protected":false},"excerpt":{"rendered":"<p>#seaeevocejuntoscuidandodomeioambiente A campanha SEAE E VOC\u00ca, JUNTOS CUIDANDO DO MEIO AMBIENTE, busca incentivar e trazer para voc\u00ea conte\u00fados de forma pr\u00e1tica e did\u00e1tica, sobre diversos assuntos relacionados a educa\u00e7\u00e3o ambiental por meio de v\u00eddeos. Os assuntos s\u00e3o variados, por exemplo, dicas de brincadeiras para brincar com a fam\u00edlia e amigos, sobre reciclagem, sobre a cidade &hellip; <a href=\"https:\/\/seae-embu.org\/anterior\/campanhas\/seaeevoce-juntos-cuidando-do-meio-ambiente\/\" class=\"more-link\">Continue reading <span class=\"screen-reader-text\">#SEAEeVOC\u00ca Juntos cuidando do meio ambiente<\/span><\/a><\/p>\n","protected":false},"author":1,"featured_media":0,"parent":9763,"menu_order":0,"comment_status":"closed","ping_status":"closed","template":"","meta":{"footnotes":""},"class_list":["post-10027","page","type-page","status-publish","hentry"],"_links":{"self":[{"href":"https:\/\/seae-embu.org\/anterior\/wp-json\/wp\/v2\/pages\/10027","targetHints":{"allow":["GET"]}}],"collection":[{"href":"https:\/\/seae-embu.org\/anterior\/wp-json\/wp\/v2\/pages"}],"about":[{"href":"https:\/\/seae-embu.org\/anterior\/wp-json\/wp\/v2\/types\/page"}],"author":[{"embeddable":true,"href":"https:\/\/seae-embu.org\/anterior\/wp-json\/wp\/v2\/users\/1"}],"replies":[{"embeddable":true,"href":"https:\/\/seae-embu.org\/anterior\/wp-json\/wp\/v2\/comments?post=10027"}],"version-history":[{"count":6,"href":"https:\/\/seae-embu.org\/anterior\/wp-json\/wp\/v2\/pages\/10027\/revisions"}],"predecessor-version":[{"id":12952,"href":"https:\/\/seae-embu.org\/anterior\/wp-json\/wp\/v2\/pages\/10027\/revisions\/12952"}],"up":[{"embeddable":true,"href":"https:\/\/seae-embu.org\/anterior\/wp-json\/wp\/v2\/pages\/9763"}],"wp:attachment":[{"href":"https:\/\/seae-embu.org\/anterior\/wp-json\/wp\/v2\/media?parent=10027"}],"curies":[{"name":"wp","href":"https:\/\/api.w.org\/{rel}","templated":true}]}}